{"id":397168,"date":"2024-03-15T09:28:19","date_gmt":"2024-03-15T09:28:24","guid":{"rendered":"https:\/\/www.erresse-shop.it\/?post_type=product&#038;p=397168"},"modified":"2024-04-16T06:33:58","modified_gmt":"2024-04-16T06:33:58","slug":"mauviel-1830-poele-a-frire-1-manche-30-cm","status":"publish","type":"product","link":"https:\/\/www.erresse-shop.it\/fr\/shop\/poeles-pots\/poeles\/mauviel-1830-poele-a-frire-1-manche-30-cm\/","title":{"rendered":"MAUVIEL 1830 Po\u00eale \u00e0 frire 1 manche 30 cm"},"content":{"rendered":"<p>Po\u00eale \u00e0 frire ronde en cuivre avec int\u00e9rieur en acier inoxydable bilamin\u00e9 et cadre en acier inoxydable moul\u00e9 de la collection M&#8217;150S.<br \/>\nLa po\u00eale \u00e0 frire ronde est un ustensile de cuisine indispensable. Basse, avec un bord \u00e9vas\u00e9 et une longue queue, la po\u00eale \u00e0 frire est pratique, maniable et tr\u00e8s fonctionnelle au quotidien, pour dorer, sauter, griller. La po\u00eale \u00e0 frire sert \u00e9galement \u00e0 cuire diverses pr\u00e9parations, comme des cr\u00eapes ou des omelettes. C&#8217;est un ustensile polyvalent que l&#8217;on choisit avec soin, pour une cuisine saine et efficace ; les mat\u00e9riaux haut de gamme utilis\u00e9s par l&#8217;usine Mauviel1830 lors de la production garantissent d&#8217;excellentes performances et une grande durabilit\u00e9. La po\u00eale s&#8217;utilise sans couvercle et principalement pour les cuissons vigoureuses.<br \/>\nLa collection M&#8217;H\u00e9ritage est une fusion subtile de deux mat\u00e9riaux traditionnels et performants. Le cuivre poli associ\u00e9 \u00e0 l&#8217;acier inoxydable renouvelle le plaisir de cuisiner. Son int\u00e9rieur en acier inoxydable 18\/10 est id\u00e9al pour la cuisine de tous les jours. Le cuivre assure une excellente conduction de la chaleur de mani\u00e8re rapide et homog\u00e8ne, conf\u00e9rant \u00e0 la ligne une excellente qualit\u00e9 de cuisson. La collection, compos\u00e9e de 90 % de cuivre et de 10 % d&#8217;acier inoxydable, est propos\u00e9e dans diff\u00e9rents cadres et en deux \u00e9paisseurs, afin que chacun puisse trouver l&#8217;ustensile culinaire adapt\u00e9 \u00e0 ses usages et \u00e0 ses go\u00fbts.<\/p>\n<p><b><strong>CARACT\u00c9RISTIQUES TECHNIQUES :<\/strong><\/b><\/p>\n<p>Diam\u00e8tre : 30 cm<\/p>\n<p>Hauteur : 4,5 cm<\/p>\n<p>Capacit\u00e9 : 2,9 L<\/p>\n<p>Dimensions : 55.5&#215;31.5 cm<\/p>\n<p><b><strong>Utilisation<\/strong><\/b>:<\/p>\n<p>Tous feux sauf induction &#8211; Compatible four &#8211; Ne passe pas au lave-vaisselle<\/p>\n<p>Tous les produits sont fabriqu\u00e9s en Normandie \u00e0 Villedieu-les-Po\u00eales.<\/p>\n","protected":false},"excerpt":{"rendered":"<p>Po\u00eale \u00e0 frire ronde en cuivre avec int\u00e9rieur en acier inoxydable bilamin\u00e9 et cadre en acier inoxydable moul\u00e9 de la<\/p>\n","protected":false},"featured_media":504124,"template":"","meta":{"_acf_changed":false,"inline_featured_image":false},"product_cat":[12458,14802],"product_tag":[12856],"acf":[],"yoast_head":"<!-- This site is optimized with the Yoast SEO Premium plugin v18.6 (Yoast SEO v19.13) - https:\/\/yoast.com\/wordpress\/plugins\/seo\/ -->\n<title>MAUVIEL 1830 Po\u00eale \u00e0 frire 1 manche 30 cm - Erresse Shop<\/title>\n<meta name=\"description\" content=\"Po\u00eale \u00e0 frire ronde en cuivre avec int\u00e9rieur en acier inoxydable bilamin\u00e9 et cadre en acier inoxydable moul\u00e9 de la collection M&#039;150S. La po\u00eale \u00e0 frire\" \/>\n<meta name=\"robots\" content=\"index, follow, max-snippet:-1, max-image-preview:large, max-video-preview:-1\" \/>\n<link rel=\"canonical\" href=\"https:\/\/www.erresse-shop.it\/fr\/shop\/poeles-pots\/poeles\/mauviel-1830-poele-a-frire-1-manche-30-cm\/\" \/>\n<meta property=\"og:locale\" content=\"fr_FR\" \/>\n<meta property=\"og:type\" content=\"article\" \/>\n<meta property=\"og:title\" content=\"MAUVIEL 1830 Po\u00eale \u00e0 frire 1 manche 30 cm\" \/>\n<meta property=\"og:description\" content=\"Po\u00eale \u00e0 frire ronde en cuivre avec int\u00e9rieur en acier inoxydable bilamin\u00e9 et cadre en acier inoxydable moul\u00e9 de la collection M&#039;150S. La po\u00eale \u00e0 frire\" \/>\n<meta property=\"og:url\" content=\"https:\/\/www.erresse-shop.it\/fr\/shop\/poeles-pots\/poeles\/mauviel-1830-poele-a-frire-1-manche-30-cm\/\" \/>\n<meta property=\"og:site_name\" content=\"Erresse Shop\" \/>\n<meta property=\"article:modified_time\" content=\"2024-04-16T06:33:58+00:00\" \/>\n<meta property=\"og:image\" content=\"https:\/\/www.erresse-shop.it\/wp-content\/uploads\/2024\/03\/MAUVIEL1830-PADELLA-1-MANICO-CM-30-IN-RAME-M-150S.png\" \/>\n\t<meta property=\"og:image:width\" content=\"800\" \/>\n\t<meta property=\"og:image:height\" content=\"800\" \/>\n\t<meta property=\"og:image:type\" content=\"image\/png\" \/>\n<meta name=\"twitter:card\" content=\"summary_large_image\" \/>\n<script type=\"application\/ld+json\" class=\"yoast-schema-graph\">{\"@context\":\"https:\/\/schema.org\",\"@graph\":[{\"@type\":\"WebPage\",\"@id\":\"https:\/\/www.erresse-shop.it\/fr\/shop\/poeles-pots\/poeles\/mauviel-1830-poele-a-frire-1-manche-30-cm\/\",\"url\":\"https:\/\/www.erresse-shop.it\/fr\/shop\/poeles-pots\/poeles\/mauviel-1830-poele-a-frire-1-manche-30-cm\/\",\"name\":\"MAUVIEL 1830 Po\u00eale \u00e0 frire 1 manche 30 cm - Erresse Shop\",\"isPartOf\":{\"@id\":\"https:\/\/www.erresse-shop.it\/fr\/#website\"},\"datePublished\":\"2024-03-15T09:28:24+00:00\",\"dateModified\":\"2024-04-16T06:33:58+00:00\",\"description\":\"Po\u00eale \u00e0 frire ronde en cuivre avec int\u00e9rieur en acier inoxydable bilamin\u00e9 et cadre en acier inoxydable moul\u00e9 de la collection M'150S. La po\u00eale \u00e0 frire\",\"breadcrumb\":{\"@id\":\"https:\/\/www.erresse-shop.it\/fr\/shop\/poeles-pots\/poeles\/mauviel-1830-poele-a-frire-1-manche-30-cm\/#breadcrumb\"},\"inLanguage\":\"fr-FR\",\"potentialAction\":[{\"@type\":\"ReadAction\",\"target\":[\"https:\/\/www.erresse-shop.it\/fr\/shop\/poeles-pots\/poeles\/mauviel-1830-poele-a-frire-1-manche-30-cm\/\"]}]},{\"@type\":\"BreadcrumbList\",\"@id\":\"https:\/\/www.erresse-shop.it\/fr\/shop\/poeles-pots\/poeles\/mauviel-1830-poele-a-frire-1-manche-30-cm\/#breadcrumb\",\"itemListElement\":[{\"@type\":\"ListItem\",\"position\":1,\"name\":\"Home\",\"item\":\"https:\/\/www.erresse-shop.it\/fr\/\"},{\"@type\":\"ListItem\",\"position\":2,\"name\":\"Shop\",\"item\":\"https:\/\/www.erresse-shop.it\/fr\/shop\/\"},{\"@type\":\"ListItem\",\"position\":3,\"name\":\"MAUVIEL 1830 Po\u00eale \u00e0 frire 1 manche 30 cm\"}]},{\"@type\":\"WebSite\",\"@id\":\"https:\/\/www.erresse-shop.it\/fr\/#website\",\"url\":\"https:\/\/www.erresse-shop.it\/fr\/\",\"name\":\"Erresse Shop\",\"description\":\"Articoli di qualit\u00e0 per la casa\",\"potentialAction\":[{\"@type\":\"SearchAction\",\"target\":{\"@type\":\"EntryPoint\",\"urlTemplate\":\"https:\/\/www.erresse-shop.it\/fr\/?s={search_term_string}\"},\"query-input\":\"required name=search_term_string\"}],\"inLanguage\":\"fr-FR\"}]}<\/script>\n<!-- \/ Yoast SEO Premium plugin. -->","yoast_head_json":{"title":"MAUVIEL 1830 Po\u00eale \u00e0 frire 1 manche 30 cm - Erresse Shop","description":"Po\u00eale \u00e0 frire ronde en cuivre avec int\u00e9rieur en acier inoxydable bilamin\u00e9 et cadre en acier inoxydable moul\u00e9 de la collection M'150S. La po\u00eale \u00e0 frire","robots":{"index":"index","follow":"follow","max-snippet":"max-snippet:-1","max-image-preview":"max-image-preview:large","max-video-preview":"max-video-preview:-1"},"canonical":"https:\/\/www.erresse-shop.it\/fr\/shop\/poeles-pots\/poeles\/mauviel-1830-poele-a-frire-1-manche-30-cm\/","og_locale":"fr_FR","og_type":"article","og_title":"MAUVIEL 1830 Po\u00eale \u00e0 frire 1 manche 30 cm","og_description":"Po\u00eale \u00e0 frire ronde en cuivre avec int\u00e9rieur en acier inoxydable bilamin\u00e9 et cadre en acier inoxydable moul\u00e9 de la collection M'150S. La po\u00eale \u00e0 frire","og_url":"https:\/\/www.erresse-shop.it\/fr\/shop\/poeles-pots\/poeles\/mauviel-1830-poele-a-frire-1-manche-30-cm\/","og_site_name":"Erresse Shop","article_modified_time":"2024-04-16T06:33:58+00:00","og_image":[{"width":800,"height":800,"url":"https:\/\/www.erresse-shop.it\/wp-content\/uploads\/2024\/03\/MAUVIEL1830-PADELLA-1-MANICO-CM-30-IN-RAME-M-150S.png","type":"image\/png"}],"twitter_card":"summary_large_image","schema":{"@context":"https:\/\/schema.org","@graph":[{"@type":"WebPage","@id":"https:\/\/www.erresse-shop.it\/fr\/shop\/poeles-pots\/poeles\/mauviel-1830-poele-a-frire-1-manche-30-cm\/","url":"https:\/\/www.erresse-shop.it\/fr\/shop\/poeles-pots\/poeles\/mauviel-1830-poele-a-frire-1-manche-30-cm\/","name":"MAUVIEL 1830 Po\u00eale \u00e0 frire 1 manche 30 cm - Erresse Shop","isPartOf":{"@id":"https:\/\/www.erresse-shop.it\/fr\/#website"},"datePublished":"2024-03-15T09:28:24+00:00","dateModified":"2024-04-16T06:33:58+00:00","description":"Po\u00eale \u00e0 frire ronde en cuivre avec int\u00e9rieur en acier inoxydable bilamin\u00e9 et cadre en acier inoxydable moul\u00e9 de la collection M'150S. La po\u00eale \u00e0 frire","breadcrumb":{"@id":"https:\/\/www.erresse-shop.it\/fr\/shop\/poeles-pots\/poeles\/mauviel-1830-poele-a-frire-1-manche-30-cm\/#breadcrumb"},"inLanguage":"fr-FR","potentialAction":[{"@type":"ReadAction","target":["https:\/\/www.erresse-shop.it\/fr\/shop\/poeles-pots\/poeles\/mauviel-1830-poele-a-frire-1-manche-30-cm\/"]}]},{"@type":"BreadcrumbList","@id":"https:\/\/www.erresse-shop.it\/fr\/shop\/poeles-pots\/poeles\/mauviel-1830-poele-a-frire-1-manche-30-cm\/#breadcrumb","itemListElement":[{"@type":"ListItem","position":1,"name":"Home","item":"https:\/\/www.erresse-shop.it\/fr\/"},{"@type":"ListItem","position":2,"name":"Shop","item":"https:\/\/www.erresse-shop.it\/fr\/shop\/"},{"@type":"ListItem","position":3,"name":"MAUVIEL 1830 Po\u00eale \u00e0 frire 1 manche 30 cm"}]},{"@type":"WebSite","@id":"https:\/\/www.erresse-shop.it\/fr\/#website","url":"https:\/\/www.erresse-shop.it\/fr\/","name":"Erresse Shop","description":"Articoli di qualit\u00e0 per la casa","potentialAction":[{"@type":"SearchAction","target":{"@type":"EntryPoint","urlTemplate":"https:\/\/www.erresse-shop.it\/fr\/?s={search_term_string}"},"query-input":"required name=search_term_string"}],"inLanguage":"fr-FR"}]}},"df_price":356.27,"df_sale_price":356.27,"df_regular_price":356.27,"df_image_link":"https:\/\/www.erresse-shop.it\/wp-content\/uploads\/2024\/03\/MAUVIEL-1830-Padella-1-Manico-30-cm-300x300.jpg","_links":{"self":[{"href":"https:\/\/www.erresse-shop.it\/fr\/wp-json\/wp\/v2\/product\/397168"}],"collection":[{"href":"https:\/\/www.erresse-shop.it\/fr\/wp-json\/wp\/v2\/product"}],"about":[{"href":"https:\/\/www.erresse-shop.it\/fr\/wp-json\/wp\/v2\/types\/product"}],"wp:featuredmedia":[{"embeddable":true,"href":"https:\/\/www.erresse-shop.it\/fr\/wp-json\/wp\/v2\/media\/504124"}],"wp:attachment":[{"href":"https:\/\/www.erresse-shop.it\/fr\/wp-json\/wp\/v2\/media?parent=397168"}],"wp:term":[{"taxonomy":"product_cat","embeddable":true,"href":"https:\/\/www.erresse-shop.it\/fr\/wp-json\/wp\/v2\/product_cat?post=397168"},{"taxonomy":"product_tag","embeddable":true,"href":"https:\/\/www.erresse-shop.it\/fr\/wp-json\/wp\/v2\/product_tag?post=397168"}],"curies":[{"name":"wp","href":"https:\/\/api.w.org\/{rel}","templated":true}]}}