{"id":397137,"date":"2024-03-15T08:58:12","date_gmt":"2024-03-15T08:58:17","guid":{"rendered":"https:\/\/www.erresse-shop.it\/?post_type=product&#038;p=397137"},"modified":"2024-03-15T09:14:03","modified_gmt":"2024-03-15T09:14:03","slug":"mauviel-1830-poele-a-frire-12-cm","status":"publish","type":"product","link":"https:\/\/www.erresse-shop.it\/fr\/shop\/poeles-pots\/poeles\/mauviel-1830-poele-a-frire-12-cm\/","title":{"rendered":"MAUVIEL 1830 Po\u00eale \u00e0 frire 12 cm"},"content":{"rendered":"<p>Po\u00eale \u00e0 frire en acier inoxydable cuivr\u00e9 avec cadre en acier inoxydable moul\u00e9 de la collection M&#8217;MINIS.<\/p>\n<p>Diam\u00e8tre 12 cm.<\/p>\n<p>Pour les repas festifs ou individuels, en inox ou en cuivre, la collection M&#8217;MINIS se d\u00e9cline selon vos go\u00fbts. Destin\u00e9es au service en salle et appr\u00e9ci\u00e9es des restaurateurs, elles sont parfaites pour pr\u00e9senter des plats individuels ou des sauces.<\/p>\n<p><b><strong>Utilisation<\/strong><\/b>:<\/p>\n<p>Tous feux sauf induction &#8211; Compatible four &#8211; Ne passe pas au lave-vaisselle<\/p>\n<p>Tous les produits sont fabriqu\u00e9s en Normandie \u00e0 Villedieu-les-Po\u00eales.<\/p>\n","protected":false},"excerpt":{"rendered":"<p>Po\u00eale \u00e0 frire en acier inoxydable cuivr\u00e9 avec cadre en acier inoxydable moul\u00e9 de la collection M&#8217;MINIS. Diam\u00e8tre 12 cm.<\/p>\n","protected":false},"featured_media":513160,"template":"","meta":{"_acf_changed":false,"inline_featured_image":false},"product_cat":[12458,14802],"product_tag":[12888,12856,13179],"acf":[],"yoast_head":"<!-- This site is optimized with the Yoast SEO Premium plugin v18.6 (Yoast SEO v19.13) - https:\/\/yoast.com\/wordpress\/plugins\/seo\/ -->\n<title>MAUVIEL 1830 Po\u00eale \u00e0 frire 12 cm - Erresse Shop<\/title>\n<meta name=\"description\" content=\"Po\u00eale \u00e0 frire en acier inoxydable cuivr\u00e9 avec cadre en acier inoxydable moul\u00e9 de la collection M&#039;MINIS. Diam\u00e8tre 12 cm. Pour les repas festifs ou\" \/>\n<meta name=\"robots\" content=\"index, follow, max-snippet:-1, max-image-preview:large, max-video-preview:-1\" \/>\n<link rel=\"canonical\" href=\"https:\/\/www.erresse-shop.it\/fr\/shop\/poeles-pots\/poeles\/mauviel-1830-poele-a-frire-12-cm\/\" \/>\n<meta property=\"og:locale\" content=\"fr_FR\" \/>\n<meta property=\"og:type\" content=\"article\" \/>\n<meta property=\"og:title\" content=\"MAUVIEL 1830 Po\u00eale \u00e0 frire 12 cm\" \/>\n<meta property=\"og:description\" content=\"Po\u00eale \u00e0 frire en acier inoxydable cuivr\u00e9 avec cadre en acier inoxydable moul\u00e9 de la collection M&#039;MINIS. Diam\u00e8tre 12 cm. Pour les repas festifs ou\" \/>\n<meta property=\"og:url\" content=\"https:\/\/www.erresse-shop.it\/fr\/shop\/poeles-pots\/poeles\/mauviel-1830-poele-a-frire-12-cm\/\" \/>\n<meta property=\"og:site_name\" content=\"Erresse Shop\" \/>\n<meta property=\"article:modified_time\" content=\"2024-03-15T09:14:03+00:00\" \/>\n<meta property=\"og:image\" content=\"https:\/\/www.erresse-shop.it\/wp-content\/uploads\/2024\/03\/MAUVIEL1830-MINIS-150-B-PADELLINA-12-CM-RAME-ACCIAIO.png\" \/>\n\t<meta property=\"og:image:width\" content=\"800\" \/>\n\t<meta property=\"og:image:height\" content=\"800\" \/>\n\t<meta property=\"og:image:type\" content=\"image\/png\" \/>\n<meta name=\"twitter:card\" content=\"summary_large_image\" \/>\n<script type=\"application\/ld+json\" class=\"yoast-schema-graph\">{\"@context\":\"https:\/\/schema.org\",\"@graph\":[{\"@type\":\"WebPage\",\"@id\":\"https:\/\/www.erresse-shop.it\/fr\/shop\/poeles-pots\/poeles\/mauviel-1830-poele-a-frire-12-cm\/\",\"url\":\"https:\/\/www.erresse-shop.it\/fr\/shop\/poeles-pots\/poeles\/mauviel-1830-poele-a-frire-12-cm\/\",\"name\":\"MAUVIEL 1830 Po\u00eale \u00e0 frire 12 cm - Erresse Shop\",\"isPartOf\":{\"@id\":\"https:\/\/www.erresse-shop.it\/fr\/#website\"},\"datePublished\":\"2024-03-15T08:58:17+00:00\",\"dateModified\":\"2024-03-15T09:14:03+00:00\",\"description\":\"Po\u00eale \u00e0 frire en acier inoxydable cuivr\u00e9 avec cadre en acier inoxydable moul\u00e9 de la collection M'MINIS. Diam\u00e8tre 12 cm. Pour les repas festifs ou\",\"breadcrumb\":{\"@id\":\"https:\/\/www.erresse-shop.it\/fr\/shop\/poeles-pots\/poeles\/mauviel-1830-poele-a-frire-12-cm\/#breadcrumb\"},\"inLanguage\":\"fr-FR\",\"potentialAction\":[{\"@type\":\"ReadAction\",\"target\":[\"https:\/\/www.erresse-shop.it\/fr\/shop\/poeles-pots\/poeles\/mauviel-1830-poele-a-frire-12-cm\/\"]}]},{\"@type\":\"BreadcrumbList\",\"@id\":\"https:\/\/www.erresse-shop.it\/fr\/shop\/poeles-pots\/poeles\/mauviel-1830-poele-a-frire-12-cm\/#breadcrumb\",\"itemListElement\":[{\"@type\":\"ListItem\",\"position\":1,\"name\":\"Home\",\"item\":\"https:\/\/www.erresse-shop.it\/fr\/\"},{\"@type\":\"ListItem\",\"position\":2,\"name\":\"Shop\",\"item\":\"https:\/\/www.erresse-shop.it\/fr\/shop\/\"},{\"@type\":\"ListItem\",\"position\":3,\"name\":\"MAUVIEL 1830 Po\u00eale \u00e0 frire 12 cm\"}]},{\"@type\":\"WebSite\",\"@id\":\"https:\/\/www.erresse-shop.it\/fr\/#website\",\"url\":\"https:\/\/www.erresse-shop.it\/fr\/\",\"name\":\"Erresse Shop\",\"description\":\"Articoli di qualit\u00e0 per la casa\",\"potentialAction\":[{\"@type\":\"SearchAction\",\"target\":{\"@type\":\"EntryPoint\",\"urlTemplate\":\"https:\/\/www.erresse-shop.it\/fr\/?s={search_term_string}\"},\"query-input\":\"required name=search_term_string\"}],\"inLanguage\":\"fr-FR\"}]}<\/script>\n<!-- \/ Yoast SEO Premium plugin. -->","yoast_head_json":{"title":"MAUVIEL 1830 Po\u00eale \u00e0 frire 12 cm - Erresse Shop","description":"Po\u00eale \u00e0 frire en acier inoxydable cuivr\u00e9 avec cadre en acier inoxydable moul\u00e9 de la collection M'MINIS. Diam\u00e8tre 12 cm. Pour les repas festifs ou","robots":{"index":"index","follow":"follow","max-snippet":"max-snippet:-1","max-image-preview":"max-image-preview:large","max-video-preview":"max-video-preview:-1"},"canonical":"https:\/\/www.erresse-shop.it\/fr\/shop\/poeles-pots\/poeles\/mauviel-1830-poele-a-frire-12-cm\/","og_locale":"fr_FR","og_type":"article","og_title":"MAUVIEL 1830 Po\u00eale \u00e0 frire 12 cm","og_description":"Po\u00eale \u00e0 frire en acier inoxydable cuivr\u00e9 avec cadre en acier inoxydable moul\u00e9 de la collection M'MINIS. Diam\u00e8tre 12 cm. Pour les repas festifs ou","og_url":"https:\/\/www.erresse-shop.it\/fr\/shop\/poeles-pots\/poeles\/mauviel-1830-poele-a-frire-12-cm\/","og_site_name":"Erresse Shop","article_modified_time":"2024-03-15T09:14:03+00:00","og_image":[{"width":800,"height":800,"url":"https:\/\/www.erresse-shop.it\/wp-content\/uploads\/2024\/03\/MAUVIEL1830-MINIS-150-B-PADELLINA-12-CM-RAME-ACCIAIO.png","type":"image\/png"}],"twitter_card":"summary_large_image","schema":{"@context":"https:\/\/schema.org","@graph":[{"@type":"WebPage","@id":"https:\/\/www.erresse-shop.it\/fr\/shop\/poeles-pots\/poeles\/mauviel-1830-poele-a-frire-12-cm\/","url":"https:\/\/www.erresse-shop.it\/fr\/shop\/poeles-pots\/poeles\/mauviel-1830-poele-a-frire-12-cm\/","name":"MAUVIEL 1830 Po\u00eale \u00e0 frire 12 cm - Erresse Shop","isPartOf":{"@id":"https:\/\/www.erresse-shop.it\/fr\/#website"},"datePublished":"2024-03-15T08:58:17+00:00","dateModified":"2024-03-15T09:14:03+00:00","description":"Po\u00eale \u00e0 frire en acier inoxydable cuivr\u00e9 avec cadre en acier inoxydable moul\u00e9 de la collection M'MINIS. Diam\u00e8tre 12 cm. Pour les repas festifs ou","breadcrumb":{"@id":"https:\/\/www.erresse-shop.it\/fr\/shop\/poeles-pots\/poeles\/mauviel-1830-poele-a-frire-12-cm\/#breadcrumb"},"inLanguage":"fr-FR","potentialAction":[{"@type":"ReadAction","target":["https:\/\/www.erresse-shop.it\/fr\/shop\/poeles-pots\/poeles\/mauviel-1830-poele-a-frire-12-cm\/"]}]},{"@type":"BreadcrumbList","@id":"https:\/\/www.erresse-shop.it\/fr\/shop\/poeles-pots\/poeles\/mauviel-1830-poele-a-frire-12-cm\/#breadcrumb","itemListElement":[{"@type":"ListItem","position":1,"name":"Home","item":"https:\/\/www.erresse-shop.it\/fr\/"},{"@type":"ListItem","position":2,"name":"Shop","item":"https:\/\/www.erresse-shop.it\/fr\/shop\/"},{"@type":"ListItem","position":3,"name":"MAUVIEL 1830 Po\u00eale \u00e0 frire 12 cm"}]},{"@type":"WebSite","@id":"https:\/\/www.erresse-shop.it\/fr\/#website","url":"https:\/\/www.erresse-shop.it\/fr\/","name":"Erresse Shop","description":"Articoli di qualit\u00e0 per la casa","potentialAction":[{"@type":"SearchAction","target":{"@type":"EntryPoint","urlTemplate":"https:\/\/www.erresse-shop.it\/fr\/?s={search_term_string}"},"query-input":"required name=search_term_string"}],"inLanguage":"fr-FR"}]}},"df_price":64.67,"df_sale_price":64.67,"df_regular_price":64.67,"df_image_link":"https:\/\/www.erresse-shop.it\/wp-content\/uploads\/2024\/03\/MAUVIEL-1830-Padella-12-cm-300x300.jpg","_links":{"self":[{"href":"https:\/\/www.erresse-shop.it\/fr\/wp-json\/wp\/v2\/product\/397137"}],"collection":[{"href":"https:\/\/www.erresse-shop.it\/fr\/wp-json\/wp\/v2\/product"}],"about":[{"href":"https:\/\/www.erresse-shop.it\/fr\/wp-json\/wp\/v2\/types\/product"}],"wp:featuredmedia":[{"embeddable":true,"href":"https:\/\/www.erresse-shop.it\/fr\/wp-json\/wp\/v2\/media\/513160"}],"wp:attachment":[{"href":"https:\/\/www.erresse-shop.it\/fr\/wp-json\/wp\/v2\/media?parent=397137"}],"wp:term":[{"taxonomy":"product_cat","embeddable":true,"href":"https:\/\/www.erresse-shop.it\/fr\/wp-json\/wp\/v2\/product_cat?post=397137"},{"taxonomy":"product_tag","embeddable":true,"href":"https:\/\/www.erresse-shop.it\/fr\/wp-json\/wp\/v2\/product_tag?post=397137"}],"curies":[{"name":"wp","href":"https:\/\/api.w.org\/{rel}","templated":true}]}}