{"id":397099,"date":"2024-03-15T08:14:10","date_gmt":"2024-03-15T08:14:15","guid":{"rendered":"https:\/\/www.erresse-shop.it\/?post_type=product&#038;p=397099"},"modified":"2024-04-22T17:50:17","modified_gmt":"2024-04-22T17:50:17","slug":"mauviel-1830-casserole-basse-2-poignees-28-cm-avec-couvercle","status":"publish","type":"product","link":"https:\/\/www.erresse-shop.it\/fr\/shop\/poeles-pots\/casseroles\/mauviel-1830-casserole-basse-2-poignees-28-cm-avec-couvercle\/","title":{"rendered":"MAUVIEL 1830 Casserole Basse 2 Poign\u00e9es 28 cm Avec Couvercle"},"content":{"rendered":"<p>Rondeau avec couvercle int\u00e9rieur en cuivre en acier inoxydable bilamin\u00e9 et cadre en fonte de la collection M&#8217;150S.<br \/>\nLe rondeau est un ustensile de cuisine rond aux parois basses et verticales. Dot\u00e9 d&#8217;un couvercle et de deux poign\u00e9es rivet\u00e9es dessin\u00e9es par Mauviel1830, son design chic lui permet de passer de la cuisini\u00e8re \u00e0 la table pour un service imm\u00e9diat. Le Rondeau a les m\u00eames usages que la Sauteuse : faire sauter toutes sortes de plats, d\u00e9glacer sans risque de d\u00e9bordement&#8230; C&#8217;est un excellent compl\u00e9ment \u00e0 la cuisine, qui enrichit l&#8217;horizon culinaire de tous les chefs, qu&#8217;ils soient amateurs ou professionnels.<br \/>\nLa collection M&#8217;H\u00c9RITAGE est un subtil m\u00e9lange de deux mat\u00e9riaux traditionnels performants. L&#8217;association du cuivre poli et de l&#8217;acier inoxydable donne une nouvelle dimension au plaisir de cuisiner. L&#8217;int\u00e9rieur en acier inoxydable 18\/10 est id\u00e9al pour la cuisine de tous les jours. Le cuivre garantit une excellente conduction de la chaleur, rapidement et uniform\u00e9ment, offrant une exp\u00e9rience de cuisson de haute qualit\u00e9. La collection, compos\u00e9e de 90 % de cuivre et de 10 % d&#8217;acier inoxydable, est disponible dans une gamme de cadres et dans deux \u00e9paisseurs, afin que chacun puisse trouver l&#8217;ustensile de cuisine qui correspond le mieux \u00e0 ses besoins et \u00e0 ses go\u00fbts.<\/p>\n<p><strong>CARACT\u00c9RISTIQUES TECHNIQUES :<\/strong><\/p>\n<p>Diam\u00e8tre : 28 cm<\/p>\n<p>Hauteur : 9 cm<\/p>\n<p>Capacit\u00e9 : 5,7 L<\/p>\n<p>Dimensions : 40,5&#215;30,5 cm<\/p>\n<p><strong>Utilisation<\/strong>:<\/p>\n<p>Tous feux sauf induction &#8211; Compatible four &#8211; Ne passe pas au lave-vaisselle<\/p>\n<p>Tous les produits sont fabriqu\u00e9s en Normandie \u00e0 Villedieu-les-Po\u00eales.<\/p>\n","protected":false},"excerpt":{"rendered":"<p>Rondeau avec couvercle int\u00e9rieur en cuivre en acier inoxydable bilamin\u00e9 et cadre en fonte de la collection M&#8217;150S. Le rondeau<\/p>\n","protected":false},"featured_media":476139,"template":"","meta":{"_acf_changed":false,"inline_featured_image":false},"product_cat":[12458,14777],"product_tag":[12888,12465,12856],"acf":[],"yoast_head":"<!-- This site is optimized with the Yoast SEO Premium plugin v18.6 (Yoast SEO v19.13) - https:\/\/yoast.com\/wordpress\/plugins\/seo\/ -->\n<title>MAUVIEL 1830 Casserole Basse 2 Poign\u00e9es 28 cm Avec Couvercle - Erresse Shop<\/title>\n<meta name=\"description\" content=\"Rondeau avec couvercle int\u00e9rieur en cuivre en acier inoxydable bilamin\u00e9 et cadre en fonte de la collection M&#039;150S. Le rondeau est un ustensile de cuisine\" \/>\n<meta name=\"robots\" content=\"index, follow, max-snippet:-1, max-image-preview:large, max-video-preview:-1\" \/>\n<link rel=\"canonical\" href=\"https:\/\/www.erresse-shop.it\/fr\/shop\/poeles-pots\/casseroles\/mauviel-1830-casserole-basse-2-poignees-28-cm-avec-couvercle\/\" \/>\n<meta property=\"og:locale\" content=\"fr_FR\" \/>\n<meta property=\"og:type\" content=\"article\" \/>\n<meta property=\"og:title\" content=\"MAUVIEL 1830 Casserole Basse 2 Poign\u00e9es 28 cm Avec Couvercle\" \/>\n<meta property=\"og:description\" content=\"Rondeau avec couvercle int\u00e9rieur en cuivre en acier inoxydable bilamin\u00e9 et cadre en fonte de la collection M&#039;150S. Le rondeau est un ustensile de cuisine\" \/>\n<meta property=\"og:url\" content=\"https:\/\/www.erresse-shop.it\/fr\/shop\/poeles-pots\/casseroles\/mauviel-1830-casserole-basse-2-poignees-28-cm-avec-couvercle\/\" \/>\n<meta property=\"og:site_name\" content=\"Erresse Shop\" \/>\n<meta property=\"article:modified_time\" content=\"2024-04-22T17:50:17+00:00\" \/>\n<meta property=\"og:image\" content=\"https:\/\/www.erresse-shop.it\/wp-content\/uploads\/2024\/03\/MAUVIEL1830-M-150S-TEGAME-BASSO-2M-24CM.-RAME-ACCIAIO.png\" \/>\n\t<meta property=\"og:image:width\" content=\"800\" \/>\n\t<meta property=\"og:image:height\" content=\"800\" \/>\n\t<meta property=\"og:image:type\" content=\"image\/png\" \/>\n<meta name=\"twitter:card\" content=\"summary_large_image\" \/>\n<script type=\"application\/ld+json\" class=\"yoast-schema-graph\">{\"@context\":\"https:\/\/schema.org\",\"@graph\":[{\"@type\":\"WebPage\",\"@id\":\"https:\/\/www.erresse-shop.it\/fr\/shop\/poeles-pots\/casseroles\/mauviel-1830-casserole-basse-2-poignees-28-cm-avec-couvercle\/\",\"url\":\"https:\/\/www.erresse-shop.it\/fr\/shop\/poeles-pots\/casseroles\/mauviel-1830-casserole-basse-2-poignees-28-cm-avec-couvercle\/\",\"name\":\"MAUVIEL 1830 Casserole Basse 2 Poign\u00e9es 28 cm Avec Couvercle - Erresse Shop\",\"isPartOf\":{\"@id\":\"https:\/\/www.erresse-shop.it\/fr\/#website\"},\"datePublished\":\"2024-03-15T08:14:15+00:00\",\"dateModified\":\"2024-04-22T17:50:17+00:00\",\"description\":\"Rondeau avec couvercle int\u00e9rieur en cuivre en acier inoxydable bilamin\u00e9 et cadre en fonte de la collection M'150S. Le rondeau est un ustensile de cuisine\",\"breadcrumb\":{\"@id\":\"https:\/\/www.erresse-shop.it\/fr\/shop\/poeles-pots\/casseroles\/mauviel-1830-casserole-basse-2-poignees-28-cm-avec-couvercle\/#breadcrumb\"},\"inLanguage\":\"fr-FR\",\"potentialAction\":[{\"@type\":\"ReadAction\",\"target\":[\"https:\/\/www.erresse-shop.it\/fr\/shop\/poeles-pots\/casseroles\/mauviel-1830-casserole-basse-2-poignees-28-cm-avec-couvercle\/\"]}]},{\"@type\":\"BreadcrumbList\",\"@id\":\"https:\/\/www.erresse-shop.it\/fr\/shop\/poeles-pots\/casseroles\/mauviel-1830-casserole-basse-2-poignees-28-cm-avec-couvercle\/#breadcrumb\",\"itemListElement\":[{\"@type\":\"ListItem\",\"position\":1,\"name\":\"Home\",\"item\":\"https:\/\/www.erresse-shop.it\/fr\/\"},{\"@type\":\"ListItem\",\"position\":2,\"name\":\"Shop\",\"item\":\"https:\/\/www.erresse-shop.it\/fr\/shop\/\"},{\"@type\":\"ListItem\",\"position\":3,\"name\":\"MAUVIEL 1830 Casserole Basse 2 Poign\u00e9es 28 cm Avec Couvercle\"}]},{\"@type\":\"WebSite\",\"@id\":\"https:\/\/www.erresse-shop.it\/fr\/#website\",\"url\":\"https:\/\/www.erresse-shop.it\/fr\/\",\"name\":\"Erresse Shop\",\"description\":\"Articoli di qualit\u00e0 per la casa\",\"potentialAction\":[{\"@type\":\"SearchAction\",\"target\":{\"@type\":\"EntryPoint\",\"urlTemplate\":\"https:\/\/www.erresse-shop.it\/fr\/?s={search_term_string}\"},\"query-input\":\"required name=search_term_string\"}],\"inLanguage\":\"fr-FR\"}]}<\/script>\n<!-- \/ Yoast SEO Premium plugin. -->","yoast_head_json":{"title":"MAUVIEL 1830 Casserole Basse 2 Poign\u00e9es 28 cm Avec Couvercle - Erresse Shop","description":"Rondeau avec couvercle int\u00e9rieur en cuivre en acier inoxydable bilamin\u00e9 et cadre en fonte de la collection M'150S. Le rondeau est un ustensile de cuisine","robots":{"index":"index","follow":"follow","max-snippet":"max-snippet:-1","max-image-preview":"max-image-preview:large","max-video-preview":"max-video-preview:-1"},"canonical":"https:\/\/www.erresse-shop.it\/fr\/shop\/poeles-pots\/casseroles\/mauviel-1830-casserole-basse-2-poignees-28-cm-avec-couvercle\/","og_locale":"fr_FR","og_type":"article","og_title":"MAUVIEL 1830 Casserole Basse 2 Poign\u00e9es 28 cm Avec Couvercle","og_description":"Rondeau avec couvercle int\u00e9rieur en cuivre en acier inoxydable bilamin\u00e9 et cadre en fonte de la collection M'150S. Le rondeau est un ustensile de cuisine","og_url":"https:\/\/www.erresse-shop.it\/fr\/shop\/poeles-pots\/casseroles\/mauviel-1830-casserole-basse-2-poignees-28-cm-avec-couvercle\/","og_site_name":"Erresse Shop","article_modified_time":"2024-04-22T17:50:17+00:00","og_image":[{"width":800,"height":800,"url":"https:\/\/www.erresse-shop.it\/wp-content\/uploads\/2024\/03\/MAUVIEL1830-M-150S-TEGAME-BASSO-2M-24CM.-RAME-ACCIAIO.png","type":"image\/png"}],"twitter_card":"summary_large_image","schema":{"@context":"https:\/\/schema.org","@graph":[{"@type":"WebPage","@id":"https:\/\/www.erresse-shop.it\/fr\/shop\/poeles-pots\/casseroles\/mauviel-1830-casserole-basse-2-poignees-28-cm-avec-couvercle\/","url":"https:\/\/www.erresse-shop.it\/fr\/shop\/poeles-pots\/casseroles\/mauviel-1830-casserole-basse-2-poignees-28-cm-avec-couvercle\/","name":"MAUVIEL 1830 Casserole Basse 2 Poign\u00e9es 28 cm Avec Couvercle - Erresse Shop","isPartOf":{"@id":"https:\/\/www.erresse-shop.it\/fr\/#website"},"datePublished":"2024-03-15T08:14:15+00:00","dateModified":"2024-04-22T17:50:17+00:00","description":"Rondeau avec couvercle int\u00e9rieur en cuivre en acier inoxydable bilamin\u00e9 et cadre en fonte de la collection M'150S. Le rondeau est un ustensile de cuisine","breadcrumb":{"@id":"https:\/\/www.erresse-shop.it\/fr\/shop\/poeles-pots\/casseroles\/mauviel-1830-casserole-basse-2-poignees-28-cm-avec-couvercle\/#breadcrumb"},"inLanguage":"fr-FR","potentialAction":[{"@type":"ReadAction","target":["https:\/\/www.erresse-shop.it\/fr\/shop\/poeles-pots\/casseroles\/mauviel-1830-casserole-basse-2-poignees-28-cm-avec-couvercle\/"]}]},{"@type":"BreadcrumbList","@id":"https:\/\/www.erresse-shop.it\/fr\/shop\/poeles-pots\/casseroles\/mauviel-1830-casserole-basse-2-poignees-28-cm-avec-couvercle\/#breadcrumb","itemListElement":[{"@type":"ListItem","position":1,"name":"Home","item":"https:\/\/www.erresse-shop.it\/fr\/"},{"@type":"ListItem","position":2,"name":"Shop","item":"https:\/\/www.erresse-shop.it\/fr\/shop\/"},{"@type":"ListItem","position":3,"name":"MAUVIEL 1830 Casserole Basse 2 Poign\u00e9es 28 cm Avec Couvercle"}]},{"@type":"WebSite","@id":"https:\/\/www.erresse-shop.it\/fr\/#website","url":"https:\/\/www.erresse-shop.it\/fr\/","name":"Erresse Shop","description":"Articoli di qualit\u00e0 per la casa","potentialAction":[{"@type":"SearchAction","target":{"@type":"EntryPoint","urlTemplate":"https:\/\/www.erresse-shop.it\/fr\/?s={search_term_string}"},"query-input":"required name=search_term_string"}],"inLanguage":"fr-FR"}]}},"df_price":553.37,"df_sale_price":553.37,"df_regular_price":553.37,"df_image_link":"https:\/\/www.erresse-shop.it\/wp-content\/uploads\/2024\/03\/MAUVIEL-1830-Casseruola-Bassa-2-Manici-28-cm-Con-Coperchio-300x300.jpg","_links":{"self":[{"href":"https:\/\/www.erresse-shop.it\/fr\/wp-json\/wp\/v2\/product\/397099"}],"collection":[{"href":"https:\/\/www.erresse-shop.it\/fr\/wp-json\/wp\/v2\/product"}],"about":[{"href":"https:\/\/www.erresse-shop.it\/fr\/wp-json\/wp\/v2\/types\/product"}],"wp:featuredmedia":[{"embeddable":true,"href":"https:\/\/www.erresse-shop.it\/fr\/wp-json\/wp\/v2\/media\/476139"}],"wp:attachment":[{"href":"https:\/\/www.erresse-shop.it\/fr\/wp-json\/wp\/v2\/media?parent=397099"}],"wp:term":[{"taxonomy":"product_cat","embeddable":true,"href":"https:\/\/www.erresse-shop.it\/fr\/wp-json\/wp\/v2\/product_cat?post=397099"},{"taxonomy":"product_tag","embeddable":true,"href":"https:\/\/www.erresse-shop.it\/fr\/wp-json\/wp\/v2\/product_tag?post=397099"}],"curies":[{"name":"wp","href":"https:\/\/api.w.org\/{rel}","templated":true}]}}