{"id":397068,"date":"2024-03-15T07:50:37","date_gmt":"2024-03-15T07:50:42","guid":{"rendered":"https:\/\/www.erresse-shop.it\/?post_type=product&#038;p=397068"},"modified":"2024-03-26T00:01:42","modified_gmt":"2024-03-26T00:01:42","slug":"ruffoni-historia-decor-casserole-1-man-18-cm-copia","status":"publish","type":"product","link":"https:\/\/www.erresse-shop.it\/fr\/shop\/poeles-pots\/casseroles\/ruffoni-historia-decor-casserole-1-man-18-cm-copia\/","title":{"rendered":"MAUVIEL 1830 Casserole 1 poign\u00e9e 14 cm"},"content":{"rendered":"<p>Pot en cuivre avec int\u00e9rieur en acier inoxydable bilamin\u00e9 et cadre en acier inoxydable moul\u00e9 de la collection M&#8217;150S.<\/p>\n<p>Tous les produits sont fabriqu\u00e9s en Normandie \u00e0 Villedieu-les-Po\u00eales.<\/p>\n<p>La batterie de cuisine est l&#8217;ustensile le plus classique de la cuisine ; indispensable, elle doit offrir les meilleures performances de cuisson dans la cuisine pour une utilisation optimale.<\/p>\n<p>C&#8217;est donc avec le plus grand soin que Mauviel1830 a con\u00e7u ses gammes d&#8217;ustensiles de cuisine, en portant une attention particuli\u00e8re \u00e0 la conductivit\u00e9 thermique et \u00e0 la durabilit\u00e9.<\/p>\n<p>G\u00e9n\u00e9ralement utilis\u00e9e pour la cuisson de recettes liquides dans de grandes quantit\u00e9s d&#8217;eau, la marmite est \u00e9galement utilis\u00e9e pour la cuisson des viandes, des sauces&#8230;<\/p>\n<p>La collection M&#8217;H\u00e9ritage est la fusion subtile de deux mat\u00e9riaux traditionnels et performants. Le cuivre poli associ\u00e9 \u00e0 l&#8217;inox renouvelle le plaisir de cuisiner.<\/p>\n<p>Son int\u00e9rieur en acier inoxydable 18\/10 est id\u00e9al pour la cuisine de tous les jours. Le cuivre garantit une excellente conduction de la chaleur de mani\u00e8re rapide et homog\u00e8ne, conf\u00e9rant \u00e0 la ligne une excellente qualit\u00e9 de cuisson.<\/p>\n<p>La collection, compos\u00e9e de 90 % de cuivre et de 10 % d&#8217;acier inoxydable, est propos\u00e9e dans diff\u00e9rents cadres et en deux \u00e9paisseurs, afin que chacun puisse trouver l&#8217;ustensile culinaire qui convient \u00e0 ses usages et \u00e0 ses go\u00fbts.<\/p>\n<p><b><strong>CARACT\u00c9RISTIQUES TECHNIQUES :<\/strong><\/b><\/p>\n<p>Diam\u00e8tre : 14 cm<\/p>\n<p>Hauteur : 7,9 cm<\/p>\n<p>Capacit\u00e9 : 1,2 L<\/p>\n<p>Dimensions : 31&#215;14,5 cm<\/p>\n<p><b><strong>Utilisation<\/strong><\/b>:<\/p>\n<p>Tous feux sauf induction &#8211; Compatible four &#8211; Ne passe pas au lave-vaisselle<\/p>\n","protected":false},"excerpt":{"rendered":"<p>Pot en cuivre avec int\u00e9rieur en acier inoxydable bilamin\u00e9 et cadre en acier inoxydable moul\u00e9 de la collection M&#8217;150S. Tous<\/p>\n","protected":false},"featured_media":437581,"template":"","meta":{"_acf_changed":false,"inline_featured_image":false},"product_cat":[12458,14777],"product_tag":[12888,12465,12856],"acf":[],"yoast_head":"<!-- This site is optimized with the Yoast SEO Premium plugin v18.6 (Yoast SEO v19.13) - https:\/\/yoast.com\/wordpress\/plugins\/seo\/ -->\n<title>MAUVIEL 1830 Casserole 1 poign\u00e9e 14 cm - Erresse Shop<\/title>\n<meta name=\"description\" content=\"Pot en cuivre avec int\u00e9rieur en acier inoxydable bilamin\u00e9 et cadre en acier inoxydable moul\u00e9 de la collection M&#039;150S. Tous les produits sont fabriqu\u00e9s en\" \/>\n<meta name=\"robots\" content=\"index, follow, max-snippet:-1, max-image-preview:large, max-video-preview:-1\" \/>\n<link rel=\"canonical\" href=\"https:\/\/www.erresse-shop.it\/fr\/shop\/poeles-pots\/casseroles\/ruffoni-historia-decor-casserole-1-man-18-cm-copia\/\" \/>\n<meta property=\"og:locale\" content=\"fr_FR\" \/>\n<meta property=\"og:type\" content=\"article\" \/>\n<meta property=\"og:title\" content=\"MAUVIEL 1830 Casserole 1 poign\u00e9e 14 cm\" \/>\n<meta property=\"og:description\" content=\"Pot en cuivre avec int\u00e9rieur en acier inoxydable bilamin\u00e9 et cadre en acier inoxydable moul\u00e9 de la collection M&#039;150S. Tous les produits sont fabriqu\u00e9s en\" \/>\n<meta property=\"og:url\" content=\"https:\/\/www.erresse-shop.it\/fr\/shop\/poeles-pots\/casseroles\/ruffoni-historia-decor-casserole-1-man-18-cm-copia\/\" \/>\n<meta property=\"og:site_name\" content=\"Erresse Shop\" \/>\n<meta property=\"article:modified_time\" content=\"2024-03-26T00:01:42+00:00\" \/>\n<meta property=\"og:image\" content=\"https:\/\/www.erresse-shop.it\/wp-content\/uploads\/2024\/03\/MAUVIEL-1830-Casseruola-1-Manico-14-cm.jpg\" \/>\n\t<meta property=\"og:image:width\" content=\"1200\" \/>\n\t<meta property=\"og:image:height\" content=\"1200\" \/>\n\t<meta property=\"og:image:type\" content=\"image\/jpeg\" \/>\n<meta name=\"twitter:card\" content=\"summary_large_image\" \/>\n<script type=\"application\/ld+json\" class=\"yoast-schema-graph\">{\"@context\":\"https:\/\/schema.org\",\"@graph\":[{\"@type\":\"WebPage\",\"@id\":\"https:\/\/www.erresse-shop.it\/fr\/shop\/poeles-pots\/casseroles\/ruffoni-historia-decor-casserole-1-man-18-cm-copia\/\",\"url\":\"https:\/\/www.erresse-shop.it\/fr\/shop\/poeles-pots\/casseroles\/ruffoni-historia-decor-casserole-1-man-18-cm-copia\/\",\"name\":\"MAUVIEL 1830 Casserole 1 poign\u00e9e 14 cm - Erresse Shop\",\"isPartOf\":{\"@id\":\"https:\/\/www.erresse-shop.it\/fr\/#website\"},\"datePublished\":\"2024-03-15T07:50:42+00:00\",\"dateModified\":\"2024-03-26T00:01:42+00:00\",\"description\":\"Pot en cuivre avec int\u00e9rieur en acier inoxydable bilamin\u00e9 et cadre en acier inoxydable moul\u00e9 de la collection M'150S. Tous les produits sont fabriqu\u00e9s en\",\"breadcrumb\":{\"@id\":\"https:\/\/www.erresse-shop.it\/fr\/shop\/poeles-pots\/casseroles\/ruffoni-historia-decor-casserole-1-man-18-cm-copia\/#breadcrumb\"},\"inLanguage\":\"fr-FR\",\"potentialAction\":[{\"@type\":\"ReadAction\",\"target\":[\"https:\/\/www.erresse-shop.it\/fr\/shop\/poeles-pots\/casseroles\/ruffoni-historia-decor-casserole-1-man-18-cm-copia\/\"]}]},{\"@type\":\"BreadcrumbList\",\"@id\":\"https:\/\/www.erresse-shop.it\/fr\/shop\/poeles-pots\/casseroles\/ruffoni-historia-decor-casserole-1-man-18-cm-copia\/#breadcrumb\",\"itemListElement\":[{\"@type\":\"ListItem\",\"position\":1,\"name\":\"Home\",\"item\":\"https:\/\/www.erresse-shop.it\/fr\/\"},{\"@type\":\"ListItem\",\"position\":2,\"name\":\"Shop\",\"item\":\"https:\/\/www.erresse-shop.it\/fr\/shop\/\"},{\"@type\":\"ListItem\",\"position\":3,\"name\":\"MAUVIEL 1830 Casserole 1 poign\u00e9e 14 cm\"}]},{\"@type\":\"WebSite\",\"@id\":\"https:\/\/www.erresse-shop.it\/fr\/#website\",\"url\":\"https:\/\/www.erresse-shop.it\/fr\/\",\"name\":\"Erresse Shop\",\"description\":\"Articoli di qualit\u00e0 per la casa\",\"potentialAction\":[{\"@type\":\"SearchAction\",\"target\":{\"@type\":\"EntryPoint\",\"urlTemplate\":\"https:\/\/www.erresse-shop.it\/fr\/?s={search_term_string}\"},\"query-input\":\"required name=search_term_string\"}],\"inLanguage\":\"fr-FR\"}]}<\/script>\n<!-- \/ Yoast SEO Premium plugin. -->","yoast_head_json":{"title":"MAUVIEL 1830 Casserole 1 poign\u00e9e 14 cm - Erresse Shop","description":"Pot en cuivre avec int\u00e9rieur en acier inoxydable bilamin\u00e9 et cadre en acier inoxydable moul\u00e9 de la collection M'150S. Tous les produits sont fabriqu\u00e9s en","robots":{"index":"index","follow":"follow","max-snippet":"max-snippet:-1","max-image-preview":"max-image-preview:large","max-video-preview":"max-video-preview:-1"},"canonical":"https:\/\/www.erresse-shop.it\/fr\/shop\/poeles-pots\/casseroles\/ruffoni-historia-decor-casserole-1-man-18-cm-copia\/","og_locale":"fr_FR","og_type":"article","og_title":"MAUVIEL 1830 Casserole 1 poign\u00e9e 14 cm","og_description":"Pot en cuivre avec int\u00e9rieur en acier inoxydable bilamin\u00e9 et cadre en acier inoxydable moul\u00e9 de la collection M'150S. Tous les produits sont fabriqu\u00e9s en","og_url":"https:\/\/www.erresse-shop.it\/fr\/shop\/poeles-pots\/casseroles\/ruffoni-historia-decor-casserole-1-man-18-cm-copia\/","og_site_name":"Erresse Shop","article_modified_time":"2024-03-26T00:01:42+00:00","og_image":[{"width":1200,"height":1200,"url":"https:\/\/www.erresse-shop.it\/wp-content\/uploads\/2024\/03\/MAUVIEL-1830-Casseruola-1-Manico-14-cm.jpg","type":"image\/jpeg"}],"twitter_card":"summary_large_image","schema":{"@context":"https:\/\/schema.org","@graph":[{"@type":"WebPage","@id":"https:\/\/www.erresse-shop.it\/fr\/shop\/poeles-pots\/casseroles\/ruffoni-historia-decor-casserole-1-man-18-cm-copia\/","url":"https:\/\/www.erresse-shop.it\/fr\/shop\/poeles-pots\/casseroles\/ruffoni-historia-decor-casserole-1-man-18-cm-copia\/","name":"MAUVIEL 1830 Casserole 1 poign\u00e9e 14 cm - Erresse Shop","isPartOf":{"@id":"https:\/\/www.erresse-shop.it\/fr\/#website"},"datePublished":"2024-03-15T07:50:42+00:00","dateModified":"2024-03-26T00:01:42+00:00","description":"Pot en cuivre avec int\u00e9rieur en acier inoxydable bilamin\u00e9 et cadre en acier inoxydable moul\u00e9 de la collection M'150S. Tous les produits sont fabriqu\u00e9s en","breadcrumb":{"@id":"https:\/\/www.erresse-shop.it\/fr\/shop\/poeles-pots\/casseroles\/ruffoni-historia-decor-casserole-1-man-18-cm-copia\/#breadcrumb"},"inLanguage":"fr-FR","potentialAction":[{"@type":"ReadAction","target":["https:\/\/www.erresse-shop.it\/fr\/shop\/poeles-pots\/casseroles\/ruffoni-historia-decor-casserole-1-man-18-cm-copia\/"]}]},{"@type":"BreadcrumbList","@id":"https:\/\/www.erresse-shop.it\/fr\/shop\/poeles-pots\/casseroles\/ruffoni-historia-decor-casserole-1-man-18-cm-copia\/#breadcrumb","itemListElement":[{"@type":"ListItem","position":1,"name":"Home","item":"https:\/\/www.erresse-shop.it\/fr\/"},{"@type":"ListItem","position":2,"name":"Shop","item":"https:\/\/www.erresse-shop.it\/fr\/shop\/"},{"@type":"ListItem","position":3,"name":"MAUVIEL 1830 Casserole 1 poign\u00e9e 14 cm"}]},{"@type":"WebSite","@id":"https:\/\/www.erresse-shop.it\/fr\/#website","url":"https:\/\/www.erresse-shop.it\/fr\/","name":"Erresse Shop","description":"Articoli di qualit\u00e0 per la casa","potentialAction":[{"@type":"SearchAction","target":{"@type":"EntryPoint","urlTemplate":"https:\/\/www.erresse-shop.it\/fr\/?s={search_term_string}"},"query-input":"required name=search_term_string"}],"inLanguage":"fr-FR"}]}},"df_price":164.57,"df_sale_price":164.57,"df_regular_price":164.57,"df_image_link":"https:\/\/www.erresse-shop.it\/wp-content\/uploads\/2024\/03\/MAUVIEL-1830-Casseruola-1-Manico-14-cm-300x300.jpg","_links":{"self":[{"href":"https:\/\/www.erresse-shop.it\/fr\/wp-json\/wp\/v2\/product\/397068"}],"collection":[{"href":"https:\/\/www.erresse-shop.it\/fr\/wp-json\/wp\/v2\/product"}],"about":[{"href":"https:\/\/www.erresse-shop.it\/fr\/wp-json\/wp\/v2\/types\/product"}],"wp:featuredmedia":[{"embeddable":true,"href":"https:\/\/www.erresse-shop.it\/fr\/wp-json\/wp\/v2\/media\/437581"}],"wp:attachment":[{"href":"https:\/\/www.erresse-shop.it\/fr\/wp-json\/wp\/v2\/media?parent=397068"}],"wp:term":[{"taxonomy":"product_cat","embeddable":true,"href":"https:\/\/www.erresse-shop.it\/fr\/wp-json\/wp\/v2\/product_cat?post=397068"},{"taxonomy":"product_tag","embeddable":true,"href":"https:\/\/www.erresse-shop.it\/fr\/wp-json\/wp\/v2\/product_tag?post=397068"}],"curies":[{"name":"wp","href":"https:\/\/api.w.org\/{rel}","templated":true}]}}