{"id":396959,"date":"2024-03-14T10:23:31","date_gmt":"2024-03-14T10:23:35","guid":{"rendered":"https:\/\/www.erresse-shop.it\/?post_type=product&#038;p=396959"},"modified":"2025-01-14T14:15:03","modified_gmt":"2025-01-14T14:15:03","slug":"bialetti-moka-brikka-exclusive-2-tasses-noir","status":"publish","type":"product","link":"https:\/\/www.erresse-shop.it\/fr\/shop\/cuisine\/cafetieres\/bialetti-moka-brikka-exclusive-2-tasses-noir\/","title":{"rendered":"BIALETTI Moka Brikka Exclusive 2 tasses noir"},"content":{"rendered":"<p>Bialetti Exclusive c\u00e9l\u00e8bre le rituel du caf\u00e9 italien avec style et innovation. Brikka Noir est la cafeti\u00e8re capable de cr\u00e9er la cr\u00e8me de l&#8217;espresso gr\u00e2ce \u00e0 un nouveau syst\u00e8me d&#8217;infusion brevet\u00e9 par Bialetti. La poign\u00e9e avec effet soft touch garantit une prise en main s\u00fbre.<br \/>\n1. Commencer par verser de l&#8217;eau \u00e0 temp\u00e9rature ambiante dans la chaudi\u00e8re de la cafeti\u00e8re et la remplir jusqu&#8217;au niveau de la soupape de s\u00e9curit\u00e9. Ne pas d\u00e9passer ce niveau pour \u00e9viter un caf\u00e9 trop aqueux.<br \/>\n2. Choisissez maintenant votre m\u00e9lange de caf\u00e9 moulu pr\u00e9f\u00e9r\u00e9. Attention ! Le m\u00e9lange doit \u00eatre moulu sp\u00e9cifiquement pour le Moka, pas trop fin. Remplissez g\u00e9n\u00e9reusement l&#8217;entonnoir de la machine \u00e0 caf\u00e9, sans appuyer sur le caf\u00e9.<br \/>\n3. Un petit secret ? R\u00e9glez le feu au minimum et prenez votre temps ; cela vaut la peine d&#8217;attendre quelques minutes de plus pour d\u00e9guster un excellent caf\u00e9. Lorsque le caf\u00e9 est compl\u00e8tement mont\u00e9 dans le bac d&#8217;\u00e9gouttage, \u00e9teignez le feu.<br \/>\n4. Le moment crucial : la d\u00e9gustation. Pour savourer au mieux tous les ar\u00f4mes lib\u00e9r\u00e9s, il est recommand\u00e9 de boire le caf\u00e9 d\u00e8s qu&#8217;il est vers\u00e9 dans la tasse.<br \/>\nMat\u00e9riau du corps : aluminium<br \/>\nMat\u00e9riau de la poign\u00e9e : thermoplastique<br \/>\nMat\u00e9riau du bouton : thermoplastique<br \/>\nSoupape de s\u00e9curit\u00e9 facile \u00e0 nettoyer<br \/>\nConvient pour une utilisation sur des plaques \u00e0 induction avec la plaque \u00e0 induction Bialetti.<br \/>\nNe passe pas au lave-vaisselle<\/p>\n","protected":false},"excerpt":{"rendered":"<p>Bialetti Exclusive c\u00e9l\u00e8bre le rituel du caf\u00e9 italien avec style et innovation. Brikka Noir est la cafeti\u00e8re capable de cr\u00e9er<\/p>\n","protected":false},"featured_media":506776,"template":"","meta":{"_acf_changed":false,"inline_featured_image":false},"product_cat":[12753,12748],"product_tag":[24592,12830,23563,13441,12856,12833],"acf":[],"yoast_head":"<!-- This site is optimized with the Yoast SEO Premium plugin v18.6 (Yoast SEO v19.13) - https:\/\/yoast.com\/wordpress\/plugins\/seo\/ -->\n<title>BIALETTI Moka Brikka Exclusive 2 tasses noir<\/title>\n<meta name=\"description\" content=\"D\u00e9couvrez BIALETTI Moka Brikka Exclusive 2 tasses noir sur ErresseShop. Qualit\u00e9, prix r\u00e9duits et achat s\u00e9curis\u00e9 \u2013 commandez d\u00e8s maintenant en ligne !\" \/>\n<meta name=\"robots\" content=\"index, follow, max-snippet:-1, max-image-preview:large, max-video-preview:-1\" \/>\n<link rel=\"canonical\" href=\"https:\/\/www.erresse-shop.it\/fr\/shop\/cuisine\/cafetieres\/bialetti-moka-brikka-exclusive-2-tasses-noir\/\" \/>\n<meta property=\"og:locale\" content=\"fr_FR\" \/>\n<meta property=\"og:type\" content=\"article\" \/>\n<meta property=\"og:title\" content=\"BIALETTI Moka Brikka Exclusive 2 tasses noir\" \/>\n<meta property=\"og:description\" content=\"D\u00e9couvrez BIALETTI Moka Brikka Exclusive 2 tasses noir sur ErresseShop. Qualit\u00e9, prix r\u00e9duits et achat s\u00e9curis\u00e9 \u2013 commandez d\u00e8s maintenant en ligne !\" \/>\n<meta property=\"og:url\" content=\"https:\/\/www.erresse-shop.it\/fr\/shop\/cuisine\/cafetieres\/bialetti-moka-brikka-exclusive-2-tasses-noir\/\" \/>\n<meta property=\"og:site_name\" content=\"Erresse Shop\" \/>\n<meta property=\"article:modified_time\" content=\"2025-01-14T14:15:03+00:00\" \/>\n<meta property=\"og:image\" content=\"https:\/\/www.erresse-shop.it\/wp-content\/uploads\/2024\/03\/BIALETTI-Moka-Brikka-Exclusive-2-Tazze-Nero.webp\" \/>\n\t<meta property=\"og:image:width\" content=\"1200\" \/>\n\t<meta property=\"og:image:height\" content=\"1200\" \/>\n\t<meta property=\"og:image:type\" content=\"image\/webp\" \/>\n<meta name=\"twitter:card\" content=\"summary_large_image\" \/>\n<script type=\"application\/ld+json\" class=\"yoast-schema-graph\">{\"@context\":\"https:\/\/schema.org\",\"@graph\":[{\"@type\":\"WebPage\",\"@id\":\"https:\/\/www.erresse-shop.it\/fr\/shop\/cuisine\/cafetieres\/bialetti-moka-brikka-exclusive-2-tasses-noir\/\",\"url\":\"https:\/\/www.erresse-shop.it\/fr\/shop\/cuisine\/cafetieres\/bialetti-moka-brikka-exclusive-2-tasses-noir\/\",\"name\":\"BIALETTI Moka Brikka Exclusive 2 tasses noir\",\"isPartOf\":{\"@id\":\"https:\/\/www.erresse-shop.it\/fr\/#website\"},\"datePublished\":\"2024-03-14T10:23:35+00:00\",\"dateModified\":\"2025-01-14T14:15:03+00:00\",\"description\":\"D\u00e9couvrez BIALETTI Moka Brikka Exclusive 2 tasses noir sur ErresseShop. Qualit\u00e9, prix r\u00e9duits et achat s\u00e9curis\u00e9 \u2013 commandez d\u00e8s maintenant en ligne !\",\"breadcrumb\":{\"@id\":\"https:\/\/www.erresse-shop.it\/fr\/shop\/cuisine\/cafetieres\/bialetti-moka-brikka-exclusive-2-tasses-noir\/#breadcrumb\"},\"inLanguage\":\"fr-FR\",\"potentialAction\":[{\"@type\":\"ReadAction\",\"target\":[\"https:\/\/www.erresse-shop.it\/fr\/shop\/cuisine\/cafetieres\/bialetti-moka-brikka-exclusive-2-tasses-noir\/\"]}]},{\"@type\":\"BreadcrumbList\",\"@id\":\"https:\/\/www.erresse-shop.it\/fr\/shop\/cuisine\/cafetieres\/bialetti-moka-brikka-exclusive-2-tasses-noir\/#breadcrumb\",\"itemListElement\":[{\"@type\":\"ListItem\",\"position\":1,\"name\":\"Home\",\"item\":\"https:\/\/www.erresse-shop.it\/fr\/\"},{\"@type\":\"ListItem\",\"position\":2,\"name\":\"Shop\",\"item\":\"https:\/\/www.erresse-shop.it\/fr\/shop\/\"},{\"@type\":\"ListItem\",\"position\":3,\"name\":\"BIALETTI Moka Brikka Exclusive 2 tasses noir\"}]},{\"@type\":\"WebSite\",\"@id\":\"https:\/\/www.erresse-shop.it\/fr\/#website\",\"url\":\"https:\/\/www.erresse-shop.it\/fr\/\",\"name\":\"Erresse Shop\",\"description\":\"Articoli di qualit\u00e0 per la casa\",\"potentialAction\":[{\"@type\":\"SearchAction\",\"target\":{\"@type\":\"EntryPoint\",\"urlTemplate\":\"https:\/\/www.erresse-shop.it\/fr\/?s={search_term_string}\"},\"query-input\":\"required name=search_term_string\"}],\"inLanguage\":\"fr-FR\"}]}<\/script>\n<!-- \/ Yoast SEO Premium plugin. -->","yoast_head_json":{"title":"BIALETTI Moka Brikka Exclusive 2 tasses noir","description":"D\u00e9couvrez BIALETTI Moka Brikka Exclusive 2 tasses noir sur ErresseShop. Qualit\u00e9, prix r\u00e9duits et achat s\u00e9curis\u00e9 \u2013 commandez d\u00e8s maintenant en ligne !","robots":{"index":"index","follow":"follow","max-snippet":"max-snippet:-1","max-image-preview":"max-image-preview:large","max-video-preview":"max-video-preview:-1"},"canonical":"https:\/\/www.erresse-shop.it\/fr\/shop\/cuisine\/cafetieres\/bialetti-moka-brikka-exclusive-2-tasses-noir\/","og_locale":"fr_FR","og_type":"article","og_title":"BIALETTI Moka Brikka Exclusive 2 tasses noir","og_description":"D\u00e9couvrez BIALETTI Moka Brikka Exclusive 2 tasses noir sur ErresseShop. Qualit\u00e9, prix r\u00e9duits et achat s\u00e9curis\u00e9 \u2013 commandez d\u00e8s maintenant en ligne !","og_url":"https:\/\/www.erresse-shop.it\/fr\/shop\/cuisine\/cafetieres\/bialetti-moka-brikka-exclusive-2-tasses-noir\/","og_site_name":"Erresse Shop","article_modified_time":"2025-01-14T14:15:03+00:00","og_image":[{"width":1200,"height":1200,"url":"https:\/\/www.erresse-shop.it\/wp-content\/uploads\/2024\/03\/BIALETTI-Moka-Brikka-Exclusive-2-Tazze-Nero.webp","type":"image\/webp"}],"twitter_card":"summary_large_image","schema":{"@context":"https:\/\/schema.org","@graph":[{"@type":"WebPage","@id":"https:\/\/www.erresse-shop.it\/fr\/shop\/cuisine\/cafetieres\/bialetti-moka-brikka-exclusive-2-tasses-noir\/","url":"https:\/\/www.erresse-shop.it\/fr\/shop\/cuisine\/cafetieres\/bialetti-moka-brikka-exclusive-2-tasses-noir\/","name":"BIALETTI Moka Brikka Exclusive 2 tasses noir","isPartOf":{"@id":"https:\/\/www.erresse-shop.it\/fr\/#website"},"datePublished":"2024-03-14T10:23:35+00:00","dateModified":"2025-01-14T14:15:03+00:00","description":"D\u00e9couvrez BIALETTI Moka Brikka Exclusive 2 tasses noir sur ErresseShop. Qualit\u00e9, prix r\u00e9duits et achat s\u00e9curis\u00e9 \u2013 commandez d\u00e8s maintenant en ligne !","breadcrumb":{"@id":"https:\/\/www.erresse-shop.it\/fr\/shop\/cuisine\/cafetieres\/bialetti-moka-brikka-exclusive-2-tasses-noir\/#breadcrumb"},"inLanguage":"fr-FR","potentialAction":[{"@type":"ReadAction","target":["https:\/\/www.erresse-shop.it\/fr\/shop\/cuisine\/cafetieres\/bialetti-moka-brikka-exclusive-2-tasses-noir\/"]}]},{"@type":"BreadcrumbList","@id":"https:\/\/www.erresse-shop.it\/fr\/shop\/cuisine\/cafetieres\/bialetti-moka-brikka-exclusive-2-tasses-noir\/#breadcrumb","itemListElement":[{"@type":"ListItem","position":1,"name":"Home","item":"https:\/\/www.erresse-shop.it\/fr\/"},{"@type":"ListItem","position":2,"name":"Shop","item":"https:\/\/www.erresse-shop.it\/fr\/shop\/"},{"@type":"ListItem","position":3,"name":"BIALETTI Moka Brikka Exclusive 2 tasses noir"}]},{"@type":"WebSite","@id":"https:\/\/www.erresse-shop.it\/fr\/#website","url":"https:\/\/www.erresse-shop.it\/fr\/","name":"Erresse Shop","description":"Articoli di qualit\u00e0 per la casa","potentialAction":[{"@type":"SearchAction","target":{"@type":"EntryPoint","urlTemplate":"https:\/\/www.erresse-shop.it\/fr\/?s={search_term_string}"},"query-input":"required name=search_term_string"}],"inLanguage":"fr-FR"}]}},"df_price":62.1,"df_sale_price":62.1,"df_regular_price":69,"df_image_link":"https:\/\/www.erresse-shop.it\/wp-content\/uploads\/2024\/03\/BIALETTI-Moka-Brikka-Exclusive-2-Tazze-Nero-300x300.jpg","_links":{"self":[{"href":"https:\/\/www.erresse-shop.it\/fr\/wp-json\/wp\/v2\/product\/396959"}],"collection":[{"href":"https:\/\/www.erresse-shop.it\/fr\/wp-json\/wp\/v2\/product"}],"about":[{"href":"https:\/\/www.erresse-shop.it\/fr\/wp-json\/wp\/v2\/types\/product"}],"wp:featuredmedia":[{"embeddable":true,"href":"https:\/\/www.erresse-shop.it\/fr\/wp-json\/wp\/v2\/media\/506776"}],"wp:attachment":[{"href":"https:\/\/www.erresse-shop.it\/fr\/wp-json\/wp\/v2\/media?parent=396959"}],"wp:term":[{"taxonomy":"product_cat","embeddable":true,"href":"https:\/\/www.erresse-shop.it\/fr\/wp-json\/wp\/v2\/product_cat?post=396959"},{"taxonomy":"product_tag","embeddable":true,"href":"https:\/\/www.erresse-shop.it\/fr\/wp-json\/wp\/v2\/product_tag?post=396959"}],"curies":[{"name":"wp","href":"https:\/\/api.w.org\/{rel}","templated":true}]}}