{"id":396704,"date":"2024-03-14T08:00:37","date_gmt":"2024-03-14T08:00:41","guid":{"rendered":"https:\/\/www.erresse-shop.it\/?post_type=product&#038;p=396704"},"modified":"2025-01-14T14:15:08","modified_gmt":"2025-01-14T14:15:08","slug":"bialetti-moka-exclusive-3-coupes-en-rouge","status":"publish","type":"product","link":"https:\/\/www.erresse-shop.it\/fr\/shop\/cuisine\/cafetieres\/bialetti-moka-exclusive-3-coupes-en-rouge\/","title":{"rendered":"BIALETTI Moka Exclusive 3 Coupes en Rouge"},"content":{"rendered":"<p>Moka Exclusive a \u00e9t\u00e9 cr\u00e9\u00e9e en \u00e9tudiant soigneusement chaque d\u00e9tail. Des finitions qui rappellent le style vintage pour une nouvelle ic\u00f4ne du Made in Italy. Couleurs super brillantes, joint en silicone et rev\u00eatement protecteur \u00e0 l&#8217;int\u00e9rieur de la chaudi\u00e8re. Le bouton en forme de diamant et la forme de la poign\u00e9e rappellent, avec modernit\u00e9 et \u00e9l\u00e9gance, le Moka des ann\u00e9es 1960.<br \/>\n1. Commencer par verser de l&#8217;eau \u00e0 temp\u00e9rature ambiante dans la chaudi\u00e8re de la cafeti\u00e8re et la remplir jusqu&#8217;au niveau de la soupape de s\u00e9curit\u00e9. Ne pas d\u00e9passer ce niveau pour \u00e9viter d&#8217;obtenir un caf\u00e9 trop aqueux.<br \/>\n2. Choisissez maintenant votre m\u00e9lange de caf\u00e9 moulu pr\u00e9f\u00e9r\u00e9. Attention ! Le m\u00e9lange doit \u00eatre moulu sp\u00e9cifiquement pour le Moka, pas trop fin. Remplissez g\u00e9n\u00e9reusement l&#8217;entonnoir de la machine \u00e0 caf\u00e9, sans appuyer sur le caf\u00e9.<br \/>\n3. Un petit secret ? R\u00e9glez le feu au minimum et prenez votre temps ; cela vaut la peine d&#8217;attendre quelques minutes de plus pour d\u00e9guster un excellent caf\u00e9. Lorsque le caf\u00e9 est compl\u00e8tement mont\u00e9 dans le bac d&#8217;\u00e9gouttage, \u00e9teignez le feu.<br \/>\n4. Le moment crucial : la d\u00e9gustation. Pour savourer au mieux tous les ar\u00f4mes lib\u00e9r\u00e9s, il est recommand\u00e9 de boire le caf\u00e9 d\u00e8s qu&#8217;il est vers\u00e9 dans la tasse.<br \/>\nMat\u00e9riau du corps : aluminium<br \/>\nMat\u00e9riau de la poign\u00e9e : thermoplastique<br \/>\nMat\u00e9riau du bouton : thermoplastique<br \/>\nSoupape de s\u00e9curit\u00e9 facile \u00e0 nettoyer<br \/>\nConvient pour une utilisation sur des plaques \u00e0 induction avec la plaque \u00e0 induction Bialetti.<br \/>\nNe passe pas au lave-vaisselle<\/p>\n","protected":false},"excerpt":{"rendered":"<p>Moka Exclusive a \u00e9t\u00e9 cr\u00e9\u00e9e en \u00e9tudiant soigneusement chaque d\u00e9tail. Des finitions qui rappellent le style vintage pour une nouvelle<\/p>\n","protected":false},"featured_media":396714,"template":"","meta":{"_acf_changed":false,"inline_featured_image":false},"product_cat":[12753,12748],"product_tag":[24592,12830,23563,24591,13441,12856,12833],"acf":[],"yoast_head":"<!-- This site is optimized with the Yoast SEO Premium plugin v18.6 (Yoast SEO v19.13) - https:\/\/yoast.com\/wordpress\/plugins\/seo\/ -->\n<title>BIALETTI Moka Exclusive 3 Coupes en Rouge<\/title>\n<meta name=\"description\" content=\"D\u00e9couvrez BIALETTI Moka Exclusive 3 Coupes en Rouge sur ErresseShop. Qualit\u00e9, prix r\u00e9duits et achat s\u00e9curis\u00e9 \u2013 commandez d\u00e8s maintenant en ligne !\" \/>\n<meta name=\"robots\" content=\"index, follow, max-snippet:-1, max-image-preview:large, max-video-preview:-1\" \/>\n<link rel=\"canonical\" href=\"https:\/\/www.erresse-shop.it\/fr\/shop\/cuisine\/cafetieres\/bialetti-moka-exclusive-3-coupes-en-rouge\/\" \/>\n<meta property=\"og:locale\" content=\"fr_FR\" \/>\n<meta property=\"og:type\" content=\"article\" \/>\n<meta property=\"og:title\" content=\"BIALETTI Moka Exclusive 3 Coupes en Rouge\" \/>\n<meta property=\"og:description\" content=\"D\u00e9couvrez BIALETTI Moka Exclusive 3 Coupes en Rouge sur ErresseShop. Qualit\u00e9, prix r\u00e9duits et achat s\u00e9curis\u00e9 \u2013 commandez d\u00e8s maintenant en ligne !\" \/>\n<meta property=\"og:url\" content=\"https:\/\/www.erresse-shop.it\/fr\/shop\/cuisine\/cafetieres\/bialetti-moka-exclusive-3-coupes-en-rouge\/\" \/>\n<meta property=\"og:site_name\" content=\"Erresse Shop\" \/>\n<meta property=\"article:modified_time\" content=\"2025-01-14T14:15:08+00:00\" \/>\n<meta property=\"og:image\" content=\"https:\/\/www.erresse-shop.it\/wp-content\/uploads\/2024\/03\/bialetti-moka-exclusive-rosso-3-6-tz.jpg\" \/>\n\t<meta property=\"og:image:width\" content=\"800\" \/>\n\t<meta property=\"og:image:height\" content=\"800\" \/>\n\t<meta property=\"og:image:type\" content=\"image\/jpeg\" \/>\n<meta name=\"twitter:card\" content=\"summary_large_image\" \/>\n<script type=\"application\/ld+json\" class=\"yoast-schema-graph\">{\"@context\":\"https:\/\/schema.org\",\"@graph\":[{\"@type\":\"WebPage\",\"@id\":\"https:\/\/www.erresse-shop.it\/fr\/shop\/cuisine\/cafetieres\/bialetti-moka-exclusive-3-coupes-en-rouge\/\",\"url\":\"https:\/\/www.erresse-shop.it\/fr\/shop\/cuisine\/cafetieres\/bialetti-moka-exclusive-3-coupes-en-rouge\/\",\"name\":\"BIALETTI Moka Exclusive 3 Coupes en Rouge\",\"isPartOf\":{\"@id\":\"https:\/\/www.erresse-shop.it\/fr\/#website\"},\"datePublished\":\"2024-03-14T08:00:41+00:00\",\"dateModified\":\"2025-01-14T14:15:08+00:00\",\"description\":\"D\u00e9couvrez BIALETTI Moka Exclusive 3 Coupes en Rouge sur ErresseShop. Qualit\u00e9, prix r\u00e9duits et achat s\u00e9curis\u00e9 \u2013 commandez d\u00e8s maintenant en ligne !\",\"breadcrumb\":{\"@id\":\"https:\/\/www.erresse-shop.it\/fr\/shop\/cuisine\/cafetieres\/bialetti-moka-exclusive-3-coupes-en-rouge\/#breadcrumb\"},\"inLanguage\":\"fr-FR\",\"potentialAction\":[{\"@type\":\"ReadAction\",\"target\":[\"https:\/\/www.erresse-shop.it\/fr\/shop\/cuisine\/cafetieres\/bialetti-moka-exclusive-3-coupes-en-rouge\/\"]}]},{\"@type\":\"BreadcrumbList\",\"@id\":\"https:\/\/www.erresse-shop.it\/fr\/shop\/cuisine\/cafetieres\/bialetti-moka-exclusive-3-coupes-en-rouge\/#breadcrumb\",\"itemListElement\":[{\"@type\":\"ListItem\",\"position\":1,\"name\":\"Home\",\"item\":\"https:\/\/www.erresse-shop.it\/fr\/\"},{\"@type\":\"ListItem\",\"position\":2,\"name\":\"Shop\",\"item\":\"https:\/\/www.erresse-shop.it\/fr\/shop\/\"},{\"@type\":\"ListItem\",\"position\":3,\"name\":\"BIALETTI Moka Exclusive 3 Coupes en Rouge\"}]},{\"@type\":\"WebSite\",\"@id\":\"https:\/\/www.erresse-shop.it\/fr\/#website\",\"url\":\"https:\/\/www.erresse-shop.it\/fr\/\",\"name\":\"Erresse Shop\",\"description\":\"Articoli di qualit\u00e0 per la casa\",\"potentialAction\":[{\"@type\":\"SearchAction\",\"target\":{\"@type\":\"EntryPoint\",\"urlTemplate\":\"https:\/\/www.erresse-shop.it\/fr\/?s={search_term_string}\"},\"query-input\":\"required name=search_term_string\"}],\"inLanguage\":\"fr-FR\"}]}<\/script>\n<!-- \/ Yoast SEO Premium plugin. -->","yoast_head_json":{"title":"BIALETTI Moka Exclusive 3 Coupes en Rouge","description":"D\u00e9couvrez BIALETTI Moka Exclusive 3 Coupes en Rouge sur ErresseShop. Qualit\u00e9, prix r\u00e9duits et achat s\u00e9curis\u00e9 \u2013 commandez d\u00e8s maintenant en ligne !","robots":{"index":"index","follow":"follow","max-snippet":"max-snippet:-1","max-image-preview":"max-image-preview:large","max-video-preview":"max-video-preview:-1"},"canonical":"https:\/\/www.erresse-shop.it\/fr\/shop\/cuisine\/cafetieres\/bialetti-moka-exclusive-3-coupes-en-rouge\/","og_locale":"fr_FR","og_type":"article","og_title":"BIALETTI Moka Exclusive 3 Coupes en Rouge","og_description":"D\u00e9couvrez BIALETTI Moka Exclusive 3 Coupes en Rouge sur ErresseShop. Qualit\u00e9, prix r\u00e9duits et achat s\u00e9curis\u00e9 \u2013 commandez d\u00e8s maintenant en ligne !","og_url":"https:\/\/www.erresse-shop.it\/fr\/shop\/cuisine\/cafetieres\/bialetti-moka-exclusive-3-coupes-en-rouge\/","og_site_name":"Erresse Shop","article_modified_time":"2025-01-14T14:15:08+00:00","og_image":[{"width":800,"height":800,"url":"https:\/\/www.erresse-shop.it\/wp-content\/uploads\/2024\/03\/bialetti-moka-exclusive-rosso-3-6-tz.jpg","type":"image\/jpeg"}],"twitter_card":"summary_large_image","schema":{"@context":"https:\/\/schema.org","@graph":[{"@type":"WebPage","@id":"https:\/\/www.erresse-shop.it\/fr\/shop\/cuisine\/cafetieres\/bialetti-moka-exclusive-3-coupes-en-rouge\/","url":"https:\/\/www.erresse-shop.it\/fr\/shop\/cuisine\/cafetieres\/bialetti-moka-exclusive-3-coupes-en-rouge\/","name":"BIALETTI Moka Exclusive 3 Coupes en Rouge","isPartOf":{"@id":"https:\/\/www.erresse-shop.it\/fr\/#website"},"datePublished":"2024-03-14T08:00:41+00:00","dateModified":"2025-01-14T14:15:08+00:00","description":"D\u00e9couvrez BIALETTI Moka Exclusive 3 Coupes en Rouge sur ErresseShop. Qualit\u00e9, prix r\u00e9duits et achat s\u00e9curis\u00e9 \u2013 commandez d\u00e8s maintenant en ligne !","breadcrumb":{"@id":"https:\/\/www.erresse-shop.it\/fr\/shop\/cuisine\/cafetieres\/bialetti-moka-exclusive-3-coupes-en-rouge\/#breadcrumb"},"inLanguage":"fr-FR","potentialAction":[{"@type":"ReadAction","target":["https:\/\/www.erresse-shop.it\/fr\/shop\/cuisine\/cafetieres\/bialetti-moka-exclusive-3-coupes-en-rouge\/"]}]},{"@type":"BreadcrumbList","@id":"https:\/\/www.erresse-shop.it\/fr\/shop\/cuisine\/cafetieres\/bialetti-moka-exclusive-3-coupes-en-rouge\/#breadcrumb","itemListElement":[{"@type":"ListItem","position":1,"name":"Home","item":"https:\/\/www.erresse-shop.it\/fr\/"},{"@type":"ListItem","position":2,"name":"Shop","item":"https:\/\/www.erresse-shop.it\/fr\/shop\/"},{"@type":"ListItem","position":3,"name":"BIALETTI Moka Exclusive 3 Coupes en Rouge"}]},{"@type":"WebSite","@id":"https:\/\/www.erresse-shop.it\/fr\/#website","url":"https:\/\/www.erresse-shop.it\/fr\/","name":"Erresse Shop","description":"Articoli di qualit\u00e0 per la casa","potentialAction":[{"@type":"SearchAction","target":{"@type":"EntryPoint","urlTemplate":"https:\/\/www.erresse-shop.it\/fr\/?s={search_term_string}"},"query-input":"required name=search_term_string"}],"inLanguage":"fr-FR"}]}},"df_price":40.5,"df_sale_price":40.5,"df_regular_price":45,"df_image_link":"https:\/\/www.erresse-shop.it\/wp-content\/uploads\/2024\/03\/bialetti-moka-exclusive-rosso-3-6-tz-300x300.jpg","_links":{"self":[{"href":"https:\/\/www.erresse-shop.it\/fr\/wp-json\/wp\/v2\/product\/396704"}],"collection":[{"href":"https:\/\/www.erresse-shop.it\/fr\/wp-json\/wp\/v2\/product"}],"about":[{"href":"https:\/\/www.erresse-shop.it\/fr\/wp-json\/wp\/v2\/types\/product"}],"wp:featuredmedia":[{"embeddable":true,"href":"https:\/\/www.erresse-shop.it\/fr\/wp-json\/wp\/v2\/media\/396714"}],"wp:attachment":[{"href":"https:\/\/www.erresse-shop.it\/fr\/wp-json\/wp\/v2\/media?parent=396704"}],"wp:term":[{"taxonomy":"product_cat","embeddable":true,"href":"https:\/\/www.erresse-shop.it\/fr\/wp-json\/wp\/v2\/product_cat?post=396704"},{"taxonomy":"product_tag","embeddable":true,"href":"https:\/\/www.erresse-shop.it\/fr\/wp-json\/wp\/v2\/product_tag?post=396704"}],"curies":[{"name":"wp","href":"https:\/\/api.w.org\/{rel}","templated":true}]}}