{"id":396591,"date":"2024-03-13T10:30:29","date_gmt":"2024-03-13T10:30:33","guid":{"rendered":"https:\/\/www.erresse-shop.it\/?post_type=product&#038;p=396591"},"modified":"2025-01-14T14:15:03","modified_gmt":"2025-01-14T14:15:03","slug":"bialetti-bocal-avec-moka-parfait-irresistible-dolce-et-gabbana","status":"publish","type":"product","link":"https:\/\/www.erresse-shop.it\/fr\/shop\/cafe\/grains-de-cafe\/bialetti-bocal-avec-moka-parfait-irresistible-dolce-et-gabbana\/","title":{"rendered":"BIALETTI Bocal avec Moka parfait Irresistible Dolce et Gabbana"},"content":{"rendered":"<p><b><strong>Caf\u00e9 moulu &#8211; Perfetto Moka Irresistibile<\/strong><\/b><\/p>\n<p>Le caf\u00e9 Perfetto Moka Irresistibile est le r\u00e9sultat de la rencontre entre l&#8217;art savant des ma\u00eetres torr\u00e9facteurs de Bialetti et le flair cr\u00e9atif de Dolce&amp;Gabbana.<\/p>\n<p>Le m\u00e9lange pr\u00e9cieux de 80% d&#8217;Arabica et 20% de Robusta fait du Perfetto Moka Irresistibile un caf\u00e9 au go\u00fbt rond et d\u00e9licat, dans lequel l&#8217;ample bouquet de notes florales et fruit\u00e9es se m\u00eale aux notes app\u00e9tissantes de noisette et de cacao, dans une fusion sophistiqu\u00e9e d&#8217;ar\u00f4mes typiques de la tradition italienne.<\/p>\n<p>Pr\u00e9sent\u00e9 dans une bo\u00eete exclusive, embellie par la cr\u00e9ativit\u00e9 de Dolce&amp;Gabbana inspir\u00e9e des motifs du Carretto sicilien, Perfetto Moka Irresistibile est un caf\u00e9 qui conquiert aussi bien l&#8217;\u0153il que le palais.<\/p>\n<p><b><strong>Intensit\u00e9 : 8<\/strong><\/b><\/p>\n<p>A conserver dans un endroit frais et sec, \u00e0 l&#8217;abri des sources de chaleur et d&#8217;humidit\u00e9.<\/p>\n<p><b><strong>Ingr\u00e9dients<\/strong><\/b><\/p>\n<p>Caf\u00e9 torr\u00e9fi\u00e9 et moulu.<\/p>\n<p>80% Arabica, 20% Robusta.<\/p>\n<p>Intensit\u00e9 : 8<\/p>\n<p><b><strong>Mat\u00e9riaux<\/strong><\/b><\/p>\n<p>Sachet de 200 g avec<\/p>\n<p>valve de protection de l&#8217;ar\u00f4me : C\/LDPE 90<\/p>\n<p>Emballage : bo\u00eete de conserve<\/p>\n","protected":false},"excerpt":{"rendered":"<p>Caf\u00e9 moulu &#8211; Perfetto Moka Irresistibile Le caf\u00e9 Perfetto Moka Irresistibile est le r\u00e9sultat de la rencontre entre l&#8217;art savant<\/p>\n","protected":false},"featured_media":467446,"template":"","meta":{"_acf_changed":false,"inline_featured_image":false},"product_cat":[25350,25396],"product_tag":[24592,12830,23563,24591,13441,12856,12833],"acf":[],"yoast_head":"<!-- This site is optimized with the Yoast SEO Premium plugin v18.6 (Yoast SEO v19.13) - https:\/\/yoast.com\/wordpress\/plugins\/seo\/ -->\n<title>BIALETTI Bocal avec Moka parfait Irresistible Dolce et Gabbana<\/title>\n<meta name=\"description\" content=\"D\u00e9couvrez BIALETTI Bocal avec Moka parfait Irresistible Dolce et Gabbana sur ErresseShop. Qualit\u00e9, prix r\u00e9duits et achat s\u00e9curis\u00e9 \u2013 commandez d\u00e8s maintenant en ligne !\" \/>\n<meta name=\"robots\" content=\"index, follow, max-snippet:-1, max-image-preview:large, max-video-preview:-1\" \/>\n<link rel=\"canonical\" href=\"https:\/\/www.erresse-shop.it\/fr\/shop\/cafe\/grains-de-cafe\/bialetti-bocal-avec-moka-parfait-irresistible-dolce-et-gabbana\/\" \/>\n<meta property=\"og:locale\" content=\"fr_FR\" \/>\n<meta property=\"og:type\" content=\"article\" \/>\n<meta property=\"og:title\" content=\"BIALETTI Bocal avec Moka parfait Irresistible Dolce et Gabbana\" \/>\n<meta property=\"og:description\" content=\"D\u00e9couvrez BIALETTI Bocal avec Moka parfait Irresistible Dolce et Gabbana sur ErresseShop. Qualit\u00e9, prix r\u00e9duits et achat s\u00e9curis\u00e9 \u2013 commandez d\u00e8s maintenant en ligne !\" \/>\n<meta property=\"og:url\" content=\"https:\/\/www.erresse-shop.it\/fr\/shop\/cafe\/grains-de-cafe\/bialetti-bocal-avec-moka-parfait-irresistible-dolce-et-gabbana\/\" \/>\n<meta property=\"og:site_name\" content=\"Erresse Shop\" \/>\n<meta property=\"article:modified_time\" content=\"2025-01-14T14:15:03+00:00\" \/>\n<meta property=\"og:image\" content=\"https:\/\/www.erresse-shop.it\/wp-content\/uploads\/2024\/03\/bialetti-caFFe-MACINATO-IRRESISTIBILE-1.jpg\" \/>\n\t<meta property=\"og:image:width\" content=\"800\" \/>\n\t<meta property=\"og:image:height\" content=\"800\" \/>\n\t<meta property=\"og:image:type\" content=\"image\/jpeg\" \/>\n<meta name=\"twitter:card\" content=\"summary_large_image\" \/>\n<script type=\"application\/ld+json\" class=\"yoast-schema-graph\">{\"@context\":\"https:\/\/schema.org\",\"@graph\":[{\"@type\":\"WebPage\",\"@id\":\"https:\/\/www.erresse-shop.it\/fr\/shop\/cafe\/grains-de-cafe\/bialetti-bocal-avec-moka-parfait-irresistible-dolce-et-gabbana\/\",\"url\":\"https:\/\/www.erresse-shop.it\/fr\/shop\/cafe\/grains-de-cafe\/bialetti-bocal-avec-moka-parfait-irresistible-dolce-et-gabbana\/\",\"name\":\"BIALETTI Bocal avec Moka parfait Irresistible Dolce et Gabbana\",\"isPartOf\":{\"@id\":\"https:\/\/www.erresse-shop.it\/fr\/#website\"},\"datePublished\":\"2024-03-13T10:30:33+00:00\",\"dateModified\":\"2025-01-14T14:15:03+00:00\",\"description\":\"D\u00e9couvrez BIALETTI Bocal avec Moka parfait Irresistible Dolce et Gabbana sur ErresseShop. Qualit\u00e9, prix r\u00e9duits et achat s\u00e9curis\u00e9 \u2013 commandez d\u00e8s maintenant en ligne !\",\"breadcrumb\":{\"@id\":\"https:\/\/www.erresse-shop.it\/fr\/shop\/cafe\/grains-de-cafe\/bialetti-bocal-avec-moka-parfait-irresistible-dolce-et-gabbana\/#breadcrumb\"},\"inLanguage\":\"fr-FR\",\"potentialAction\":[{\"@type\":\"ReadAction\",\"target\":[\"https:\/\/www.erresse-shop.it\/fr\/shop\/cafe\/grains-de-cafe\/bialetti-bocal-avec-moka-parfait-irresistible-dolce-et-gabbana\/\"]}]},{\"@type\":\"BreadcrumbList\",\"@id\":\"https:\/\/www.erresse-shop.it\/fr\/shop\/cafe\/grains-de-cafe\/bialetti-bocal-avec-moka-parfait-irresistible-dolce-et-gabbana\/#breadcrumb\",\"itemListElement\":[{\"@type\":\"ListItem\",\"position\":1,\"name\":\"Home\",\"item\":\"https:\/\/www.erresse-shop.it\/fr\/\"},{\"@type\":\"ListItem\",\"position\":2,\"name\":\"Shop\",\"item\":\"https:\/\/www.erresse-shop.it\/fr\/shop\/\"},{\"@type\":\"ListItem\",\"position\":3,\"name\":\"BIALETTI Bocal avec Moka parfait Irresistible Dolce et Gabbana\"}]},{\"@type\":\"WebSite\",\"@id\":\"https:\/\/www.erresse-shop.it\/fr\/#website\",\"url\":\"https:\/\/www.erresse-shop.it\/fr\/\",\"name\":\"Erresse Shop\",\"description\":\"Articoli di qualit\u00e0 per la casa\",\"potentialAction\":[{\"@type\":\"SearchAction\",\"target\":{\"@type\":\"EntryPoint\",\"urlTemplate\":\"https:\/\/www.erresse-shop.it\/fr\/?s={search_term_string}\"},\"query-input\":\"required name=search_term_string\"}],\"inLanguage\":\"fr-FR\"}]}<\/script>\n<!-- \/ Yoast SEO Premium plugin. -->","yoast_head_json":{"title":"BIALETTI Bocal avec Moka parfait Irresistible Dolce et Gabbana","description":"D\u00e9couvrez BIALETTI Bocal avec Moka parfait Irresistible Dolce et Gabbana sur ErresseShop. Qualit\u00e9, prix r\u00e9duits et achat s\u00e9curis\u00e9 \u2013 commandez d\u00e8s maintenant en ligne !","robots":{"index":"index","follow":"follow","max-snippet":"max-snippet:-1","max-image-preview":"max-image-preview:large","max-video-preview":"max-video-preview:-1"},"canonical":"https:\/\/www.erresse-shop.it\/fr\/shop\/cafe\/grains-de-cafe\/bialetti-bocal-avec-moka-parfait-irresistible-dolce-et-gabbana\/","og_locale":"fr_FR","og_type":"article","og_title":"BIALETTI Bocal avec Moka parfait Irresistible Dolce et Gabbana","og_description":"D\u00e9couvrez BIALETTI Bocal avec Moka parfait Irresistible Dolce et Gabbana sur ErresseShop. Qualit\u00e9, prix r\u00e9duits et achat s\u00e9curis\u00e9 \u2013 commandez d\u00e8s maintenant en ligne !","og_url":"https:\/\/www.erresse-shop.it\/fr\/shop\/cafe\/grains-de-cafe\/bialetti-bocal-avec-moka-parfait-irresistible-dolce-et-gabbana\/","og_site_name":"Erresse Shop","article_modified_time":"2025-01-14T14:15:03+00:00","og_image":[{"width":800,"height":800,"url":"https:\/\/www.erresse-shop.it\/wp-content\/uploads\/2024\/03\/bialetti-caFFe-MACINATO-IRRESISTIBILE-1.jpg","type":"image\/jpeg"}],"twitter_card":"summary_large_image","schema":{"@context":"https:\/\/schema.org","@graph":[{"@type":"WebPage","@id":"https:\/\/www.erresse-shop.it\/fr\/shop\/cafe\/grains-de-cafe\/bialetti-bocal-avec-moka-parfait-irresistible-dolce-et-gabbana\/","url":"https:\/\/www.erresse-shop.it\/fr\/shop\/cafe\/grains-de-cafe\/bialetti-bocal-avec-moka-parfait-irresistible-dolce-et-gabbana\/","name":"BIALETTI Bocal avec Moka parfait Irresistible Dolce et Gabbana","isPartOf":{"@id":"https:\/\/www.erresse-shop.it\/fr\/#website"},"datePublished":"2024-03-13T10:30:33+00:00","dateModified":"2025-01-14T14:15:03+00:00","description":"D\u00e9couvrez BIALETTI Bocal avec Moka parfait Irresistible Dolce et Gabbana sur ErresseShop. Qualit\u00e9, prix r\u00e9duits et achat s\u00e9curis\u00e9 \u2013 commandez d\u00e8s maintenant en ligne !","breadcrumb":{"@id":"https:\/\/www.erresse-shop.it\/fr\/shop\/cafe\/grains-de-cafe\/bialetti-bocal-avec-moka-parfait-irresistible-dolce-et-gabbana\/#breadcrumb"},"inLanguage":"fr-FR","potentialAction":[{"@type":"ReadAction","target":["https:\/\/www.erresse-shop.it\/fr\/shop\/cafe\/grains-de-cafe\/bialetti-bocal-avec-moka-parfait-irresistible-dolce-et-gabbana\/"]}]},{"@type":"BreadcrumbList","@id":"https:\/\/www.erresse-shop.it\/fr\/shop\/cafe\/grains-de-cafe\/bialetti-bocal-avec-moka-parfait-irresistible-dolce-et-gabbana\/#breadcrumb","itemListElement":[{"@type":"ListItem","position":1,"name":"Home","item":"https:\/\/www.erresse-shop.it\/fr\/"},{"@type":"ListItem","position":2,"name":"Shop","item":"https:\/\/www.erresse-shop.it\/fr\/shop\/"},{"@type":"ListItem","position":3,"name":"BIALETTI Bocal avec Moka parfait Irresistible Dolce et Gabbana"}]},{"@type":"WebSite","@id":"https:\/\/www.erresse-shop.it\/fr\/#website","url":"https:\/\/www.erresse-shop.it\/fr\/","name":"Erresse Shop","description":"Articoli di qualit\u00e0 per la casa","potentialAction":[{"@type":"SearchAction","target":{"@type":"EntryPoint","urlTemplate":"https:\/\/www.erresse-shop.it\/fr\/?s={search_term_string}"},"query-input":"required name=search_term_string"}],"inLanguage":"fr-FR"}]}},"df_price":13.5,"df_sale_price":13.5,"df_regular_price":15,"df_image_link":"https:\/\/www.erresse-shop.it\/wp-content\/uploads\/2024\/03\/BIALETTI-Barattolo-Con-Perfetto-Moka-Irresistibile-Dolce-e-Gabbana-300x300.jpg","_links":{"self":[{"href":"https:\/\/www.erresse-shop.it\/fr\/wp-json\/wp\/v2\/product\/396591"}],"collection":[{"href":"https:\/\/www.erresse-shop.it\/fr\/wp-json\/wp\/v2\/product"}],"about":[{"href":"https:\/\/www.erresse-shop.it\/fr\/wp-json\/wp\/v2\/types\/product"}],"wp:featuredmedia":[{"embeddable":true,"href":"https:\/\/www.erresse-shop.it\/fr\/wp-json\/wp\/v2\/media\/467446"}],"wp:attachment":[{"href":"https:\/\/www.erresse-shop.it\/fr\/wp-json\/wp\/v2\/media?parent=396591"}],"wp:term":[{"taxonomy":"product_cat","embeddable":true,"href":"https:\/\/www.erresse-shop.it\/fr\/wp-json\/wp\/v2\/product_cat?post=396591"},{"taxonomy":"product_tag","embeddable":true,"href":"https:\/\/www.erresse-shop.it\/fr\/wp-json\/wp\/v2\/product_tag?post=396591"}],"curies":[{"name":"wp","href":"https:\/\/api.w.org\/{rel}","templated":true}]}}