{"id":396531,"date":"2024-03-13T10:18:51","date_gmt":"2024-03-13T10:18:55","guid":{"rendered":"https:\/\/www.erresse-shop.it\/?post_type=product&#038;p=396531"},"modified":"2025-01-14T17:30:04","modified_gmt":"2025-01-14T17:30:04","slug":"bialetti-set-moka-express-3-tasses-dolce-gabbana","status":"publish","type":"product","link":"https:\/\/www.erresse-shop.it\/fr\/shop\/cuisine\/cafetieres\/bialetti-set-moka-express-3-tasses-dolce-gabbana\/","title":{"rendered":"BIALETTI Set Moka Express 3 Tasses Dolce &#038; Gabbana"},"content":{"rendered":"<p><b><strong>Coffret Moka Express Chariot sicilien 3 tasses et Caf\u00e9 moulu parfait Moka Irr\u00e9sistible<\/strong><\/b><\/p>\n<p>Deux ic\u00f4nes de la tradition du Made in Italy s&#8217;unissent pour c\u00e9l\u00e9brer la beaut\u00e9 du rituel du caf\u00e9 italien. C&#8217;est ainsi qu&#8217;est n\u00e9 le pr\u00e9cieux paquet Bialetti Dolce&amp;Gabbana, qui associe parfaitement le chariot sicilien Moka Express 3 tasses et le caf\u00e9 moulu Perfetto Moka Irresistible.<\/p>\n<p>Le caf\u00e9 moulu Perfetto Moka Irresistibile, avec son profil aromatique rond et d\u00e9licat, offre une symphonie de notes florales et fruit\u00e9es qui s&#8217;harmonisent parfaitement avec la richesse incomparable de la noisette et du cacao. Le moka lui-m\u00eame, une \u0153uvre d&#8217;art fi\u00e8rement expos\u00e9e dans la collection permanente du MoMA de New York, rend hommage au savoir-faire, aux paysages et aux couleurs uniques de la Sicile.<\/p>\n<p>Ce coffret Bialetti Dolce&amp;Gabbana est un v\u00e9ritable chef-d&#8217;\u0153uvre en termes de style et de go\u00fbt, ce qui en fait un cadeau id\u00e9al.<\/p>\n<p>Comment pr\u00e9parer le caf\u00e9 :<\/p>\n<p>1. Versez de l&#8217;eau \u00e0 temp\u00e9rature ambiante dans la cafeti\u00e8re moka et remplissez-la jusqu&#8217;au niveau de la soupape de s\u00e9curit\u00e9. Ne d\u00e9passez pas ce niveau, sinon le caf\u00e9 risque d&#8217;\u00eatre trop aqueux.<\/p>\n<p>2. Choisissez maintenant votre m\u00e9lange de caf\u00e9 moulu pr\u00e9f\u00e9r\u00e9. Attention ! Le m\u00e9lange doit \u00eatre moulu sp\u00e9cifiquement pour le moka, pas trop fin. Remplissez compl\u00e8tement l&#8217;entonnoir sans appuyer sur le caf\u00e9.<\/p>\n<p>3. Un petit secret ? R\u00e9glez le feu au minimum et prenez votre temps. Cela vaut la peine d&#8217;attendre quelques minutes de plus pour d\u00e9guster une excellente tasse de caf\u00e9. Lorsque le caf\u00e9 a compl\u00e8tement mont\u00e9 dans le collecteur, \u00e9teignez le feu.<\/p>\n<p>4. Le moment crucial : la d\u00e9gustation. Pour savourer au mieux tous les ar\u00f4mes lib\u00e9r\u00e9s, il est conseill\u00e9 de boire le caf\u00e9 d\u00e8s qu&#8217;il est vers\u00e9 dans la tasse.<\/p>\n<p>Dimensions de la bo\u00eete : 33 cm x 26 cm x 17 cm<\/p>\n<p>Dimensions de la bo\u00eete en pouces : 12,9&#8243; x 10,2&#8243; x 6,6&#8243;.<\/p>\n<p>Poids : 200 grammes<\/p>\n<p>Capacit\u00e9 de la chaudi\u00e8re : 130 ML &#8211; 4.4 OZ, \u00e9quivalent \u00e0 3 tasses de caf\u00e9 infus\u00e9<\/p>\n<p><b><strong>Fabriqu\u00e9 en Italie<\/strong><\/b><\/p>\n<p><b><strong>MOKA IRR\u00c9SISTIBLE CAF\u00c9 MOULU PARFAIT<\/strong><\/b><\/p>\n<p>Niveau d&#8217;intensit\u00e9 : 8<\/p>\n<p>Caf\u00e9 torr\u00e9fi\u00e9 et moulu<\/p>\n<p>80% Arabica &#8211; 20% Robusta<\/p>\n<p>Enveloppe : C\/LDPE 90<\/p>\n<p>Emballage : Bo\u00eete de conserve<\/p>\n<p>A conserver dans un endroit frais et sec<\/p>\n<p><b><strong>MOKA EXPRESS SICILIAN TROLLEY<\/strong><\/b><\/p>\n<p>Mat\u00e9riau du corps : Aluminium<\/p>\n<p>Mat\u00e9riau de la poign\u00e9e et du bouton : Thermoplastique<\/p>\n<p>Soupape de s\u00e9curit\u00e9 facile \u00e0 nettoyer<\/p>\n<p>Convient aux plaques de cuisson \u00e0 gaz, \u00e9lectriques et vitroc\u00e9ramiques.<\/p>\n<p>Convient uniquement aux tables de cuisson \u00e0 induction et exclusivement lorsqu&#8217;il est utilis\u00e9 avec une table de cuisson \u00e0 induction Bialetti.<\/p>\n<p>Chaque Moka Express Bialetti Dolce&amp;Gabbana est caract\u00e9ris\u00e9e par des traits distinctifs li\u00e9s aux variations dans la position des motifs d\u00e9coratifs sur le couvercle.<\/p>\n<p>Apr\u00e8s chaque utilisation, rincer \u00e0 l&#8217;eau ti\u00e8de sans utiliser de d\u00e9tergents ni de produits abrasifs.<\/p>\n<p>Non compatible avec les plaques \u00e0 induction.<\/p>\n","protected":false},"excerpt":{"rendered":"<p>Coffret Moka Express Chariot sicilien 3 tasses et Caf\u00e9 moulu parfait Moka Irr\u00e9sistible Deux ic\u00f4nes de la tradition du Made<\/p>\n","protected":false},"featured_media":461874,"template":"","meta":{"_acf_changed":false,"inline_featured_image":false},"product_cat":[12753,12748],"product_tag":[24592,12830,23563,24591,13441,12856,12833],"acf":[],"yoast_head":"<!-- This site is optimized with the Yoast SEO Premium plugin v18.6 (Yoast SEO v19.13) - https:\/\/yoast.com\/wordpress\/plugins\/seo\/ -->\n<title>BIALETTI Set Moka Express 3 Tasses Dolce &amp; Gabbana<\/title>\n<meta name=\"description\" content=\"D\u00e9couvrez BIALETTI Set Moka Express 3 Tasses Dolce &amp; Gabbana sur ErresseShop. Qualit\u00e9, prix r\u00e9duits et achat s\u00e9curis\u00e9 \u2013 commandez d\u00e8s maintenant en ligne !\" \/>\n<meta name=\"robots\" content=\"index, follow, max-snippet:-1, max-image-preview:large, max-video-preview:-1\" \/>\n<link rel=\"canonical\" href=\"https:\/\/www.erresse-shop.it\/fr\/shop\/cuisine\/cafetieres\/bialetti-set-moka-express-3-tasses-dolce-gabbana\/\" \/>\n<meta property=\"og:locale\" content=\"fr_FR\" \/>\n<meta property=\"og:type\" content=\"article\" \/>\n<meta property=\"og:title\" content=\"BIALETTI Set Moka Express 3 Tasses Dolce &amp; Gabbana\" \/>\n<meta property=\"og:description\" content=\"D\u00e9couvrez BIALETTI Set Moka Express 3 Tasses Dolce &amp; Gabbana sur ErresseShop. Qualit\u00e9, prix r\u00e9duits et achat s\u00e9curis\u00e9 \u2013 commandez d\u00e8s maintenant en ligne !\" \/>\n<meta property=\"og:url\" content=\"https:\/\/www.erresse-shop.it\/fr\/shop\/cuisine\/cafetieres\/bialetti-set-moka-express-3-tasses-dolce-gabbana\/\" \/>\n<meta property=\"og:site_name\" content=\"Erresse Shop\" \/>\n<meta property=\"article:modified_time\" content=\"2025-01-14T17:30:04+00:00\" \/>\n<meta property=\"og:image\" content=\"https:\/\/www.erresse-shop.it\/wp-content\/uploads\/2024\/03\/Bialetti-Set-moka-caffe-1.jpg\" \/>\n\t<meta property=\"og:image:width\" content=\"800\" \/>\n\t<meta property=\"og:image:height\" content=\"800\" \/>\n\t<meta property=\"og:image:type\" content=\"image\/jpeg\" \/>\n<meta name=\"twitter:card\" content=\"summary_large_image\" \/>\n<script type=\"application\/ld+json\" class=\"yoast-schema-graph\">{\"@context\":\"https:\/\/schema.org\",\"@graph\":[{\"@type\":\"WebPage\",\"@id\":\"https:\/\/www.erresse-shop.it\/fr\/shop\/cuisine\/cafetieres\/bialetti-set-moka-express-3-tasses-dolce-gabbana\/\",\"url\":\"https:\/\/www.erresse-shop.it\/fr\/shop\/cuisine\/cafetieres\/bialetti-set-moka-express-3-tasses-dolce-gabbana\/\",\"name\":\"BIALETTI Set Moka Express 3 Tasses Dolce & Gabbana\",\"isPartOf\":{\"@id\":\"https:\/\/www.erresse-shop.it\/fr\/#website\"},\"datePublished\":\"2024-03-13T10:18:55+00:00\",\"dateModified\":\"2025-01-14T17:30:04+00:00\",\"description\":\"D\u00e9couvrez BIALETTI Set Moka Express 3 Tasses Dolce & Gabbana sur ErresseShop. Qualit\u00e9, prix r\u00e9duits et achat s\u00e9curis\u00e9 \u2013 commandez d\u00e8s maintenant en ligne !\",\"breadcrumb\":{\"@id\":\"https:\/\/www.erresse-shop.it\/fr\/shop\/cuisine\/cafetieres\/bialetti-set-moka-express-3-tasses-dolce-gabbana\/#breadcrumb\"},\"inLanguage\":\"fr-FR\",\"potentialAction\":[{\"@type\":\"ReadAction\",\"target\":[\"https:\/\/www.erresse-shop.it\/fr\/shop\/cuisine\/cafetieres\/bialetti-set-moka-express-3-tasses-dolce-gabbana\/\"]}]},{\"@type\":\"BreadcrumbList\",\"@id\":\"https:\/\/www.erresse-shop.it\/fr\/shop\/cuisine\/cafetieres\/bialetti-set-moka-express-3-tasses-dolce-gabbana\/#breadcrumb\",\"itemListElement\":[{\"@type\":\"ListItem\",\"position\":1,\"name\":\"Home\",\"item\":\"https:\/\/www.erresse-shop.it\/fr\/\"},{\"@type\":\"ListItem\",\"position\":2,\"name\":\"Shop\",\"item\":\"https:\/\/www.erresse-shop.it\/fr\/shop\/\"},{\"@type\":\"ListItem\",\"position\":3,\"name\":\"BIALETTI Set Moka Express 3 Tasses Dolce &#038; Gabbana\"}]},{\"@type\":\"WebSite\",\"@id\":\"https:\/\/www.erresse-shop.it\/fr\/#website\",\"url\":\"https:\/\/www.erresse-shop.it\/fr\/\",\"name\":\"Erresse Shop\",\"description\":\"Articoli di qualit\u00e0 per la casa\",\"potentialAction\":[{\"@type\":\"SearchAction\",\"target\":{\"@type\":\"EntryPoint\",\"urlTemplate\":\"https:\/\/www.erresse-shop.it\/fr\/?s={search_term_string}\"},\"query-input\":\"required name=search_term_string\"}],\"inLanguage\":\"fr-FR\"}]}<\/script>\n<!-- \/ Yoast SEO Premium plugin. -->","yoast_head_json":{"title":"BIALETTI Set Moka Express 3 Tasses Dolce & Gabbana","description":"D\u00e9couvrez BIALETTI Set Moka Express 3 Tasses Dolce & Gabbana sur ErresseShop. Qualit\u00e9, prix r\u00e9duits et achat s\u00e9curis\u00e9 \u2013 commandez d\u00e8s maintenant en ligne !","robots":{"index":"index","follow":"follow","max-snippet":"max-snippet:-1","max-image-preview":"max-image-preview:large","max-video-preview":"max-video-preview:-1"},"canonical":"https:\/\/www.erresse-shop.it\/fr\/shop\/cuisine\/cafetieres\/bialetti-set-moka-express-3-tasses-dolce-gabbana\/","og_locale":"fr_FR","og_type":"article","og_title":"BIALETTI Set Moka Express 3 Tasses Dolce & Gabbana","og_description":"D\u00e9couvrez BIALETTI Set Moka Express 3 Tasses Dolce & Gabbana sur ErresseShop. Qualit\u00e9, prix r\u00e9duits et achat s\u00e9curis\u00e9 \u2013 commandez d\u00e8s maintenant en ligne !","og_url":"https:\/\/www.erresse-shop.it\/fr\/shop\/cuisine\/cafetieres\/bialetti-set-moka-express-3-tasses-dolce-gabbana\/","og_site_name":"Erresse Shop","article_modified_time":"2025-01-14T17:30:04+00:00","og_image":[{"width":800,"height":800,"url":"https:\/\/www.erresse-shop.it\/wp-content\/uploads\/2024\/03\/Bialetti-Set-moka-caffe-1.jpg","type":"image\/jpeg"}],"twitter_card":"summary_large_image","schema":{"@context":"https:\/\/schema.org","@graph":[{"@type":"WebPage","@id":"https:\/\/www.erresse-shop.it\/fr\/shop\/cuisine\/cafetieres\/bialetti-set-moka-express-3-tasses-dolce-gabbana\/","url":"https:\/\/www.erresse-shop.it\/fr\/shop\/cuisine\/cafetieres\/bialetti-set-moka-express-3-tasses-dolce-gabbana\/","name":"BIALETTI Set Moka Express 3 Tasses Dolce & Gabbana","isPartOf":{"@id":"https:\/\/www.erresse-shop.it\/fr\/#website"},"datePublished":"2024-03-13T10:18:55+00:00","dateModified":"2025-01-14T17:30:04+00:00","description":"D\u00e9couvrez BIALETTI Set Moka Express 3 Tasses Dolce & Gabbana sur ErresseShop. Qualit\u00e9, prix r\u00e9duits et achat s\u00e9curis\u00e9 \u2013 commandez d\u00e8s maintenant en ligne !","breadcrumb":{"@id":"https:\/\/www.erresse-shop.it\/fr\/shop\/cuisine\/cafetieres\/bialetti-set-moka-express-3-tasses-dolce-gabbana\/#breadcrumb"},"inLanguage":"fr-FR","potentialAction":[{"@type":"ReadAction","target":["https:\/\/www.erresse-shop.it\/fr\/shop\/cuisine\/cafetieres\/bialetti-set-moka-express-3-tasses-dolce-gabbana\/"]}]},{"@type":"BreadcrumbList","@id":"https:\/\/www.erresse-shop.it\/fr\/shop\/cuisine\/cafetieres\/bialetti-set-moka-express-3-tasses-dolce-gabbana\/#breadcrumb","itemListElement":[{"@type":"ListItem","position":1,"name":"Home","item":"https:\/\/www.erresse-shop.it\/fr\/"},{"@type":"ListItem","position":2,"name":"Shop","item":"https:\/\/www.erresse-shop.it\/fr\/shop\/"},{"@type":"ListItem","position":3,"name":"BIALETTI Set Moka Express 3 Tasses Dolce &#038; Gabbana"}]},{"@type":"WebSite","@id":"https:\/\/www.erresse-shop.it\/fr\/#website","url":"https:\/\/www.erresse-shop.it\/fr\/","name":"Erresse Shop","description":"Articoli di qualit\u00e0 per la casa","potentialAction":[{"@type":"SearchAction","target":{"@type":"EntryPoint","urlTemplate":"https:\/\/www.erresse-shop.it\/fr\/?s={search_term_string}"},"query-input":"required name=search_term_string"}],"inLanguage":"fr-FR"}]}},"df_price":117,"df_sale_price":117,"df_regular_price":130,"df_image_link":"https:\/\/www.erresse-shop.it\/wp-content\/uploads\/2024\/03\/BIALETTI-Set-Moka-3-Tazze-e-Caffe-Dolce-e-Gabbana-300x300.jpg","_links":{"self":[{"href":"https:\/\/www.erresse-shop.it\/fr\/wp-json\/wp\/v2\/product\/396531"}],"collection":[{"href":"https:\/\/www.erresse-shop.it\/fr\/wp-json\/wp\/v2\/product"}],"about":[{"href":"https:\/\/www.erresse-shop.it\/fr\/wp-json\/wp\/v2\/types\/product"}],"wp:featuredmedia":[{"embeddable":true,"href":"https:\/\/www.erresse-shop.it\/fr\/wp-json\/wp\/v2\/media\/461874"}],"wp:attachment":[{"href":"https:\/\/www.erresse-shop.it\/fr\/wp-json\/wp\/v2\/media?parent=396531"}],"wp:term":[{"taxonomy":"product_cat","embeddable":true,"href":"https:\/\/www.erresse-shop.it\/fr\/wp-json\/wp\/v2\/product_cat?post=396531"},{"taxonomy":"product_tag","embeddable":true,"href":"https:\/\/www.erresse-shop.it\/fr\/wp-json\/wp\/v2\/product_tag?post=396531"}],"curies":[{"name":"wp","href":"https:\/\/api.w.org\/{rel}","templated":true}]}}