{"id":396523,"date":"2024-03-13T10:02:13","date_gmt":"2024-03-13T10:02:17","guid":{"rendered":"https:\/\/www.erresse-shop.it\/?post_type=product&#038;p=396523"},"modified":"2025-08-24T09:10:08","modified_gmt":"2025-08-24T09:10:08","slug":"bialetti-moka-induction-4-tasses-dolce-e-gabbana","status":"publish","type":"product","link":"https:\/\/www.erresse-shop.it\/fr\/shop\/cuisine\/cafetieres\/bialetti-moka-induction-4-tasses-dolce-e-gabbana\/","title":{"rendered":"BIALETTI Moka Induction 4 tasses Dolce e Gabbana"},"content":{"rendered":"<p><b><strong>Induction Moka Bialetti Dolce&amp;Gabbana | Chariot sicilien<\/strong><\/b><\/p>\n<p>Deux ic\u00f4nes de la tradition du Made in Italy s&#8217;unissent pour c\u00e9l\u00e9brer la beaut\u00e9 du rituel du caf\u00e9 \u00e0 l&#8217;italienne. C&#8217;est ainsi qu&#8217;est n\u00e9e l&#8217;exquise Moka Induction Bialetti Dolce&amp;Gabbana, une cafeti\u00e8re innovante adapt\u00e9e aux plaques de cuisson \u00e0 induction. Gr\u00e2ce \u00e0 la technologie de la chaudi\u00e8re \u00e0 double couche, ce produit offre des performances \u00e9lev\u00e9es : une couche ext\u00e9rieure en acier permet de l&#8217;utiliser sur des plaques \u00e0 induction, tandis qu&#8217;une couche int\u00e9rieure en aluminium garantit une distribution uniforme de la chaleur.<\/p>\n<p>La Moka Induction est un v\u00e9ritable chef-d&#8217;\u0153uvre de style et constitue une id\u00e9e de cadeau parfaite. Elle transforme le simple rituel du caf\u00e9 en une c\u00e9l\u00e9bration de l&#8217;excellence italienne, nous invitant \u00e0 savourer l&#8217;art et la passion de Dolce&amp;Gabbana dans chaque tasse.<\/p>\n<p>Comment pr\u00e9parer le caf\u00e9 ?<\/p>\n<p>Pour pr\u00e9parer un excellent caf\u00e9, il suffit de verser l&#8217;eau dans la chaudi\u00e8re jusqu&#8217;\u00e0 la soupape de s\u00e9curit\u00e9, d&#8217;ins\u00e9rer l&#8217;entonnoir et d&#8217;ajouter le caf\u00e9 moulu pour le moka sans appuyer.<\/p>\n<p>Fermez bien la cafeti\u00e8re moka et placez-la sur le feu \u00e0 temp\u00e9rature moyenne.<\/p>\n<p>Attendez que le caf\u00e9 bouillonne en montant dans le collecteur (chambre sup\u00e9rieure), \u00e9teignez la plaque de cuisson et d\u00e9gustez un bon caf\u00e9 !<\/p>\n<p>Instructions de nettoyage :<\/p>\n<p>La Bialetti Moka Induction doit \u00eatre rinc\u00e9e \u00e0 l&#8217;eau apr\u00e8s chaque utilisation.<\/p>\n<p>Ne pas utiliser de d\u00e9tergents.<\/p>\n<p>Le produit ne doit pas \u00eatre lav\u00e9 au lave-vaisselle car cela pourrait l&#8217;endommager et alt\u00e9rer le go\u00fbt du caf\u00e9.<\/p>\n<p>Chariot Moka Sicilien \u00e0 induction 2 tasses :<\/p>\n<p>&#8211; Dimensions : 10,5 cm x 16 cm x 12,5 cm<\/p>\n<p>&#8211; Dimensions en pouces : 4.1&#8243; x 6.2&#8243; x 4.9&#8243;<\/p>\n<p>&#8211; Capacit\u00e9 : 90 ML &#8211; 3 OZ, \u00e9quivalent \u00e0 2 tasses de caf\u00e9 infus\u00e9<\/p>\n<p>Chariot sicilien \u00e0 induction Moka 4 tasses :<\/p>\n<p>&#8211; Dimensions : 11.5 cm x 17.5 cm x 14 cm<\/p>\n<p>&#8211; Dimensions en pouces : 4.5&#8243; x 6.8&#8243; x 5.5&#8243;<\/p>\n<p>&#8211; Capacit\u00e9 : 190 ML &#8211; 6.4 OZ, \u00e9quivalent \u00e0 4 tasses de caf\u00e9 infus\u00e9<\/p>\n<p><b><strong>Fabriqu\u00e9 en Italie<\/strong><\/b><\/p>\n<p>Le mat\u00e9riau de la chaudi\u00e8re \u00e0 deux couches (3,5 mm d&#8217;\u00e9paisseur) garantit une distribution parfaite de la chaleur : aluminium \u00e0 l&#8217;int\u00e9rieur, acier \u00e0 l&#8217;ext\u00e9rieur.<\/p>\n<p>Poign\u00e9e et bouton en plastique PA66 peint au toucher doux.<\/p>\n<p>Soupape de s\u00e9curit\u00e9 facile \u00e0 nettoyer.<\/p>\n<p>Compatible avec les plaques \u00e9lectriques, \u00e0 gaz et \u00e0 induction.<\/p>\n<p>Chaque Moka Induction Bialetti Dolce&amp;Gabbana pr\u00e9sente des caract\u00e9ristiques distinctives li\u00e9es aux variations dans la position des motifs d\u00e9coratifs sur le collecteur.<\/p>\n<p>Rincer apr\u00e8s chaque utilisation \u00e0 l&#8217;eau ti\u00e8de, en \u00e9vitant les d\u00e9tergents et les mat\u00e9riaux abrasifs.<\/p>\n<p>Ne convient pas au lave-vaisselle.<\/p>\n","protected":false},"excerpt":{"rendered":"<p>Induction Moka Bialetti Dolce&amp;Gabbana | Chariot sicilien Deux ic\u00f4nes de la tradition du Made in Italy s&#8217;unissent pour c\u00e9l\u00e9brer la<\/p>\n","protected":false},"featured_media":396514,"template":"","meta":{"_acf_changed":false,"inline_featured_image":false},"product_cat":[12753,12748],"product_tag":[24592,12830,23563,24591,13441,12856,12833],"acf":[],"yoast_head":"<!-- This site is optimized with the Yoast SEO Premium plugin v18.6 (Yoast SEO v19.13) - https:\/\/yoast.com\/wordpress\/plugins\/seo\/ -->\n<title>BIALETTI Moka Induction 4 tasses Dolce e Gabbana<\/title>\n<meta name=\"description\" content=\"D\u00e9couvrez BIALETTI Moka Induction 4 tasses Dolce e Gabbana sur ErresseShop. Qualit\u00e9, prix r\u00e9duits et achat s\u00e9curis\u00e9 \u2013 commandez d\u00e8s maintenant en ligne !\" \/>\n<meta name=\"robots\" content=\"index, follow, max-snippet:-1, max-image-preview:large, max-video-preview:-1\" \/>\n<link rel=\"canonical\" href=\"https:\/\/www.erresse-shop.it\/fr\/shop\/cuisine\/cafetieres\/bialetti-moka-induction-4-tasses-dolce-e-gabbana\/\" \/>\n<meta property=\"og:locale\" content=\"fr_FR\" \/>\n<meta property=\"og:type\" content=\"article\" \/>\n<meta property=\"og:title\" content=\"BIALETTI Moka Induction 4 tasses Dolce e Gabbana\" \/>\n<meta property=\"og:description\" content=\"D\u00e9couvrez BIALETTI Moka Induction 4 tasses Dolce e Gabbana sur ErresseShop. Qualit\u00e9, prix r\u00e9duits et achat s\u00e9curis\u00e9 \u2013 commandez d\u00e8s maintenant en ligne !\" \/>\n<meta property=\"og:url\" content=\"https:\/\/www.erresse-shop.it\/fr\/shop\/cuisine\/cafetieres\/bialetti-moka-induction-4-tasses-dolce-e-gabbana\/\" \/>\n<meta property=\"og:site_name\" content=\"Erresse Shop\" \/>\n<meta property=\"article:modified_time\" content=\"2025-08-24T09:10:08+00:00\" \/>\n<meta property=\"og:image\" content=\"https:\/\/www.erresse-shop.it\/wp-content\/uploads\/2024\/03\/bialetti-dolce-e-gabbana-2-tz-induzione.jpg\" \/>\n\t<meta property=\"og:image:width\" content=\"800\" \/>\n\t<meta property=\"og:image:height\" content=\"800\" \/>\n\t<meta property=\"og:image:type\" content=\"image\/jpeg\" \/>\n<meta name=\"twitter:card\" content=\"summary_large_image\" \/>\n<script type=\"application\/ld+json\" class=\"yoast-schema-graph\">{\"@context\":\"https:\/\/schema.org\",\"@graph\":[{\"@type\":\"WebPage\",\"@id\":\"https:\/\/www.erresse-shop.it\/fr\/shop\/cuisine\/cafetieres\/bialetti-moka-induction-4-tasses-dolce-e-gabbana\/\",\"url\":\"https:\/\/www.erresse-shop.it\/fr\/shop\/cuisine\/cafetieres\/bialetti-moka-induction-4-tasses-dolce-e-gabbana\/\",\"name\":\"BIALETTI Moka Induction 4 tasses Dolce e Gabbana\",\"isPartOf\":{\"@id\":\"https:\/\/www.erresse-shop.it\/fr\/#website\"},\"datePublished\":\"2024-03-13T10:02:17+00:00\",\"dateModified\":\"2025-08-24T09:10:08+00:00\",\"description\":\"D\u00e9couvrez BIALETTI Moka Induction 4 tasses Dolce e Gabbana sur ErresseShop. Qualit\u00e9, prix r\u00e9duits et achat s\u00e9curis\u00e9 \u2013 commandez d\u00e8s maintenant en ligne !\",\"breadcrumb\":{\"@id\":\"https:\/\/www.erresse-shop.it\/fr\/shop\/cuisine\/cafetieres\/bialetti-moka-induction-4-tasses-dolce-e-gabbana\/#breadcrumb\"},\"inLanguage\":\"fr-FR\",\"potentialAction\":[{\"@type\":\"ReadAction\",\"target\":[\"https:\/\/www.erresse-shop.it\/fr\/shop\/cuisine\/cafetieres\/bialetti-moka-induction-4-tasses-dolce-e-gabbana\/\"]}]},{\"@type\":\"BreadcrumbList\",\"@id\":\"https:\/\/www.erresse-shop.it\/fr\/shop\/cuisine\/cafetieres\/bialetti-moka-induction-4-tasses-dolce-e-gabbana\/#breadcrumb\",\"itemListElement\":[{\"@type\":\"ListItem\",\"position\":1,\"name\":\"Home\",\"item\":\"https:\/\/www.erresse-shop.it\/fr\/\"},{\"@type\":\"ListItem\",\"position\":2,\"name\":\"Shop\",\"item\":\"https:\/\/www.erresse-shop.it\/fr\/shop\/\"},{\"@type\":\"ListItem\",\"position\":3,\"name\":\"BIALETTI Moka Induction 4 tasses Dolce e Gabbana\"}]},{\"@type\":\"WebSite\",\"@id\":\"https:\/\/www.erresse-shop.it\/fr\/#website\",\"url\":\"https:\/\/www.erresse-shop.it\/fr\/\",\"name\":\"Erresse Shop\",\"description\":\"Articoli di qualit\u00e0 per la casa\",\"potentialAction\":[{\"@type\":\"SearchAction\",\"target\":{\"@type\":\"EntryPoint\",\"urlTemplate\":\"https:\/\/www.erresse-shop.it\/fr\/?s={search_term_string}\"},\"query-input\":\"required name=search_term_string\"}],\"inLanguage\":\"fr-FR\"}]}<\/script>\n<!-- \/ Yoast SEO Premium plugin. -->","yoast_head_json":{"title":"BIALETTI Moka Induction 4 tasses Dolce e Gabbana","description":"D\u00e9couvrez BIALETTI Moka Induction 4 tasses Dolce e Gabbana sur ErresseShop. Qualit\u00e9, prix r\u00e9duits et achat s\u00e9curis\u00e9 \u2013 commandez d\u00e8s maintenant en ligne !","robots":{"index":"index","follow":"follow","max-snippet":"max-snippet:-1","max-image-preview":"max-image-preview:large","max-video-preview":"max-video-preview:-1"},"canonical":"https:\/\/www.erresse-shop.it\/fr\/shop\/cuisine\/cafetieres\/bialetti-moka-induction-4-tasses-dolce-e-gabbana\/","og_locale":"fr_FR","og_type":"article","og_title":"BIALETTI Moka Induction 4 tasses Dolce e Gabbana","og_description":"D\u00e9couvrez BIALETTI Moka Induction 4 tasses Dolce e Gabbana sur ErresseShop. Qualit\u00e9, prix r\u00e9duits et achat s\u00e9curis\u00e9 \u2013 commandez d\u00e8s maintenant en ligne !","og_url":"https:\/\/www.erresse-shop.it\/fr\/shop\/cuisine\/cafetieres\/bialetti-moka-induction-4-tasses-dolce-e-gabbana\/","og_site_name":"Erresse Shop","article_modified_time":"2025-08-24T09:10:08+00:00","og_image":[{"width":800,"height":800,"url":"https:\/\/www.erresse-shop.it\/wp-content\/uploads\/2024\/03\/bialetti-dolce-e-gabbana-2-tz-induzione.jpg","type":"image\/jpeg"}],"twitter_card":"summary_large_image","schema":{"@context":"https:\/\/schema.org","@graph":[{"@type":"WebPage","@id":"https:\/\/www.erresse-shop.it\/fr\/shop\/cuisine\/cafetieres\/bialetti-moka-induction-4-tasses-dolce-e-gabbana\/","url":"https:\/\/www.erresse-shop.it\/fr\/shop\/cuisine\/cafetieres\/bialetti-moka-induction-4-tasses-dolce-e-gabbana\/","name":"BIALETTI Moka Induction 4 tasses Dolce e Gabbana","isPartOf":{"@id":"https:\/\/www.erresse-shop.it\/fr\/#website"},"datePublished":"2024-03-13T10:02:17+00:00","dateModified":"2025-08-24T09:10:08+00:00","description":"D\u00e9couvrez BIALETTI Moka Induction 4 tasses Dolce e Gabbana sur ErresseShop. Qualit\u00e9, prix r\u00e9duits et achat s\u00e9curis\u00e9 \u2013 commandez d\u00e8s maintenant en ligne !","breadcrumb":{"@id":"https:\/\/www.erresse-shop.it\/fr\/shop\/cuisine\/cafetieres\/bialetti-moka-induction-4-tasses-dolce-e-gabbana\/#breadcrumb"},"inLanguage":"fr-FR","potentialAction":[{"@type":"ReadAction","target":["https:\/\/www.erresse-shop.it\/fr\/shop\/cuisine\/cafetieres\/bialetti-moka-induction-4-tasses-dolce-e-gabbana\/"]}]},{"@type":"BreadcrumbList","@id":"https:\/\/www.erresse-shop.it\/fr\/shop\/cuisine\/cafetieres\/bialetti-moka-induction-4-tasses-dolce-e-gabbana\/#breadcrumb","itemListElement":[{"@type":"ListItem","position":1,"name":"Home","item":"https:\/\/www.erresse-shop.it\/fr\/"},{"@type":"ListItem","position":2,"name":"Shop","item":"https:\/\/www.erresse-shop.it\/fr\/shop\/"},{"@type":"ListItem","position":3,"name":"BIALETTI Moka Induction 4 tasses Dolce e Gabbana"}]},{"@type":"WebSite","@id":"https:\/\/www.erresse-shop.it\/fr\/#website","url":"https:\/\/www.erresse-shop.it\/fr\/","name":"Erresse Shop","description":"Articoli di qualit\u00e0 per la casa","potentialAction":[{"@type":"SearchAction","target":{"@type":"EntryPoint","urlTemplate":"https:\/\/www.erresse-shop.it\/fr\/?s={search_term_string}"},"query-input":"required name=search_term_string"}],"inLanguage":"fr-FR"}]}},"df_price":94.95,"df_sale_price":94.95,"df_regular_price":130,"df_image_link":"https:\/\/www.erresse-shop.it\/wp-content\/uploads\/2024\/03\/bialetti-dolce-e-gabbana-4-tz-induzione-300x300.jpg","_links":{"self":[{"href":"https:\/\/www.erresse-shop.it\/fr\/wp-json\/wp\/v2\/product\/396523"}],"collection":[{"href":"https:\/\/www.erresse-shop.it\/fr\/wp-json\/wp\/v2\/product"}],"about":[{"href":"https:\/\/www.erresse-shop.it\/fr\/wp-json\/wp\/v2\/types\/product"}],"wp:featuredmedia":[{"embeddable":true,"href":"https:\/\/www.erresse-shop.it\/fr\/wp-json\/wp\/v2\/media\/396514"}],"wp:attachment":[{"href":"https:\/\/www.erresse-shop.it\/fr\/wp-json\/wp\/v2\/media?parent=396523"}],"wp:term":[{"taxonomy":"product_cat","embeddable":true,"href":"https:\/\/www.erresse-shop.it\/fr\/wp-json\/wp\/v2\/product_cat?post=396523"},{"taxonomy":"product_tag","embeddable":true,"href":"https:\/\/www.erresse-shop.it\/fr\/wp-json\/wp\/v2\/product_tag?post=396523"}],"curies":[{"name":"wp","href":"https:\/\/api.w.org\/{rel}","templated":true}]}}