{"id":396452,"date":"2024-03-13T09:19:47","date_gmt":"2024-03-13T09:19:51","guid":{"rendered":"https:\/\/www.erresse-shop.it\/?post_type=product&#038;p=396452"},"modified":"2025-05-21T08:08:15","modified_gmt":"2025-05-21T08:08:15","slug":"bialetti-moka-express-6-tasses-dolce-gabbana","status":"publish","type":"product","link":"https:\/\/www.erresse-shop.it\/fr\/shop\/cuisine\/cafetieres\/bialetti-moka-express-6-tasses-dolce-gabbana\/","title":{"rendered":"BIALETTI Moka Express 6 Tasses Dolce &#038; Gabbana"},"content":{"rendered":"<p><b><strong>Bialetti Dolce&amp;Gabbana Moka Express | Chariot sicilien<\/strong><\/b><\/p>\n<p>Bialetti et Dolce&amp;Gabbana s&#8217;associent pour c\u00e9l\u00e9brer le rituel du caf\u00e9 italien.<\/p>\n<p>N\u00e9 en 1933 d&#8217;une id\u00e9e d&#8217;Alfonso Bialetti, Moka Express a toujours \u00e9t\u00e9 une ic\u00f4ne incontest\u00e9e du style italien.<\/p>\n<p>Aujourd&#8217;hui, dans l&#8217;\u00e9dition exclusive Dolce&amp;Gabbana, Moka Express devient un hommage \u00e0 l&#8217;artisanat artistique, aux paysages et aux couleurs uniques de la Sicile, en recr\u00e9ant les motifs d\u00e9coratifs du Carretto sicilien : un \u00e9l\u00e9ment du folklore de l&#8217;\u00eele qui, avec ses traditions, a toujours \u00e9t\u00e9 au c\u0153ur de l&#8217;esth\u00e9tique de Dolce&amp;Gabbana.<\/p>\n<p>Moka Express Bialetti Dolce&amp;Gabbana transforme le rituel du caf\u00e9 en une c\u00e9l\u00e9bration du style et un plaisir doublement italien.<\/p>\n<p>Comment pr\u00e9parer le caf\u00e9 :<\/p>\n<p>1. Commencer par verser de l&#8217;eau \u00e0 temp\u00e9rature ambiante dans la chaudi\u00e8re Moka et la remplir jusqu&#8217;au niveau de la soupape de s\u00e9curit\u00e9. Ne pas d\u00e9passer ce niveau, sinon le caf\u00e9 risque d&#8217;\u00eatre trop aqueux.<\/p>\n<p>2. Choisissez maintenant votre m\u00e9lange de caf\u00e9 moulu pr\u00e9f\u00e9r\u00e9. Attention ! Le m\u00e9lange doit \u00eatre moulu sp\u00e9cifiquement pour le Moka, pas trop fin. Remplir g\u00e9n\u00e9reusement l&#8217;entonnoir Moka, sans appuyer sur le caf\u00e9.<\/p>\n<p>3. Un petit secret ? R\u00e9glez le feu \u00e0 feu doux et prenez votre temps, cela vaut la peine d&#8217;attendre quelques minutes de plus pour d\u00e9guster un bon caf\u00e9. Lorsque le caf\u00e9 est compl\u00e8tement mont\u00e9 dans le liant, \u00e9teignez le feu.<\/p>\n<p>4. Le moment crucial : la d\u00e9gustation. Pour savourer au mieux tous les ar\u00f4mes lib\u00e9r\u00e9s, nous vous recommandons de boire le caf\u00e9 d\u00e8s qu&#8217;il est vers\u00e9 dans la tasse.<br \/>\nInstructions de nettoyage :<br \/>\nLaver apr\u00e8s chaque utilisation \u00e0 l&#8217;eau ti\u00e8de sans utiliser de d\u00e9tergents et\/ou de mat\u00e9riaux abrasifs.<br \/>\nMat\u00e9riau du corps : aluminium.<br \/>\nMat\u00e9riau de la poign\u00e9e et du bouton : thermoplastique.<br \/>\nSoupape de s\u00e9curit\u00e9 facile \u00e0 nettoyer.<br \/>\nConvient aux plaques de cuisson \u00e0 gaz, \u00e9lectriques et vitroc\u00e9ramiques.<br \/>\nConvient aux tables de cuisson \u00e0 induction uniquement lorsqu&#8217;il est utilis\u00e9 avec la table de cuisson \u00e0 induction Bialetti.<br \/>\nChaque Moka Express Bialetti Dolce&amp;Gabbana pr\u00e9sente des caract\u00e9ristiques distinctives li\u00e9es \u00e0 la position diff\u00e9rente des motifs d\u00e9coratifs sur le couvercle.<\/p>\n","protected":false},"excerpt":{"rendered":"<p>Bialetti Dolce&amp;Gabbana Moka Express | Chariot sicilien Bialetti et Dolce&amp;Gabbana s&#8217;associent pour c\u00e9l\u00e9brer le rituel du caf\u00e9 italien. N\u00e9 en<\/p>\n","protected":false},"featured_media":396462,"template":"","meta":{"_acf_changed":false,"inline_featured_image":false},"product_cat":[12753,12748],"product_tag":[24592,12830,23563,24591,13441,12856,12833],"acf":[],"yoast_head":"<!-- This site is optimized with the Yoast SEO Premium plugin v18.6 (Yoast SEO v19.13) - https:\/\/yoast.com\/wordpress\/plugins\/seo\/ -->\n<title>BIALETTI Moka Express 6 Tasses Dolce &amp; Gabbana<\/title>\n<meta name=\"description\" content=\"D\u00e9couvrez BIALETTI Moka Express 6 Tasses Dolce &amp; Gabbana sur ErresseShop. Qualit\u00e9, prix r\u00e9duits et achat s\u00e9curis\u00e9 \u2013 commandez d\u00e8s maintenant en ligne !\" \/>\n<meta name=\"robots\" content=\"index, follow, max-snippet:-1, max-image-preview:large, max-video-preview:-1\" \/>\n<link rel=\"canonical\" href=\"https:\/\/www.erresse-shop.it\/fr\/shop\/cuisine\/cafetieres\/bialetti-moka-express-6-tasses-dolce-gabbana\/\" \/>\n<meta property=\"og:locale\" content=\"fr_FR\" \/>\n<meta property=\"og:type\" content=\"article\" \/>\n<meta property=\"og:title\" content=\"BIALETTI Moka Express 6 Tasses Dolce &amp; Gabbana\" \/>\n<meta property=\"og:description\" content=\"D\u00e9couvrez BIALETTI Moka Express 6 Tasses Dolce &amp; Gabbana sur ErresseShop. Qualit\u00e9, prix r\u00e9duits et achat s\u00e9curis\u00e9 \u2013 commandez d\u00e8s maintenant en ligne !\" \/>\n<meta property=\"og:url\" content=\"https:\/\/www.erresse-shop.it\/fr\/shop\/cuisine\/cafetieres\/bialetti-moka-express-6-tasses-dolce-gabbana\/\" \/>\n<meta property=\"og:site_name\" content=\"Erresse Shop\" \/>\n<meta property=\"article:modified_time\" content=\"2025-05-21T08:08:15+00:00\" \/>\n<meta property=\"og:image\" content=\"https:\/\/www.erresse-shop.it\/wp-content\/uploads\/2024\/03\/bialetti-dolce-e-gabbana-6-tazze.jpg\" \/>\n\t<meta property=\"og:image:width\" content=\"800\" \/>\n\t<meta property=\"og:image:height\" content=\"800\" \/>\n\t<meta property=\"og:image:type\" content=\"image\/jpeg\" \/>\n<meta name=\"twitter:card\" content=\"summary_large_image\" \/>\n<script type=\"application\/ld+json\" class=\"yoast-schema-graph\">{\"@context\":\"https:\/\/schema.org\",\"@graph\":[{\"@type\":\"WebPage\",\"@id\":\"https:\/\/www.erresse-shop.it\/fr\/shop\/cuisine\/cafetieres\/bialetti-moka-express-6-tasses-dolce-gabbana\/\",\"url\":\"https:\/\/www.erresse-shop.it\/fr\/shop\/cuisine\/cafetieres\/bialetti-moka-express-6-tasses-dolce-gabbana\/\",\"name\":\"BIALETTI Moka Express 6 Tasses Dolce & Gabbana\",\"isPartOf\":{\"@id\":\"https:\/\/www.erresse-shop.it\/fr\/#website\"},\"datePublished\":\"2024-03-13T09:19:51+00:00\",\"dateModified\":\"2025-05-21T08:08:15+00:00\",\"description\":\"D\u00e9couvrez BIALETTI Moka Express 6 Tasses Dolce & Gabbana sur ErresseShop. Qualit\u00e9, prix r\u00e9duits et achat s\u00e9curis\u00e9 \u2013 commandez d\u00e8s maintenant en ligne !\",\"breadcrumb\":{\"@id\":\"https:\/\/www.erresse-shop.it\/fr\/shop\/cuisine\/cafetieres\/bialetti-moka-express-6-tasses-dolce-gabbana\/#breadcrumb\"},\"inLanguage\":\"fr-FR\",\"potentialAction\":[{\"@type\":\"ReadAction\",\"target\":[\"https:\/\/www.erresse-shop.it\/fr\/shop\/cuisine\/cafetieres\/bialetti-moka-express-6-tasses-dolce-gabbana\/\"]}]},{\"@type\":\"BreadcrumbList\",\"@id\":\"https:\/\/www.erresse-shop.it\/fr\/shop\/cuisine\/cafetieres\/bialetti-moka-express-6-tasses-dolce-gabbana\/#breadcrumb\",\"itemListElement\":[{\"@type\":\"ListItem\",\"position\":1,\"name\":\"Home\",\"item\":\"https:\/\/www.erresse-shop.it\/fr\/\"},{\"@type\":\"ListItem\",\"position\":2,\"name\":\"Shop\",\"item\":\"https:\/\/www.erresse-shop.it\/fr\/shop\/\"},{\"@type\":\"ListItem\",\"position\":3,\"name\":\"BIALETTI Moka Express 6 Tasses Dolce &#038; Gabbana\"}]},{\"@type\":\"WebSite\",\"@id\":\"https:\/\/www.erresse-shop.it\/fr\/#website\",\"url\":\"https:\/\/www.erresse-shop.it\/fr\/\",\"name\":\"Erresse Shop\",\"description\":\"Articoli di qualit\u00e0 per la casa\",\"potentialAction\":[{\"@type\":\"SearchAction\",\"target\":{\"@type\":\"EntryPoint\",\"urlTemplate\":\"https:\/\/www.erresse-shop.it\/fr\/?s={search_term_string}\"},\"query-input\":\"required name=search_term_string\"}],\"inLanguage\":\"fr-FR\"}]}<\/script>\n<!-- \/ Yoast SEO Premium plugin. -->","yoast_head_json":{"title":"BIALETTI Moka Express 6 Tasses Dolce & Gabbana","description":"D\u00e9couvrez BIALETTI Moka Express 6 Tasses Dolce & Gabbana sur ErresseShop. Qualit\u00e9, prix r\u00e9duits et achat s\u00e9curis\u00e9 \u2013 commandez d\u00e8s maintenant en ligne !","robots":{"index":"index","follow":"follow","max-snippet":"max-snippet:-1","max-image-preview":"max-image-preview:large","max-video-preview":"max-video-preview:-1"},"canonical":"https:\/\/www.erresse-shop.it\/fr\/shop\/cuisine\/cafetieres\/bialetti-moka-express-6-tasses-dolce-gabbana\/","og_locale":"fr_FR","og_type":"article","og_title":"BIALETTI Moka Express 6 Tasses Dolce & Gabbana","og_description":"D\u00e9couvrez BIALETTI Moka Express 6 Tasses Dolce & Gabbana sur ErresseShop. Qualit\u00e9, prix r\u00e9duits et achat s\u00e9curis\u00e9 \u2013 commandez d\u00e8s maintenant en ligne !","og_url":"https:\/\/www.erresse-shop.it\/fr\/shop\/cuisine\/cafetieres\/bialetti-moka-express-6-tasses-dolce-gabbana\/","og_site_name":"Erresse Shop","article_modified_time":"2025-05-21T08:08:15+00:00","og_image":[{"width":800,"height":800,"url":"https:\/\/www.erresse-shop.it\/wp-content\/uploads\/2024\/03\/bialetti-dolce-e-gabbana-6-tazze.jpg","type":"image\/jpeg"}],"twitter_card":"summary_large_image","schema":{"@context":"https:\/\/schema.org","@graph":[{"@type":"WebPage","@id":"https:\/\/www.erresse-shop.it\/fr\/shop\/cuisine\/cafetieres\/bialetti-moka-express-6-tasses-dolce-gabbana\/","url":"https:\/\/www.erresse-shop.it\/fr\/shop\/cuisine\/cafetieres\/bialetti-moka-express-6-tasses-dolce-gabbana\/","name":"BIALETTI Moka Express 6 Tasses Dolce & Gabbana","isPartOf":{"@id":"https:\/\/www.erresse-shop.it\/fr\/#website"},"datePublished":"2024-03-13T09:19:51+00:00","dateModified":"2025-05-21T08:08:15+00:00","description":"D\u00e9couvrez BIALETTI Moka Express 6 Tasses Dolce & Gabbana sur ErresseShop. Qualit\u00e9, prix r\u00e9duits et achat s\u00e9curis\u00e9 \u2013 commandez d\u00e8s maintenant en ligne !","breadcrumb":{"@id":"https:\/\/www.erresse-shop.it\/fr\/shop\/cuisine\/cafetieres\/bialetti-moka-express-6-tasses-dolce-gabbana\/#breadcrumb"},"inLanguage":"fr-FR","potentialAction":[{"@type":"ReadAction","target":["https:\/\/www.erresse-shop.it\/fr\/shop\/cuisine\/cafetieres\/bialetti-moka-express-6-tasses-dolce-gabbana\/"]}]},{"@type":"BreadcrumbList","@id":"https:\/\/www.erresse-shop.it\/fr\/shop\/cuisine\/cafetieres\/bialetti-moka-express-6-tasses-dolce-gabbana\/#breadcrumb","itemListElement":[{"@type":"ListItem","position":1,"name":"Home","item":"https:\/\/www.erresse-shop.it\/fr\/"},{"@type":"ListItem","position":2,"name":"Shop","item":"https:\/\/www.erresse-shop.it\/fr\/shop\/"},{"@type":"ListItem","position":3,"name":"BIALETTI Moka Express 6 Tasses Dolce &#038; Gabbana"}]},{"@type":"WebSite","@id":"https:\/\/www.erresse-shop.it\/fr\/#website","url":"https:\/\/www.erresse-shop.it\/fr\/","name":"Erresse Shop","description":"Articoli di qualit\u00e0 per la casa","potentialAction":[{"@type":"SearchAction","target":{"@type":"EntryPoint","urlTemplate":"https:\/\/www.erresse-shop.it\/fr\/?s={search_term_string}"},"query-input":"required name=search_term_string"}],"inLanguage":"fr-FR"}]}},"df_price":99,"df_sale_price":99,"df_regular_price":110,"df_image_link":"https:\/\/www.erresse-shop.it\/wp-content\/uploads\/2024\/03\/bialetti-dolce-e-gabbana-6-tazze-300x300.jpg","_links":{"self":[{"href":"https:\/\/www.erresse-shop.it\/fr\/wp-json\/wp\/v2\/product\/396452"}],"collection":[{"href":"https:\/\/www.erresse-shop.it\/fr\/wp-json\/wp\/v2\/product"}],"about":[{"href":"https:\/\/www.erresse-shop.it\/fr\/wp-json\/wp\/v2\/types\/product"}],"wp:featuredmedia":[{"embeddable":true,"href":"https:\/\/www.erresse-shop.it\/fr\/wp-json\/wp\/v2\/media\/396462"}],"wp:attachment":[{"href":"https:\/\/www.erresse-shop.it\/fr\/wp-json\/wp\/v2\/media?parent=396452"}],"wp:term":[{"taxonomy":"product_cat","embeddable":true,"href":"https:\/\/www.erresse-shop.it\/fr\/wp-json\/wp\/v2\/product_cat?post=396452"},{"taxonomy":"product_tag","embeddable":true,"href":"https:\/\/www.erresse-shop.it\/fr\/wp-json\/wp\/v2\/product_tag?post=396452"}],"curies":[{"name":"wp","href":"https:\/\/api.w.org\/{rel}","templated":true}]}}