{"id":396318,"date":"2024-03-13T07:51:41","date_gmt":"2024-03-13T07:51:47","guid":{"rendered":"https:\/\/www.erresse-shop.it\/?post_type=product&#038;p=396318"},"modified":"2026-03-24T12:40:08","modified_gmt":"2026-03-24T12:40:08","slug":"joseph-joseph-glide-max-plus-table-a-repasser-verte","status":"publish","type":"product","link":"https:\/\/www.erresse-shop.it\/fr\/shop\/ameublement-maison\/planches-a-repasser\/joseph-joseph-glide-max-plus-table-a-repasser-verte\/","title":{"rendered":"JOSEPH JOSEPH Glide Max Table \u00e0 repasser verte"},"content":{"rendered":"<p>Compact et mince lorsqu&#8217;il est pli\u00e9<\/p>\n<p>Installation rapide et facile, r\u00e9glable en cinq positions de hauteur, de 79 cm (31 pouces) \u00e0 un maximum de 99 cm (39 pouces).<\/p>\n<p>Tr\u00e8s grand repose-fer \u00e0 vapeur r\u00e9tractable<\/p>\n<p>Crochet de suspension s\u00e9par\u00e9 inclus pour un rangement facile<\/p>\n<p>Sp\u00e9cifications<\/p>\n<p><b><strong>Entretien et utilisation :<\/strong><\/b><\/p>\n<p>Doublure : nettoyer uniquement avec un chiffon, ne pas laver en machine.<\/p>\n<p>Cadre : nettoyer avec un chiffon humide, ne pas utiliser de chiffons abrasifs ou de nettoyants chimiques agressifs.<\/p>\n<p>Attention : ne laissez pas le fer \u00e0 repasser chaud sans surveillance sur le repose-fer en silicone.<\/p>\n<p>Tenir les enfants \u00e0 l&#8217;\u00e9cart de la planche \u00e0 repasser pendant son utilisation et la ranger en toute s\u00e9curit\u00e9 apr\u00e8s usage.<\/p>\n<p>Le cadre est garanti 3 ans contre les d\u00e9fauts de fabrication, tous les d\u00e9tails peuvent \u00eatre trouv\u00e9s sur notre page de garantie ici, toutes les autres pi\u00e8ces sont garanties 2 ans.<\/p>\n<p>Retrouvez la vid\u00e9o compl\u00e8te sur le remplacement de la housse ici<\/p>\n<p>Le livret d&#8217;instructions complet est disponible ici<\/p>\n<p><b><strong>Dimensions<\/strong><\/b> de la table :<\/p>\n<p>Dimensions de la table : H 135 x L 45 cm (53.1 x 17.8 pouces)<\/p>\n<p>En position ferm\u00e9e (pieds inclus) : H150 x L47 x P13 cm (H59 x L18.5 x P5.1 pouces)<\/p>\n<p><b><strong>Poids<\/strong><\/b>: 8,4 kg<\/p>\n","protected":false},"excerpt":{"rendered":"<p>Compact et mince lorsqu&#8217;il est pli\u00e9 Installation rapide et facile, r\u00e9glable en cinq positions de hauteur, de 79 cm (31<\/p>\n","protected":false},"featured_media":488445,"template":"","meta":{"_acf_changed":false,"inline_featured_image":false},"product_cat":[12738,18095],"product_tag":[25026],"acf":[],"yoast_head":"<!-- This site is optimized with the Yoast SEO Premium plugin v18.6 (Yoast SEO v19.13) - https:\/\/yoast.com\/wordpress\/plugins\/seo\/ -->\n<title>JOSEPH JOSEPH Glide Max Table \u00e0 repasser verte - Erresse Shop<\/title>\n<meta name=\"description\" content=\"Compact et mince lorsqu&#039;il est pli\u00e9 Installation rapide et facile, r\u00e9glable en cinq positions de hauteur, de 79 cm (31 pouces) \u00e0 un maximum de 99 cm (39\" \/>\n<meta name=\"robots\" content=\"index, follow, max-snippet:-1, max-image-preview:large, max-video-preview:-1\" \/>\n<link rel=\"canonical\" href=\"https:\/\/www.erresse-shop.it\/fr\/shop\/ameublement-maison\/planches-a-repasser\/joseph-joseph-glide-max-plus-table-a-repasser-verte\/\" \/>\n<meta property=\"og:locale\" content=\"fr_FR\" \/>\n<meta property=\"og:type\" content=\"article\" \/>\n<meta property=\"og:title\" content=\"JOSEPH JOSEPH Glide Max Table \u00e0 repasser verte\" \/>\n<meta property=\"og:description\" content=\"Compact et mince lorsqu&#039;il est pli\u00e9 Installation rapide et facile, r\u00e9glable en cinq positions de hauteur, de 79 cm (31 pouces) \u00e0 un maximum de 99 cm (39\" \/>\n<meta property=\"og:url\" content=\"https:\/\/www.erresse-shop.it\/fr\/shop\/ameublement-maison\/planches-a-repasser\/joseph-joseph-glide-max-plus-table-a-repasser-verte\/\" \/>\n<meta property=\"og:site_name\" content=\"Erresse Shop\" \/>\n<meta property=\"article:modified_time\" content=\"2026-03-24T12:40:08+00:00\" \/>\n<meta property=\"og:image\" content=\"https:\/\/www.erresse-shop.it\/wp-content\/uploads\/2024\/03\/JOSEPH-JOSEPH-Glide-Max-Plus-Asse-da-Stiro-Verde.jpg\" \/>\n\t<meta property=\"og:image:width\" content=\"1200\" \/>\n\t<meta property=\"og:image:height\" content=\"1200\" \/>\n\t<meta property=\"og:image:type\" content=\"image\/jpeg\" \/>\n<meta name=\"twitter:card\" content=\"summary_large_image\" \/>\n<script type=\"application\/ld+json\" class=\"yoast-schema-graph\">{\"@context\":\"https:\/\/schema.org\",\"@graph\":[{\"@type\":\"WebPage\",\"@id\":\"https:\/\/www.erresse-shop.it\/fr\/shop\/ameublement-maison\/planches-a-repasser\/joseph-joseph-glide-max-plus-table-a-repasser-verte\/\",\"url\":\"https:\/\/www.erresse-shop.it\/fr\/shop\/ameublement-maison\/planches-a-repasser\/joseph-joseph-glide-max-plus-table-a-repasser-verte\/\",\"name\":\"JOSEPH JOSEPH Glide Max Table \u00e0 repasser verte - Erresse Shop\",\"isPartOf\":{\"@id\":\"https:\/\/www.erresse-shop.it\/fr\/#website\"},\"datePublished\":\"2024-03-13T07:51:47+00:00\",\"dateModified\":\"2026-03-24T12:40:08+00:00\",\"description\":\"Compact et mince lorsqu'il est pli\u00e9 Installation rapide et facile, r\u00e9glable en cinq positions de hauteur, de 79 cm (31 pouces) \u00e0 un maximum de 99 cm (39\",\"breadcrumb\":{\"@id\":\"https:\/\/www.erresse-shop.it\/fr\/shop\/ameublement-maison\/planches-a-repasser\/joseph-joseph-glide-max-plus-table-a-repasser-verte\/#breadcrumb\"},\"inLanguage\":\"fr-FR\",\"potentialAction\":[{\"@type\":\"ReadAction\",\"target\":[\"https:\/\/www.erresse-shop.it\/fr\/shop\/ameublement-maison\/planches-a-repasser\/joseph-joseph-glide-max-plus-table-a-repasser-verte\/\"]}]},{\"@type\":\"BreadcrumbList\",\"@id\":\"https:\/\/www.erresse-shop.it\/fr\/shop\/ameublement-maison\/planches-a-repasser\/joseph-joseph-glide-max-plus-table-a-repasser-verte\/#breadcrumb\",\"itemListElement\":[{\"@type\":\"ListItem\",\"position\":1,\"name\":\"Home\",\"item\":\"https:\/\/www.erresse-shop.it\/fr\/\"},{\"@type\":\"ListItem\",\"position\":2,\"name\":\"Shop\",\"item\":\"https:\/\/www.erresse-shop.it\/fr\/shop\/\"},{\"@type\":\"ListItem\",\"position\":3,\"name\":\"JOSEPH JOSEPH Glide Max Table \u00e0 repasser verte\"}]},{\"@type\":\"WebSite\",\"@id\":\"https:\/\/www.erresse-shop.it\/fr\/#website\",\"url\":\"https:\/\/www.erresse-shop.it\/fr\/\",\"name\":\"Erresse Shop\",\"description\":\"Articoli di qualit\u00e0 per la casa\",\"potentialAction\":[{\"@type\":\"SearchAction\",\"target\":{\"@type\":\"EntryPoint\",\"urlTemplate\":\"https:\/\/www.erresse-shop.it\/fr\/?s={search_term_string}\"},\"query-input\":\"required name=search_term_string\"}],\"inLanguage\":\"fr-FR\"}]}<\/script>\n<!-- \/ Yoast SEO Premium plugin. -->","yoast_head_json":{"title":"JOSEPH JOSEPH Glide Max Table \u00e0 repasser verte - Erresse Shop","description":"Compact et mince lorsqu'il est pli\u00e9 Installation rapide et facile, r\u00e9glable en cinq positions de hauteur, de 79 cm (31 pouces) \u00e0 un maximum de 99 cm (39","robots":{"index":"index","follow":"follow","max-snippet":"max-snippet:-1","max-image-preview":"max-image-preview:large","max-video-preview":"max-video-preview:-1"},"canonical":"https:\/\/www.erresse-shop.it\/fr\/shop\/ameublement-maison\/planches-a-repasser\/joseph-joseph-glide-max-plus-table-a-repasser-verte\/","og_locale":"fr_FR","og_type":"article","og_title":"JOSEPH JOSEPH Glide Max Table \u00e0 repasser verte","og_description":"Compact et mince lorsqu'il est pli\u00e9 Installation rapide et facile, r\u00e9glable en cinq positions de hauteur, de 79 cm (31 pouces) \u00e0 un maximum de 99 cm (39","og_url":"https:\/\/www.erresse-shop.it\/fr\/shop\/ameublement-maison\/planches-a-repasser\/joseph-joseph-glide-max-plus-table-a-repasser-verte\/","og_site_name":"Erresse Shop","article_modified_time":"2026-03-24T12:40:08+00:00","og_image":[{"width":1200,"height":1200,"url":"https:\/\/www.erresse-shop.it\/wp-content\/uploads\/2024\/03\/JOSEPH-JOSEPH-Glide-Max-Plus-Asse-da-Stiro-Verde.jpg","type":"image\/jpeg"}],"twitter_card":"summary_large_image","schema":{"@context":"https:\/\/schema.org","@graph":[{"@type":"WebPage","@id":"https:\/\/www.erresse-shop.it\/fr\/shop\/ameublement-maison\/planches-a-repasser\/joseph-joseph-glide-max-plus-table-a-repasser-verte\/","url":"https:\/\/www.erresse-shop.it\/fr\/shop\/ameublement-maison\/planches-a-repasser\/joseph-joseph-glide-max-plus-table-a-repasser-verte\/","name":"JOSEPH JOSEPH Glide Max Table \u00e0 repasser verte - Erresse Shop","isPartOf":{"@id":"https:\/\/www.erresse-shop.it\/fr\/#website"},"datePublished":"2024-03-13T07:51:47+00:00","dateModified":"2026-03-24T12:40:08+00:00","description":"Compact et mince lorsqu'il est pli\u00e9 Installation rapide et facile, r\u00e9glable en cinq positions de hauteur, de 79 cm (31 pouces) \u00e0 un maximum de 99 cm (39","breadcrumb":{"@id":"https:\/\/www.erresse-shop.it\/fr\/shop\/ameublement-maison\/planches-a-repasser\/joseph-joseph-glide-max-plus-table-a-repasser-verte\/#breadcrumb"},"inLanguage":"fr-FR","potentialAction":[{"@type":"ReadAction","target":["https:\/\/www.erresse-shop.it\/fr\/shop\/ameublement-maison\/planches-a-repasser\/joseph-joseph-glide-max-plus-table-a-repasser-verte\/"]}]},{"@type":"BreadcrumbList","@id":"https:\/\/www.erresse-shop.it\/fr\/shop\/ameublement-maison\/planches-a-repasser\/joseph-joseph-glide-max-plus-table-a-repasser-verte\/#breadcrumb","itemListElement":[{"@type":"ListItem","position":1,"name":"Home","item":"https:\/\/www.erresse-shop.it\/fr\/"},{"@type":"ListItem","position":2,"name":"Shop","item":"https:\/\/www.erresse-shop.it\/fr\/shop\/"},{"@type":"ListItem","position":3,"name":"JOSEPH JOSEPH Glide Max Table \u00e0 repasser verte"}]},{"@type":"WebSite","@id":"https:\/\/www.erresse-shop.it\/fr\/#website","url":"https:\/\/www.erresse-shop.it\/fr\/","name":"Erresse Shop","description":"Articoli di qualit\u00e0 per la casa","potentialAction":[{"@type":"SearchAction","target":{"@type":"EntryPoint","urlTemplate":"https:\/\/www.erresse-shop.it\/fr\/?s={search_term_string}"},"query-input":"required name=search_term_string"}],"inLanguage":"fr-FR"}]}},"df_price":109,"df_sale_price":109,"df_regular_price":189.99,"df_image_link":"https:\/\/www.erresse-shop.it\/wp-content\/uploads\/2024\/03\/JOSEPH-JOSEPH-Glide-Max-Plus-Asse-da-Stiro-Verde-300x300.jpg","_links":{"self":[{"href":"https:\/\/www.erresse-shop.it\/fr\/wp-json\/wp\/v2\/product\/396318"}],"collection":[{"href":"https:\/\/www.erresse-shop.it\/fr\/wp-json\/wp\/v2\/product"}],"about":[{"href":"https:\/\/www.erresse-shop.it\/fr\/wp-json\/wp\/v2\/types\/product"}],"wp:featuredmedia":[{"embeddable":true,"href":"https:\/\/www.erresse-shop.it\/fr\/wp-json\/wp\/v2\/media\/488445"}],"wp:attachment":[{"href":"https:\/\/www.erresse-shop.it\/fr\/wp-json\/wp\/v2\/media?parent=396318"}],"wp:term":[{"taxonomy":"product_cat","embeddable":true,"href":"https:\/\/www.erresse-shop.it\/fr\/wp-json\/wp\/v2\/product_cat?post=396318"},{"taxonomy":"product_tag","embeddable":true,"href":"https:\/\/www.erresse-shop.it\/fr\/wp-json\/wp\/v2\/product_tag?post=396318"}],"curies":[{"name":"wp","href":"https:\/\/api.w.org\/{rel}","templated":true}]}}