{"id":396010,"date":"2024-03-12T11:11:40","date_gmt":"2024-03-12T11:11:46","guid":{"rendered":"https:\/\/www.erresse-shop.it\/?post_type=product&#038;p=396010"},"modified":"2024-03-12T11:20:46","modified_gmt":"2024-03-12T11:20:46","slug":"joseph-joseph-collect-4l-gris","status":"publish","type":"product","link":"https:\/\/www.erresse-shop.it\/fr\/shop\/ameublement-maison\/salle-de-bain\/joseph-joseph-collect-4l-gris\/","title":{"rendered":"JOSEPH JOSEPH Collect 4l Gris"},"content":{"rendered":"<p>Cet \u00e9l\u00e9gant conteneur \u00e0 d\u00e9chets alimentaires en acier inoxydable est un objet que vous ne voudrez pas cacher. Dot\u00e9e d&#8217;une large ouverture, elle est \u00e9quip\u00e9e d&#8217;un seau int\u00e9rieur amovible pour faciliter le vidage. Il est \u00e9galement dot\u00e9 d&#8217;un filtre \u00e0 odeurs ventil\u00e9 efficace pour tenir les odeurs d\u00e9sagr\u00e9ables \u00e0 distance, tandis que l&#8217;espace sous le seau int\u00e9rieur permet de ranger un paquet de sacs \u00e0 d\u00e9chets compostables Joseph Joseph IW2 faits sur mesure (disponibles s\u00e9par\u00e9ment).<br \/>\nLe seau int\u00e9rieur est amovible pour faciliter l&#8217;enl\u00e8vement des d\u00e9chets.<br \/>\nLe couvercle rabattable est dot\u00e9 d&#8217;un filtre ventil\u00e9 intelligent qui r\u00e9duit l&#8217;humidit\u00e9 et les odeurs ind\u00e9sirables.<br \/>\nLe design est inclin\u00e9 et l&#8217;ouverture est large pour faciliter le remplissage du conteneur.<br \/>\nUn espace sous le seau int\u00e9rieur permet de ranger un sac \u00e0 d\u00e9chets compostable Joseph Joseph IW2 fait sur mesure.<br \/>\nFinition en acier inoxydable facile \u00e0 nettoyer, durable et \u00e9l\u00e9gante.<\/p>\n<p><b><strong>Entretien et utilisation :<\/strong><\/b><\/p>\n<p>Corps principal et couvercle : nettoyer avec un chiffon doux imbib\u00e9 d&#8217;eau ti\u00e8de et de d\u00e9tergent doux. S\u00e9cher avec un chiffon doux et sec. Ne pas utiliser de chiffons abrasifs ou de nettoyants chimiques agressifs.<\/p>\n<p>Seau : nettoyer avec de l&#8217;eau ti\u00e8de et du savon. Une solution de levure et d&#8217;eau peut \u00e9galement \u00eatre utilis\u00e9e pour aider \u00e0 \u00e9liminer les mauvaises odeurs. S\u00e9chez-le avant de le remettre en place dans l&#8217;appareil.<\/p>\n<p>Filtre \u00e0 odeurs : pour des performances optimales, il est recommand\u00e9 de le remplacer tous les trois mois.<\/p>\n<p><b><strong>Dimensions de<\/strong><\/b> l&#8217;appareil : H20,9 x L30,3 x P17,4 cm (H8 x L12 x P7 pouces)<\/p>\n<p><b><strong>Poids<\/strong><\/b>: 1,7 kg<\/p>\n","protected":false},"excerpt":{"rendered":"<p><\/p>\n","protected":false},"featured_media":455808,"template":"","meta":{"_acf_changed":false,"inline_featured_image":false},"product_cat":[12738,19011],"product_tag":[25026,21223,21222,25021,13485],"acf":[],"yoast_head":"<!-- This site is optimized with the Yoast SEO Premium plugin v18.6 (Yoast SEO v19.13) - https:\/\/yoast.com\/wordpress\/plugins\/seo\/ -->\n<title>JOSEPH JOSEPH Collect 4l Gris - Erresse Shop<\/title>\n<meta name=\"robots\" content=\"index, follow, max-snippet:-1, max-image-preview:large, max-video-preview:-1\" \/>\n<link rel=\"canonical\" href=\"https:\/\/www.erresse-shop.it\/fr\/shop\/ameublement-maison\/salle-de-bain\/joseph-joseph-collect-4l-gris\/\" \/>\n<meta property=\"og:locale\" content=\"fr_FR\" \/>\n<meta property=\"og:type\" content=\"article\" \/>\n<meta property=\"og:title\" content=\"JOSEPH JOSEPH Collect 4l Gris\" \/>\n<meta property=\"og:url\" content=\"https:\/\/www.erresse-shop.it\/fr\/shop\/ameublement-maison\/salle-de-bain\/joseph-joseph-collect-4l-gris\/\" \/>\n<meta property=\"og:site_name\" content=\"Erresse Shop\" \/>\n<meta property=\"article:modified_time\" content=\"2024-03-12T11:20:46+00:00\" \/>\n<meta property=\"og:image\" content=\"https:\/\/www.erresse-shop.it\/wp-content\/uploads\/2024\/03\/JOSEPH-JOSEPH-Collect-4l.jpg\" \/>\n\t<meta property=\"og:image:width\" content=\"800\" \/>\n\t<meta property=\"og:image:height\" content=\"800\" \/>\n\t<meta property=\"og:image:type\" content=\"image\/jpeg\" \/>\n<meta name=\"twitter:card\" content=\"summary_large_image\" \/>\n<script type=\"application\/ld+json\" class=\"yoast-schema-graph\">{\"@context\":\"https:\/\/schema.org\",\"@graph\":[{\"@type\":\"WebPage\",\"@id\":\"https:\/\/www.erresse-shop.it\/fr\/shop\/ameublement-maison\/salle-de-bain\/joseph-joseph-collect-4l-gris\/\",\"url\":\"https:\/\/www.erresse-shop.it\/fr\/shop\/ameublement-maison\/salle-de-bain\/joseph-joseph-collect-4l-gris\/\",\"name\":\"JOSEPH JOSEPH Collect 4l Gris - Erresse Shop\",\"isPartOf\":{\"@id\":\"https:\/\/www.erresse-shop.it\/fr\/#website\"},\"datePublished\":\"2024-03-12T11:11:46+00:00\",\"dateModified\":\"2024-03-12T11:20:46+00:00\",\"breadcrumb\":{\"@id\":\"https:\/\/www.erresse-shop.it\/fr\/shop\/ameublement-maison\/salle-de-bain\/joseph-joseph-collect-4l-gris\/#breadcrumb\"},\"inLanguage\":\"fr-FR\",\"potentialAction\":[{\"@type\":\"ReadAction\",\"target\":[\"https:\/\/www.erresse-shop.it\/fr\/shop\/ameublement-maison\/salle-de-bain\/joseph-joseph-collect-4l-gris\/\"]}]},{\"@type\":\"BreadcrumbList\",\"@id\":\"https:\/\/www.erresse-shop.it\/fr\/shop\/ameublement-maison\/salle-de-bain\/joseph-joseph-collect-4l-gris\/#breadcrumb\",\"itemListElement\":[{\"@type\":\"ListItem\",\"position\":1,\"name\":\"Home\",\"item\":\"https:\/\/www.erresse-shop.it\/fr\/\"},{\"@type\":\"ListItem\",\"position\":2,\"name\":\"Shop\",\"item\":\"https:\/\/www.erresse-shop.it\/fr\/shop\/\"},{\"@type\":\"ListItem\",\"position\":3,\"name\":\"JOSEPH JOSEPH Collect 4l Gris\"}]},{\"@type\":\"WebSite\",\"@id\":\"https:\/\/www.erresse-shop.it\/fr\/#website\",\"url\":\"https:\/\/www.erresse-shop.it\/fr\/\",\"name\":\"Erresse Shop\",\"description\":\"Articoli di qualit\u00e0 per la casa\",\"potentialAction\":[{\"@type\":\"SearchAction\",\"target\":{\"@type\":\"EntryPoint\",\"urlTemplate\":\"https:\/\/www.erresse-shop.it\/fr\/?s={search_term_string}\"},\"query-input\":\"required name=search_term_string\"}],\"inLanguage\":\"fr-FR\"}]}<\/script>\n<!-- \/ Yoast SEO Premium plugin. -->","yoast_head_json":{"title":"JOSEPH JOSEPH Collect 4l Gris - Erresse Shop","robots":{"index":"index","follow":"follow","max-snippet":"max-snippet:-1","max-image-preview":"max-image-preview:large","max-video-preview":"max-video-preview:-1"},"canonical":"https:\/\/www.erresse-shop.it\/fr\/shop\/ameublement-maison\/salle-de-bain\/joseph-joseph-collect-4l-gris\/","og_locale":"fr_FR","og_type":"article","og_title":"JOSEPH JOSEPH Collect 4l Gris","og_url":"https:\/\/www.erresse-shop.it\/fr\/shop\/ameublement-maison\/salle-de-bain\/joseph-joseph-collect-4l-gris\/","og_site_name":"Erresse Shop","article_modified_time":"2024-03-12T11:20:46+00:00","og_image":[{"width":800,"height":800,"url":"https:\/\/www.erresse-shop.it\/wp-content\/uploads\/2024\/03\/JOSEPH-JOSEPH-Collect-4l.jpg","type":"image\/jpeg"}],"twitter_card":"summary_large_image","schema":{"@context":"https:\/\/schema.org","@graph":[{"@type":"WebPage","@id":"https:\/\/www.erresse-shop.it\/fr\/shop\/ameublement-maison\/salle-de-bain\/joseph-joseph-collect-4l-gris\/","url":"https:\/\/www.erresse-shop.it\/fr\/shop\/ameublement-maison\/salle-de-bain\/joseph-joseph-collect-4l-gris\/","name":"JOSEPH JOSEPH Collect 4l Gris - Erresse Shop","isPartOf":{"@id":"https:\/\/www.erresse-shop.it\/fr\/#website"},"datePublished":"2024-03-12T11:11:46+00:00","dateModified":"2024-03-12T11:20:46+00:00","breadcrumb":{"@id":"https:\/\/www.erresse-shop.it\/fr\/shop\/ameublement-maison\/salle-de-bain\/joseph-joseph-collect-4l-gris\/#breadcrumb"},"inLanguage":"fr-FR","potentialAction":[{"@type":"ReadAction","target":["https:\/\/www.erresse-shop.it\/fr\/shop\/ameublement-maison\/salle-de-bain\/joseph-joseph-collect-4l-gris\/"]}]},{"@type":"BreadcrumbList","@id":"https:\/\/www.erresse-shop.it\/fr\/shop\/ameublement-maison\/salle-de-bain\/joseph-joseph-collect-4l-gris\/#breadcrumb","itemListElement":[{"@type":"ListItem","position":1,"name":"Home","item":"https:\/\/www.erresse-shop.it\/fr\/"},{"@type":"ListItem","position":2,"name":"Shop","item":"https:\/\/www.erresse-shop.it\/fr\/shop\/"},{"@type":"ListItem","position":3,"name":"JOSEPH JOSEPH Collect 4l Gris"}]},{"@type":"WebSite","@id":"https:\/\/www.erresse-shop.it\/fr\/#website","url":"https:\/\/www.erresse-shop.it\/fr\/","name":"Erresse Shop","description":"Articoli di qualit\u00e0 per la casa","potentialAction":[{"@type":"SearchAction","target":{"@type":"EntryPoint","urlTemplate":"https:\/\/www.erresse-shop.it\/fr\/?s={search_term_string}"},"query-input":"required name=search_term_string"}],"inLanguage":"fr-FR"}]}},"df_price":44.95,"df_sale_price":44.95,"df_regular_price":54.99,"df_image_link":"https:\/\/www.erresse-shop.it\/wp-content\/uploads\/2024\/03\/Joseph-joseph-collect-4l-grigio-300x300.jpg","_links":{"self":[{"href":"https:\/\/www.erresse-shop.it\/fr\/wp-json\/wp\/v2\/product\/396010"}],"collection":[{"href":"https:\/\/www.erresse-shop.it\/fr\/wp-json\/wp\/v2\/product"}],"about":[{"href":"https:\/\/www.erresse-shop.it\/fr\/wp-json\/wp\/v2\/types\/product"}],"wp:featuredmedia":[{"embeddable":true,"href":"https:\/\/www.erresse-shop.it\/fr\/wp-json\/wp\/v2\/media\/455808"}],"wp:attachment":[{"href":"https:\/\/www.erresse-shop.it\/fr\/wp-json\/wp\/v2\/media?parent=396010"}],"wp:term":[{"taxonomy":"product_cat","embeddable":true,"href":"https:\/\/www.erresse-shop.it\/fr\/wp-json\/wp\/v2\/product_cat?post=396010"},{"taxonomy":"product_tag","embeddable":true,"href":"https:\/\/www.erresse-shop.it\/fr\/wp-json\/wp\/v2\/product_tag?post=396010"}],"curies":[{"name":"wp","href":"https:\/\/api.w.org\/{rel}","templated":true}]}}