{"id":395789,"date":"2024-03-12T09:40:52","date_gmt":"2024-03-12T09:40:56","guid":{"rendered":"https:\/\/www.erresse-shop.it\/?post_type=product&#038;p=395789"},"modified":"2024-12-18T18:13:41","modified_gmt":"2024-12-18T18:13:41","slug":"le-creuset-faitout-en-fonte-petal-26-cm-rose","status":"publish","type":"product","link":"https:\/\/www.erresse-shop.it\/fr\/shop\/poeles-pots\/sauteuses-et-faitout\/le-creuset-faitout-en-fonte-petal-26-cm-rose\/","title":{"rendered":"LE CREUSET Faitout en Fonte Petal 26 cm Rose"},"content":{"rendered":"<p>Inspir\u00e9e de la fleur d&#8217;an\u00e9mone fran\u00e7aise, la d\u00e9coration r\u00e9aliste et d\u00e9licate des p\u00e9tales sur le couvercle de cette casserole polyvalente t\u00e9moigne de notre savoir-faire exceptionnel. Les poign\u00e9es assurent une bonne prise en main, tandis que le bouton au centre des p\u00e9tales n&#8217;est pas seulement une touche d&#8217;\u00e9l\u00e9gance, mais il va aussi au four jusqu&#8217;\u00e0 260 \u00b0C.<\/p>\n<p><b><strong>Dimensions de la po\u00eale :<\/strong><\/b><\/p>\n<ul>\n<li>Capacit\u00e9 : 2,2 L<\/li>\n<li>Longueur : 33,9 cm<\/li>\n<li>Largeur : 27,4 cm<\/li>\n<li>Hauteur : 9,8 cm<\/li>\n<li>Profondeur : 4,8 cm<\/li>\n<\/ul>\n<p><b><strong>Source de chaleur :<\/strong><\/b><\/p>\n<ul>\n<li>Four<\/li>\n<li>Mode gril du four<\/li>\n<li>Table de cuisson \u00e9lectrique<\/li>\n<li>vitroc\u00e9ramique<\/li>\n<li>Table de cuisson \u00e0 gaz<\/li>\n<li>Plaque \u00e0 induction<\/li>\n<\/ul>\n<p><b><strong>Nettoyage et entretien :<\/strong><\/b><\/p>\n<ul>\n<li>Attendez que le produit refroidisse avant de commencer \u00e0 le nettoyer.<\/li>\n<li>Nettoyez les restes de nourriture sur la base et les c\u00f4t\u00e9s de l&#8217;appareil. Si des aliments sont coll\u00e9s, remplissez l&#8217;appareil d&#8217;eau chaude savonneuse et laissez-le tremper pendant 15 \u00e0 20 minutes avant de le laver comme d&#8217;habitude.<\/li>\n<li>N&#8217;utilisez pas de nettoyants abrasifs ni d&#8217;\u00e9ponges ou de brosses m\u00e9talliques tr\u00e8s rigides sur les surfaces.<\/li>\n<li>S\u00e9chez bien le produit apr\u00e8s l&#8217;avoir lav\u00e9 et conservez-le dans un endroit sec.<\/li>\n<\/ul>\n","protected":false},"excerpt":{"rendered":"<p>Inspir\u00e9e de la fleur d&#8217;an\u00e9mone fran\u00e7aise, la d\u00e9coration r\u00e9aliste et d\u00e9licate des p\u00e9tales sur le couvercle de cette casserole polyvalente<\/p>\n","protected":false},"featured_media":395824,"template":"","meta":{"_acf_changed":false,"inline_featured_image":false},"product_cat":[12458,14797],"product_tag":[12994,12460,12461,12465,12466,22126,12468,12469],"acf":[],"yoast_head":"<!-- This site is optimized with the Yoast SEO Premium plugin v18.6 (Yoast SEO v19.13) - https:\/\/yoast.com\/wordpress\/plugins\/seo\/ -->\n<title>LE CREUSET Faitout en Fonte Petal 26 cm Rose - Erresse Shop<\/title>\n<meta name=\"description\" content=\"Inspir\u00e9e de la fleur d&#039;an\u00e9mone fran\u00e7aise, la d\u00e9coration r\u00e9aliste et d\u00e9licate des p\u00e9tales sur le couvercle de cette casserole polyvalente t\u00e9moigne de notre\" \/>\n<meta name=\"robots\" content=\"index, follow, max-snippet:-1, max-image-preview:large, max-video-preview:-1\" \/>\n<link rel=\"canonical\" href=\"https:\/\/www.erresse-shop.it\/fr\/shop\/poeles-pots\/sauteuses-et-faitout\/le-creuset-faitout-en-fonte-petal-26-cm-rose\/\" \/>\n<meta property=\"og:locale\" content=\"fr_FR\" \/>\n<meta property=\"og:type\" content=\"article\" \/>\n<meta property=\"og:title\" content=\"LE CREUSET Faitout en Fonte Petal 26 cm Rose\" \/>\n<meta property=\"og:description\" content=\"Inspir\u00e9e de la fleur d&#039;an\u00e9mone fran\u00e7aise, la d\u00e9coration r\u00e9aliste et d\u00e9licate des p\u00e9tales sur le couvercle de cette casserole polyvalente t\u00e9moigne de notre\" \/>\n<meta property=\"og:url\" content=\"https:\/\/www.erresse-shop.it\/fr\/shop\/poeles-pots\/sauteuses-et-faitout\/le-creuset-faitout-en-fonte-petal-26-cm-rose\/\" \/>\n<meta property=\"og:site_name\" content=\"Erresse Shop\" \/>\n<meta property=\"article:modified_time\" content=\"2024-12-18T18:13:41+00:00\" \/>\n<meta property=\"og:image\" content=\"https:\/\/www.erresse-shop.it\/wp-content\/uploads\/2024\/03\/Le-creuset-petalo-rosa-3.jpg\" \/>\n\t<meta property=\"og:image:width\" content=\"800\" \/>\n\t<meta property=\"og:image:height\" content=\"800\" \/>\n\t<meta property=\"og:image:type\" content=\"image\/jpeg\" \/>\n<meta name=\"twitter:card\" content=\"summary_large_image\" \/>\n<script type=\"application\/ld+json\" class=\"yoast-schema-graph\">{\"@context\":\"https:\/\/schema.org\",\"@graph\":[{\"@type\":\"WebPage\",\"@id\":\"https:\/\/www.erresse-shop.it\/fr\/shop\/poeles-pots\/sauteuses-et-faitout\/le-creuset-faitout-en-fonte-petal-26-cm-rose\/\",\"url\":\"https:\/\/www.erresse-shop.it\/fr\/shop\/poeles-pots\/sauteuses-et-faitout\/le-creuset-faitout-en-fonte-petal-26-cm-rose\/\",\"name\":\"LE CREUSET Faitout en Fonte Petal 26 cm Rose - Erresse Shop\",\"isPartOf\":{\"@id\":\"https:\/\/www.erresse-shop.it\/fr\/#website\"},\"datePublished\":\"2024-03-12T09:40:56+00:00\",\"dateModified\":\"2024-12-18T18:13:41+00:00\",\"description\":\"Inspir\u00e9e de la fleur d'an\u00e9mone fran\u00e7aise, la d\u00e9coration r\u00e9aliste et d\u00e9licate des p\u00e9tales sur le couvercle de cette casserole polyvalente t\u00e9moigne de notre\",\"breadcrumb\":{\"@id\":\"https:\/\/www.erresse-shop.it\/fr\/shop\/poeles-pots\/sauteuses-et-faitout\/le-creuset-faitout-en-fonte-petal-26-cm-rose\/#breadcrumb\"},\"inLanguage\":\"fr-FR\",\"potentialAction\":[{\"@type\":\"ReadAction\",\"target\":[\"https:\/\/www.erresse-shop.it\/fr\/shop\/poeles-pots\/sauteuses-et-faitout\/le-creuset-faitout-en-fonte-petal-26-cm-rose\/\"]}]},{\"@type\":\"BreadcrumbList\",\"@id\":\"https:\/\/www.erresse-shop.it\/fr\/shop\/poeles-pots\/sauteuses-et-faitout\/le-creuset-faitout-en-fonte-petal-26-cm-rose\/#breadcrumb\",\"itemListElement\":[{\"@type\":\"ListItem\",\"position\":1,\"name\":\"Home\",\"item\":\"https:\/\/www.erresse-shop.it\/fr\/\"},{\"@type\":\"ListItem\",\"position\":2,\"name\":\"Shop\",\"item\":\"https:\/\/www.erresse-shop.it\/fr\/shop\/\"},{\"@type\":\"ListItem\",\"position\":3,\"name\":\"LE CREUSET Faitout en Fonte Petal 26 cm Rose\"}]},{\"@type\":\"WebSite\",\"@id\":\"https:\/\/www.erresse-shop.it\/fr\/#website\",\"url\":\"https:\/\/www.erresse-shop.it\/fr\/\",\"name\":\"Erresse Shop\",\"description\":\"Articoli di qualit\u00e0 per la casa\",\"potentialAction\":[{\"@type\":\"SearchAction\",\"target\":{\"@type\":\"EntryPoint\",\"urlTemplate\":\"https:\/\/www.erresse-shop.it\/fr\/?s={search_term_string}\"},\"query-input\":\"required name=search_term_string\"}],\"inLanguage\":\"fr-FR\"}]}<\/script>\n<!-- \/ Yoast SEO Premium plugin. -->","yoast_head_json":{"title":"LE CREUSET Faitout en Fonte Petal 26 cm Rose - Erresse Shop","description":"Inspir\u00e9e de la fleur d'an\u00e9mone fran\u00e7aise, la d\u00e9coration r\u00e9aliste et d\u00e9licate des p\u00e9tales sur le couvercle de cette casserole polyvalente t\u00e9moigne de notre","robots":{"index":"index","follow":"follow","max-snippet":"max-snippet:-1","max-image-preview":"max-image-preview:large","max-video-preview":"max-video-preview:-1"},"canonical":"https:\/\/www.erresse-shop.it\/fr\/shop\/poeles-pots\/sauteuses-et-faitout\/le-creuset-faitout-en-fonte-petal-26-cm-rose\/","og_locale":"fr_FR","og_type":"article","og_title":"LE CREUSET Faitout en Fonte Petal 26 cm Rose","og_description":"Inspir\u00e9e de la fleur d'an\u00e9mone fran\u00e7aise, la d\u00e9coration r\u00e9aliste et d\u00e9licate des p\u00e9tales sur le couvercle de cette casserole polyvalente t\u00e9moigne de notre","og_url":"https:\/\/www.erresse-shop.it\/fr\/shop\/poeles-pots\/sauteuses-et-faitout\/le-creuset-faitout-en-fonte-petal-26-cm-rose\/","og_site_name":"Erresse Shop","article_modified_time":"2024-12-18T18:13:41+00:00","og_image":[{"width":800,"height":800,"url":"https:\/\/www.erresse-shop.it\/wp-content\/uploads\/2024\/03\/Le-creuset-petalo-rosa-3.jpg","type":"image\/jpeg"}],"twitter_card":"summary_large_image","schema":{"@context":"https:\/\/schema.org","@graph":[{"@type":"WebPage","@id":"https:\/\/www.erresse-shop.it\/fr\/shop\/poeles-pots\/sauteuses-et-faitout\/le-creuset-faitout-en-fonte-petal-26-cm-rose\/","url":"https:\/\/www.erresse-shop.it\/fr\/shop\/poeles-pots\/sauteuses-et-faitout\/le-creuset-faitout-en-fonte-petal-26-cm-rose\/","name":"LE CREUSET Faitout en Fonte Petal 26 cm Rose - Erresse Shop","isPartOf":{"@id":"https:\/\/www.erresse-shop.it\/fr\/#website"},"datePublished":"2024-03-12T09:40:56+00:00","dateModified":"2024-12-18T18:13:41+00:00","description":"Inspir\u00e9e de la fleur d'an\u00e9mone fran\u00e7aise, la d\u00e9coration r\u00e9aliste et d\u00e9licate des p\u00e9tales sur le couvercle de cette casserole polyvalente t\u00e9moigne de notre","breadcrumb":{"@id":"https:\/\/www.erresse-shop.it\/fr\/shop\/poeles-pots\/sauteuses-et-faitout\/le-creuset-faitout-en-fonte-petal-26-cm-rose\/#breadcrumb"},"inLanguage":"fr-FR","potentialAction":[{"@type":"ReadAction","target":["https:\/\/www.erresse-shop.it\/fr\/shop\/poeles-pots\/sauteuses-et-faitout\/le-creuset-faitout-en-fonte-petal-26-cm-rose\/"]}]},{"@type":"BreadcrumbList","@id":"https:\/\/www.erresse-shop.it\/fr\/shop\/poeles-pots\/sauteuses-et-faitout\/le-creuset-faitout-en-fonte-petal-26-cm-rose\/#breadcrumb","itemListElement":[{"@type":"ListItem","position":1,"name":"Home","item":"https:\/\/www.erresse-shop.it\/fr\/"},{"@type":"ListItem","position":2,"name":"Shop","item":"https:\/\/www.erresse-shop.it\/fr\/shop\/"},{"@type":"ListItem","position":3,"name":"LE CREUSET Faitout en Fonte Petal 26 cm Rose"}]},{"@type":"WebSite","@id":"https:\/\/www.erresse-shop.it\/fr\/#website","url":"https:\/\/www.erresse-shop.it\/fr\/","name":"Erresse Shop","description":"Articoli di qualit\u00e0 per la casa","potentialAction":[{"@type":"SearchAction","target":{"@type":"EntryPoint","urlTemplate":"https:\/\/www.erresse-shop.it\/fr\/?s={search_term_string}"},"query-input":"required name=search_term_string"}],"inLanguage":"fr-FR"}]}},"df_price":148.05,"df_sale_price":148.05,"df_regular_price":329,"df_image_link":"https:\/\/www.erresse-shop.it\/wp-content\/uploads\/2024\/03\/Le-creuset-petalo-rosa-3-300x300.jpg","_links":{"self":[{"href":"https:\/\/www.erresse-shop.it\/fr\/wp-json\/wp\/v2\/product\/395789"}],"collection":[{"href":"https:\/\/www.erresse-shop.it\/fr\/wp-json\/wp\/v2\/product"}],"about":[{"href":"https:\/\/www.erresse-shop.it\/fr\/wp-json\/wp\/v2\/types\/product"}],"wp:featuredmedia":[{"embeddable":true,"href":"https:\/\/www.erresse-shop.it\/fr\/wp-json\/wp\/v2\/media\/395824"}],"wp:attachment":[{"href":"https:\/\/www.erresse-shop.it\/fr\/wp-json\/wp\/v2\/media?parent=395789"}],"wp:term":[{"taxonomy":"product_cat","embeddable":true,"href":"https:\/\/www.erresse-shop.it\/fr\/wp-json\/wp\/v2\/product_cat?post=395789"},{"taxonomy":"product_tag","embeddable":true,"href":"https:\/\/www.erresse-shop.it\/fr\/wp-json\/wp\/v2\/product_tag?post=395789"}],"curies":[{"name":"wp","href":"https:\/\/api.w.org\/{rel}","templated":true}]}}