{"id":395757,"date":"2024-03-12T09:23:26","date_gmt":"2024-03-12T09:23:31","guid":{"rendered":"https:\/\/www.erresse-shop.it\/?post_type=product&#038;p=395757"},"modified":"2025-03-16T19:10:11","modified_gmt":"2025-03-16T19:10:11","slug":"joseph-joseph-j-lawes-table-a-repasser-pliante","status":"publish","type":"product","link":"https:\/\/www.erresse-shop.it\/fr\/shop\/ameublement-maison\/planches-a-repasser\/joseph-joseph-j-lawes-table-a-repasser-pliante\/","title":{"rendered":"JOSEPH JOSEPH J Lawes Table \u00e0 repasser pliante"},"content":{"rendered":"<p>La collection Joseph Joseph x Jonathan Lawes associe une blanchisserie innovante \u00e0 un design personnalis\u00e9.<\/p>\n<p>Pliage compact.<\/p>\n<p>Compartiment de rangement int\u00e9gr\u00e9 pour le fer \u00e0 repasser.<\/p>\n<p>Crochet de suspension s\u00e9par\u00e9 inclus pour un rangement facile.<\/p>\n<p>Doublure 100% coton facile \u00e0 changer avec sous-couche rembourr\u00e9e.<\/p>\n<p>Grande surface de repassage.<\/p>\n<p><b><strong>Entretien et utilisation :<\/strong><\/b><\/p>\n<p>Fixation murale : un support, des vis et des chevilles sont fournis pour fixer Pocket sur une surface appropri\u00e9e.<\/p>\n<p>Doublure : nettoyer uniquement avec un chiffon, ne pas laver en machine.<\/p>\n<p>Cadre : nettoyer avec un chiffon humide, ne pas utiliser de chiffons abrasifs ou de nettoyants chimiques agressifs.<\/p>\n<p>Attention : laissez le fer \u00e0 repasser refroidir \u00e0 temp\u00e9rature ambiante avant de le ranger dans le compartiment de rangement.<\/p>\n<p>Assurez-vous que la housse est s\u00e8che avant de la plier et de la ranger.<\/p>\n<p>Tenir les enfants \u00e0 l&#8217;\u00e9cart de la planche \u00e0 repasser pendant son utilisation et la ranger en toute s\u00e9curit\u00e9 apr\u00e8s l&#8217;avoir utilis\u00e9e.<\/p>\n<p>Le cadre est garanti 5 ans contre les d\u00e9fauts de fabrication, tous les d\u00e9tails sont disponibles sur notre page de garantie ici, toutes les autres pi\u00e8ces sont garanties 2 ans.<\/p>\n<p>Fer \u00e0 repasser non inclus<\/p>\n<p>Retrouvez la vid\u00e9o compl\u00e8te sur le remplacement de la housse ici<\/p>\n<p>Le livret d&#8217;instructions complet est disponible ici<\/p>\n<p><b><strong>Dimensions de<\/strong><\/b> l&#8217;appareil :<\/p>\n<p>Ferm\u00e9 : H45.5 x W34 x D15.5 cm (H18 x W13\u00bd x D6\u00bc inches)<\/p>\n<p>Surface de repassage : H90 x W33 cm (H35\u00bd x W13 pouces)<\/p>\n<p>Lorsqu&#8217;elle est ouverte, la surface de repassage se trouve \u00e0 11 cm du plateau de la table.<\/p>\n<p><b><strong>Poids<\/strong><\/b>: 2,62 kg<\/p>\n","protected":false},"excerpt":{"rendered":"<p><\/p>\n","protected":false},"featured_media":443127,"template":"","meta":{"_acf_changed":false,"inline_featured_image":false},"product_cat":[12738,18095],"product_tag":[25026],"acf":[],"yoast_head":"<!-- This site is optimized with the Yoast SEO Premium plugin v18.6 (Yoast SEO v19.13) - https:\/\/yoast.com\/wordpress\/plugins\/seo\/ -->\n<title>JOSEPH JOSEPH J Lawes Table \u00e0 repasser pliante - Erresse Shop<\/title>\n<meta name=\"robots\" content=\"index, follow, max-snippet:-1, max-image-preview:large, max-video-preview:-1\" \/>\n<link rel=\"canonical\" href=\"https:\/\/www.erresse-shop.it\/fr\/shop\/ameublement-maison\/planches-a-repasser\/joseph-joseph-j-lawes-table-a-repasser-pliante\/\" \/>\n<meta property=\"og:locale\" content=\"fr_FR\" \/>\n<meta property=\"og:type\" content=\"article\" \/>\n<meta property=\"og:title\" content=\"JOSEPH JOSEPH J Lawes Table \u00e0 repasser pliante\" \/>\n<meta property=\"og:url\" content=\"https:\/\/www.erresse-shop.it\/fr\/shop\/ameublement-maison\/planches-a-repasser\/joseph-joseph-j-lawes-table-a-repasser-pliante\/\" \/>\n<meta property=\"og:site_name\" content=\"Erresse Shop\" \/>\n<meta property=\"article:modified_time\" content=\"2025-03-16T19:10:11+00:00\" \/>\n<meta property=\"og:image\" content=\"https:\/\/www.erresse-shop.it\/wp-content\/uploads\/2024\/03\/JOSEPH-JOSEPH-Asse-da-Stiro-Pieghevole-J-Lawes.jpg\" \/>\n\t<meta property=\"og:image:width\" content=\"1200\" \/>\n\t<meta property=\"og:image:height\" content=\"1200\" \/>\n\t<meta property=\"og:image:type\" content=\"image\/jpeg\" \/>\n<meta name=\"twitter:card\" content=\"summary_large_image\" \/>\n<script type=\"application\/ld+json\" class=\"yoast-schema-graph\">{\"@context\":\"https:\/\/schema.org\",\"@graph\":[{\"@type\":\"WebPage\",\"@id\":\"https:\/\/www.erresse-shop.it\/fr\/shop\/ameublement-maison\/planches-a-repasser\/joseph-joseph-j-lawes-table-a-repasser-pliante\/\",\"url\":\"https:\/\/www.erresse-shop.it\/fr\/shop\/ameublement-maison\/planches-a-repasser\/joseph-joseph-j-lawes-table-a-repasser-pliante\/\",\"name\":\"JOSEPH JOSEPH J Lawes Table \u00e0 repasser pliante - Erresse Shop\",\"isPartOf\":{\"@id\":\"https:\/\/www.erresse-shop.it\/fr\/#website\"},\"datePublished\":\"2024-03-12T09:23:31+00:00\",\"dateModified\":\"2025-03-16T19:10:11+00:00\",\"breadcrumb\":{\"@id\":\"https:\/\/www.erresse-shop.it\/fr\/shop\/ameublement-maison\/planches-a-repasser\/joseph-joseph-j-lawes-table-a-repasser-pliante\/#breadcrumb\"},\"inLanguage\":\"fr-FR\",\"potentialAction\":[{\"@type\":\"ReadAction\",\"target\":[\"https:\/\/www.erresse-shop.it\/fr\/shop\/ameublement-maison\/planches-a-repasser\/joseph-joseph-j-lawes-table-a-repasser-pliante\/\"]}]},{\"@type\":\"BreadcrumbList\",\"@id\":\"https:\/\/www.erresse-shop.it\/fr\/shop\/ameublement-maison\/planches-a-repasser\/joseph-joseph-j-lawes-table-a-repasser-pliante\/#breadcrumb\",\"itemListElement\":[{\"@type\":\"ListItem\",\"position\":1,\"name\":\"Home\",\"item\":\"https:\/\/www.erresse-shop.it\/fr\/\"},{\"@type\":\"ListItem\",\"position\":2,\"name\":\"Shop\",\"item\":\"https:\/\/www.erresse-shop.it\/fr\/shop\/\"},{\"@type\":\"ListItem\",\"position\":3,\"name\":\"JOSEPH JOSEPH J Lawes Table \u00e0 repasser pliante\"}]},{\"@type\":\"WebSite\",\"@id\":\"https:\/\/www.erresse-shop.it\/fr\/#website\",\"url\":\"https:\/\/www.erresse-shop.it\/fr\/\",\"name\":\"Erresse Shop\",\"description\":\"Articoli di qualit\u00e0 per la casa\",\"potentialAction\":[{\"@type\":\"SearchAction\",\"target\":{\"@type\":\"EntryPoint\",\"urlTemplate\":\"https:\/\/www.erresse-shop.it\/fr\/?s={search_term_string}\"},\"query-input\":\"required name=search_term_string\"}],\"inLanguage\":\"fr-FR\"}]}<\/script>\n<!-- \/ Yoast SEO Premium plugin. -->","yoast_head_json":{"title":"JOSEPH JOSEPH J Lawes Table \u00e0 repasser pliante - Erresse Shop","robots":{"index":"index","follow":"follow","max-snippet":"max-snippet:-1","max-image-preview":"max-image-preview:large","max-video-preview":"max-video-preview:-1"},"canonical":"https:\/\/www.erresse-shop.it\/fr\/shop\/ameublement-maison\/planches-a-repasser\/joseph-joseph-j-lawes-table-a-repasser-pliante\/","og_locale":"fr_FR","og_type":"article","og_title":"JOSEPH JOSEPH J Lawes Table \u00e0 repasser pliante","og_url":"https:\/\/www.erresse-shop.it\/fr\/shop\/ameublement-maison\/planches-a-repasser\/joseph-joseph-j-lawes-table-a-repasser-pliante\/","og_site_name":"Erresse Shop","article_modified_time":"2025-03-16T19:10:11+00:00","og_image":[{"width":1200,"height":1200,"url":"https:\/\/www.erresse-shop.it\/wp-content\/uploads\/2024\/03\/JOSEPH-JOSEPH-Asse-da-Stiro-Pieghevole-J-Lawes.jpg","type":"image\/jpeg"}],"twitter_card":"summary_large_image","schema":{"@context":"https:\/\/schema.org","@graph":[{"@type":"WebPage","@id":"https:\/\/www.erresse-shop.it\/fr\/shop\/ameublement-maison\/planches-a-repasser\/joseph-joseph-j-lawes-table-a-repasser-pliante\/","url":"https:\/\/www.erresse-shop.it\/fr\/shop\/ameublement-maison\/planches-a-repasser\/joseph-joseph-j-lawes-table-a-repasser-pliante\/","name":"JOSEPH JOSEPH J Lawes Table \u00e0 repasser pliante - Erresse Shop","isPartOf":{"@id":"https:\/\/www.erresse-shop.it\/fr\/#website"},"datePublished":"2024-03-12T09:23:31+00:00","dateModified":"2025-03-16T19:10:11+00:00","breadcrumb":{"@id":"https:\/\/www.erresse-shop.it\/fr\/shop\/ameublement-maison\/planches-a-repasser\/joseph-joseph-j-lawes-table-a-repasser-pliante\/#breadcrumb"},"inLanguage":"fr-FR","potentialAction":[{"@type":"ReadAction","target":["https:\/\/www.erresse-shop.it\/fr\/shop\/ameublement-maison\/planches-a-repasser\/joseph-joseph-j-lawes-table-a-repasser-pliante\/"]}]},{"@type":"BreadcrumbList","@id":"https:\/\/www.erresse-shop.it\/fr\/shop\/ameublement-maison\/planches-a-repasser\/joseph-joseph-j-lawes-table-a-repasser-pliante\/#breadcrumb","itemListElement":[{"@type":"ListItem","position":1,"name":"Home","item":"https:\/\/www.erresse-shop.it\/fr\/"},{"@type":"ListItem","position":2,"name":"Shop","item":"https:\/\/www.erresse-shop.it\/fr\/shop\/"},{"@type":"ListItem","position":3,"name":"JOSEPH JOSEPH J Lawes Table \u00e0 repasser pliante"}]},{"@type":"WebSite","@id":"https:\/\/www.erresse-shop.it\/fr\/#website","url":"https:\/\/www.erresse-shop.it\/fr\/","name":"Erresse Shop","description":"Articoli di qualit\u00e0 per la casa","potentialAction":[{"@type":"SearchAction","target":{"@type":"EntryPoint","urlTemplate":"https:\/\/www.erresse-shop.it\/fr\/?s={search_term_string}"},"query-input":"required name=search_term_string"}],"inLanguage":"fr-FR"}]}},"df_price":79.95,"df_sale_price":79.95,"df_regular_price":99.99,"df_image_link":"https:\/\/www.erresse-shop.it\/wp-content\/uploads\/2024\/03\/JOSEPH-JOSEPH-Asse-da-Stiro-Pieghevole-J-Lawes-300x300.jpg","_links":{"self":[{"href":"https:\/\/www.erresse-shop.it\/fr\/wp-json\/wp\/v2\/product\/395757"}],"collection":[{"href":"https:\/\/www.erresse-shop.it\/fr\/wp-json\/wp\/v2\/product"}],"about":[{"href":"https:\/\/www.erresse-shop.it\/fr\/wp-json\/wp\/v2\/types\/product"}],"wp:featuredmedia":[{"embeddable":true,"href":"https:\/\/www.erresse-shop.it\/fr\/wp-json\/wp\/v2\/media\/443127"}],"wp:attachment":[{"href":"https:\/\/www.erresse-shop.it\/fr\/wp-json\/wp\/v2\/media?parent=395757"}],"wp:term":[{"taxonomy":"product_cat","embeddable":true,"href":"https:\/\/www.erresse-shop.it\/fr\/wp-json\/wp\/v2\/product_cat?post=395757"},{"taxonomy":"product_tag","embeddable":true,"href":"https:\/\/www.erresse-shop.it\/fr\/wp-json\/wp\/v2\/product_tag?post=395757"}],"curies":[{"name":"wp","href":"https:\/\/api.w.org\/{rel}","templated":true}]}}