{"id":395713,"date":"2024-03-12T09:00:32","date_gmt":"2024-03-12T09:00:37","guid":{"rendered":"https:\/\/www.erresse-shop.it\/?post_type=product&#038;p=395713"},"modified":"2025-03-03T23:00:07","modified_gmt":"2025-03-03T23:00:07","slug":"joseph-joseph-tota-panier-a-linge-rigide-90l-j-lawes","status":"publish","type":"product","link":"https:\/\/www.erresse-shop.it\/fr\/shop\/ameublement-maison\/salle-de-bain\/joseph-joseph-tota-panier-a-linge-rigide-90l-j-lawes\/","title":{"rendered":"JOSEPH JOSEPH Tota Panier \u00e0 linge rigide 90l J Lawes"},"content":{"rendered":"<p>La blanchisserie innovante rencontre le design personnalis\u00e9 dans la collection Joseph Joseph x Jonathan Lawes.<\/p>\n<p>Deux compartiments de 45 litres permettent de s\u00e9parer facilement les tissus.<\/p>\n<p>Des sacs amovibles munis de poign\u00e9es facilitent le transport du linge dans la machine \u00e0 laver.<\/p>\n<p>Des poign\u00e9es \u00e0 la base des sacs facilitent leur vidage.<\/p>\n<p>Les sacs se rangent proprement dans le panier \u00e0 linge, ce qui facilite leur retour.<\/p>\n<p>Le couvercle dissimule le linge sale \u00e0 la vue de tous, ce qui permet de garder la maison plus propre.<\/p>\n<p>Le design peu encombrant est parfait pour les chambres \u00e0 coucher, les salles de bains ou les buanderies.<\/p>\n<p>Livr\u00e9 d\u00e9mont\u00e9 avec des instructions de montage.<\/p>\n<p><b><strong>Entretien et utilisation :<\/strong><\/b><\/p>\n<p>Sacs fourre-tout : lavables en machine, voir les instructions sur l&#8217;\u00e9tiquette du produit, retirer la doublure en plastique avant le lavage.<\/p>\n<p>Ext\u00e9rieur du tissu : nettoyer uniquement avec un chiffon, ne pas laver en machine.<\/p>\n<p>Couvercle, bords et cadre : nettoyer avec un chiffon humide.<\/p>\n<p>Attention : ne pas s&#8217;asseoir ou placer d&#8217;objets lourds sur le panier.<\/p>\n<p>Ne pas laisser les enfants jouer avec le panier<\/p>\n<p>L&#8217;assemblage par l&#8217;utilisateur est n\u00e9cessaire : retrouvez la vid\u00e9o compl\u00e8te avec les instructions d&#8217;assemblage ici<\/p>\n<p>Retrouvez le livret d&#8217;instructions complet ici<\/p>\n<p><b><strong>Dimensions de<\/strong><\/b> la corbeille : H71 x L56 x P39.5 cm (H28 x W22\u00bc x D15\u00be inches)<\/p>\n","protected":false},"excerpt":{"rendered":"<p><\/p>\n","protected":false},"featured_media":395748,"template":"","meta":{"_acf_changed":false,"inline_featured_image":false},"product_cat":[12738,19011],"product_tag":[25026,21223,25021,18472,21366,13485,21368,21365],"acf":[],"yoast_head":"<!-- This site is optimized with the Yoast SEO Premium plugin v18.6 (Yoast SEO v19.13) - https:\/\/yoast.com\/wordpress\/plugins\/seo\/ -->\n<title>JOSEPH JOSEPH Tota Panier \u00e0 linge rigide 90l J Lawes - Erresse Shop<\/title>\n<meta name=\"robots\" content=\"index, follow, max-snippet:-1, max-image-preview:large, max-video-preview:-1\" \/>\n<link rel=\"canonical\" href=\"https:\/\/www.erresse-shop.it\/fr\/shop\/ameublement-maison\/salle-de-bain\/joseph-joseph-tota-panier-a-linge-rigide-90l-j-lawes\/\" \/>\n<meta property=\"og:locale\" content=\"fr_FR\" \/>\n<meta property=\"og:type\" content=\"article\" \/>\n<meta property=\"og:title\" content=\"JOSEPH JOSEPH Tota Panier \u00e0 linge rigide 90l J Lawes\" \/>\n<meta property=\"og:url\" content=\"https:\/\/www.erresse-shop.it\/fr\/shop\/ameublement-maison\/salle-de-bain\/joseph-joseph-tota-panier-a-linge-rigide-90l-j-lawes\/\" \/>\n<meta property=\"og:site_name\" content=\"Erresse Shop\" \/>\n<meta property=\"article:modified_time\" content=\"2025-03-03T23:00:07+00:00\" \/>\n<meta property=\"og:image\" content=\"https:\/\/www.erresse-shop.it\/wp-content\/uploads\/2024\/03\/Joseph-Joseph-cesta-biancheria-rigido-j-lawes-4.jpg\" \/>\n\t<meta property=\"og:image:width\" content=\"800\" \/>\n\t<meta property=\"og:image:height\" content=\"800\" \/>\n\t<meta property=\"og:image:type\" content=\"image\/jpeg\" \/>\n<meta name=\"twitter:card\" content=\"summary_large_image\" \/>\n<script type=\"application\/ld+json\" class=\"yoast-schema-graph\">{\"@context\":\"https:\/\/schema.org\",\"@graph\":[{\"@type\":\"WebPage\",\"@id\":\"https:\/\/www.erresse-shop.it\/fr\/shop\/ameublement-maison\/salle-de-bain\/joseph-joseph-tota-panier-a-linge-rigide-90l-j-lawes\/\",\"url\":\"https:\/\/www.erresse-shop.it\/fr\/shop\/ameublement-maison\/salle-de-bain\/joseph-joseph-tota-panier-a-linge-rigide-90l-j-lawes\/\",\"name\":\"JOSEPH JOSEPH Tota Panier \u00e0 linge rigide 90l J Lawes - Erresse Shop\",\"isPartOf\":{\"@id\":\"https:\/\/www.erresse-shop.it\/fr\/#website\"},\"datePublished\":\"2024-03-12T09:00:37+00:00\",\"dateModified\":\"2025-03-03T23:00:07+00:00\",\"breadcrumb\":{\"@id\":\"https:\/\/www.erresse-shop.it\/fr\/shop\/ameublement-maison\/salle-de-bain\/joseph-joseph-tota-panier-a-linge-rigide-90l-j-lawes\/#breadcrumb\"},\"inLanguage\":\"fr-FR\",\"potentialAction\":[{\"@type\":\"ReadAction\",\"target\":[\"https:\/\/www.erresse-shop.it\/fr\/shop\/ameublement-maison\/salle-de-bain\/joseph-joseph-tota-panier-a-linge-rigide-90l-j-lawes\/\"]}]},{\"@type\":\"BreadcrumbList\",\"@id\":\"https:\/\/www.erresse-shop.it\/fr\/shop\/ameublement-maison\/salle-de-bain\/joseph-joseph-tota-panier-a-linge-rigide-90l-j-lawes\/#breadcrumb\",\"itemListElement\":[{\"@type\":\"ListItem\",\"position\":1,\"name\":\"Home\",\"item\":\"https:\/\/www.erresse-shop.it\/fr\/\"},{\"@type\":\"ListItem\",\"position\":2,\"name\":\"Shop\",\"item\":\"https:\/\/www.erresse-shop.it\/fr\/shop\/\"},{\"@type\":\"ListItem\",\"position\":3,\"name\":\"JOSEPH JOSEPH Tota Panier \u00e0 linge rigide 90l J Lawes\"}]},{\"@type\":\"WebSite\",\"@id\":\"https:\/\/www.erresse-shop.it\/fr\/#website\",\"url\":\"https:\/\/www.erresse-shop.it\/fr\/\",\"name\":\"Erresse Shop\",\"description\":\"Articoli di qualit\u00e0 per la casa\",\"potentialAction\":[{\"@type\":\"SearchAction\",\"target\":{\"@type\":\"EntryPoint\",\"urlTemplate\":\"https:\/\/www.erresse-shop.it\/fr\/?s={search_term_string}\"},\"query-input\":\"required name=search_term_string\"}],\"inLanguage\":\"fr-FR\"}]}<\/script>\n<!-- \/ Yoast SEO Premium plugin. -->","yoast_head_json":{"title":"JOSEPH JOSEPH Tota Panier \u00e0 linge rigide 90l J Lawes - Erresse Shop","robots":{"index":"index","follow":"follow","max-snippet":"max-snippet:-1","max-image-preview":"max-image-preview:large","max-video-preview":"max-video-preview:-1"},"canonical":"https:\/\/www.erresse-shop.it\/fr\/shop\/ameublement-maison\/salle-de-bain\/joseph-joseph-tota-panier-a-linge-rigide-90l-j-lawes\/","og_locale":"fr_FR","og_type":"article","og_title":"JOSEPH JOSEPH Tota Panier \u00e0 linge rigide 90l J Lawes","og_url":"https:\/\/www.erresse-shop.it\/fr\/shop\/ameublement-maison\/salle-de-bain\/joseph-joseph-tota-panier-a-linge-rigide-90l-j-lawes\/","og_site_name":"Erresse Shop","article_modified_time":"2025-03-03T23:00:07+00:00","og_image":[{"width":800,"height":800,"url":"https:\/\/www.erresse-shop.it\/wp-content\/uploads\/2024\/03\/Joseph-Joseph-cesta-biancheria-rigido-j-lawes-4.jpg","type":"image\/jpeg"}],"twitter_card":"summary_large_image","schema":{"@context":"https:\/\/schema.org","@graph":[{"@type":"WebPage","@id":"https:\/\/www.erresse-shop.it\/fr\/shop\/ameublement-maison\/salle-de-bain\/joseph-joseph-tota-panier-a-linge-rigide-90l-j-lawes\/","url":"https:\/\/www.erresse-shop.it\/fr\/shop\/ameublement-maison\/salle-de-bain\/joseph-joseph-tota-panier-a-linge-rigide-90l-j-lawes\/","name":"JOSEPH JOSEPH Tota Panier \u00e0 linge rigide 90l J Lawes - Erresse Shop","isPartOf":{"@id":"https:\/\/www.erresse-shop.it\/fr\/#website"},"datePublished":"2024-03-12T09:00:37+00:00","dateModified":"2025-03-03T23:00:07+00:00","breadcrumb":{"@id":"https:\/\/www.erresse-shop.it\/fr\/shop\/ameublement-maison\/salle-de-bain\/joseph-joseph-tota-panier-a-linge-rigide-90l-j-lawes\/#breadcrumb"},"inLanguage":"fr-FR","potentialAction":[{"@type":"ReadAction","target":["https:\/\/www.erresse-shop.it\/fr\/shop\/ameublement-maison\/salle-de-bain\/joseph-joseph-tota-panier-a-linge-rigide-90l-j-lawes\/"]}]},{"@type":"BreadcrumbList","@id":"https:\/\/www.erresse-shop.it\/fr\/shop\/ameublement-maison\/salle-de-bain\/joseph-joseph-tota-panier-a-linge-rigide-90l-j-lawes\/#breadcrumb","itemListElement":[{"@type":"ListItem","position":1,"name":"Home","item":"https:\/\/www.erresse-shop.it\/fr\/"},{"@type":"ListItem","position":2,"name":"Shop","item":"https:\/\/www.erresse-shop.it\/fr\/shop\/"},{"@type":"ListItem","position":3,"name":"JOSEPH JOSEPH Tota Panier \u00e0 linge rigide 90l J Lawes"}]},{"@type":"WebSite","@id":"https:\/\/www.erresse-shop.it\/fr\/#website","url":"https:\/\/www.erresse-shop.it\/fr\/","name":"Erresse Shop","description":"Articoli di qualit\u00e0 per la casa","potentialAction":[{"@type":"SearchAction","target":{"@type":"EntryPoint","urlTemplate":"https:\/\/www.erresse-shop.it\/fr\/?s={search_term_string}"},"query-input":"required name=search_term_string"}],"inLanguage":"fr-FR"}]}},"df_price":90.99,"df_sale_price":90.99,"df_regular_price":129.99,"df_image_link":"https:\/\/www.erresse-shop.it\/wp-content\/uploads\/2024\/03\/Joseph-Joseph-cesta-biancheria-rigido-j-lawes-4-300x300.jpg","_links":{"self":[{"href":"https:\/\/www.erresse-shop.it\/fr\/wp-json\/wp\/v2\/product\/395713"}],"collection":[{"href":"https:\/\/www.erresse-shop.it\/fr\/wp-json\/wp\/v2\/product"}],"about":[{"href":"https:\/\/www.erresse-shop.it\/fr\/wp-json\/wp\/v2\/types\/product"}],"wp:featuredmedia":[{"embeddable":true,"href":"https:\/\/www.erresse-shop.it\/fr\/wp-json\/wp\/v2\/media\/395748"}],"wp:attachment":[{"href":"https:\/\/www.erresse-shop.it\/fr\/wp-json\/wp\/v2\/media?parent=395713"}],"wp:term":[{"taxonomy":"product_cat","embeddable":true,"href":"https:\/\/www.erresse-shop.it\/fr\/wp-json\/wp\/v2\/product_cat?post=395713"},{"taxonomy":"product_tag","embeddable":true,"href":"https:\/\/www.erresse-shop.it\/fr\/wp-json\/wp\/v2\/product_tag?post=395713"}],"curies":[{"name":"wp","href":"https:\/\/api.w.org\/{rel}","templated":true}]}}