{"id":395669,"date":"2024-03-12T07:58:05","date_gmt":"2024-03-12T07:58:10","guid":{"rendered":"https:\/\/www.erresse-shop.it\/?post_type=product&#038;p=395669"},"modified":"2025-01-17T11:39:23","modified_gmt":"2025-01-17T11:39:23","slug":"joseph-joseph-hold-all-linen-basket-35l-j-lawes","status":"publish","type":"product","link":"https:\/\/www.erresse-shop.it\/fr\/shop\/ameublement-maison\/salle-de-bain\/joseph-joseph-hold-all-linen-basket-35l-j-lawes\/","title":{"rendered":"JOSEPH JOSEPH Hold-All Linen Basket 35l J Lawes"},"content":{"rendered":"<p>La collection Joseph Joseph x Jonathan Lawes associe une blanchisserie innovante \u00e0 un design personnalis\u00e9.<\/p>\n<p>Les poign\u00e9es robustes permettent de transporter le linge d&#8217;une seule main.<\/p>\n<p>Se plie pour un rangement facile dans une armoire ou sur le dessus de la machine \u00e0 laver.<\/p>\n<p>Fabriqu\u00e9 en tissu durable, il conserve sa forme lorsqu&#8217;il est vide.<\/p>\n<p>L&#8217;int\u00e9rieur r\u00e9sistant \u00e0 l&#8217;humidit\u00e9 signifie qu&#8217;il peut \u00eatre utilis\u00e9 pour le nettoyage \u00e0 sec ou humide et qu&#8217;il est facile \u00e0 nettoyer.<\/p>\n<p>Il peut contenir jusqu&#8217;\u00e0 35 litres.<\/p>\n<p><b><strong>Entretien et utilisation :<\/strong><\/b><\/p>\n<p>Voir l&#8217;\u00e9tiquette d&#8217;entretien<\/p>\n<p>Charge maximale : 9 kg (19.8 lbs)<\/p>\n<p><b><strong>Dimensions<\/strong><\/b>:<\/p>\n<p>Ouvert : H25 x L53 x P36 cm (H9.8 x L20.9 x P14.2 inches)<\/p>\n<p>A plat : A2 x W53 x D36 cm (A0.8 x L20.9 x D14.2 inches)<\/p>\n","protected":false},"excerpt":{"rendered":"<p><\/p>\n","protected":false},"featured_media":395699,"template":"","meta":{"_acf_changed":false,"inline_featured_image":false},"product_cat":[12738,19011],"product_tag":[25026,21223,25021,18472,21366,13485,21368,21365],"acf":[],"yoast_head":"<!-- This site is optimized with the Yoast SEO Premium plugin v18.6 (Yoast SEO v19.13) - https:\/\/yoast.com\/wordpress\/plugins\/seo\/ -->\n<title>JOSEPH JOSEPH Hold-All Linen Basket 35l J Lawes - Erresse Shop<\/title>\n<meta name=\"robots\" content=\"index, follow, max-snippet:-1, max-image-preview:large, max-video-preview:-1\" \/>\n<link rel=\"canonical\" href=\"https:\/\/www.erresse-shop.it\/fr\/shop\/ameublement-maison\/salle-de-bain\/joseph-joseph-hold-all-linen-basket-35l-j-lawes\/\" \/>\n<meta property=\"og:locale\" content=\"fr_FR\" \/>\n<meta property=\"og:type\" content=\"article\" \/>\n<meta property=\"og:title\" content=\"JOSEPH JOSEPH Hold-All Linen Basket 35l J Lawes\" \/>\n<meta property=\"og:url\" content=\"https:\/\/www.erresse-shop.it\/fr\/shop\/ameublement-maison\/salle-de-bain\/joseph-joseph-hold-all-linen-basket-35l-j-lawes\/\" \/>\n<meta property=\"og:site_name\" content=\"Erresse Shop\" \/>\n<meta property=\"article:modified_time\" content=\"2025-01-17T11:39:23+00:00\" \/>\n<meta property=\"og:image\" content=\"https:\/\/www.erresse-shop.it\/wp-content\/uploads\/2024\/03\/Joseph-Joseph-cesta-biancheria-j-lawes-2.jpg\" \/>\n\t<meta property=\"og:image:width\" content=\"800\" \/>\n\t<meta property=\"og:image:height\" content=\"800\" \/>\n\t<meta property=\"og:image:type\" content=\"image\/jpeg\" \/>\n<meta name=\"twitter:card\" content=\"summary_large_image\" \/>\n<script type=\"application\/ld+json\" class=\"yoast-schema-graph\">{\"@context\":\"https:\/\/schema.org\",\"@graph\":[{\"@type\":\"WebPage\",\"@id\":\"https:\/\/www.erresse-shop.it\/fr\/shop\/ameublement-maison\/salle-de-bain\/joseph-joseph-hold-all-linen-basket-35l-j-lawes\/\",\"url\":\"https:\/\/www.erresse-shop.it\/fr\/shop\/ameublement-maison\/salle-de-bain\/joseph-joseph-hold-all-linen-basket-35l-j-lawes\/\",\"name\":\"JOSEPH JOSEPH Hold-All Linen Basket 35l J Lawes - Erresse Shop\",\"isPartOf\":{\"@id\":\"https:\/\/www.erresse-shop.it\/fr\/#website\"},\"datePublished\":\"2024-03-12T07:58:10+00:00\",\"dateModified\":\"2025-01-17T11:39:23+00:00\",\"breadcrumb\":{\"@id\":\"https:\/\/www.erresse-shop.it\/fr\/shop\/ameublement-maison\/salle-de-bain\/joseph-joseph-hold-all-linen-basket-35l-j-lawes\/#breadcrumb\"},\"inLanguage\":\"fr-FR\",\"potentialAction\":[{\"@type\":\"ReadAction\",\"target\":[\"https:\/\/www.erresse-shop.it\/fr\/shop\/ameublement-maison\/salle-de-bain\/joseph-joseph-hold-all-linen-basket-35l-j-lawes\/\"]}]},{\"@type\":\"BreadcrumbList\",\"@id\":\"https:\/\/www.erresse-shop.it\/fr\/shop\/ameublement-maison\/salle-de-bain\/joseph-joseph-hold-all-linen-basket-35l-j-lawes\/#breadcrumb\",\"itemListElement\":[{\"@type\":\"ListItem\",\"position\":1,\"name\":\"Home\",\"item\":\"https:\/\/www.erresse-shop.it\/fr\/\"},{\"@type\":\"ListItem\",\"position\":2,\"name\":\"Shop\",\"item\":\"https:\/\/www.erresse-shop.it\/fr\/shop\/\"},{\"@type\":\"ListItem\",\"position\":3,\"name\":\"JOSEPH JOSEPH Hold-All Linen Basket 35l J Lawes\"}]},{\"@type\":\"WebSite\",\"@id\":\"https:\/\/www.erresse-shop.it\/fr\/#website\",\"url\":\"https:\/\/www.erresse-shop.it\/fr\/\",\"name\":\"Erresse Shop\",\"description\":\"Articoli di qualit\u00e0 per la casa\",\"potentialAction\":[{\"@type\":\"SearchAction\",\"target\":{\"@type\":\"EntryPoint\",\"urlTemplate\":\"https:\/\/www.erresse-shop.it\/fr\/?s={search_term_string}\"},\"query-input\":\"required name=search_term_string\"}],\"inLanguage\":\"fr-FR\"}]}<\/script>\n<!-- \/ Yoast SEO Premium plugin. -->","yoast_head_json":{"title":"JOSEPH JOSEPH Hold-All Linen Basket 35l J Lawes - Erresse Shop","robots":{"index":"index","follow":"follow","max-snippet":"max-snippet:-1","max-image-preview":"max-image-preview:large","max-video-preview":"max-video-preview:-1"},"canonical":"https:\/\/www.erresse-shop.it\/fr\/shop\/ameublement-maison\/salle-de-bain\/joseph-joseph-hold-all-linen-basket-35l-j-lawes\/","og_locale":"fr_FR","og_type":"article","og_title":"JOSEPH JOSEPH Hold-All Linen Basket 35l J Lawes","og_url":"https:\/\/www.erresse-shop.it\/fr\/shop\/ameublement-maison\/salle-de-bain\/joseph-joseph-hold-all-linen-basket-35l-j-lawes\/","og_site_name":"Erresse Shop","article_modified_time":"2025-01-17T11:39:23+00:00","og_image":[{"width":800,"height":800,"url":"https:\/\/www.erresse-shop.it\/wp-content\/uploads\/2024\/03\/Joseph-Joseph-cesta-biancheria-j-lawes-2.jpg","type":"image\/jpeg"}],"twitter_card":"summary_large_image","schema":{"@context":"https:\/\/schema.org","@graph":[{"@type":"WebPage","@id":"https:\/\/www.erresse-shop.it\/fr\/shop\/ameublement-maison\/salle-de-bain\/joseph-joseph-hold-all-linen-basket-35l-j-lawes\/","url":"https:\/\/www.erresse-shop.it\/fr\/shop\/ameublement-maison\/salle-de-bain\/joseph-joseph-hold-all-linen-basket-35l-j-lawes\/","name":"JOSEPH JOSEPH Hold-All Linen Basket 35l J Lawes - Erresse Shop","isPartOf":{"@id":"https:\/\/www.erresse-shop.it\/fr\/#website"},"datePublished":"2024-03-12T07:58:10+00:00","dateModified":"2025-01-17T11:39:23+00:00","breadcrumb":{"@id":"https:\/\/www.erresse-shop.it\/fr\/shop\/ameublement-maison\/salle-de-bain\/joseph-joseph-hold-all-linen-basket-35l-j-lawes\/#breadcrumb"},"inLanguage":"fr-FR","potentialAction":[{"@type":"ReadAction","target":["https:\/\/www.erresse-shop.it\/fr\/shop\/ameublement-maison\/salle-de-bain\/joseph-joseph-hold-all-linen-basket-35l-j-lawes\/"]}]},{"@type":"BreadcrumbList","@id":"https:\/\/www.erresse-shop.it\/fr\/shop\/ameublement-maison\/salle-de-bain\/joseph-joseph-hold-all-linen-basket-35l-j-lawes\/#breadcrumb","itemListElement":[{"@type":"ListItem","position":1,"name":"Home","item":"https:\/\/www.erresse-shop.it\/fr\/"},{"@type":"ListItem","position":2,"name":"Shop","item":"https:\/\/www.erresse-shop.it\/fr\/shop\/"},{"@type":"ListItem","position":3,"name":"JOSEPH JOSEPH Hold-All Linen Basket 35l J Lawes"}]},{"@type":"WebSite","@id":"https:\/\/www.erresse-shop.it\/fr\/#website","url":"https:\/\/www.erresse-shop.it\/fr\/","name":"Erresse Shop","description":"Articoli di qualit\u00e0 per la casa","potentialAction":[{"@type":"SearchAction","target":{"@type":"EntryPoint","urlTemplate":"https:\/\/www.erresse-shop.it\/fr\/?s={search_term_string}"},"query-input":"required name=search_term_string"}],"inLanguage":"fr-FR"}]}},"df_price":19.995,"df_sale_price":19.995,"df_regular_price":39.99,"df_image_link":"https:\/\/www.erresse-shop.it\/wp-content\/uploads\/2024\/03\/Joseph-Joseph-cesta-biancheria-j-lawes-2-300x300.jpg","_links":{"self":[{"href":"https:\/\/www.erresse-shop.it\/fr\/wp-json\/wp\/v2\/product\/395669"}],"collection":[{"href":"https:\/\/www.erresse-shop.it\/fr\/wp-json\/wp\/v2\/product"}],"about":[{"href":"https:\/\/www.erresse-shop.it\/fr\/wp-json\/wp\/v2\/types\/product"}],"wp:featuredmedia":[{"embeddable":true,"href":"https:\/\/www.erresse-shop.it\/fr\/wp-json\/wp\/v2\/media\/395699"}],"wp:attachment":[{"href":"https:\/\/www.erresse-shop.it\/fr\/wp-json\/wp\/v2\/media?parent=395669"}],"wp:term":[{"taxonomy":"product_cat","embeddable":true,"href":"https:\/\/www.erresse-shop.it\/fr\/wp-json\/wp\/v2\/product_cat?post=395669"},{"taxonomy":"product_tag","embeddable":true,"href":"https:\/\/www.erresse-shop.it\/fr\/wp-json\/wp\/v2\/product_tag?post=395669"}],"curies":[{"name":"wp","href":"https:\/\/api.w.org\/{rel}","templated":true}]}}