{"id":395501,"date":"2024-03-11T11:40:14","date_gmt":"2024-03-11T11:40:20","guid":{"rendered":"https:\/\/www.erresse-shop.it\/?post_type=product&#038;p=395501"},"modified":"2024-03-11T11:43:59","modified_gmt":"2024-03-11T11:43:59","slug":"venini-coppa-murrine-romane-edition-numerotee-rouge-et-jaune","status":"publish","type":"product","link":"https:\/\/www.erresse-shop.it\/fr\/shop\/ameublement-maison\/vases-fr\/venini-coppa-murrine-romane-edition-numerotee-rouge-et-jaune\/","title":{"rendered":"VENINI Coppa Murrine Romane Edition num\u00e9rot\u00e9e Rouge et Jaune"},"content":{"rendered":"<p>La composition des couleurs cr\u00e9e des effets qui \u00e9voquent un monde qui \u00e9tait r\u00e9el et qui est devenu onirique. Le rouge, le vert et le jaune utilis\u00e9s pour les fresques des maisons et des palais de la Rome antique en 1940 sont devenus des vases et des coupes en verre. L&#8217;\u0153uvre de Carlo Scarpa.<\/p>\n<p><b><strong>Mod\u00e8le<\/strong><\/b>: Murrine Romane<\/p>\n<p><b><strong>Couleur<\/strong><\/b>: Rouge et jaune<\/p>\n<p><b><strong>Mat\u00e9riau<\/strong><\/b>: verre<\/p>\n<p><b><strong>Dimensions : Diam\u00e8tre : 21 cm x Hauteur : 20 cm<\/strong><\/b> Diam\u00e8tre : 21 cm x Hauteur : 15 cm<\/p>\n<p><b><strong>POUR DES RAISONS DE S\u00c9CURIT\u00c9, \u00c9TANT DONN\u00c9 QU&#8217;IL S&#8217;AGIT D&#8217;UN PRODUIT DE LUXE, LE D\u00c9LAI DE LIVRAISON PEUT PRENDRE DEUX JOURS SUPPL\u00c9MENTAIRES.<\/strong><\/b><\/p>\n","protected":false},"excerpt":{"rendered":"<p>La composition des couleurs cr\u00e9e des effets qui \u00e9voquent un monde qui \u00e9tait r\u00e9el et qui est devenu onirique. Le<\/p>\n","protected":false},"featured_media":488958,"template":"","meta":{"_acf_changed":false,"inline_featured_image":false},"product_cat":[12738,14422],"product_tag":[25181,25021,24680,12856,13849,15485],"acf":[],"yoast_head":"<!-- This site is optimized with the Yoast SEO Premium plugin v18.6 (Yoast SEO v19.13) - https:\/\/yoast.com\/wordpress\/plugins\/seo\/ -->\n<title>VENINI Coppa Murrine Romane Edition num\u00e9rot\u00e9e Rouge et Jaune - Erresse Shop<\/title>\n<meta name=\"description\" content=\"La composition des couleurs cr\u00e9e des effets qui \u00e9voquent un monde qui \u00e9tait r\u00e9el et qui est devenu onirique. Le rouge, le vert et le jaune utilis\u00e9s pour\" \/>\n<meta name=\"robots\" content=\"index, follow, max-snippet:-1, max-image-preview:large, max-video-preview:-1\" \/>\n<link rel=\"canonical\" href=\"https:\/\/www.erresse-shop.it\/fr\/shop\/ameublement-maison\/vases-fr\/venini-coppa-murrine-romane-edition-numerotee-rouge-et-jaune\/\" \/>\n<meta property=\"og:locale\" content=\"fr_FR\" \/>\n<meta property=\"og:type\" content=\"article\" \/>\n<meta property=\"og:title\" content=\"VENINI Coppa Murrine Romane Edition num\u00e9rot\u00e9e Rouge et Jaune\" \/>\n<meta property=\"og:description\" content=\"La composition des couleurs cr\u00e9e des effets qui \u00e9voquent un monde qui \u00e9tait r\u00e9el et qui est devenu onirique. Le rouge, le vert et le jaune utilis\u00e9s pour\" \/>\n<meta property=\"og:url\" content=\"https:\/\/www.erresse-shop.it\/fr\/shop\/ameublement-maison\/vases-fr\/venini-coppa-murrine-romane-edition-numerotee-rouge-et-jaune\/\" \/>\n<meta property=\"og:site_name\" content=\"Erresse Shop\" \/>\n<meta property=\"article:modified_time\" content=\"2024-03-11T11:43:59+00:00\" \/>\n<meta property=\"og:image\" content=\"https:\/\/www.erresse-shop.it\/wp-content\/uploads\/2024\/03\/VENINI-COPPA.jpg\" \/>\n\t<meta property=\"og:image:width\" content=\"800\" \/>\n\t<meta property=\"og:image:height\" content=\"800\" \/>\n\t<meta property=\"og:image:type\" content=\"image\/jpeg\" \/>\n<meta name=\"twitter:card\" content=\"summary_large_image\" \/>\n<script type=\"application\/ld+json\" class=\"yoast-schema-graph\">{\"@context\":\"https:\/\/schema.org\",\"@graph\":[{\"@type\":\"WebPage\",\"@id\":\"https:\/\/www.erresse-shop.it\/fr\/shop\/ameublement-maison\/vases-fr\/venini-coppa-murrine-romane-edition-numerotee-rouge-et-jaune\/\",\"url\":\"https:\/\/www.erresse-shop.it\/fr\/shop\/ameublement-maison\/vases-fr\/venini-coppa-murrine-romane-edition-numerotee-rouge-et-jaune\/\",\"name\":\"VENINI Coppa Murrine Romane Edition num\u00e9rot\u00e9e Rouge et Jaune - Erresse Shop\",\"isPartOf\":{\"@id\":\"https:\/\/www.erresse-shop.it\/fr\/#website\"},\"datePublished\":\"2024-03-11T11:40:20+00:00\",\"dateModified\":\"2024-03-11T11:43:59+00:00\",\"description\":\"La composition des couleurs cr\u00e9e des effets qui \u00e9voquent un monde qui \u00e9tait r\u00e9el et qui est devenu onirique. Le rouge, le vert et le jaune utilis\u00e9s pour\",\"breadcrumb\":{\"@id\":\"https:\/\/www.erresse-shop.it\/fr\/shop\/ameublement-maison\/vases-fr\/venini-coppa-murrine-romane-edition-numerotee-rouge-et-jaune\/#breadcrumb\"},\"inLanguage\":\"fr-FR\",\"potentialAction\":[{\"@type\":\"ReadAction\",\"target\":[\"https:\/\/www.erresse-shop.it\/fr\/shop\/ameublement-maison\/vases-fr\/venini-coppa-murrine-romane-edition-numerotee-rouge-et-jaune\/\"]}]},{\"@type\":\"BreadcrumbList\",\"@id\":\"https:\/\/www.erresse-shop.it\/fr\/shop\/ameublement-maison\/vases-fr\/venini-coppa-murrine-romane-edition-numerotee-rouge-et-jaune\/#breadcrumb\",\"itemListElement\":[{\"@type\":\"ListItem\",\"position\":1,\"name\":\"Home\",\"item\":\"https:\/\/www.erresse-shop.it\/fr\/\"},{\"@type\":\"ListItem\",\"position\":2,\"name\":\"Shop\",\"item\":\"https:\/\/www.erresse-shop.it\/fr\/shop\/\"},{\"@type\":\"ListItem\",\"position\":3,\"name\":\"VENINI Coppa Murrine Romane Edition num\u00e9rot\u00e9e Rouge et Jaune\"}]},{\"@type\":\"WebSite\",\"@id\":\"https:\/\/www.erresse-shop.it\/fr\/#website\",\"url\":\"https:\/\/www.erresse-shop.it\/fr\/\",\"name\":\"Erresse Shop\",\"description\":\"Articoli di qualit\u00e0 per la casa\",\"potentialAction\":[{\"@type\":\"SearchAction\",\"target\":{\"@type\":\"EntryPoint\",\"urlTemplate\":\"https:\/\/www.erresse-shop.it\/fr\/?s={search_term_string}\"},\"query-input\":\"required name=search_term_string\"}],\"inLanguage\":\"fr-FR\"}]}<\/script>\n<!-- \/ Yoast SEO Premium plugin. -->","yoast_head_json":{"title":"VENINI Coppa Murrine Romane Edition num\u00e9rot\u00e9e Rouge et Jaune - Erresse Shop","description":"La composition des couleurs cr\u00e9e des effets qui \u00e9voquent un monde qui \u00e9tait r\u00e9el et qui est devenu onirique. Le rouge, le vert et le jaune utilis\u00e9s pour","robots":{"index":"index","follow":"follow","max-snippet":"max-snippet:-1","max-image-preview":"max-image-preview:large","max-video-preview":"max-video-preview:-1"},"canonical":"https:\/\/www.erresse-shop.it\/fr\/shop\/ameublement-maison\/vases-fr\/venini-coppa-murrine-romane-edition-numerotee-rouge-et-jaune\/","og_locale":"fr_FR","og_type":"article","og_title":"VENINI Coppa Murrine Romane Edition num\u00e9rot\u00e9e Rouge et Jaune","og_description":"La composition des couleurs cr\u00e9e des effets qui \u00e9voquent un monde qui \u00e9tait r\u00e9el et qui est devenu onirique. Le rouge, le vert et le jaune utilis\u00e9s pour","og_url":"https:\/\/www.erresse-shop.it\/fr\/shop\/ameublement-maison\/vases-fr\/venini-coppa-murrine-romane-edition-numerotee-rouge-et-jaune\/","og_site_name":"Erresse Shop","article_modified_time":"2024-03-11T11:43:59+00:00","og_image":[{"width":800,"height":800,"url":"https:\/\/www.erresse-shop.it\/wp-content\/uploads\/2024\/03\/VENINI-COPPA.jpg","type":"image\/jpeg"}],"twitter_card":"summary_large_image","schema":{"@context":"https:\/\/schema.org","@graph":[{"@type":"WebPage","@id":"https:\/\/www.erresse-shop.it\/fr\/shop\/ameublement-maison\/vases-fr\/venini-coppa-murrine-romane-edition-numerotee-rouge-et-jaune\/","url":"https:\/\/www.erresse-shop.it\/fr\/shop\/ameublement-maison\/vases-fr\/venini-coppa-murrine-romane-edition-numerotee-rouge-et-jaune\/","name":"VENINI Coppa Murrine Romane Edition num\u00e9rot\u00e9e Rouge et Jaune - Erresse Shop","isPartOf":{"@id":"https:\/\/www.erresse-shop.it\/fr\/#website"},"datePublished":"2024-03-11T11:40:20+00:00","dateModified":"2024-03-11T11:43:59+00:00","description":"La composition des couleurs cr\u00e9e des effets qui \u00e9voquent un monde qui \u00e9tait r\u00e9el et qui est devenu onirique. Le rouge, le vert et le jaune utilis\u00e9s pour","breadcrumb":{"@id":"https:\/\/www.erresse-shop.it\/fr\/shop\/ameublement-maison\/vases-fr\/venini-coppa-murrine-romane-edition-numerotee-rouge-et-jaune\/#breadcrumb"},"inLanguage":"fr-FR","potentialAction":[{"@type":"ReadAction","target":["https:\/\/www.erresse-shop.it\/fr\/shop\/ameublement-maison\/vases-fr\/venini-coppa-murrine-romane-edition-numerotee-rouge-et-jaune\/"]}]},{"@type":"BreadcrumbList","@id":"https:\/\/www.erresse-shop.it\/fr\/shop\/ameublement-maison\/vases-fr\/venini-coppa-murrine-romane-edition-numerotee-rouge-et-jaune\/#breadcrumb","itemListElement":[{"@type":"ListItem","position":1,"name":"Home","item":"https:\/\/www.erresse-shop.it\/fr\/"},{"@type":"ListItem","position":2,"name":"Shop","item":"https:\/\/www.erresse-shop.it\/fr\/shop\/"},{"@type":"ListItem","position":3,"name":"VENINI Coppa Murrine Romane Edition num\u00e9rot\u00e9e Rouge et Jaune"}]},{"@type":"WebSite","@id":"https:\/\/www.erresse-shop.it\/fr\/#website","url":"https:\/\/www.erresse-shop.it\/fr\/","name":"Erresse Shop","description":"Articoli di qualit\u00e0 per la casa","potentialAction":[{"@type":"SearchAction","target":{"@type":"EntryPoint","urlTemplate":"https:\/\/www.erresse-shop.it\/fr\/?s={search_term_string}"},"query-input":"required name=search_term_string"}],"inLanguage":"fr-FR"}]}},"df_price":1768,"df_sale_price":1768,"df_regular_price":3400,"df_image_link":"https:\/\/www.erresse-shop.it\/wp-content\/uploads\/2024\/03\/VENINI-Coppa-Murrine-Romane-Edizione-Numerata-Rosso-e-Giallo-300x300.jpg","_links":{"self":[{"href":"https:\/\/www.erresse-shop.it\/fr\/wp-json\/wp\/v2\/product\/395501"}],"collection":[{"href":"https:\/\/www.erresse-shop.it\/fr\/wp-json\/wp\/v2\/product"}],"about":[{"href":"https:\/\/www.erresse-shop.it\/fr\/wp-json\/wp\/v2\/types\/product"}],"wp:featuredmedia":[{"embeddable":true,"href":"https:\/\/www.erresse-shop.it\/fr\/wp-json\/wp\/v2\/media\/488958"}],"wp:attachment":[{"href":"https:\/\/www.erresse-shop.it\/fr\/wp-json\/wp\/v2\/media?parent=395501"}],"wp:term":[{"taxonomy":"product_cat","embeddable":true,"href":"https:\/\/www.erresse-shop.it\/fr\/wp-json\/wp\/v2\/product_cat?post=395501"},{"taxonomy":"product_tag","embeddable":true,"href":"https:\/\/www.erresse-shop.it\/fr\/wp-json\/wp\/v2\/product_tag?post=395501"}],"curies":[{"name":"wp","href":"https:\/\/api.w.org\/{rel}","templated":true}]}}