{"id":395414,"date":"2024-03-11T11:06:50","date_gmt":"2024-03-11T11:06:56","guid":{"rendered":"https:\/\/www.erresse-shop.it\/?post_type=product&#038;p=395414"},"modified":"2024-03-11T11:15:30","modified_gmt":"2024-03-11T11:15:30","slug":"venini-vaso-bolle-pagliesco-et-verde-mela","status":"publish","type":"product","link":"https:\/\/www.erresse-shop.it\/fr\/shop\/ameublement-maison\/vases-fr\/venini-vaso-bolle-pagliesco-et-verde-mela\/","title":{"rendered":"VENINI Vaso Bolle Pagliesco et Verde Mela"},"content":{"rendered":"<p>La perfection est au centre, dans un \u00e9quilibre parfait. Le vase est une bouteille pour Tapio Wirkkala. En Pagliesco et vert pomme.<\/p>\n<p>Les deux endroits de couleur diff\u00e9rente sont physiquement unis par la technique de l&#8217;incalmo, l&#8217;accouplement \u00e0 chaud de deux formes souffl\u00e9es. Souffl\u00e9, incalmo.<\/p>\n<p><b><strong>Mod\u00e8le<\/strong><\/b>: Vase de bulles<\/p>\n<p><b><strong>Couleur<\/strong><\/b>: Paille et vert pomme<\/p>\n<p><b><strong>Mat\u00e9riau<\/strong><\/b>: Verre<\/p>\n<p><b><strong>Dimensions<\/strong><\/b>: Diam\u00e8tre : 14 cm et hauteur : 15 cm : Diam\u00e8tre : 14 cm et Hauteur : 25 cm<\/p>\n<p><b><strong>POUR DES RAISONS DE S\u00c9CURIT\u00c9, \u00c9TANT DONN\u00c9 QU&#8217;IL S&#8217;AGIT D&#8217;UN PRODUIT DE LUXE, LE D\u00c9LAI DE LIVRAISON PEUT PRENDRE DEUX JOURS SUPPL\u00c9MENTAIRES.<\/strong><\/b><\/p>\n","protected":false},"excerpt":{"rendered":"<p>La perfection est au centre, dans un \u00e9quilibre parfait. Le vase est une bouteille pour Tapio Wirkkala. En Pagliesco et<\/p>\n","protected":false},"featured_media":395424,"template":"","meta":{"_acf_changed":false,"inline_featured_image":false},"product_cat":[12738,14422],"product_tag":[25181,25021,24680,12856,13849,15485],"acf":[],"yoast_head":"<!-- This site is optimized with the Yoast SEO Premium plugin v18.6 (Yoast SEO v19.13) - https:\/\/yoast.com\/wordpress\/plugins\/seo\/ -->\n<title>VENINI Vaso Bolle Pagliesco et Verde Mela - Erresse Shop<\/title>\n<meta name=\"description\" content=\"La perfection est au centre, dans un \u00e9quilibre parfait. Le vase est une bouteille pour Tapio Wirkkala. En Pagliesco et vert pomme. Les deux endroits de\" \/>\n<meta name=\"robots\" content=\"index, follow, max-snippet:-1, max-image-preview:large, max-video-preview:-1\" \/>\n<link rel=\"canonical\" href=\"https:\/\/www.erresse-shop.it\/fr\/shop\/ameublement-maison\/vases-fr\/venini-vaso-bolle-pagliesco-et-verde-mela\/\" \/>\n<meta property=\"og:locale\" content=\"fr_FR\" \/>\n<meta property=\"og:type\" content=\"article\" \/>\n<meta property=\"og:title\" content=\"VENINI Vaso Bolle Pagliesco et Verde Mela\" \/>\n<meta property=\"og:description\" content=\"La perfection est au centre, dans un \u00e9quilibre parfait. Le vase est une bouteille pour Tapio Wirkkala. En Pagliesco et vert pomme. Les deux endroits de\" \/>\n<meta property=\"og:url\" content=\"https:\/\/www.erresse-shop.it\/fr\/shop\/ameublement-maison\/vases-fr\/venini-vaso-bolle-pagliesco-et-verde-mela\/\" \/>\n<meta property=\"og:site_name\" content=\"Erresse Shop\" \/>\n<meta property=\"article:modified_time\" content=\"2024-03-11T11:15:30+00:00\" \/>\n<meta property=\"og:image\" content=\"https:\/\/www.erresse-shop.it\/wp-content\/uploads\/2024\/03\/Venini-Vaso-Bolle-verde.jpg\" \/>\n\t<meta property=\"og:image:width\" content=\"800\" \/>\n\t<meta property=\"og:image:height\" content=\"800\" \/>\n\t<meta property=\"og:image:type\" content=\"image\/jpeg\" \/>\n<meta name=\"twitter:card\" content=\"summary_large_image\" \/>\n<script type=\"application\/ld+json\" class=\"yoast-schema-graph\">{\"@context\":\"https:\/\/schema.org\",\"@graph\":[{\"@type\":\"WebPage\",\"@id\":\"https:\/\/www.erresse-shop.it\/fr\/shop\/ameublement-maison\/vases-fr\/venini-vaso-bolle-pagliesco-et-verde-mela\/\",\"url\":\"https:\/\/www.erresse-shop.it\/fr\/shop\/ameublement-maison\/vases-fr\/venini-vaso-bolle-pagliesco-et-verde-mela\/\",\"name\":\"VENINI Vaso Bolle Pagliesco et Verde Mela - Erresse Shop\",\"isPartOf\":{\"@id\":\"https:\/\/www.erresse-shop.it\/fr\/#website\"},\"datePublished\":\"2024-03-11T11:06:56+00:00\",\"dateModified\":\"2024-03-11T11:15:30+00:00\",\"description\":\"La perfection est au centre, dans un \u00e9quilibre parfait. Le vase est une bouteille pour Tapio Wirkkala. En Pagliesco et vert pomme. Les deux endroits de\",\"breadcrumb\":{\"@id\":\"https:\/\/www.erresse-shop.it\/fr\/shop\/ameublement-maison\/vases-fr\/venini-vaso-bolle-pagliesco-et-verde-mela\/#breadcrumb\"},\"inLanguage\":\"fr-FR\",\"potentialAction\":[{\"@type\":\"ReadAction\",\"target\":[\"https:\/\/www.erresse-shop.it\/fr\/shop\/ameublement-maison\/vases-fr\/venini-vaso-bolle-pagliesco-et-verde-mela\/\"]}]},{\"@type\":\"BreadcrumbList\",\"@id\":\"https:\/\/www.erresse-shop.it\/fr\/shop\/ameublement-maison\/vases-fr\/venini-vaso-bolle-pagliesco-et-verde-mela\/#breadcrumb\",\"itemListElement\":[{\"@type\":\"ListItem\",\"position\":1,\"name\":\"Home\",\"item\":\"https:\/\/www.erresse-shop.it\/fr\/\"},{\"@type\":\"ListItem\",\"position\":2,\"name\":\"Shop\",\"item\":\"https:\/\/www.erresse-shop.it\/fr\/shop\/\"},{\"@type\":\"ListItem\",\"position\":3,\"name\":\"VENINI Vaso Bolle Pagliesco et Verde Mela\"}]},{\"@type\":\"WebSite\",\"@id\":\"https:\/\/www.erresse-shop.it\/fr\/#website\",\"url\":\"https:\/\/www.erresse-shop.it\/fr\/\",\"name\":\"Erresse Shop\",\"description\":\"Articoli di qualit\u00e0 per la casa\",\"potentialAction\":[{\"@type\":\"SearchAction\",\"target\":{\"@type\":\"EntryPoint\",\"urlTemplate\":\"https:\/\/www.erresse-shop.it\/fr\/?s={search_term_string}\"},\"query-input\":\"required name=search_term_string\"}],\"inLanguage\":\"fr-FR\"}]}<\/script>\n<!-- \/ Yoast SEO Premium plugin. -->","yoast_head_json":{"title":"VENINI Vaso Bolle Pagliesco et Verde Mela - Erresse Shop","description":"La perfection est au centre, dans un \u00e9quilibre parfait. Le vase est une bouteille pour Tapio Wirkkala. En Pagliesco et vert pomme. Les deux endroits de","robots":{"index":"index","follow":"follow","max-snippet":"max-snippet:-1","max-image-preview":"max-image-preview:large","max-video-preview":"max-video-preview:-1"},"canonical":"https:\/\/www.erresse-shop.it\/fr\/shop\/ameublement-maison\/vases-fr\/venini-vaso-bolle-pagliesco-et-verde-mela\/","og_locale":"fr_FR","og_type":"article","og_title":"VENINI Vaso Bolle Pagliesco et Verde Mela","og_description":"La perfection est au centre, dans un \u00e9quilibre parfait. Le vase est une bouteille pour Tapio Wirkkala. En Pagliesco et vert pomme. Les deux endroits de","og_url":"https:\/\/www.erresse-shop.it\/fr\/shop\/ameublement-maison\/vases-fr\/venini-vaso-bolle-pagliesco-et-verde-mela\/","og_site_name":"Erresse Shop","article_modified_time":"2024-03-11T11:15:30+00:00","og_image":[{"width":800,"height":800,"url":"https:\/\/www.erresse-shop.it\/wp-content\/uploads\/2024\/03\/Venini-Vaso-Bolle-verde.jpg","type":"image\/jpeg"}],"twitter_card":"summary_large_image","schema":{"@context":"https:\/\/schema.org","@graph":[{"@type":"WebPage","@id":"https:\/\/www.erresse-shop.it\/fr\/shop\/ameublement-maison\/vases-fr\/venini-vaso-bolle-pagliesco-et-verde-mela\/","url":"https:\/\/www.erresse-shop.it\/fr\/shop\/ameublement-maison\/vases-fr\/venini-vaso-bolle-pagliesco-et-verde-mela\/","name":"VENINI Vaso Bolle Pagliesco et Verde Mela - Erresse Shop","isPartOf":{"@id":"https:\/\/www.erresse-shop.it\/fr\/#website"},"datePublished":"2024-03-11T11:06:56+00:00","dateModified":"2024-03-11T11:15:30+00:00","description":"La perfection est au centre, dans un \u00e9quilibre parfait. Le vase est une bouteille pour Tapio Wirkkala. En Pagliesco et vert pomme. Les deux endroits de","breadcrumb":{"@id":"https:\/\/www.erresse-shop.it\/fr\/shop\/ameublement-maison\/vases-fr\/venini-vaso-bolle-pagliesco-et-verde-mela\/#breadcrumb"},"inLanguage":"fr-FR","potentialAction":[{"@type":"ReadAction","target":["https:\/\/www.erresse-shop.it\/fr\/shop\/ameublement-maison\/vases-fr\/venini-vaso-bolle-pagliesco-et-verde-mela\/"]}]},{"@type":"BreadcrumbList","@id":"https:\/\/www.erresse-shop.it\/fr\/shop\/ameublement-maison\/vases-fr\/venini-vaso-bolle-pagliesco-et-verde-mela\/#breadcrumb","itemListElement":[{"@type":"ListItem","position":1,"name":"Home","item":"https:\/\/www.erresse-shop.it\/fr\/"},{"@type":"ListItem","position":2,"name":"Shop","item":"https:\/\/www.erresse-shop.it\/fr\/shop\/"},{"@type":"ListItem","position":3,"name":"VENINI Vaso Bolle Pagliesco et Verde Mela"}]},{"@type":"WebSite","@id":"https:\/\/www.erresse-shop.it\/fr\/#website","url":"https:\/\/www.erresse-shop.it\/fr\/","name":"Erresse Shop","description":"Articoli di qualit\u00e0 per la casa","potentialAction":[{"@type":"SearchAction","target":{"@type":"EntryPoint","urlTemplate":"https:\/\/www.erresse-shop.it\/fr\/?s={search_term_string}"},"query-input":"required name=search_term_string"}],"inLanguage":"fr-FR"}]}},"df_price":930.8000000000001,"df_sale_price":930.8000000000001,"df_regular_price":1790,"df_image_link":"https:\/\/www.erresse-shop.it\/wp-content\/uploads\/2024\/03\/Venini-Vaso-Bolle-verde-300x300.jpg","_links":{"self":[{"href":"https:\/\/www.erresse-shop.it\/fr\/wp-json\/wp\/v2\/product\/395414"}],"collection":[{"href":"https:\/\/www.erresse-shop.it\/fr\/wp-json\/wp\/v2\/product"}],"about":[{"href":"https:\/\/www.erresse-shop.it\/fr\/wp-json\/wp\/v2\/types\/product"}],"wp:featuredmedia":[{"embeddable":true,"href":"https:\/\/www.erresse-shop.it\/fr\/wp-json\/wp\/v2\/media\/395424"}],"wp:attachment":[{"href":"https:\/\/www.erresse-shop.it\/fr\/wp-json\/wp\/v2\/media?parent=395414"}],"wp:term":[{"taxonomy":"product_cat","embeddable":true,"href":"https:\/\/www.erresse-shop.it\/fr\/wp-json\/wp\/v2\/product_cat?post=395414"},{"taxonomy":"product_tag","embeddable":true,"href":"https:\/\/www.erresse-shop.it\/fr\/wp-json\/wp\/v2\/product_tag?post=395414"}],"curies":[{"name":"wp","href":"https:\/\/api.w.org\/{rel}","templated":true}]}}