{"id":395352,"date":"2024-03-11T10:36:38","date_gmt":"2024-03-11T10:36:43","guid":{"rendered":"https:\/\/www.erresse-shop.it\/?post_type=product&#038;p=395352"},"modified":"2024-03-11T10:43:46","modified_gmt":"2024-03-11T10:43:46","slug":"venini-vase-geacolor-di-gae-aulenti","status":"publish","type":"product","link":"https:\/\/www.erresse-shop.it\/fr\/shop\/ameublement-maison\/vases-fr\/venini-vase-geacolor-di-gae-aulenti\/","title":{"rendered":"VENINI Vase Geacolor di Gae Aulenti"},"content":{"rendered":"<p>Des silhouettes al\u00e9atoires, des projections irr\u00e9guli\u00e8res et des surfaces \u00e0 explorer avec les yeux et les doigts. Cr\u00e9\u00e9es avec la technique des couleurs chaudes et volantes, qui guident les nuances en les aidant \u00e0 se positionner et \u00e0 se modeler. Le vase de Gae Aulenti est un millier de vases diff\u00e9rents : il change avec la lumi\u00e8re, l&#8217;angle et le regard de l&#8217;observateur.<\/p>\n<p><b><strong>Couleur<\/strong><\/b>: multicolore<\/p>\n<p><b><strong>Mat\u00e9riau<\/strong><\/b>: verre<\/p>\n<p><b><strong>Dimensions<\/strong><\/b>: Diam\u00e8tre : 30 cm : Diam\u00e8tre : 30 cm et poids : 9 kg<\/p>\n<p><b><strong>POUR DES RAISONS DE S\u00c9CURIT\u00c9, S&#8217;AGISSANT D&#8217;UN PRODUIT DE LUXE, LE D\u00c9LAI D&#8217;EXP\u00c9DITION PEUT PRENDRE DEUX JOURS SUPPL\u00c9MENTAIRES.<\/strong><\/b><\/p>\n","protected":false},"excerpt":{"rendered":"<p>Des silhouettes al\u00e9atoires, des projections irr\u00e9guli\u00e8res et des surfaces \u00e0 explorer avec les yeux et les doigts. Cr\u00e9\u00e9es avec la<\/p>\n","protected":false},"featured_media":395356,"template":"","meta":{"_acf_changed":false,"inline_featured_image":false},"product_cat":[12738,14422],"product_tag":[25181,25021,24680,12856,13849,15485],"acf":[],"yoast_head":"<!-- This site is optimized with the Yoast SEO Premium plugin v18.6 (Yoast SEO v19.13) - https:\/\/yoast.com\/wordpress\/plugins\/seo\/ -->\n<title>VENINI Vase Geacolor di Gae Aulenti - Erresse Shop<\/title>\n<meta name=\"description\" content=\"Des silhouettes al\u00e9atoires, des projections irr\u00e9guli\u00e8res et des surfaces \u00e0 explorer avec les yeux et les doigts. Cr\u00e9\u00e9es avec la technique des couleurs\" \/>\n<meta name=\"robots\" content=\"index, follow, max-snippet:-1, max-image-preview:large, max-video-preview:-1\" \/>\n<link rel=\"canonical\" href=\"https:\/\/www.erresse-shop.it\/fr\/shop\/ameublement-maison\/vases-fr\/venini-vase-geacolor-di-gae-aulenti\/\" \/>\n<meta property=\"og:locale\" content=\"fr_FR\" \/>\n<meta property=\"og:type\" content=\"article\" \/>\n<meta property=\"og:title\" content=\"VENINI Vase Geacolor di Gae Aulenti\" \/>\n<meta property=\"og:description\" content=\"Des silhouettes al\u00e9atoires, des projections irr\u00e9guli\u00e8res et des surfaces \u00e0 explorer avec les yeux et les doigts. Cr\u00e9\u00e9es avec la technique des couleurs\" \/>\n<meta property=\"og:url\" content=\"https:\/\/www.erresse-shop.it\/fr\/shop\/ameublement-maison\/vases-fr\/venini-vase-geacolor-di-gae-aulenti\/\" \/>\n<meta property=\"og:site_name\" content=\"Erresse Shop\" \/>\n<meta property=\"article:modified_time\" content=\"2024-03-11T10:43:46+00:00\" \/>\n<meta property=\"og:image\" content=\"https:\/\/www.erresse-shop.it\/wp-content\/uploads\/2024\/03\/VENINI-Vaso-Geacolor-di-Gae-Aulenti.jpg\" \/>\n\t<meta property=\"og:image:width\" content=\"800\" \/>\n\t<meta property=\"og:image:height\" content=\"800\" \/>\n\t<meta property=\"og:image:type\" content=\"image\/jpeg\" \/>\n<meta name=\"twitter:card\" content=\"summary_large_image\" \/>\n<script type=\"application\/ld+json\" class=\"yoast-schema-graph\">{\"@context\":\"https:\/\/schema.org\",\"@graph\":[{\"@type\":\"WebPage\",\"@id\":\"https:\/\/www.erresse-shop.it\/fr\/shop\/ameublement-maison\/vases-fr\/venini-vase-geacolor-di-gae-aulenti\/\",\"url\":\"https:\/\/www.erresse-shop.it\/fr\/shop\/ameublement-maison\/vases-fr\/venini-vase-geacolor-di-gae-aulenti\/\",\"name\":\"VENINI Vase Geacolor di Gae Aulenti - Erresse Shop\",\"isPartOf\":{\"@id\":\"https:\/\/www.erresse-shop.it\/fr\/#website\"},\"datePublished\":\"2024-03-11T10:36:43+00:00\",\"dateModified\":\"2024-03-11T10:43:46+00:00\",\"description\":\"Des silhouettes al\u00e9atoires, des projections irr\u00e9guli\u00e8res et des surfaces \u00e0 explorer avec les yeux et les doigts. Cr\u00e9\u00e9es avec la technique des couleurs\",\"breadcrumb\":{\"@id\":\"https:\/\/www.erresse-shop.it\/fr\/shop\/ameublement-maison\/vases-fr\/venini-vase-geacolor-di-gae-aulenti\/#breadcrumb\"},\"inLanguage\":\"fr-FR\",\"potentialAction\":[{\"@type\":\"ReadAction\",\"target\":[\"https:\/\/www.erresse-shop.it\/fr\/shop\/ameublement-maison\/vases-fr\/venini-vase-geacolor-di-gae-aulenti\/\"]}]},{\"@type\":\"BreadcrumbList\",\"@id\":\"https:\/\/www.erresse-shop.it\/fr\/shop\/ameublement-maison\/vases-fr\/venini-vase-geacolor-di-gae-aulenti\/#breadcrumb\",\"itemListElement\":[{\"@type\":\"ListItem\",\"position\":1,\"name\":\"Home\",\"item\":\"https:\/\/www.erresse-shop.it\/fr\/\"},{\"@type\":\"ListItem\",\"position\":2,\"name\":\"Shop\",\"item\":\"https:\/\/www.erresse-shop.it\/fr\/shop\/\"},{\"@type\":\"ListItem\",\"position\":3,\"name\":\"VENINI Vase Geacolor di Gae Aulenti\"}]},{\"@type\":\"WebSite\",\"@id\":\"https:\/\/www.erresse-shop.it\/fr\/#website\",\"url\":\"https:\/\/www.erresse-shop.it\/fr\/\",\"name\":\"Erresse Shop\",\"description\":\"Articoli di qualit\u00e0 per la casa\",\"potentialAction\":[{\"@type\":\"SearchAction\",\"target\":{\"@type\":\"EntryPoint\",\"urlTemplate\":\"https:\/\/www.erresse-shop.it\/fr\/?s={search_term_string}\"},\"query-input\":\"required name=search_term_string\"}],\"inLanguage\":\"fr-FR\"}]}<\/script>\n<!-- \/ Yoast SEO Premium plugin. -->","yoast_head_json":{"title":"VENINI Vase Geacolor di Gae Aulenti - Erresse Shop","description":"Des silhouettes al\u00e9atoires, des projections irr\u00e9guli\u00e8res et des surfaces \u00e0 explorer avec les yeux et les doigts. Cr\u00e9\u00e9es avec la technique des couleurs","robots":{"index":"index","follow":"follow","max-snippet":"max-snippet:-1","max-image-preview":"max-image-preview:large","max-video-preview":"max-video-preview:-1"},"canonical":"https:\/\/www.erresse-shop.it\/fr\/shop\/ameublement-maison\/vases-fr\/venini-vase-geacolor-di-gae-aulenti\/","og_locale":"fr_FR","og_type":"article","og_title":"VENINI Vase Geacolor di Gae Aulenti","og_description":"Des silhouettes al\u00e9atoires, des projections irr\u00e9guli\u00e8res et des surfaces \u00e0 explorer avec les yeux et les doigts. Cr\u00e9\u00e9es avec la technique des couleurs","og_url":"https:\/\/www.erresse-shop.it\/fr\/shop\/ameublement-maison\/vases-fr\/venini-vase-geacolor-di-gae-aulenti\/","og_site_name":"Erresse Shop","article_modified_time":"2024-03-11T10:43:46+00:00","og_image":[{"width":800,"height":800,"url":"https:\/\/www.erresse-shop.it\/wp-content\/uploads\/2024\/03\/VENINI-Vaso-Geacolor-di-Gae-Aulenti.jpg","type":"image\/jpeg"}],"twitter_card":"summary_large_image","schema":{"@context":"https:\/\/schema.org","@graph":[{"@type":"WebPage","@id":"https:\/\/www.erresse-shop.it\/fr\/shop\/ameublement-maison\/vases-fr\/venini-vase-geacolor-di-gae-aulenti\/","url":"https:\/\/www.erresse-shop.it\/fr\/shop\/ameublement-maison\/vases-fr\/venini-vase-geacolor-di-gae-aulenti\/","name":"VENINI Vase Geacolor di Gae Aulenti - Erresse Shop","isPartOf":{"@id":"https:\/\/www.erresse-shop.it\/fr\/#website"},"datePublished":"2024-03-11T10:36:43+00:00","dateModified":"2024-03-11T10:43:46+00:00","description":"Des silhouettes al\u00e9atoires, des projections irr\u00e9guli\u00e8res et des surfaces \u00e0 explorer avec les yeux et les doigts. Cr\u00e9\u00e9es avec la technique des couleurs","breadcrumb":{"@id":"https:\/\/www.erresse-shop.it\/fr\/shop\/ameublement-maison\/vases-fr\/venini-vase-geacolor-di-gae-aulenti\/#breadcrumb"},"inLanguage":"fr-FR","potentialAction":[{"@type":"ReadAction","target":["https:\/\/www.erresse-shop.it\/fr\/shop\/ameublement-maison\/vases-fr\/venini-vase-geacolor-di-gae-aulenti\/"]}]},{"@type":"BreadcrumbList","@id":"https:\/\/www.erresse-shop.it\/fr\/shop\/ameublement-maison\/vases-fr\/venini-vase-geacolor-di-gae-aulenti\/#breadcrumb","itemListElement":[{"@type":"ListItem","position":1,"name":"Home","item":"https:\/\/www.erresse-shop.it\/fr\/"},{"@type":"ListItem","position":2,"name":"Shop","item":"https:\/\/www.erresse-shop.it\/fr\/shop\/"},{"@type":"ListItem","position":3,"name":"VENINI Vase Geacolor di Gae Aulenti"}]},{"@type":"WebSite","@id":"https:\/\/www.erresse-shop.it\/fr\/#website","url":"https:\/\/www.erresse-shop.it\/fr\/","name":"Erresse Shop","description":"Articoli di qualit\u00e0 per la casa","potentialAction":[{"@type":"SearchAction","target":{"@type":"EntryPoint","urlTemplate":"https:\/\/www.erresse-shop.it\/fr\/?s={search_term_string}"},"query-input":"required name=search_term_string"}],"inLanguage":"fr-FR"}]}},"df_price":2574,"df_sale_price":2574,"df_regular_price":4950,"df_image_link":"https:\/\/www.erresse-shop.it\/wp-content\/uploads\/2024\/03\/VENINI-Vaso-Geacolor-di-Gae-Aulenti-300x300.jpg","_links":{"self":[{"href":"https:\/\/www.erresse-shop.it\/fr\/wp-json\/wp\/v2\/product\/395352"}],"collection":[{"href":"https:\/\/www.erresse-shop.it\/fr\/wp-json\/wp\/v2\/product"}],"about":[{"href":"https:\/\/www.erresse-shop.it\/fr\/wp-json\/wp\/v2\/types\/product"}],"wp:featuredmedia":[{"embeddable":true,"href":"https:\/\/www.erresse-shop.it\/fr\/wp-json\/wp\/v2\/media\/395356"}],"wp:attachment":[{"href":"https:\/\/www.erresse-shop.it\/fr\/wp-json\/wp\/v2\/media?parent=395352"}],"wp:term":[{"taxonomy":"product_cat","embeddable":true,"href":"https:\/\/www.erresse-shop.it\/fr\/wp-json\/wp\/v2\/product_cat?post=395352"},{"taxonomy":"product_tag","embeddable":true,"href":"https:\/\/www.erresse-shop.it\/fr\/wp-json\/wp\/v2\/product_tag?post=395352"}],"curies":[{"name":"wp","href":"https:\/\/api.w.org\/{rel}","templated":true}]}}