{"id":395343,"date":"2024-03-11T10:29:03","date_gmt":"2024-03-11T10:29:08","guid":{"rendered":"https:\/\/www.erresse-shop.it\/?post_type=product&#038;p=395343"},"modified":"2024-03-11T10:33:50","modified_gmt":"2024-03-11T10:33:50","slug":"versace-home-la-greca-signature-assiette-porte-plat-33-cm-rouge","status":"publish","type":"product","link":"https:\/\/www.erresse-shop.it\/fr\/shop\/table-fr-2\/plats\/versace-home-la-greca-signature-assiette-porte-plat-33-cm-rouge\/","title":{"rendered":"VERSACE HOME La Greca Signature Assiette porte-plat 33 cm Rouge"},"content":{"rendered":"<p>Versace La Greca Signature Noir Assiette de pr\u00e9sentation ronde<\/p>\n<p><b><strong>Diam\u00e8tre<\/strong><\/b>: 33,1 cm &#8211; Hauteur : h 3,2 cm<\/p>\n<p><b><strong>Mati\u00e8re<\/strong><\/b>: Porcelaine<\/p>\n<p><b><strong>POUR DES RAISONS DE S\u00c9CURIT\u00c9, S&#8217;AGISSANT D&#8217;UN PRODUIT DE LUXE, LE D\u00c9LAI DE LIVRAISON PEUT N\u00c9CESSITER DEUX JOURS SUPPL\u00c9MENTAIRES.<\/strong><\/b><\/p>\n","protected":false},"excerpt":{"rendered":"<p>Versace La Greca Signature Noir Assiette de pr\u00e9sentation ronde Diam\u00e8tre: 33,1 cm &#8211; Hauteur : h 3,2 cm Mati\u00e8re: Porcelaine<\/p>\n","protected":false},"featured_media":504306,"template":"","meta":{"_acf_changed":false,"inline_featured_image":false},"product_cat":[12738,14441,12788,12782],"product_tag":[25181,13169,25021,24680,17838,17839],"acf":[],"yoast_head":"<!-- This site is optimized with the Yoast SEO Premium plugin v18.6 (Yoast SEO v19.13) - https:\/\/yoast.com\/wordpress\/plugins\/seo\/ -->\n<title>VERSACE HOME La Greca Signature Assiette porte-plat 33 cm Rouge - Erresse Shop<\/title>\n<meta name=\"description\" content=\"Versace La Greca Signature Noir Assiette de pr\u00e9sentation ronde Diam\u00e8tre: 33,1 cm - Hauteur : h 3,2 cm Mati\u00e8re: Porcelaine POUR DES RAISONS DE S\u00c9CURIT\u00c9,\" \/>\n<meta name=\"robots\" content=\"index, follow, max-snippet:-1, max-image-preview:large, max-video-preview:-1\" \/>\n<link rel=\"canonical\" href=\"https:\/\/www.erresse-shop.it\/fr\/shop\/table-fr-2\/plats\/versace-home-la-greca-signature-assiette-porte-plat-33-cm-rouge\/\" \/>\n<meta property=\"og:locale\" content=\"fr_FR\" \/>\n<meta property=\"og:type\" content=\"article\" \/>\n<meta property=\"og:title\" content=\"VERSACE HOME La Greca Signature Assiette porte-plat 33 cm Rouge\" \/>\n<meta property=\"og:description\" content=\"Versace La Greca Signature Noir Assiette de pr\u00e9sentation ronde Diam\u00e8tre: 33,1 cm - Hauteur : h 3,2 cm Mati\u00e8re: Porcelaine POUR DES RAISONS DE S\u00c9CURIT\u00c9,\" \/>\n<meta property=\"og:url\" content=\"https:\/\/www.erresse-shop.it\/fr\/shop\/table-fr-2\/plats\/versace-home-la-greca-signature-assiette-porte-plat-33-cm-rouge\/\" \/>\n<meta property=\"og:site_name\" content=\"Erresse Shop\" \/>\n<meta property=\"article:modified_time\" content=\"2024-03-11T10:33:50+00:00\" \/>\n<meta property=\"og:image\" content=\"https:\/\/www.erresse-shop.it\/wp-content\/uploads\/2024\/03\/Versace-La-Greca-Signature-Piatto-Segnaposto-33-cm-Rosso.jpg\" \/>\n\t<meta property=\"og:image:width\" content=\"800\" \/>\n\t<meta property=\"og:image:height\" content=\"800\" \/>\n\t<meta property=\"og:image:type\" content=\"image\/jpeg\" \/>\n<meta name=\"twitter:card\" content=\"summary_large_image\" \/>\n<script type=\"application\/ld+json\" class=\"yoast-schema-graph\">{\"@context\":\"https:\/\/schema.org\",\"@graph\":[{\"@type\":\"WebPage\",\"@id\":\"https:\/\/www.erresse-shop.it\/fr\/shop\/table-fr-2\/plats\/versace-home-la-greca-signature-assiette-porte-plat-33-cm-rouge\/\",\"url\":\"https:\/\/www.erresse-shop.it\/fr\/shop\/table-fr-2\/plats\/versace-home-la-greca-signature-assiette-porte-plat-33-cm-rouge\/\",\"name\":\"VERSACE HOME La Greca Signature Assiette porte-plat 33 cm Rouge - Erresse Shop\",\"isPartOf\":{\"@id\":\"https:\/\/www.erresse-shop.it\/fr\/#website\"},\"datePublished\":\"2024-03-11T10:29:08+00:00\",\"dateModified\":\"2024-03-11T10:33:50+00:00\",\"description\":\"Versace La Greca Signature Noir Assiette de pr\u00e9sentation ronde Diam\u00e8tre: 33,1 cm - Hauteur : h 3,2 cm Mati\u00e8re: Porcelaine POUR DES RAISONS DE S\u00c9CURIT\u00c9,\",\"breadcrumb\":{\"@id\":\"https:\/\/www.erresse-shop.it\/fr\/shop\/table-fr-2\/plats\/versace-home-la-greca-signature-assiette-porte-plat-33-cm-rouge\/#breadcrumb\"},\"inLanguage\":\"fr-FR\",\"potentialAction\":[{\"@type\":\"ReadAction\",\"target\":[\"https:\/\/www.erresse-shop.it\/fr\/shop\/table-fr-2\/plats\/versace-home-la-greca-signature-assiette-porte-plat-33-cm-rouge\/\"]}]},{\"@type\":\"BreadcrumbList\",\"@id\":\"https:\/\/www.erresse-shop.it\/fr\/shop\/table-fr-2\/plats\/versace-home-la-greca-signature-assiette-porte-plat-33-cm-rouge\/#breadcrumb\",\"itemListElement\":[{\"@type\":\"ListItem\",\"position\":1,\"name\":\"Home\",\"item\":\"https:\/\/www.erresse-shop.it\/fr\/\"},{\"@type\":\"ListItem\",\"position\":2,\"name\":\"Shop\",\"item\":\"https:\/\/www.erresse-shop.it\/fr\/shop\/\"},{\"@type\":\"ListItem\",\"position\":3,\"name\":\"VERSACE HOME La Greca Signature Assiette porte-plat 33 cm Rouge\"}]},{\"@type\":\"WebSite\",\"@id\":\"https:\/\/www.erresse-shop.it\/fr\/#website\",\"url\":\"https:\/\/www.erresse-shop.it\/fr\/\",\"name\":\"Erresse Shop\",\"description\":\"Articoli di qualit\u00e0 per la casa\",\"potentialAction\":[{\"@type\":\"SearchAction\",\"target\":{\"@type\":\"EntryPoint\",\"urlTemplate\":\"https:\/\/www.erresse-shop.it\/fr\/?s={search_term_string}\"},\"query-input\":\"required name=search_term_string\"}],\"inLanguage\":\"fr-FR\"}]}<\/script>\n<!-- \/ Yoast SEO Premium plugin. -->","yoast_head_json":{"title":"VERSACE HOME La Greca Signature Assiette porte-plat 33 cm Rouge - Erresse Shop","description":"Versace La Greca Signature Noir Assiette de pr\u00e9sentation ronde Diam\u00e8tre: 33,1 cm - Hauteur : h 3,2 cm Mati\u00e8re: Porcelaine POUR DES RAISONS DE S\u00c9CURIT\u00c9,","robots":{"index":"index","follow":"follow","max-snippet":"max-snippet:-1","max-image-preview":"max-image-preview:large","max-video-preview":"max-video-preview:-1"},"canonical":"https:\/\/www.erresse-shop.it\/fr\/shop\/table-fr-2\/plats\/versace-home-la-greca-signature-assiette-porte-plat-33-cm-rouge\/","og_locale":"fr_FR","og_type":"article","og_title":"VERSACE HOME La Greca Signature Assiette porte-plat 33 cm Rouge","og_description":"Versace La Greca Signature Noir Assiette de pr\u00e9sentation ronde Diam\u00e8tre: 33,1 cm - Hauteur : h 3,2 cm Mati\u00e8re: Porcelaine POUR DES RAISONS DE S\u00c9CURIT\u00c9,","og_url":"https:\/\/www.erresse-shop.it\/fr\/shop\/table-fr-2\/plats\/versace-home-la-greca-signature-assiette-porte-plat-33-cm-rouge\/","og_site_name":"Erresse Shop","article_modified_time":"2024-03-11T10:33:50+00:00","og_image":[{"width":800,"height":800,"url":"https:\/\/www.erresse-shop.it\/wp-content\/uploads\/2024\/03\/Versace-La-Greca-Signature-Piatto-Segnaposto-33-cm-Rosso.jpg","type":"image\/jpeg"}],"twitter_card":"summary_large_image","schema":{"@context":"https:\/\/schema.org","@graph":[{"@type":"WebPage","@id":"https:\/\/www.erresse-shop.it\/fr\/shop\/table-fr-2\/plats\/versace-home-la-greca-signature-assiette-porte-plat-33-cm-rouge\/","url":"https:\/\/www.erresse-shop.it\/fr\/shop\/table-fr-2\/plats\/versace-home-la-greca-signature-assiette-porte-plat-33-cm-rouge\/","name":"VERSACE HOME La Greca Signature Assiette porte-plat 33 cm Rouge - Erresse Shop","isPartOf":{"@id":"https:\/\/www.erresse-shop.it\/fr\/#website"},"datePublished":"2024-03-11T10:29:08+00:00","dateModified":"2024-03-11T10:33:50+00:00","description":"Versace La Greca Signature Noir Assiette de pr\u00e9sentation ronde Diam\u00e8tre: 33,1 cm - Hauteur : h 3,2 cm Mati\u00e8re: Porcelaine POUR DES RAISONS DE S\u00c9CURIT\u00c9,","breadcrumb":{"@id":"https:\/\/www.erresse-shop.it\/fr\/shop\/table-fr-2\/plats\/versace-home-la-greca-signature-assiette-porte-plat-33-cm-rouge\/#breadcrumb"},"inLanguage":"fr-FR","potentialAction":[{"@type":"ReadAction","target":["https:\/\/www.erresse-shop.it\/fr\/shop\/table-fr-2\/plats\/versace-home-la-greca-signature-assiette-porte-plat-33-cm-rouge\/"]}]},{"@type":"BreadcrumbList","@id":"https:\/\/www.erresse-shop.it\/fr\/shop\/table-fr-2\/plats\/versace-home-la-greca-signature-assiette-porte-plat-33-cm-rouge\/#breadcrumb","itemListElement":[{"@type":"ListItem","position":1,"name":"Home","item":"https:\/\/www.erresse-shop.it\/fr\/"},{"@type":"ListItem","position":2,"name":"Shop","item":"https:\/\/www.erresse-shop.it\/fr\/shop\/"},{"@type":"ListItem","position":3,"name":"VERSACE HOME La Greca Signature Assiette porte-plat 33 cm Rouge"}]},{"@type":"WebSite","@id":"https:\/\/www.erresse-shop.it\/fr\/#website","url":"https:\/\/www.erresse-shop.it\/fr\/","name":"Erresse Shop","description":"Articoli di qualit\u00e0 per la casa","potentialAction":[{"@type":"SearchAction","target":{"@type":"EntryPoint","urlTemplate":"https:\/\/www.erresse-shop.it\/fr\/?s={search_term_string}"},"query-input":"required name=search_term_string"}],"inLanguage":"fr-FR"}]}},"df_price":139.5,"df_sale_price":139.5,"df_regular_price":279,"df_image_link":"https:\/\/www.erresse-shop.it\/wp-content\/uploads\/2024\/03\/VERSACE-HOME-La-Greca-Signature-Piatto-Segnaposto-33-cm-Rosso-300x300.jpg","_links":{"self":[{"href":"https:\/\/www.erresse-shop.it\/fr\/wp-json\/wp\/v2\/product\/395343"}],"collection":[{"href":"https:\/\/www.erresse-shop.it\/fr\/wp-json\/wp\/v2\/product"}],"about":[{"href":"https:\/\/www.erresse-shop.it\/fr\/wp-json\/wp\/v2\/types\/product"}],"wp:featuredmedia":[{"embeddable":true,"href":"https:\/\/www.erresse-shop.it\/fr\/wp-json\/wp\/v2\/media\/504306"}],"wp:attachment":[{"href":"https:\/\/www.erresse-shop.it\/fr\/wp-json\/wp\/v2\/media?parent=395343"}],"wp:term":[{"taxonomy":"product_cat","embeddable":true,"href":"https:\/\/www.erresse-shop.it\/fr\/wp-json\/wp\/v2\/product_cat?post=395343"},{"taxonomy":"product_tag","embeddable":true,"href":"https:\/\/www.erresse-shop.it\/fr\/wp-json\/wp\/v2\/product_tag?post=395343"}],"curies":[{"name":"wp","href":"https:\/\/api.w.org\/{rel}","templated":true}]}}