{"id":395287,"date":"2024-03-11T10:10:28","date_gmt":"2024-03-11T10:10:33","guid":{"rendered":"https:\/\/www.erresse-shop.it\/?post_type=product&#038;p=395287"},"modified":"2024-03-11T10:15:25","modified_gmt":"2024-03-11T10:15:25","slug":"versace-home-le-jardin-de-versace-porte-plaquette-33-cm","status":"publish","type":"product","link":"https:\/\/www.erresse-shop.it\/fr\/shop\/table-fr-2\/plats\/versace-home-le-jardin-de-versace-porte-plaquette-33-cm\/","title":{"rendered":"VERSACE HOME Le Jardin De Versace Porte-plaquette 33 cm"},"content":{"rendered":"<p>Porcelaine lavable au lave-vaisselle. Pour ce type de d\u00e9coration, les couleurs sont fondues dans le verre \u00e0 plus de 1000\u00b0C. Cela ramollit le verre et l&#8217;absorbe. Le verre est ainsi ramolli et la d\u00e9coration y est absorb\u00e9e, de sorte que la couleur et la brillance sont extr\u00eamement r\u00e9sistantes aux rayures et \u00e0 l&#8217;abrasion. Toutefois, les d\u00e9corations en or ne sont pas totalement r\u00e9sistantes \u00e0 l&#8217;abrasion en raison des propri\u00e9t\u00e9s naturelles de ce mat\u00e9riau.<\/p>\n<p><b><strong>Dimensions<\/strong><\/b>: 33 cm<\/p>\n<p><b><strong>Mat\u00e9riau<\/strong><\/b>: Porcelaine<\/p>\n<p><b><strong>D\u00e9coration<\/strong><\/b>: Le jardin de Versace.<\/p>\n<p><b><strong>Mod\u00e8le<\/strong><\/b>: Le Jardin De Versace<\/p>\n<p><b><strong>Couleur<\/strong><\/b>: Multicolore<\/p>\n<p><b><strong>Mati\u00e8re<\/strong><\/b>: Porcelaine<\/p>\n<p><b><strong>Autre<\/strong><\/b>: Lave-vaisselle<\/p>\n<p><b><strong>POUR DES RAISONS DE S\u00c9CURIT\u00c9, \u00c9TANT DONN\u00c9 QU&#8217;IL S&#8217;AGIT D&#8217;UN PRODUIT DE LUXE, LE D\u00c9LAI DE LIVRAISON PEUT PRENDRE DEUX JOURS SUPPL\u00c9MENTAIRES.<\/strong><\/b><\/p>\n","protected":false},"excerpt":{"rendered":"<p>Porcelaine lavable au lave-vaisselle. Pour ce type de d\u00e9coration, les couleurs sont fondues dans le verre \u00e0 plus de 1000\u00b0C.<\/p>\n","protected":false},"featured_media":477312,"template":"","meta":{"_acf_changed":false,"inline_featured_image":false},"product_cat":[12738,14441,12788,12782],"product_tag":[13169,23690,24680,17838,17839],"acf":[],"yoast_head":"<!-- This site is optimized with the Yoast SEO Premium plugin v18.6 (Yoast SEO v19.13) - https:\/\/yoast.com\/wordpress\/plugins\/seo\/ -->\n<title>VERSACE HOME Le Jardin De Versace Porte-plaquette 33 cm - Erresse Shop<\/title>\n<meta name=\"description\" content=\"Porcelaine lavable au lave-vaisselle. Pour ce type de d\u00e9coration, les couleurs sont fondues dans le verre \u00e0 plus de 1000\u00b0C. Cela ramollit le verre et\" \/>\n<meta name=\"robots\" content=\"index, follow, max-snippet:-1, max-image-preview:large, max-video-preview:-1\" \/>\n<link rel=\"canonical\" href=\"https:\/\/www.erresse-shop.it\/fr\/shop\/table-fr-2\/plats\/versace-home-le-jardin-de-versace-porte-plaquette-33-cm\/\" \/>\n<meta property=\"og:locale\" content=\"fr_FR\" \/>\n<meta property=\"og:type\" content=\"article\" \/>\n<meta property=\"og:title\" content=\"VERSACE HOME Le Jardin De Versace Porte-plaquette 33 cm\" \/>\n<meta property=\"og:description\" content=\"Porcelaine lavable au lave-vaisselle. Pour ce type de d\u00e9coration, les couleurs sont fondues dans le verre \u00e0 plus de 1000\u00b0C. Cela ramollit le verre et\" \/>\n<meta property=\"og:url\" content=\"https:\/\/www.erresse-shop.it\/fr\/shop\/table-fr-2\/plats\/versace-home-le-jardin-de-versace-porte-plaquette-33-cm\/\" \/>\n<meta property=\"og:site_name\" content=\"Erresse Shop\" \/>\n<meta property=\"article:modified_time\" content=\"2024-03-11T10:15:25+00:00\" \/>\n<meta property=\"og:image\" content=\"https:\/\/www.erresse-shop.it\/wp-content\/uploads\/2024\/03\/VERSACE-HOME-Le-Jardin-De-Versace-Segnaposto-33-cm.jpg\" \/>\n\t<meta property=\"og:image:width\" content=\"800\" \/>\n\t<meta property=\"og:image:height\" content=\"800\" \/>\n\t<meta property=\"og:image:type\" content=\"image\/jpeg\" \/>\n<meta name=\"twitter:card\" content=\"summary_large_image\" \/>\n<script type=\"application\/ld+json\" class=\"yoast-schema-graph\">{\"@context\":\"https:\/\/schema.org\",\"@graph\":[{\"@type\":\"WebPage\",\"@id\":\"https:\/\/www.erresse-shop.it\/fr\/shop\/table-fr-2\/plats\/versace-home-le-jardin-de-versace-porte-plaquette-33-cm\/\",\"url\":\"https:\/\/www.erresse-shop.it\/fr\/shop\/table-fr-2\/plats\/versace-home-le-jardin-de-versace-porte-plaquette-33-cm\/\",\"name\":\"VERSACE HOME Le Jardin De Versace Porte-plaquette 33 cm - Erresse Shop\",\"isPartOf\":{\"@id\":\"https:\/\/www.erresse-shop.it\/fr\/#website\"},\"datePublished\":\"2024-03-11T10:10:33+00:00\",\"dateModified\":\"2024-03-11T10:15:25+00:00\",\"description\":\"Porcelaine lavable au lave-vaisselle. Pour ce type de d\u00e9coration, les couleurs sont fondues dans le verre \u00e0 plus de 1000\u00b0C. Cela ramollit le verre et\",\"breadcrumb\":{\"@id\":\"https:\/\/www.erresse-shop.it\/fr\/shop\/table-fr-2\/plats\/versace-home-le-jardin-de-versace-porte-plaquette-33-cm\/#breadcrumb\"},\"inLanguage\":\"fr-FR\",\"potentialAction\":[{\"@type\":\"ReadAction\",\"target\":[\"https:\/\/www.erresse-shop.it\/fr\/shop\/table-fr-2\/plats\/versace-home-le-jardin-de-versace-porte-plaquette-33-cm\/\"]}]},{\"@type\":\"BreadcrumbList\",\"@id\":\"https:\/\/www.erresse-shop.it\/fr\/shop\/table-fr-2\/plats\/versace-home-le-jardin-de-versace-porte-plaquette-33-cm\/#breadcrumb\",\"itemListElement\":[{\"@type\":\"ListItem\",\"position\":1,\"name\":\"Home\",\"item\":\"https:\/\/www.erresse-shop.it\/fr\/\"},{\"@type\":\"ListItem\",\"position\":2,\"name\":\"Shop\",\"item\":\"https:\/\/www.erresse-shop.it\/fr\/shop\/\"},{\"@type\":\"ListItem\",\"position\":3,\"name\":\"VERSACE HOME Le Jardin De Versace Porte-plaquette 33 cm\"}]},{\"@type\":\"WebSite\",\"@id\":\"https:\/\/www.erresse-shop.it\/fr\/#website\",\"url\":\"https:\/\/www.erresse-shop.it\/fr\/\",\"name\":\"Erresse Shop\",\"description\":\"Articoli di qualit\u00e0 per la casa\",\"potentialAction\":[{\"@type\":\"SearchAction\",\"target\":{\"@type\":\"EntryPoint\",\"urlTemplate\":\"https:\/\/www.erresse-shop.it\/fr\/?s={search_term_string}\"},\"query-input\":\"required name=search_term_string\"}],\"inLanguage\":\"fr-FR\"}]}<\/script>\n<!-- \/ Yoast SEO Premium plugin. -->","yoast_head_json":{"title":"VERSACE HOME Le Jardin De Versace Porte-plaquette 33 cm - Erresse Shop","description":"Porcelaine lavable au lave-vaisselle. Pour ce type de d\u00e9coration, les couleurs sont fondues dans le verre \u00e0 plus de 1000\u00b0C. Cela ramollit le verre et","robots":{"index":"index","follow":"follow","max-snippet":"max-snippet:-1","max-image-preview":"max-image-preview:large","max-video-preview":"max-video-preview:-1"},"canonical":"https:\/\/www.erresse-shop.it\/fr\/shop\/table-fr-2\/plats\/versace-home-le-jardin-de-versace-porte-plaquette-33-cm\/","og_locale":"fr_FR","og_type":"article","og_title":"VERSACE HOME Le Jardin De Versace Porte-plaquette 33 cm","og_description":"Porcelaine lavable au lave-vaisselle. Pour ce type de d\u00e9coration, les couleurs sont fondues dans le verre \u00e0 plus de 1000\u00b0C. Cela ramollit le verre et","og_url":"https:\/\/www.erresse-shop.it\/fr\/shop\/table-fr-2\/plats\/versace-home-le-jardin-de-versace-porte-plaquette-33-cm\/","og_site_name":"Erresse Shop","article_modified_time":"2024-03-11T10:15:25+00:00","og_image":[{"width":800,"height":800,"url":"https:\/\/www.erresse-shop.it\/wp-content\/uploads\/2024\/03\/VERSACE-HOME-Le-Jardin-De-Versace-Segnaposto-33-cm.jpg","type":"image\/jpeg"}],"twitter_card":"summary_large_image","schema":{"@context":"https:\/\/schema.org","@graph":[{"@type":"WebPage","@id":"https:\/\/www.erresse-shop.it\/fr\/shop\/table-fr-2\/plats\/versace-home-le-jardin-de-versace-porte-plaquette-33-cm\/","url":"https:\/\/www.erresse-shop.it\/fr\/shop\/table-fr-2\/plats\/versace-home-le-jardin-de-versace-porte-plaquette-33-cm\/","name":"VERSACE HOME Le Jardin De Versace Porte-plaquette 33 cm - Erresse Shop","isPartOf":{"@id":"https:\/\/www.erresse-shop.it\/fr\/#website"},"datePublished":"2024-03-11T10:10:33+00:00","dateModified":"2024-03-11T10:15:25+00:00","description":"Porcelaine lavable au lave-vaisselle. Pour ce type de d\u00e9coration, les couleurs sont fondues dans le verre \u00e0 plus de 1000\u00b0C. Cela ramollit le verre et","breadcrumb":{"@id":"https:\/\/www.erresse-shop.it\/fr\/shop\/table-fr-2\/plats\/versace-home-le-jardin-de-versace-porte-plaquette-33-cm\/#breadcrumb"},"inLanguage":"fr-FR","potentialAction":[{"@type":"ReadAction","target":["https:\/\/www.erresse-shop.it\/fr\/shop\/table-fr-2\/plats\/versace-home-le-jardin-de-versace-porte-plaquette-33-cm\/"]}]},{"@type":"BreadcrumbList","@id":"https:\/\/www.erresse-shop.it\/fr\/shop\/table-fr-2\/plats\/versace-home-le-jardin-de-versace-porte-plaquette-33-cm\/#breadcrumb","itemListElement":[{"@type":"ListItem","position":1,"name":"Home","item":"https:\/\/www.erresse-shop.it\/fr\/"},{"@type":"ListItem","position":2,"name":"Shop","item":"https:\/\/www.erresse-shop.it\/fr\/shop\/"},{"@type":"ListItem","position":3,"name":"VERSACE HOME Le Jardin De Versace Porte-plaquette 33 cm"}]},{"@type":"WebSite","@id":"https:\/\/www.erresse-shop.it\/fr\/#website","url":"https:\/\/www.erresse-shop.it\/fr\/","name":"Erresse Shop","description":"Articoli di qualit\u00e0 per la casa","potentialAction":[{"@type":"SearchAction","target":{"@type":"EntryPoint","urlTemplate":"https:\/\/www.erresse-shop.it\/fr\/?s={search_term_string}"},"query-input":"required name=search_term_string"}],"inLanguage":"fr-FR"}]}},"df_price":139.5,"df_sale_price":139.5,"df_regular_price":279,"df_image_link":"https:\/\/www.erresse-shop.it\/wp-content\/uploads\/2024\/03\/VERSACE-HOME-Le-Jardin-De-Versace-Segnaposto-33-cm-300x300.jpg","_links":{"self":[{"href":"https:\/\/www.erresse-shop.it\/fr\/wp-json\/wp\/v2\/product\/395287"}],"collection":[{"href":"https:\/\/www.erresse-shop.it\/fr\/wp-json\/wp\/v2\/product"}],"about":[{"href":"https:\/\/www.erresse-shop.it\/fr\/wp-json\/wp\/v2\/types\/product"}],"wp:featuredmedia":[{"embeddable":true,"href":"https:\/\/www.erresse-shop.it\/fr\/wp-json\/wp\/v2\/media\/477312"}],"wp:attachment":[{"href":"https:\/\/www.erresse-shop.it\/fr\/wp-json\/wp\/v2\/media?parent=395287"}],"wp:term":[{"taxonomy":"product_cat","embeddable":true,"href":"https:\/\/www.erresse-shop.it\/fr\/wp-json\/wp\/v2\/product_cat?post=395287"},{"taxonomy":"product_tag","embeddable":true,"href":"https:\/\/www.erresse-shop.it\/fr\/wp-json\/wp\/v2\/product_tag?post=395287"}],"curies":[{"name":"wp","href":"https:\/\/api.w.org\/{rel}","templated":true}]}}