{"id":394985,"date":"2024-03-11T07:42:47","date_gmt":"2024-03-11T07:42:53","guid":{"rendered":"https:\/\/www.erresse-shop.it\/?post_type=product&#038;p=394985"},"modified":"2024-07-21T18:37:18","modified_gmt":"2024-07-21T18:37:18","slug":"villeroy-boch-rock-ensemble-de-4-flutes-a-champagne-260-ml-blanc","status":"publish","type":"product","link":"https:\/\/www.erresse-shop.it\/fr\/shop\/table-fr-2\/vin\/villeroy-boch-rock-ensemble-de-4-flutes-a-champagne-260-ml-blanc\/","title":{"rendered":"VILLEROY &amp; BOCH Rock Ensemble de 4 Fl\u00fbtes \u00e0 Champagne 260 ml Blanc"},"content":{"rendered":"<p><strong>\u00c9l\u00e9gant verre \u00e0 vin mousseux et \u00e0 champagne<\/strong><br \/>\nLes verres \u00e0 pied et \u00e0 pied noirs s&#8217;accordent parfaitement avec la porcelaine Manufacture Rock, donnant \u00e0 la table un aspect \u00e9l\u00e9gant. Avec leur capacit\u00e9 de 260 ml, les 4 verres sont id\u00e9aux pour le vin mousseux ou le champagne et compl\u00e8tent harmonieusement la mise en place de la table. Cr\u00e9ez des moments de d\u00eener tr\u00e8s sp\u00e9ciaux.<\/p>\n<p><strong>Mat\u00e9riau:<\/strong> cristal<br \/>\n<strong>Diam\u00e8tre:<\/strong> 71mm<br \/>\n<strong>Volume:<\/strong> 260ml<br \/>\n<strong>Lavable au lave-vaisselle:<\/strong> non<br \/>\n<strong>Convient au micro-ondes:<\/strong> non<\/p>\n","protected":false},"excerpt":{"rendered":"<p>\u00c9l\u00e9gant verre \u00e0 vin mousseux et \u00e0 champagne Les verres \u00e0 pied et \u00e0 pied noirs s&#8217;accordent parfaitement avec la<\/p>\n","protected":false},"featured_media":474336,"template":"","meta":{"_acf_changed":false,"inline_featured_image":false},"product_cat":[14460,12754],"product_tag":[25026,25021,24397,14485,17887,12826,15730,14412,23682],"acf":[],"yoast_head":"<!-- This site is optimized with the Yoast SEO Premium plugin v18.6 (Yoast SEO v19.13) - https:\/\/yoast.com\/wordpress\/plugins\/seo\/ -->\n<title>VILLEROY &amp; BOCH Rock Ensemble de 4 Fl\u00fbtes \u00e0 Champagne 260 ml Blanc - Erresse Shop<\/title>\n<meta name=\"description\" content=\"\u00c9l\u00e9gant verre \u00e0 vin mousseux et \u00e0 champagne Les verres \u00e0 pied et \u00e0 pied noirs s&#039;accordent parfaitement avec la porcelaine Manufacture Rock, donnant \u00e0 la\" \/>\n<meta name=\"robots\" content=\"index, follow, max-snippet:-1, max-image-preview:large, max-video-preview:-1\" \/>\n<link rel=\"canonical\" href=\"https:\/\/www.erresse-shop.it\/fr\/shop\/table-fr-2\/vin\/villeroy-boch-rock-ensemble-de-4-flutes-a-champagne-260-ml-blanc\/\" \/>\n<meta property=\"og:locale\" content=\"fr_FR\" \/>\n<meta property=\"og:type\" content=\"article\" \/>\n<meta property=\"og:title\" content=\"VILLEROY &amp; BOCH Rock Ensemble de 4 Fl\u00fbtes \u00e0 Champagne 260 ml Blanc\" \/>\n<meta property=\"og:description\" content=\"\u00c9l\u00e9gant verre \u00e0 vin mousseux et \u00e0 champagne Les verres \u00e0 pied et \u00e0 pied noirs s&#039;accordent parfaitement avec la porcelaine Manufacture Rock, donnant \u00e0 la\" \/>\n<meta property=\"og:url\" content=\"https:\/\/www.erresse-shop.it\/fr\/shop\/table-fr-2\/vin\/villeroy-boch-rock-ensemble-de-4-flutes-a-champagne-260-ml-blanc\/\" \/>\n<meta property=\"og:site_name\" content=\"Erresse Shop\" \/>\n<meta property=\"article:modified_time\" content=\"2024-07-21T18:37:18+00:00\" \/>\n<meta property=\"og:image\" content=\"https:\/\/www.erresse-shop.it\/wp-content\/uploads\/2024\/03\/villeroy-boch-flute.png\" \/>\n\t<meta property=\"og:image:width\" content=\"800\" \/>\n\t<meta property=\"og:image:height\" content=\"800\" \/>\n\t<meta property=\"og:image:type\" content=\"image\/png\" \/>\n<meta name=\"twitter:card\" content=\"summary_large_image\" \/>\n<script type=\"application\/ld+json\" class=\"yoast-schema-graph\">{\"@context\":\"https:\/\/schema.org\",\"@graph\":[{\"@type\":\"WebPage\",\"@id\":\"https:\/\/www.erresse-shop.it\/fr\/shop\/table-fr-2\/vin\/villeroy-boch-rock-ensemble-de-4-flutes-a-champagne-260-ml-blanc\/\",\"url\":\"https:\/\/www.erresse-shop.it\/fr\/shop\/table-fr-2\/vin\/villeroy-boch-rock-ensemble-de-4-flutes-a-champagne-260-ml-blanc\/\",\"name\":\"VILLEROY &amp; BOCH Rock Ensemble de 4 Fl\u00fbtes \u00e0 Champagne 260 ml Blanc - Erresse Shop\",\"isPartOf\":{\"@id\":\"https:\/\/www.erresse-shop.it\/fr\/#website\"},\"datePublished\":\"2024-03-11T07:42:53+00:00\",\"dateModified\":\"2024-07-21T18:37:18+00:00\",\"description\":\"\u00c9l\u00e9gant verre \u00e0 vin mousseux et \u00e0 champagne Les verres \u00e0 pied et \u00e0 pied noirs s'accordent parfaitement avec la porcelaine Manufacture Rock, donnant \u00e0 la\",\"breadcrumb\":{\"@id\":\"https:\/\/www.erresse-shop.it\/fr\/shop\/table-fr-2\/vin\/villeroy-boch-rock-ensemble-de-4-flutes-a-champagne-260-ml-blanc\/#breadcrumb\"},\"inLanguage\":\"fr-FR\",\"potentialAction\":[{\"@type\":\"ReadAction\",\"target\":[\"https:\/\/www.erresse-shop.it\/fr\/shop\/table-fr-2\/vin\/villeroy-boch-rock-ensemble-de-4-flutes-a-champagne-260-ml-blanc\/\"]}]},{\"@type\":\"BreadcrumbList\",\"@id\":\"https:\/\/www.erresse-shop.it\/fr\/shop\/table-fr-2\/vin\/villeroy-boch-rock-ensemble-de-4-flutes-a-champagne-260-ml-blanc\/#breadcrumb\",\"itemListElement\":[{\"@type\":\"ListItem\",\"position\":1,\"name\":\"Home\",\"item\":\"https:\/\/www.erresse-shop.it\/fr\/\"},{\"@type\":\"ListItem\",\"position\":2,\"name\":\"Shop\",\"item\":\"https:\/\/www.erresse-shop.it\/fr\/shop\/\"},{\"@type\":\"ListItem\",\"position\":3,\"name\":\"VILLEROY &amp; BOCH Rock Ensemble de 4 Fl\u00fbtes \u00e0 Champagne 260 ml Blanc\"}]},{\"@type\":\"WebSite\",\"@id\":\"https:\/\/www.erresse-shop.it\/fr\/#website\",\"url\":\"https:\/\/www.erresse-shop.it\/fr\/\",\"name\":\"Erresse Shop\",\"description\":\"Articoli di qualit\u00e0 per la casa\",\"potentialAction\":[{\"@type\":\"SearchAction\",\"target\":{\"@type\":\"EntryPoint\",\"urlTemplate\":\"https:\/\/www.erresse-shop.it\/fr\/?s={search_term_string}\"},\"query-input\":\"required name=search_term_string\"}],\"inLanguage\":\"fr-FR\"}]}<\/script>\n<!-- \/ Yoast SEO Premium plugin. -->","yoast_head_json":{"title":"VILLEROY &amp; BOCH Rock Ensemble de 4 Fl\u00fbtes \u00e0 Champagne 260 ml Blanc - Erresse Shop","description":"\u00c9l\u00e9gant verre \u00e0 vin mousseux et \u00e0 champagne Les verres \u00e0 pied et \u00e0 pied noirs s'accordent parfaitement avec la porcelaine Manufacture Rock, donnant \u00e0 la","robots":{"index":"index","follow":"follow","max-snippet":"max-snippet:-1","max-image-preview":"max-image-preview:large","max-video-preview":"max-video-preview:-1"},"canonical":"https:\/\/www.erresse-shop.it\/fr\/shop\/table-fr-2\/vin\/villeroy-boch-rock-ensemble-de-4-flutes-a-champagne-260-ml-blanc\/","og_locale":"fr_FR","og_type":"article","og_title":"VILLEROY &amp; BOCH Rock Ensemble de 4 Fl\u00fbtes \u00e0 Champagne 260 ml Blanc","og_description":"\u00c9l\u00e9gant verre \u00e0 vin mousseux et \u00e0 champagne Les verres \u00e0 pied et \u00e0 pied noirs s'accordent parfaitement avec la porcelaine Manufacture Rock, donnant \u00e0 la","og_url":"https:\/\/www.erresse-shop.it\/fr\/shop\/table-fr-2\/vin\/villeroy-boch-rock-ensemble-de-4-flutes-a-champagne-260-ml-blanc\/","og_site_name":"Erresse Shop","article_modified_time":"2024-07-21T18:37:18+00:00","og_image":[{"width":800,"height":800,"url":"https:\/\/www.erresse-shop.it\/wp-content\/uploads\/2024\/03\/villeroy-boch-flute.png","type":"image\/png"}],"twitter_card":"summary_large_image","schema":{"@context":"https:\/\/schema.org","@graph":[{"@type":"WebPage","@id":"https:\/\/www.erresse-shop.it\/fr\/shop\/table-fr-2\/vin\/villeroy-boch-rock-ensemble-de-4-flutes-a-champagne-260-ml-blanc\/","url":"https:\/\/www.erresse-shop.it\/fr\/shop\/table-fr-2\/vin\/villeroy-boch-rock-ensemble-de-4-flutes-a-champagne-260-ml-blanc\/","name":"VILLEROY &amp; BOCH Rock Ensemble de 4 Fl\u00fbtes \u00e0 Champagne 260 ml Blanc - Erresse Shop","isPartOf":{"@id":"https:\/\/www.erresse-shop.it\/fr\/#website"},"datePublished":"2024-03-11T07:42:53+00:00","dateModified":"2024-07-21T18:37:18+00:00","description":"\u00c9l\u00e9gant verre \u00e0 vin mousseux et \u00e0 champagne Les verres \u00e0 pied et \u00e0 pied noirs s'accordent parfaitement avec la porcelaine Manufacture Rock, donnant \u00e0 la","breadcrumb":{"@id":"https:\/\/www.erresse-shop.it\/fr\/shop\/table-fr-2\/vin\/villeroy-boch-rock-ensemble-de-4-flutes-a-champagne-260-ml-blanc\/#breadcrumb"},"inLanguage":"fr-FR","potentialAction":[{"@type":"ReadAction","target":["https:\/\/www.erresse-shop.it\/fr\/shop\/table-fr-2\/vin\/villeroy-boch-rock-ensemble-de-4-flutes-a-champagne-260-ml-blanc\/"]}]},{"@type":"BreadcrumbList","@id":"https:\/\/www.erresse-shop.it\/fr\/shop\/table-fr-2\/vin\/villeroy-boch-rock-ensemble-de-4-flutes-a-champagne-260-ml-blanc\/#breadcrumb","itemListElement":[{"@type":"ListItem","position":1,"name":"Home","item":"https:\/\/www.erresse-shop.it\/fr\/"},{"@type":"ListItem","position":2,"name":"Shop","item":"https:\/\/www.erresse-shop.it\/fr\/shop\/"},{"@type":"ListItem","position":3,"name":"VILLEROY &amp; BOCH Rock Ensemble de 4 Fl\u00fbtes \u00e0 Champagne 260 ml Blanc"}]},{"@type":"WebSite","@id":"https:\/\/www.erresse-shop.it\/fr\/#website","url":"https:\/\/www.erresse-shop.it\/fr\/","name":"Erresse Shop","description":"Articoli di qualit\u00e0 per la casa","potentialAction":[{"@type":"SearchAction","target":{"@type":"EntryPoint","urlTemplate":"https:\/\/www.erresse-shop.it\/fr\/?s={search_term_string}"},"query-input":"required name=search_term_string"}],"inLanguage":"fr-FR"}]}},"df_price":42,"df_sale_price":42,"df_regular_price":49.9,"df_image_link":"https:\/\/www.erresse-shop.it\/wp-content\/uploads\/2024\/03\/VILLEROY-BOCH-Rock-Set-4-Flute-260-ml-Bianco-1-300x300.jpg","_links":{"self":[{"href":"https:\/\/www.erresse-shop.it\/fr\/wp-json\/wp\/v2\/product\/394985"}],"collection":[{"href":"https:\/\/www.erresse-shop.it\/fr\/wp-json\/wp\/v2\/product"}],"about":[{"href":"https:\/\/www.erresse-shop.it\/fr\/wp-json\/wp\/v2\/types\/product"}],"wp:featuredmedia":[{"embeddable":true,"href":"https:\/\/www.erresse-shop.it\/fr\/wp-json\/wp\/v2\/media\/474336"}],"wp:attachment":[{"href":"https:\/\/www.erresse-shop.it\/fr\/wp-json\/wp\/v2\/media?parent=394985"}],"wp:term":[{"taxonomy":"product_cat","embeddable":true,"href":"https:\/\/www.erresse-shop.it\/fr\/wp-json\/wp\/v2\/product_cat?post=394985"},{"taxonomy":"product_tag","embeddable":true,"href":"https:\/\/www.erresse-shop.it\/fr\/wp-json\/wp\/v2\/product_tag?post=394985"}],"curies":[{"name":"wp","href":"https:\/\/api.w.org\/{rel}","templated":true}]}}