{"id":394897,"date":"2024-03-11T07:19:50","date_gmt":"2024-03-11T07:19:55","guid":{"rendered":"https:\/\/www.erresse-shop.it\/?post_type=product&#038;p=394897"},"modified":"2024-03-11T07:22:16","modified_gmt":"2024-03-11T07:22:16","slug":"versace-home-mug-avec-couvercle-le-roi-soleil","status":"publish","type":"product","link":"https:\/\/www.erresse-shop.it\/fr\/shop\/table-fr-2\/tasses\/versace-home-mug-avec-couvercle-le-roi-soleil\/","title":{"rendered":"VERSACE HOME Mug avec couvercle Le Roi Soleil"},"content":{"rendered":"<p>Pour c\u00e9l\u00e9brer son 30e anniversaire, Rosenthal meets Versace lance une collection sp\u00e9ciale limit\u00e9e. 30 tasses d\u00e9cor\u00e9es de 30 d\u00e9cors l\u00e9gendaires racontent l&#8217;histoire de cette collaboration extraordinaire comme un voyage \u00e0 travers le temps, l&#8217;espace et les cultures. Les couvercles exquis sont d\u00e9cor\u00e9s d&#8217;une t\u00eate de M\u00e9duse dor\u00e9e, symbole embl\u00e9matique de Versace depuis ses d\u00e9buts.<\/p>\n<p><b><strong>Mat\u00e9riau<\/strong><\/b>: Porcelaine<\/p>\n<p><b><strong>Dimensions<\/strong><\/b>: 12 cm de haut : 12 cm de haut<\/p>\n<p><b><strong>POUR DES RAISONS DE S\u00c9CURIT\u00c9, S&#8217;AGISSANT D&#8217;UN PRODUIT DE LUXE, LE D\u00c9LAI DE LIVRAISON PEUT PRENDRE DEUX JOURS SUPPL\u00c9MENTAIRES.<\/strong><\/b><\/p>\n","protected":false},"excerpt":{"rendered":"<p>Pour c\u00e9l\u00e9brer son 30e anniversaire, Rosenthal meets Versace lance une collection sp\u00e9ciale limit\u00e9e. 30 tasses d\u00e9cor\u00e9es de 30 d\u00e9cors l\u00e9gendaires<\/p>\n","protected":false},"featured_media":394901,"template":"","meta":{"_acf_changed":false,"inline_featured_image":false},"product_cat":[12782,12791],"product_tag":[25181,25021,24680,13359,15712,17839],"acf":[],"yoast_head":"<!-- This site is optimized with the Yoast SEO Premium plugin v18.6 (Yoast SEO v19.13) - https:\/\/yoast.com\/wordpress\/plugins\/seo\/ -->\n<title>VERSACE HOME Mug avec couvercle Le Roi Soleil - Erresse Shop<\/title>\n<meta name=\"description\" content=\"Pour c\u00e9l\u00e9brer son 30e anniversaire, Rosenthal meets Versace lance une collection sp\u00e9ciale limit\u00e9e. 30 tasses d\u00e9cor\u00e9es de 30 d\u00e9cors l\u00e9gendaires racontent\" \/>\n<meta name=\"robots\" content=\"index, follow, max-snippet:-1, max-image-preview:large, max-video-preview:-1\" \/>\n<link rel=\"canonical\" href=\"https:\/\/www.erresse-shop.it\/fr\/shop\/table-fr-2\/tasses\/versace-home-mug-avec-couvercle-le-roi-soleil\/\" \/>\n<meta property=\"og:locale\" content=\"fr_FR\" \/>\n<meta property=\"og:type\" content=\"article\" \/>\n<meta property=\"og:title\" content=\"VERSACE HOME Mug avec couvercle Le Roi Soleil\" \/>\n<meta property=\"og:description\" content=\"Pour c\u00e9l\u00e9brer son 30e anniversaire, Rosenthal meets Versace lance une collection sp\u00e9ciale limit\u00e9e. 30 tasses d\u00e9cor\u00e9es de 30 d\u00e9cors l\u00e9gendaires racontent\" \/>\n<meta property=\"og:url\" content=\"https:\/\/www.erresse-shop.it\/fr\/shop\/table-fr-2\/tasses\/versace-home-mug-avec-couvercle-le-roi-soleil\/\" \/>\n<meta property=\"og:site_name\" content=\"Erresse Shop\" \/>\n<meta property=\"article:modified_time\" content=\"2024-03-11T07:22:16+00:00\" \/>\n<meta property=\"og:image\" content=\"https:\/\/www.erresse-shop.it\/wp-content\/uploads\/2024\/03\/VERSACE-mug-coperchio-limited-le-roi-soleil.jpg\" \/>\n\t<meta property=\"og:image:width\" content=\"800\" \/>\n\t<meta property=\"og:image:height\" content=\"800\" \/>\n\t<meta property=\"og:image:type\" content=\"image\/jpeg\" \/>\n<meta name=\"twitter:card\" content=\"summary_large_image\" \/>\n<script type=\"application\/ld+json\" class=\"yoast-schema-graph\">{\"@context\":\"https:\/\/schema.org\",\"@graph\":[{\"@type\":\"WebPage\",\"@id\":\"https:\/\/www.erresse-shop.it\/fr\/shop\/table-fr-2\/tasses\/versace-home-mug-avec-couvercle-le-roi-soleil\/\",\"url\":\"https:\/\/www.erresse-shop.it\/fr\/shop\/table-fr-2\/tasses\/versace-home-mug-avec-couvercle-le-roi-soleil\/\",\"name\":\"VERSACE HOME Mug avec couvercle Le Roi Soleil - Erresse Shop\",\"isPartOf\":{\"@id\":\"https:\/\/www.erresse-shop.it\/fr\/#website\"},\"datePublished\":\"2024-03-11T07:19:55+00:00\",\"dateModified\":\"2024-03-11T07:22:16+00:00\",\"description\":\"Pour c\u00e9l\u00e9brer son 30e anniversaire, Rosenthal meets Versace lance une collection sp\u00e9ciale limit\u00e9e. 30 tasses d\u00e9cor\u00e9es de 30 d\u00e9cors l\u00e9gendaires racontent\",\"breadcrumb\":{\"@id\":\"https:\/\/www.erresse-shop.it\/fr\/shop\/table-fr-2\/tasses\/versace-home-mug-avec-couvercle-le-roi-soleil\/#breadcrumb\"},\"inLanguage\":\"fr-FR\",\"potentialAction\":[{\"@type\":\"ReadAction\",\"target\":[\"https:\/\/www.erresse-shop.it\/fr\/shop\/table-fr-2\/tasses\/versace-home-mug-avec-couvercle-le-roi-soleil\/\"]}]},{\"@type\":\"BreadcrumbList\",\"@id\":\"https:\/\/www.erresse-shop.it\/fr\/shop\/table-fr-2\/tasses\/versace-home-mug-avec-couvercle-le-roi-soleil\/#breadcrumb\",\"itemListElement\":[{\"@type\":\"ListItem\",\"position\":1,\"name\":\"Home\",\"item\":\"https:\/\/www.erresse-shop.it\/fr\/\"},{\"@type\":\"ListItem\",\"position\":2,\"name\":\"Shop\",\"item\":\"https:\/\/www.erresse-shop.it\/fr\/shop\/\"},{\"@type\":\"ListItem\",\"position\":3,\"name\":\"VERSACE HOME Mug avec couvercle Le Roi Soleil\"}]},{\"@type\":\"WebSite\",\"@id\":\"https:\/\/www.erresse-shop.it\/fr\/#website\",\"url\":\"https:\/\/www.erresse-shop.it\/fr\/\",\"name\":\"Erresse Shop\",\"description\":\"Articoli di qualit\u00e0 per la casa\",\"potentialAction\":[{\"@type\":\"SearchAction\",\"target\":{\"@type\":\"EntryPoint\",\"urlTemplate\":\"https:\/\/www.erresse-shop.it\/fr\/?s={search_term_string}\"},\"query-input\":\"required name=search_term_string\"}],\"inLanguage\":\"fr-FR\"}]}<\/script>\n<!-- \/ Yoast SEO Premium plugin. -->","yoast_head_json":{"title":"VERSACE HOME Mug avec couvercle Le Roi Soleil - Erresse Shop","description":"Pour c\u00e9l\u00e9brer son 30e anniversaire, Rosenthal meets Versace lance une collection sp\u00e9ciale limit\u00e9e. 30 tasses d\u00e9cor\u00e9es de 30 d\u00e9cors l\u00e9gendaires racontent","robots":{"index":"index","follow":"follow","max-snippet":"max-snippet:-1","max-image-preview":"max-image-preview:large","max-video-preview":"max-video-preview:-1"},"canonical":"https:\/\/www.erresse-shop.it\/fr\/shop\/table-fr-2\/tasses\/versace-home-mug-avec-couvercle-le-roi-soleil\/","og_locale":"fr_FR","og_type":"article","og_title":"VERSACE HOME Mug avec couvercle Le Roi Soleil","og_description":"Pour c\u00e9l\u00e9brer son 30e anniversaire, Rosenthal meets Versace lance une collection sp\u00e9ciale limit\u00e9e. 30 tasses d\u00e9cor\u00e9es de 30 d\u00e9cors l\u00e9gendaires racontent","og_url":"https:\/\/www.erresse-shop.it\/fr\/shop\/table-fr-2\/tasses\/versace-home-mug-avec-couvercle-le-roi-soleil\/","og_site_name":"Erresse Shop","article_modified_time":"2024-03-11T07:22:16+00:00","og_image":[{"width":800,"height":800,"url":"https:\/\/www.erresse-shop.it\/wp-content\/uploads\/2024\/03\/VERSACE-mug-coperchio-limited-le-roi-soleil.jpg","type":"image\/jpeg"}],"twitter_card":"summary_large_image","schema":{"@context":"https:\/\/schema.org","@graph":[{"@type":"WebPage","@id":"https:\/\/www.erresse-shop.it\/fr\/shop\/table-fr-2\/tasses\/versace-home-mug-avec-couvercle-le-roi-soleil\/","url":"https:\/\/www.erresse-shop.it\/fr\/shop\/table-fr-2\/tasses\/versace-home-mug-avec-couvercle-le-roi-soleil\/","name":"VERSACE HOME Mug avec couvercle Le Roi Soleil - Erresse Shop","isPartOf":{"@id":"https:\/\/www.erresse-shop.it\/fr\/#website"},"datePublished":"2024-03-11T07:19:55+00:00","dateModified":"2024-03-11T07:22:16+00:00","description":"Pour c\u00e9l\u00e9brer son 30e anniversaire, Rosenthal meets Versace lance une collection sp\u00e9ciale limit\u00e9e. 30 tasses d\u00e9cor\u00e9es de 30 d\u00e9cors l\u00e9gendaires racontent","breadcrumb":{"@id":"https:\/\/www.erresse-shop.it\/fr\/shop\/table-fr-2\/tasses\/versace-home-mug-avec-couvercle-le-roi-soleil\/#breadcrumb"},"inLanguage":"fr-FR","potentialAction":[{"@type":"ReadAction","target":["https:\/\/www.erresse-shop.it\/fr\/shop\/table-fr-2\/tasses\/versace-home-mug-avec-couvercle-le-roi-soleil\/"]}]},{"@type":"BreadcrumbList","@id":"https:\/\/www.erresse-shop.it\/fr\/shop\/table-fr-2\/tasses\/versace-home-mug-avec-couvercle-le-roi-soleil\/#breadcrumb","itemListElement":[{"@type":"ListItem","position":1,"name":"Home","item":"https:\/\/www.erresse-shop.it\/fr\/"},{"@type":"ListItem","position":2,"name":"Shop","item":"https:\/\/www.erresse-shop.it\/fr\/shop\/"},{"@type":"ListItem","position":3,"name":"VERSACE HOME Mug avec couvercle Le Roi Soleil"}]},{"@type":"WebSite","@id":"https:\/\/www.erresse-shop.it\/fr\/#website","url":"https:\/\/www.erresse-shop.it\/fr\/","name":"Erresse Shop","description":"Articoli di qualit\u00e0 per la casa","potentialAction":[{"@type":"SearchAction","target":{"@type":"EntryPoint","urlTemplate":"https:\/\/www.erresse-shop.it\/fr\/?s={search_term_string}"},"query-input":"required name=search_term_string"}],"inLanguage":"fr-FR"}]}},"df_price":144.5,"df_sale_price":144.5,"df_regular_price":289,"df_image_link":"https:\/\/www.erresse-shop.it\/wp-content\/uploads\/2024\/03\/VERSACE-mug-coperchio-limited-le-roi-soleil-300x300.jpg","_links":{"self":[{"href":"https:\/\/www.erresse-shop.it\/fr\/wp-json\/wp\/v2\/product\/394897"}],"collection":[{"href":"https:\/\/www.erresse-shop.it\/fr\/wp-json\/wp\/v2\/product"}],"about":[{"href":"https:\/\/www.erresse-shop.it\/fr\/wp-json\/wp\/v2\/types\/product"}],"wp:featuredmedia":[{"embeddable":true,"href":"https:\/\/www.erresse-shop.it\/fr\/wp-json\/wp\/v2\/media\/394901"}],"wp:attachment":[{"href":"https:\/\/www.erresse-shop.it\/fr\/wp-json\/wp\/v2\/media?parent=394897"}],"wp:term":[{"taxonomy":"product_cat","embeddable":true,"href":"https:\/\/www.erresse-shop.it\/fr\/wp-json\/wp\/v2\/product_cat?post=394897"},{"taxonomy":"product_tag","embeddable":true,"href":"https:\/\/www.erresse-shop.it\/fr\/wp-json\/wp\/v2\/product_tag?post=394897"}],"curies":[{"name":"wp","href":"https:\/\/api.w.org\/{rel}","templated":true}]}}