{"id":394694,"date":"2024-03-08T10:47:53","date_gmt":"2024-03-08T10:47:58","guid":{"rendered":"https:\/\/www.erresse-shop.it\/?post_type=product&#038;p=394694"},"modified":"2024-07-22T06:57:45","modified_gmt":"2024-07-22T06:57:45","slug":"versace-home-prestige-gala-placeholder-30-cm","status":"publish","type":"product","link":"https:\/\/www.erresse-shop.it\/fr\/shop\/table-fr-2\/plats\/versace-home-prestige-gala-placeholder-30-cm\/","title":{"rendered":"VERSACE HOME Prestige Gala Placeholder 30 cm"},"content":{"rendered":"<p>Les \u00e9l\u00e9ments baroques et le cadre grec sont les motifs dominants de la collection Prestige Gala.<\/p>\n<p>Dans ce type de d\u00e9coration, les couleurs sont fondues dans l&#8217;\u00e9mail \u00e0 une temp\u00e9rature de 1000 \u00b0C. Gr\u00e2ce \u00e0 cette technique, l&#8217;\u00e9mail se ramollit, absorbe le d\u00e9cor et rend les couleurs et la brillance indestructibles, pour un r\u00e9sultat inrayable et ultra-r\u00e9sistant. Toutefois, les d\u00e9corations en or ne sont pas totalement inrayables en raison des propri\u00e9t\u00e9s inh\u00e9rentes au mat\u00e9riau.<\/p>\n<p><b><strong>Laver \u00e0 la main une pi\u00e8ce \u00e0 la fois<\/strong><\/b><\/p>\n<p><b><strong>Egoutter apr\u00e8s le nettoyage<\/strong><\/b><\/p>\n<p><b><strong>S\u00e9cher soigneusement pour \u00e9viter les taches de d\u00e9tergent<\/strong><\/b><\/p>\n<p><b><strong>Couleur<\/strong><\/b>: Multicolore<\/p>\n<p><b><strong>Mat\u00e9riau :<\/strong><\/b> Porcelaine<\/p>\n<p><b><strong>Dimensions de<\/strong><\/b> l&#8217;objet : Diam\u00e8tre : 30 cm<\/p>\n<p><b><strong>POUR DES RAISONS DE S\u00c9CURIT\u00c9, S&#8217;AGISSANT D&#8217;UN PRODUIT DE LUXE, LE D\u00c9LAI DE LIVRAISON PEUT PRENDRE DEUX JOURS SUPPL\u00c9MENTAIRES.<\/strong><\/b><\/p>\n","protected":false},"excerpt":{"rendered":"<p>Les \u00e9l\u00e9ments baroques et le cadre grec sont les motifs dominants de la collection Prestige Gala. Dans ce type de<\/p>\n","protected":false},"featured_media":498083,"template":"","meta":{"_acf_changed":false,"inline_featured_image":false},"product_cat":[12738,14441,12788,12782],"product_tag":[25181,13169,23690,25021,24680,17838,17839],"acf":[],"yoast_head":"<!-- This site is optimized with the Yoast SEO Premium plugin v18.6 (Yoast SEO v19.13) - https:\/\/yoast.com\/wordpress\/plugins\/seo\/ -->\n<title>VERSACE HOME Prestige Gala Placeholder 30 cm - Erresse Shop<\/title>\n<meta name=\"description\" content=\"Les \u00e9l\u00e9ments baroques et le cadre grec sont les motifs dominants de la collection Prestige Gala. Dans ce type de d\u00e9coration, les couleurs sont fondues\" \/>\n<meta name=\"robots\" content=\"index, follow, max-snippet:-1, max-image-preview:large, max-video-preview:-1\" \/>\n<link rel=\"canonical\" href=\"https:\/\/www.erresse-shop.it\/fr\/shop\/table-fr-2\/plats\/versace-home-prestige-gala-placeholder-30-cm\/\" \/>\n<meta property=\"og:locale\" content=\"fr_FR\" \/>\n<meta property=\"og:type\" content=\"article\" \/>\n<meta property=\"og:title\" content=\"VERSACE HOME Prestige Gala Placeholder 30 cm\" \/>\n<meta property=\"og:description\" content=\"Les \u00e9l\u00e9ments baroques et le cadre grec sont les motifs dominants de la collection Prestige Gala. Dans ce type de d\u00e9coration, les couleurs sont fondues\" \/>\n<meta property=\"og:url\" content=\"https:\/\/www.erresse-shop.it\/fr\/shop\/table-fr-2\/plats\/versace-home-prestige-gala-placeholder-30-cm\/\" \/>\n<meta property=\"og:site_name\" content=\"Erresse Shop\" \/>\n<meta property=\"article:modified_time\" content=\"2024-07-22T06:57:45+00:00\" \/>\n<meta property=\"og:image\" content=\"https:\/\/www.erresse-shop.it\/wp-content\/uploads\/2024\/03\/versace-home-segnaposto-19325-403638-10230.jpg\" \/>\n\t<meta property=\"og:image:width\" content=\"800\" \/>\n\t<meta property=\"og:image:height\" content=\"800\" \/>\n\t<meta property=\"og:image:type\" content=\"image\/jpeg\" \/>\n<meta name=\"twitter:card\" content=\"summary_large_image\" \/>\n<script type=\"application\/ld+json\" class=\"yoast-schema-graph\">{\"@context\":\"https:\/\/schema.org\",\"@graph\":[{\"@type\":\"WebPage\",\"@id\":\"https:\/\/www.erresse-shop.it\/fr\/shop\/table-fr-2\/plats\/versace-home-prestige-gala-placeholder-30-cm\/\",\"url\":\"https:\/\/www.erresse-shop.it\/fr\/shop\/table-fr-2\/plats\/versace-home-prestige-gala-placeholder-30-cm\/\",\"name\":\"VERSACE HOME Prestige Gala Placeholder 30 cm - Erresse Shop\",\"isPartOf\":{\"@id\":\"https:\/\/www.erresse-shop.it\/fr\/#website\"},\"datePublished\":\"2024-03-08T10:47:58+00:00\",\"dateModified\":\"2024-07-22T06:57:45+00:00\",\"description\":\"Les \u00e9l\u00e9ments baroques et le cadre grec sont les motifs dominants de la collection Prestige Gala. Dans ce type de d\u00e9coration, les couleurs sont fondues\",\"breadcrumb\":{\"@id\":\"https:\/\/www.erresse-shop.it\/fr\/shop\/table-fr-2\/plats\/versace-home-prestige-gala-placeholder-30-cm\/#breadcrumb\"},\"inLanguage\":\"fr-FR\",\"potentialAction\":[{\"@type\":\"ReadAction\",\"target\":[\"https:\/\/www.erresse-shop.it\/fr\/shop\/table-fr-2\/plats\/versace-home-prestige-gala-placeholder-30-cm\/\"]}]},{\"@type\":\"BreadcrumbList\",\"@id\":\"https:\/\/www.erresse-shop.it\/fr\/shop\/table-fr-2\/plats\/versace-home-prestige-gala-placeholder-30-cm\/#breadcrumb\",\"itemListElement\":[{\"@type\":\"ListItem\",\"position\":1,\"name\":\"Home\",\"item\":\"https:\/\/www.erresse-shop.it\/fr\/\"},{\"@type\":\"ListItem\",\"position\":2,\"name\":\"Shop\",\"item\":\"https:\/\/www.erresse-shop.it\/fr\/shop\/\"},{\"@type\":\"ListItem\",\"position\":3,\"name\":\"VERSACE HOME Prestige Gala Placeholder 30 cm\"}]},{\"@type\":\"WebSite\",\"@id\":\"https:\/\/www.erresse-shop.it\/fr\/#website\",\"url\":\"https:\/\/www.erresse-shop.it\/fr\/\",\"name\":\"Erresse Shop\",\"description\":\"Articoli di qualit\u00e0 per la casa\",\"potentialAction\":[{\"@type\":\"SearchAction\",\"target\":{\"@type\":\"EntryPoint\",\"urlTemplate\":\"https:\/\/www.erresse-shop.it\/fr\/?s={search_term_string}\"},\"query-input\":\"required name=search_term_string\"}],\"inLanguage\":\"fr-FR\"}]}<\/script>\n<!-- \/ Yoast SEO Premium plugin. -->","yoast_head_json":{"title":"VERSACE HOME Prestige Gala Placeholder 30 cm - Erresse Shop","description":"Les \u00e9l\u00e9ments baroques et le cadre grec sont les motifs dominants de la collection Prestige Gala. Dans ce type de d\u00e9coration, les couleurs sont fondues","robots":{"index":"index","follow":"follow","max-snippet":"max-snippet:-1","max-image-preview":"max-image-preview:large","max-video-preview":"max-video-preview:-1"},"canonical":"https:\/\/www.erresse-shop.it\/fr\/shop\/table-fr-2\/plats\/versace-home-prestige-gala-placeholder-30-cm\/","og_locale":"fr_FR","og_type":"article","og_title":"VERSACE HOME Prestige Gala Placeholder 30 cm","og_description":"Les \u00e9l\u00e9ments baroques et le cadre grec sont les motifs dominants de la collection Prestige Gala. Dans ce type de d\u00e9coration, les couleurs sont fondues","og_url":"https:\/\/www.erresse-shop.it\/fr\/shop\/table-fr-2\/plats\/versace-home-prestige-gala-placeholder-30-cm\/","og_site_name":"Erresse Shop","article_modified_time":"2024-07-22T06:57:45+00:00","og_image":[{"width":800,"height":800,"url":"https:\/\/www.erresse-shop.it\/wp-content\/uploads\/2024\/03\/versace-home-segnaposto-19325-403638-10230.jpg","type":"image\/jpeg"}],"twitter_card":"summary_large_image","schema":{"@context":"https:\/\/schema.org","@graph":[{"@type":"WebPage","@id":"https:\/\/www.erresse-shop.it\/fr\/shop\/table-fr-2\/plats\/versace-home-prestige-gala-placeholder-30-cm\/","url":"https:\/\/www.erresse-shop.it\/fr\/shop\/table-fr-2\/plats\/versace-home-prestige-gala-placeholder-30-cm\/","name":"VERSACE HOME Prestige Gala Placeholder 30 cm - Erresse Shop","isPartOf":{"@id":"https:\/\/www.erresse-shop.it\/fr\/#website"},"datePublished":"2024-03-08T10:47:58+00:00","dateModified":"2024-07-22T06:57:45+00:00","description":"Les \u00e9l\u00e9ments baroques et le cadre grec sont les motifs dominants de la collection Prestige Gala. Dans ce type de d\u00e9coration, les couleurs sont fondues","breadcrumb":{"@id":"https:\/\/www.erresse-shop.it\/fr\/shop\/table-fr-2\/plats\/versace-home-prestige-gala-placeholder-30-cm\/#breadcrumb"},"inLanguage":"fr-FR","potentialAction":[{"@type":"ReadAction","target":["https:\/\/www.erresse-shop.it\/fr\/shop\/table-fr-2\/plats\/versace-home-prestige-gala-placeholder-30-cm\/"]}]},{"@type":"BreadcrumbList","@id":"https:\/\/www.erresse-shop.it\/fr\/shop\/table-fr-2\/plats\/versace-home-prestige-gala-placeholder-30-cm\/#breadcrumb","itemListElement":[{"@type":"ListItem","position":1,"name":"Home","item":"https:\/\/www.erresse-shop.it\/fr\/"},{"@type":"ListItem","position":2,"name":"Shop","item":"https:\/\/www.erresse-shop.it\/fr\/shop\/"},{"@type":"ListItem","position":3,"name":"VERSACE HOME Prestige Gala Placeholder 30 cm"}]},{"@type":"WebSite","@id":"https:\/\/www.erresse-shop.it\/fr\/#website","url":"https:\/\/www.erresse-shop.it\/fr\/","name":"Erresse Shop","description":"Articoli di qualit\u00e0 per la casa","potentialAction":[{"@type":"SearchAction","target":{"@type":"EntryPoint","urlTemplate":"https:\/\/www.erresse-shop.it\/fr\/?s={search_term_string}"},"query-input":"required name=search_term_string"}],"inLanguage":"fr-FR"}]}},"df_price":309.5,"df_sale_price":309.5,"df_regular_price":619,"df_image_link":"https:\/\/www.erresse-shop.it\/wp-content\/uploads\/2024\/03\/VERSACE-HOME-Prestige-Gala-Segnaposto-30-cm-300x300.jpg","_links":{"self":[{"href":"https:\/\/www.erresse-shop.it\/fr\/wp-json\/wp\/v2\/product\/394694"}],"collection":[{"href":"https:\/\/www.erresse-shop.it\/fr\/wp-json\/wp\/v2\/product"}],"about":[{"href":"https:\/\/www.erresse-shop.it\/fr\/wp-json\/wp\/v2\/types\/product"}],"wp:featuredmedia":[{"embeddable":true,"href":"https:\/\/www.erresse-shop.it\/fr\/wp-json\/wp\/v2\/media\/498083"}],"wp:attachment":[{"href":"https:\/\/www.erresse-shop.it\/fr\/wp-json\/wp\/v2\/media?parent=394694"}],"wp:term":[{"taxonomy":"product_cat","embeddable":true,"href":"https:\/\/www.erresse-shop.it\/fr\/wp-json\/wp\/v2\/product_cat?post=394694"},{"taxonomy":"product_tag","embeddable":true,"href":"https:\/\/www.erresse-shop.it\/fr\/wp-json\/wp\/v2\/product_tag?post=394694"}],"curies":[{"name":"wp","href":"https:\/\/api.w.org\/{rel}","templated":true}]}}