{"id":394583,"date":"2024-03-08T08:29:22","date_gmt":"2024-03-08T08:29:28","guid":{"rendered":"https:\/\/www.erresse-shop.it\/?post_type=product&#038;p=394583"},"modified":"2024-03-08T08:35:11","modified_gmt":"2024-03-08T08:35:11","slug":"versace-home-medusa-amplified-placeholder-33-bleu","status":"publish","type":"product","link":"https:\/\/www.erresse-shop.it\/fr\/shop\/table-fr-2\/plats\/versace-home-medusa-amplified-placeholder-33-bleu\/","title":{"rendered":"VERSACE HOME Medusa Amplified Placeholder 33 Bleu"},"content":{"rendered":"<p>Porte-plaquette Versace d&#8217;une grande finesse, avec au centre le motif Medusa amplifi\u00e9, entour\u00e9 d&#8217;un motif Greca et d&#8217;un logo.<\/p>\n<p><b><strong>Motif<\/strong><\/b> M\u00e9duse<\/p>\n<p><b><strong>Lavable au lave-vaisselle<\/strong><\/b><\/p>\n<p><b><strong>Ne convient pas au micro-ondes<\/strong><\/b><\/p>\n<p><b><strong>Mat\u00e9riau<\/strong><\/b>: Porcelaine<\/p>\n<p><b><strong>Dimensions de<\/strong><\/b> l&#8217;objet : Diam\u00e8tre : 33 cm<\/p>\n<p><b><strong>POUR DES RAISONS DE S\u00c9CURIT\u00c9, \u00c9TANT DONN\u00c9 QU&#8217;IL S&#8217;AGIT D&#8217;UN PRODUIT DE LUXE, LE D\u00c9LAI DE LIVRAISON PEUT PRENDRE DEUX JOURS SUPPL\u00c9MENTAIRES.<\/strong><\/b><\/p>\n","protected":false},"excerpt":{"rendered":"<p>Porte-plaquette Versace d&#8217;une grande finesse, avec au centre le motif Medusa amplifi\u00e9, entour\u00e9 d&#8217;un motif Greca et d&#8217;un logo. Motif<\/p>\n","protected":false},"featured_media":475672,"template":"","meta":{"_acf_changed":false,"inline_featured_image":false},"product_cat":[12738,14441,12788,12782],"product_tag":[25181,13169,23690,25021,24680,17838,17839],"acf":[],"yoast_head":"<!-- This site is optimized with the Yoast SEO Premium plugin v18.6 (Yoast SEO v19.13) - https:\/\/yoast.com\/wordpress\/plugins\/seo\/ -->\n<title>VERSACE HOME Medusa Amplified Placeholder 33 Bleu - Erresse Shop<\/title>\n<meta name=\"description\" content=\"Porte-plaquette Versace d&#039;une grande finesse, avec au centre le motif Medusa amplifi\u00e9, entour\u00e9 d&#039;un motif Greca et d&#039;un logo. Motif M\u00e9duse Lavable au\" \/>\n<meta name=\"robots\" content=\"index, follow, max-snippet:-1, max-image-preview:large, max-video-preview:-1\" \/>\n<link rel=\"canonical\" href=\"https:\/\/www.erresse-shop.it\/fr\/shop\/table-fr-2\/plats\/versace-home-medusa-amplified-placeholder-33-bleu\/\" \/>\n<meta property=\"og:locale\" content=\"fr_FR\" \/>\n<meta property=\"og:type\" content=\"article\" \/>\n<meta property=\"og:title\" content=\"VERSACE HOME Medusa Amplified Placeholder 33 Bleu\" \/>\n<meta property=\"og:description\" content=\"Porte-plaquette Versace d&#039;une grande finesse, avec au centre le motif Medusa amplifi\u00e9, entour\u00e9 d&#039;un motif Greca et d&#039;un logo. Motif M\u00e9duse Lavable au\" \/>\n<meta property=\"og:url\" content=\"https:\/\/www.erresse-shop.it\/fr\/shop\/table-fr-2\/plats\/versace-home-medusa-amplified-placeholder-33-bleu\/\" \/>\n<meta property=\"og:site_name\" content=\"Erresse Shop\" \/>\n<meta property=\"article:modified_time\" content=\"2024-03-08T08:35:11+00:00\" \/>\n<meta property=\"og:image\" content=\"https:\/\/www.erresse-shop.it\/wp-content\/uploads\/2024\/03\/versace-medusa-segnaposto-blu.jpg\" \/>\n\t<meta property=\"og:image:width\" content=\"800\" \/>\n\t<meta property=\"og:image:height\" content=\"800\" \/>\n\t<meta property=\"og:image:type\" content=\"image\/jpeg\" \/>\n<meta name=\"twitter:card\" content=\"summary_large_image\" \/>\n<script type=\"application\/ld+json\" class=\"yoast-schema-graph\">{\"@context\":\"https:\/\/schema.org\",\"@graph\":[{\"@type\":\"WebPage\",\"@id\":\"https:\/\/www.erresse-shop.it\/fr\/shop\/table-fr-2\/plats\/versace-home-medusa-amplified-placeholder-33-bleu\/\",\"url\":\"https:\/\/www.erresse-shop.it\/fr\/shop\/table-fr-2\/plats\/versace-home-medusa-amplified-placeholder-33-bleu\/\",\"name\":\"VERSACE HOME Medusa Amplified Placeholder 33 Bleu - Erresse Shop\",\"isPartOf\":{\"@id\":\"https:\/\/www.erresse-shop.it\/fr\/#website\"},\"datePublished\":\"2024-03-08T08:29:28+00:00\",\"dateModified\":\"2024-03-08T08:35:11+00:00\",\"description\":\"Porte-plaquette Versace d'une grande finesse, avec au centre le motif Medusa amplifi\u00e9, entour\u00e9 d'un motif Greca et d'un logo. Motif M\u00e9duse Lavable au\",\"breadcrumb\":{\"@id\":\"https:\/\/www.erresse-shop.it\/fr\/shop\/table-fr-2\/plats\/versace-home-medusa-amplified-placeholder-33-bleu\/#breadcrumb\"},\"inLanguage\":\"fr-FR\",\"potentialAction\":[{\"@type\":\"ReadAction\",\"target\":[\"https:\/\/www.erresse-shop.it\/fr\/shop\/table-fr-2\/plats\/versace-home-medusa-amplified-placeholder-33-bleu\/\"]}]},{\"@type\":\"BreadcrumbList\",\"@id\":\"https:\/\/www.erresse-shop.it\/fr\/shop\/table-fr-2\/plats\/versace-home-medusa-amplified-placeholder-33-bleu\/#breadcrumb\",\"itemListElement\":[{\"@type\":\"ListItem\",\"position\":1,\"name\":\"Home\",\"item\":\"https:\/\/www.erresse-shop.it\/fr\/\"},{\"@type\":\"ListItem\",\"position\":2,\"name\":\"Shop\",\"item\":\"https:\/\/www.erresse-shop.it\/fr\/shop\/\"},{\"@type\":\"ListItem\",\"position\":3,\"name\":\"VERSACE HOME Medusa Amplified Placeholder 33 Bleu\"}]},{\"@type\":\"WebSite\",\"@id\":\"https:\/\/www.erresse-shop.it\/fr\/#website\",\"url\":\"https:\/\/www.erresse-shop.it\/fr\/\",\"name\":\"Erresse Shop\",\"description\":\"Articoli di qualit\u00e0 per la casa\",\"potentialAction\":[{\"@type\":\"SearchAction\",\"target\":{\"@type\":\"EntryPoint\",\"urlTemplate\":\"https:\/\/www.erresse-shop.it\/fr\/?s={search_term_string}\"},\"query-input\":\"required name=search_term_string\"}],\"inLanguage\":\"fr-FR\"}]}<\/script>\n<!-- \/ Yoast SEO Premium plugin. -->","yoast_head_json":{"title":"VERSACE HOME Medusa Amplified Placeholder 33 Bleu - Erresse Shop","description":"Porte-plaquette Versace d'une grande finesse, avec au centre le motif Medusa amplifi\u00e9, entour\u00e9 d'un motif Greca et d'un logo. Motif M\u00e9duse Lavable au","robots":{"index":"index","follow":"follow","max-snippet":"max-snippet:-1","max-image-preview":"max-image-preview:large","max-video-preview":"max-video-preview:-1"},"canonical":"https:\/\/www.erresse-shop.it\/fr\/shop\/table-fr-2\/plats\/versace-home-medusa-amplified-placeholder-33-bleu\/","og_locale":"fr_FR","og_type":"article","og_title":"VERSACE HOME Medusa Amplified Placeholder 33 Bleu","og_description":"Porte-plaquette Versace d'une grande finesse, avec au centre le motif Medusa amplifi\u00e9, entour\u00e9 d'un motif Greca et d'un logo. Motif M\u00e9duse Lavable au","og_url":"https:\/\/www.erresse-shop.it\/fr\/shop\/table-fr-2\/plats\/versace-home-medusa-amplified-placeholder-33-bleu\/","og_site_name":"Erresse Shop","article_modified_time":"2024-03-08T08:35:11+00:00","og_image":[{"width":800,"height":800,"url":"https:\/\/www.erresse-shop.it\/wp-content\/uploads\/2024\/03\/versace-medusa-segnaposto-blu.jpg","type":"image\/jpeg"}],"twitter_card":"summary_large_image","schema":{"@context":"https:\/\/schema.org","@graph":[{"@type":"WebPage","@id":"https:\/\/www.erresse-shop.it\/fr\/shop\/table-fr-2\/plats\/versace-home-medusa-amplified-placeholder-33-bleu\/","url":"https:\/\/www.erresse-shop.it\/fr\/shop\/table-fr-2\/plats\/versace-home-medusa-amplified-placeholder-33-bleu\/","name":"VERSACE HOME Medusa Amplified Placeholder 33 Bleu - Erresse Shop","isPartOf":{"@id":"https:\/\/www.erresse-shop.it\/fr\/#website"},"datePublished":"2024-03-08T08:29:28+00:00","dateModified":"2024-03-08T08:35:11+00:00","description":"Porte-plaquette Versace d'une grande finesse, avec au centre le motif Medusa amplifi\u00e9, entour\u00e9 d'un motif Greca et d'un logo. Motif M\u00e9duse Lavable au","breadcrumb":{"@id":"https:\/\/www.erresse-shop.it\/fr\/shop\/table-fr-2\/plats\/versace-home-medusa-amplified-placeholder-33-bleu\/#breadcrumb"},"inLanguage":"fr-FR","potentialAction":[{"@type":"ReadAction","target":["https:\/\/www.erresse-shop.it\/fr\/shop\/table-fr-2\/plats\/versace-home-medusa-amplified-placeholder-33-bleu\/"]}]},{"@type":"BreadcrumbList","@id":"https:\/\/www.erresse-shop.it\/fr\/shop\/table-fr-2\/plats\/versace-home-medusa-amplified-placeholder-33-bleu\/#breadcrumb","itemListElement":[{"@type":"ListItem","position":1,"name":"Home","item":"https:\/\/www.erresse-shop.it\/fr\/"},{"@type":"ListItem","position":2,"name":"Shop","item":"https:\/\/www.erresse-shop.it\/fr\/shop\/"},{"@type":"ListItem","position":3,"name":"VERSACE HOME Medusa Amplified Placeholder 33 Bleu"}]},{"@type":"WebSite","@id":"https:\/\/www.erresse-shop.it\/fr\/#website","url":"https:\/\/www.erresse-shop.it\/fr\/","name":"Erresse Shop","description":"Articoli di qualit\u00e0 per la casa","potentialAction":[{"@type":"SearchAction","target":{"@type":"EntryPoint","urlTemplate":"https:\/\/www.erresse-shop.it\/fr\/?s={search_term_string}"},"query-input":"required name=search_term_string"}],"inLanguage":"fr-FR"}]}},"df_price":265.75,"df_sale_price":265.75,"df_regular_price":279,"df_image_link":"https:\/\/www.erresse-shop.it\/wp-content\/uploads\/2024\/03\/VERSACE-HOME-Medusa-Amplified-Segnaposto-33-Blu-300x300.jpg","_links":{"self":[{"href":"https:\/\/www.erresse-shop.it\/fr\/wp-json\/wp\/v2\/product\/394583"}],"collection":[{"href":"https:\/\/www.erresse-shop.it\/fr\/wp-json\/wp\/v2\/product"}],"about":[{"href":"https:\/\/www.erresse-shop.it\/fr\/wp-json\/wp\/v2\/types\/product"}],"wp:featuredmedia":[{"embeddable":true,"href":"https:\/\/www.erresse-shop.it\/fr\/wp-json\/wp\/v2\/media\/475672"}],"wp:attachment":[{"href":"https:\/\/www.erresse-shop.it\/fr\/wp-json\/wp\/v2\/media?parent=394583"}],"wp:term":[{"taxonomy":"product_cat","embeddable":true,"href":"https:\/\/www.erresse-shop.it\/fr\/wp-json\/wp\/v2\/product_cat?post=394583"},{"taxonomy":"product_tag","embeddable":true,"href":"https:\/\/www.erresse-shop.it\/fr\/wp-json\/wp\/v2\/product_tag?post=394583"}],"curies":[{"name":"wp","href":"https:\/\/api.w.org\/{rel}","templated":true}]}}