{"id":393843,"date":"2024-03-04T09:27:14","date_gmt":"2024-03-04T09:27:19","guid":{"rendered":"https:\/\/www.erresse-shop.it\/?post_type=product&#038;p=393843"},"modified":"2025-08-30T15:10:07","modified_gmt":"2025-08-30T15:10:07","slug":"bamix-maxx-blender-a-immersion-noir","status":"publish","type":"product","link":"https:\/\/www.erresse-shop.it\/fr\/shop\/petits-electromenagers\/mixeurs\/bamix-maxx-blender-a-immersion-noir\/","title":{"rendered":"BAMIX MAXX Blender \u00e0 immersion Noir"},"content":{"rendered":"<p><strong>DESCRIPTION<\/strong><\/p>\n<p>La pr\u00e9cision suisse dans un petit robot de cuisine. Disponible dans la version la plus puissante avec 350W en 3 couleurs diff\u00e9rentes : noir, rouge et blanc. &#8211; 2 niveaux de vitesse : &#8211; Niveau 1 : 18.000 rpm &#8211; Niveau 2 : 22.000 rpm &#8211; Puissance du moteur : 350W &#8211; Moteur AC &#8211; Double isolation &#8211; Longueur de la tige : 14 cm<\/p>\n<p>La pr\u00e9cision suisse dans un petit robot.<br \/>\nDisponible dans la version la plus puissante avec 350W en 3 couleurs diff\u00e9rentes : noir, rouge et blanc.<\/p>\n<p><strong>L&#8217;emballage contient :<\/strong><\/p>\n<ul>\n<li>bamix\u00ae Maxx<\/li>\n<li>Lame pour viandes et l\u00e9gumes<\/li>\n<li>Lame polyvalente<\/li>\n<li>Disque plat<\/li>\n<li>Disque perfor\u00e9<\/li>\n<\/ul>\n<p><strong>CARACT\u00c9RISTIQUES<\/strong><\/p>\n<ul>\n<li>2 niveaux de vitesse :<br \/>\n&#8211; Niveau 1 : 18 000 tr\/min<br \/>\n&#8211; \u00c9tape 2 : 22 000 tr\/min<\/li>\n<li>Puissance du moteur : 350W<\/li>\n<li>Moteur AC<\/li>\n<li>Double isolation<\/li>\n<li>Longueur de la tige : 14 cm<\/li>\n<li>Dimensions 7,00 x 6,50 x 35,50 cm<\/li>\n<\/ul>\n<p><strong>PAS DE VENTE EN DEHORS DE L&#8217;EUROPE<\/strong><\/p>\n","protected":false},"excerpt":{"rendered":"<p>DESCRIPTION La pr\u00e9cision suisse dans un petit robot de cuisine. Disponible dans la version la plus puissante avec 350W en<\/p>\n","protected":false},"featured_media":393835,"template":"","meta":{"_acf_changed":false,"inline_featured_image":false},"product_cat":[12766,12449],"product_tag":[12820,12948,20848,24588,13260],"acf":[],"yoast_head":"<!-- This site is optimized with the Yoast SEO Premium plugin v18.6 (Yoast SEO v19.13) - https:\/\/yoast.com\/wordpress\/plugins\/seo\/ -->\n<title>BAMIX MAXX Blender \u00e0 immersion Noir<\/title>\n<meta name=\"description\" content=\"D\u00e9couvrez BAMIX MAXX Blender \u00e0 immersion Noir sur ErresseShop. Qualit\u00e9, prix r\u00e9duits et achat s\u00e9curis\u00e9 \u2013 commandez d\u00e8s maintenant en ligne !\" \/>\n<meta name=\"robots\" content=\"index, follow, max-snippet:-1, max-image-preview:large, max-video-preview:-1\" \/>\n<link rel=\"canonical\" href=\"https:\/\/www.erresse-shop.it\/fr\/shop\/petits-electromenagers\/mixeurs\/bamix-maxx-blender-a-immersion-noir\/\" \/>\n<meta property=\"og:locale\" content=\"fr_FR\" \/>\n<meta property=\"og:type\" content=\"article\" \/>\n<meta property=\"og:title\" content=\"BAMIX MAXX Blender \u00e0 immersion Noir\" \/>\n<meta property=\"og:description\" content=\"D\u00e9couvrez BAMIX MAXX Blender \u00e0 immersion Noir sur ErresseShop. Qualit\u00e9, prix r\u00e9duits et achat s\u00e9curis\u00e9 \u2013 commandez d\u00e8s maintenant en ligne !\" \/>\n<meta property=\"og:url\" content=\"https:\/\/www.erresse-shop.it\/fr\/shop\/petits-electromenagers\/mixeurs\/bamix-maxx-blender-a-immersion-noir\/\" \/>\n<meta property=\"og:site_name\" content=\"Erresse Shop\" \/>\n<meta property=\"article:modified_time\" content=\"2025-08-30T15:10:07+00:00\" \/>\n<meta property=\"og:image\" content=\"https:\/\/www.erresse-shop.it\/wp-content\/uploads\/2024\/03\/BAMIX-MAXX-nero.jpg\" \/>\n\t<meta property=\"og:image:width\" content=\"800\" \/>\n\t<meta property=\"og:image:height\" content=\"800\" \/>\n\t<meta property=\"og:image:type\" content=\"image\/jpeg\" \/>\n<meta name=\"twitter:card\" content=\"summary_large_image\" \/>\n<script type=\"application\/ld+json\" class=\"yoast-schema-graph\">{\"@context\":\"https:\/\/schema.org\",\"@graph\":[{\"@type\":\"WebPage\",\"@id\":\"https:\/\/www.erresse-shop.it\/fr\/shop\/petits-electromenagers\/mixeurs\/bamix-maxx-blender-a-immersion-noir\/\",\"url\":\"https:\/\/www.erresse-shop.it\/fr\/shop\/petits-electromenagers\/mixeurs\/bamix-maxx-blender-a-immersion-noir\/\",\"name\":\"BAMIX MAXX Blender \u00e0 immersion Noir\",\"isPartOf\":{\"@id\":\"https:\/\/www.erresse-shop.it\/fr\/#website\"},\"datePublished\":\"2024-03-04T09:27:19+00:00\",\"dateModified\":\"2025-08-30T15:10:07+00:00\",\"description\":\"D\u00e9couvrez BAMIX MAXX Blender \u00e0 immersion Noir sur ErresseShop. Qualit\u00e9, prix r\u00e9duits et achat s\u00e9curis\u00e9 \u2013 commandez d\u00e8s maintenant en ligne !\",\"breadcrumb\":{\"@id\":\"https:\/\/www.erresse-shop.it\/fr\/shop\/petits-electromenagers\/mixeurs\/bamix-maxx-blender-a-immersion-noir\/#breadcrumb\"},\"inLanguage\":\"fr-FR\",\"potentialAction\":[{\"@type\":\"ReadAction\",\"target\":[\"https:\/\/www.erresse-shop.it\/fr\/shop\/petits-electromenagers\/mixeurs\/bamix-maxx-blender-a-immersion-noir\/\"]}]},{\"@type\":\"BreadcrumbList\",\"@id\":\"https:\/\/www.erresse-shop.it\/fr\/shop\/petits-electromenagers\/mixeurs\/bamix-maxx-blender-a-immersion-noir\/#breadcrumb\",\"itemListElement\":[{\"@type\":\"ListItem\",\"position\":1,\"name\":\"Home\",\"item\":\"https:\/\/www.erresse-shop.it\/fr\/\"},{\"@type\":\"ListItem\",\"position\":2,\"name\":\"Shop\",\"item\":\"https:\/\/www.erresse-shop.it\/fr\/shop\/\"},{\"@type\":\"ListItem\",\"position\":3,\"name\":\"BAMIX MAXX Blender \u00e0 immersion Noir\"}]},{\"@type\":\"WebSite\",\"@id\":\"https:\/\/www.erresse-shop.it\/fr\/#website\",\"url\":\"https:\/\/www.erresse-shop.it\/fr\/\",\"name\":\"Erresse Shop\",\"description\":\"Articoli di qualit\u00e0 per la casa\",\"potentialAction\":[{\"@type\":\"SearchAction\",\"target\":{\"@type\":\"EntryPoint\",\"urlTemplate\":\"https:\/\/www.erresse-shop.it\/fr\/?s={search_term_string}\"},\"query-input\":\"required name=search_term_string\"}],\"inLanguage\":\"fr-FR\"}]}<\/script>\n<!-- \/ Yoast SEO Premium plugin. -->","yoast_head_json":{"title":"BAMIX MAXX Blender \u00e0 immersion Noir","description":"D\u00e9couvrez BAMIX MAXX Blender \u00e0 immersion Noir sur ErresseShop. Qualit\u00e9, prix r\u00e9duits et achat s\u00e9curis\u00e9 \u2013 commandez d\u00e8s maintenant en ligne !","robots":{"index":"index","follow":"follow","max-snippet":"max-snippet:-1","max-image-preview":"max-image-preview:large","max-video-preview":"max-video-preview:-1"},"canonical":"https:\/\/www.erresse-shop.it\/fr\/shop\/petits-electromenagers\/mixeurs\/bamix-maxx-blender-a-immersion-noir\/","og_locale":"fr_FR","og_type":"article","og_title":"BAMIX MAXX Blender \u00e0 immersion Noir","og_description":"D\u00e9couvrez BAMIX MAXX Blender \u00e0 immersion Noir sur ErresseShop. Qualit\u00e9, prix r\u00e9duits et achat s\u00e9curis\u00e9 \u2013 commandez d\u00e8s maintenant en ligne !","og_url":"https:\/\/www.erresse-shop.it\/fr\/shop\/petits-electromenagers\/mixeurs\/bamix-maxx-blender-a-immersion-noir\/","og_site_name":"Erresse Shop","article_modified_time":"2025-08-30T15:10:07+00:00","og_image":[{"width":800,"height":800,"url":"https:\/\/www.erresse-shop.it\/wp-content\/uploads\/2024\/03\/BAMIX-MAXX-nero.jpg","type":"image\/jpeg"}],"twitter_card":"summary_large_image","schema":{"@context":"https:\/\/schema.org","@graph":[{"@type":"WebPage","@id":"https:\/\/www.erresse-shop.it\/fr\/shop\/petits-electromenagers\/mixeurs\/bamix-maxx-blender-a-immersion-noir\/","url":"https:\/\/www.erresse-shop.it\/fr\/shop\/petits-electromenagers\/mixeurs\/bamix-maxx-blender-a-immersion-noir\/","name":"BAMIX MAXX Blender \u00e0 immersion Noir","isPartOf":{"@id":"https:\/\/www.erresse-shop.it\/fr\/#website"},"datePublished":"2024-03-04T09:27:19+00:00","dateModified":"2025-08-30T15:10:07+00:00","description":"D\u00e9couvrez BAMIX MAXX Blender \u00e0 immersion Noir sur ErresseShop. Qualit\u00e9, prix r\u00e9duits et achat s\u00e9curis\u00e9 \u2013 commandez d\u00e8s maintenant en ligne !","breadcrumb":{"@id":"https:\/\/www.erresse-shop.it\/fr\/shop\/petits-electromenagers\/mixeurs\/bamix-maxx-blender-a-immersion-noir\/#breadcrumb"},"inLanguage":"fr-FR","potentialAction":[{"@type":"ReadAction","target":["https:\/\/www.erresse-shop.it\/fr\/shop\/petits-electromenagers\/mixeurs\/bamix-maxx-blender-a-immersion-noir\/"]}]},{"@type":"BreadcrumbList","@id":"https:\/\/www.erresse-shop.it\/fr\/shop\/petits-electromenagers\/mixeurs\/bamix-maxx-blender-a-immersion-noir\/#breadcrumb","itemListElement":[{"@type":"ListItem","position":1,"name":"Home","item":"https:\/\/www.erresse-shop.it\/fr\/"},{"@type":"ListItem","position":2,"name":"Shop","item":"https:\/\/www.erresse-shop.it\/fr\/shop\/"},{"@type":"ListItem","position":3,"name":"BAMIX MAXX Blender \u00e0 immersion Noir"}]},{"@type":"WebSite","@id":"https:\/\/www.erresse-shop.it\/fr\/#website","url":"https:\/\/www.erresse-shop.it\/fr\/","name":"Erresse Shop","description":"Articoli di qualit\u00e0 per la casa","potentialAction":[{"@type":"SearchAction","target":{"@type":"EntryPoint","urlTemplate":"https:\/\/www.erresse-shop.it\/fr\/?s={search_term_string}"},"query-input":"required name=search_term_string"}],"inLanguage":"fr-FR"}]}},"df_price":239,"df_sale_price":239,"df_regular_price":239,"df_image_link":"https:\/\/www.erresse-shop.it\/wp-content\/uploads\/2024\/03\/BAMIX-MAXX-nero-300x300.jpg","_links":{"self":[{"href":"https:\/\/www.erresse-shop.it\/fr\/wp-json\/wp\/v2\/product\/393843"}],"collection":[{"href":"https:\/\/www.erresse-shop.it\/fr\/wp-json\/wp\/v2\/product"}],"about":[{"href":"https:\/\/www.erresse-shop.it\/fr\/wp-json\/wp\/v2\/types\/product"}],"wp:featuredmedia":[{"embeddable":true,"href":"https:\/\/www.erresse-shop.it\/fr\/wp-json\/wp\/v2\/media\/393835"}],"wp:attachment":[{"href":"https:\/\/www.erresse-shop.it\/fr\/wp-json\/wp\/v2\/media?parent=393843"}],"wp:term":[{"taxonomy":"product_cat","embeddable":true,"href":"https:\/\/www.erresse-shop.it\/fr\/wp-json\/wp\/v2\/product_cat?post=393843"},{"taxonomy":"product_tag","embeddable":true,"href":"https:\/\/www.erresse-shop.it\/fr\/wp-json\/wp\/v2\/product_tag?post=393843"}],"curies":[{"name":"wp","href":"https:\/\/api.w.org\/{rel}","templated":true}]}}