{"id":393804,"date":"2024-03-04T09:01:57","date_gmt":"2024-03-04T09:02:02","guid":{"rendered":"https:\/\/www.erresse-shop.it\/?post_type=product&#038;p=393804"},"modified":"2025-11-12T18:10:08","modified_gmt":"2025-11-12T18:10:08","slug":"bamix-one-blender-a-immersion-rouge","status":"publish","type":"product","link":"https:\/\/www.erresse-shop.it\/fr\/shop\/petits-electromenagers\/mixeurs\/bamix-one-blender-a-immersion-rouge\/","title":{"rendered":"BAMIX ONE Blender \u00e0 immersion Rouge"},"content":{"rendered":"<p><b><strong>DESCRIPTION<\/strong><\/b><\/p>\n<p>La pr\u00e9cision suisse dans un petit robot de cuisine. Disponible avec 160W en 3 couleurs diff\u00e9rentes : noir, rouge et blanc. &#8211; 2 niveaux de vitesse : &#8211; Niveau 1 : 10.000 rpm &#8211; Niveau 2 : 16.000 rpm &#8211; Puissance du moteur : 160W &#8211; Moteur AC &#8211; Double isolation &#8211; Longueur de la tige : 14 cm<\/p>\n<p>La pr\u00e9cision suisse dans un petit robot de cuisine.<\/p>\n<p>Disponible avec 160W en 3 couleurs diff\u00e9rentes : noir, rouge et blanc.<\/p>\n<p><b><strong>L&#8217;emballage contient :<\/strong><\/b><\/p>\n<p>&#8211; bamix\u00ae One<\/p>\n<p>&#8211; Lame multi-usages<\/p>\n<p><b><strong>CARACT\u00c9RISTIQUES<\/strong><\/b><\/p>\n<ul>\n<li>2 niveaux de vitesse<\/li>\n<li>\u00c9tape 1 : 10 000 tr\/min<\/li>\n<li>\u00c9tape 2 : 16 000 tr\/min<\/li>\n<li>Puissance du moteur : 160W<\/li>\n<li>Moteur AC<\/li>\n<li>Double isolation<\/li>\n<li>Longueur de la tige : 14 cm<\/li>\n<li>Dimensions 7.00 x 6.50 x 35.50 cm<\/li>\n<\/ul>\n<p><b><strong>PAS DE VENTE EN DEHORS DE L&#8217;EUROPE<\/strong><\/b><\/p>\n","protected":false},"excerpt":{"rendered":"<p>DESCRIPTION La pr\u00e9cision suisse dans un petit robot de cuisine. Disponible avec 160W en 3 couleurs diff\u00e9rentes : noir, rouge<\/p>\n","protected":false},"featured_media":393779,"template":"","meta":{"_acf_changed":false,"inline_featured_image":false},"product_cat":[12766,12449],"product_tag":[12820,12948,20848,24588,13260],"acf":[],"yoast_head":"<!-- This site is optimized with the Yoast SEO Premium plugin v18.6 (Yoast SEO v19.13) - https:\/\/yoast.com\/wordpress\/plugins\/seo\/ -->\n<title>BAMIX ONE Blender \u00e0 immersion Rouge<\/title>\n<meta name=\"description\" content=\"D\u00e9couvrez BAMIX ONE Blender \u00e0 immersion Rouge sur ErresseShop. Qualit\u00e9, prix r\u00e9duits et achat s\u00e9curis\u00e9 \u2013 commandez d\u00e8s maintenant en ligne !\" \/>\n<meta name=\"robots\" content=\"index, follow, max-snippet:-1, max-image-preview:large, max-video-preview:-1\" \/>\n<link rel=\"canonical\" href=\"https:\/\/www.erresse-shop.it\/fr\/shop\/petits-electromenagers\/mixeurs\/bamix-one-blender-a-immersion-rouge\/\" \/>\n<meta property=\"og:locale\" content=\"fr_FR\" \/>\n<meta property=\"og:type\" content=\"article\" \/>\n<meta property=\"og:title\" content=\"BAMIX ONE Blender \u00e0 immersion Rouge\" \/>\n<meta property=\"og:description\" content=\"D\u00e9couvrez BAMIX ONE Blender \u00e0 immersion Rouge sur ErresseShop. Qualit\u00e9, prix r\u00e9duits et achat s\u00e9curis\u00e9 \u2013 commandez d\u00e8s maintenant en ligne !\" \/>\n<meta property=\"og:url\" content=\"https:\/\/www.erresse-shop.it\/fr\/shop\/petits-electromenagers\/mixeurs\/bamix-one-blender-a-immersion-rouge\/\" \/>\n<meta property=\"og:site_name\" content=\"Erresse Shop\" \/>\n<meta property=\"article:modified_time\" content=\"2025-11-12T18:10:08+00:00\" \/>\n<meta property=\"og:image\" content=\"https:\/\/www.erresse-shop.it\/wp-content\/uploads\/2024\/03\/BAMIX-ONE-ROSSO.jpg\" \/>\n\t<meta property=\"og:image:width\" content=\"800\" \/>\n\t<meta property=\"og:image:height\" content=\"800\" \/>\n\t<meta property=\"og:image:type\" content=\"image\/jpeg\" \/>\n<meta name=\"twitter:card\" content=\"summary_large_image\" \/>\n<script type=\"application\/ld+json\" class=\"yoast-schema-graph\">{\"@context\":\"https:\/\/schema.org\",\"@graph\":[{\"@type\":\"WebPage\",\"@id\":\"https:\/\/www.erresse-shop.it\/fr\/shop\/petits-electromenagers\/mixeurs\/bamix-one-blender-a-immersion-rouge\/\",\"url\":\"https:\/\/www.erresse-shop.it\/fr\/shop\/petits-electromenagers\/mixeurs\/bamix-one-blender-a-immersion-rouge\/\",\"name\":\"BAMIX ONE Blender \u00e0 immersion Rouge\",\"isPartOf\":{\"@id\":\"https:\/\/www.erresse-shop.it\/fr\/#website\"},\"datePublished\":\"2024-03-04T09:02:02+00:00\",\"dateModified\":\"2025-11-12T18:10:08+00:00\",\"description\":\"D\u00e9couvrez BAMIX ONE Blender \u00e0 immersion Rouge sur ErresseShop. Qualit\u00e9, prix r\u00e9duits et achat s\u00e9curis\u00e9 \u2013 commandez d\u00e8s maintenant en ligne !\",\"breadcrumb\":{\"@id\":\"https:\/\/www.erresse-shop.it\/fr\/shop\/petits-electromenagers\/mixeurs\/bamix-one-blender-a-immersion-rouge\/#breadcrumb\"},\"inLanguage\":\"fr-FR\",\"potentialAction\":[{\"@type\":\"ReadAction\",\"target\":[\"https:\/\/www.erresse-shop.it\/fr\/shop\/petits-electromenagers\/mixeurs\/bamix-one-blender-a-immersion-rouge\/\"]}]},{\"@type\":\"BreadcrumbList\",\"@id\":\"https:\/\/www.erresse-shop.it\/fr\/shop\/petits-electromenagers\/mixeurs\/bamix-one-blender-a-immersion-rouge\/#breadcrumb\",\"itemListElement\":[{\"@type\":\"ListItem\",\"position\":1,\"name\":\"Home\",\"item\":\"https:\/\/www.erresse-shop.it\/fr\/\"},{\"@type\":\"ListItem\",\"position\":2,\"name\":\"Shop\",\"item\":\"https:\/\/www.erresse-shop.it\/fr\/shop\/\"},{\"@type\":\"ListItem\",\"position\":3,\"name\":\"BAMIX ONE Blender \u00e0 immersion Rouge\"}]},{\"@type\":\"WebSite\",\"@id\":\"https:\/\/www.erresse-shop.it\/fr\/#website\",\"url\":\"https:\/\/www.erresse-shop.it\/fr\/\",\"name\":\"Erresse Shop\",\"description\":\"Articoli di qualit\u00e0 per la casa\",\"potentialAction\":[{\"@type\":\"SearchAction\",\"target\":{\"@type\":\"EntryPoint\",\"urlTemplate\":\"https:\/\/www.erresse-shop.it\/fr\/?s={search_term_string}\"},\"query-input\":\"required name=search_term_string\"}],\"inLanguage\":\"fr-FR\"}]}<\/script>\n<!-- \/ Yoast SEO Premium plugin. -->","yoast_head_json":{"title":"BAMIX ONE Blender \u00e0 immersion Rouge","description":"D\u00e9couvrez BAMIX ONE Blender \u00e0 immersion Rouge sur ErresseShop. Qualit\u00e9, prix r\u00e9duits et achat s\u00e9curis\u00e9 \u2013 commandez d\u00e8s maintenant en ligne !","robots":{"index":"index","follow":"follow","max-snippet":"max-snippet:-1","max-image-preview":"max-image-preview:large","max-video-preview":"max-video-preview:-1"},"canonical":"https:\/\/www.erresse-shop.it\/fr\/shop\/petits-electromenagers\/mixeurs\/bamix-one-blender-a-immersion-rouge\/","og_locale":"fr_FR","og_type":"article","og_title":"BAMIX ONE Blender \u00e0 immersion Rouge","og_description":"D\u00e9couvrez BAMIX ONE Blender \u00e0 immersion Rouge sur ErresseShop. Qualit\u00e9, prix r\u00e9duits et achat s\u00e9curis\u00e9 \u2013 commandez d\u00e8s maintenant en ligne !","og_url":"https:\/\/www.erresse-shop.it\/fr\/shop\/petits-electromenagers\/mixeurs\/bamix-one-blender-a-immersion-rouge\/","og_site_name":"Erresse Shop","article_modified_time":"2025-11-12T18:10:08+00:00","og_image":[{"width":800,"height":800,"url":"https:\/\/www.erresse-shop.it\/wp-content\/uploads\/2024\/03\/BAMIX-ONE-ROSSO.jpg","type":"image\/jpeg"}],"twitter_card":"summary_large_image","schema":{"@context":"https:\/\/schema.org","@graph":[{"@type":"WebPage","@id":"https:\/\/www.erresse-shop.it\/fr\/shop\/petits-electromenagers\/mixeurs\/bamix-one-blender-a-immersion-rouge\/","url":"https:\/\/www.erresse-shop.it\/fr\/shop\/petits-electromenagers\/mixeurs\/bamix-one-blender-a-immersion-rouge\/","name":"BAMIX ONE Blender \u00e0 immersion Rouge","isPartOf":{"@id":"https:\/\/www.erresse-shop.it\/fr\/#website"},"datePublished":"2024-03-04T09:02:02+00:00","dateModified":"2025-11-12T18:10:08+00:00","description":"D\u00e9couvrez BAMIX ONE Blender \u00e0 immersion Rouge sur ErresseShop. Qualit\u00e9, prix r\u00e9duits et achat s\u00e9curis\u00e9 \u2013 commandez d\u00e8s maintenant en ligne !","breadcrumb":{"@id":"https:\/\/www.erresse-shop.it\/fr\/shop\/petits-electromenagers\/mixeurs\/bamix-one-blender-a-immersion-rouge\/#breadcrumb"},"inLanguage":"fr-FR","potentialAction":[{"@type":"ReadAction","target":["https:\/\/www.erresse-shop.it\/fr\/shop\/petits-electromenagers\/mixeurs\/bamix-one-blender-a-immersion-rouge\/"]}]},{"@type":"BreadcrumbList","@id":"https:\/\/www.erresse-shop.it\/fr\/shop\/petits-electromenagers\/mixeurs\/bamix-one-blender-a-immersion-rouge\/#breadcrumb","itemListElement":[{"@type":"ListItem","position":1,"name":"Home","item":"https:\/\/www.erresse-shop.it\/fr\/"},{"@type":"ListItem","position":2,"name":"Shop","item":"https:\/\/www.erresse-shop.it\/fr\/shop\/"},{"@type":"ListItem","position":3,"name":"BAMIX ONE Blender \u00e0 immersion Rouge"}]},{"@type":"WebSite","@id":"https:\/\/www.erresse-shop.it\/fr\/#website","url":"https:\/\/www.erresse-shop.it\/fr\/","name":"Erresse Shop","description":"Articoli di qualit\u00e0 per la casa","potentialAction":[{"@type":"SearchAction","target":{"@type":"EntryPoint","urlTemplate":"https:\/\/www.erresse-shop.it\/fr\/?s={search_term_string}"},"query-input":"required name=search_term_string"}],"inLanguage":"fr-FR"}]}},"df_price":129,"df_sale_price":129,"df_regular_price":129,"df_image_link":"https:\/\/www.erresse-shop.it\/wp-content\/uploads\/2024\/03\/BAMIX-ONE-ROSSO-300x300.jpg","_links":{"self":[{"href":"https:\/\/www.erresse-shop.it\/fr\/wp-json\/wp\/v2\/product\/393804"}],"collection":[{"href":"https:\/\/www.erresse-shop.it\/fr\/wp-json\/wp\/v2\/product"}],"about":[{"href":"https:\/\/www.erresse-shop.it\/fr\/wp-json\/wp\/v2\/types\/product"}],"wp:featuredmedia":[{"embeddable":true,"href":"https:\/\/www.erresse-shop.it\/fr\/wp-json\/wp\/v2\/media\/393779"}],"wp:attachment":[{"href":"https:\/\/www.erresse-shop.it\/fr\/wp-json\/wp\/v2\/media?parent=393804"}],"wp:term":[{"taxonomy":"product_cat","embeddable":true,"href":"https:\/\/www.erresse-shop.it\/fr\/wp-json\/wp\/v2\/product_cat?post=393804"},{"taxonomy":"product_tag","embeddable":true,"href":"https:\/\/www.erresse-shop.it\/fr\/wp-json\/wp\/v2\/product_tag?post=393804"}],"curies":[{"name":"wp","href":"https:\/\/api.w.org\/{rel}","templated":true}]}}