{"id":393763,"date":"2024-03-04T08:24:56","date_gmt":"2024-03-04T08:25:01","guid":{"rendered":"https:\/\/www.erresse-shop.it\/?post_type=product&#038;p=393763"},"modified":"2025-05-01T10:00:06","modified_gmt":"2025-05-01T10:00:06","slug":"bamix-prime-blender-a-immersion-blanc","status":"publish","type":"product","link":"https:\/\/www.erresse-shop.it\/fr\/shop\/petits-electromenagers\/mixeurs\/bamix-prime-blender-a-immersion-blanc\/","title":{"rendered":"BAMIX PRIME Blender \u00e0 immersion Blanc"},"content":{"rendered":"<p><b><strong>DESCRIPTION<\/strong><\/b><\/p>\n<p>La pr\u00e9cision suisse dans un petit robot de cuisine. Disponible avec 250W en 3 couleurs diff\u00e9rentes : noir, rouge et blanc. &#8211; 2 niveaux de vitesse : &#8211; Niveau 1 : 13.000 rpm &#8211; Niveau 2 : 19.000 rpm &#8211; Puissance du moteur : 250W &#8211; Moteur AC &#8211; Double isolation &#8211; Longueur de la tige : 14 cm<\/p>\n<p>La pr\u00e9cision suisse dans un petit robot de cuisine.<\/p>\n<p>Disponible avec 250W en 3 couleurs diff\u00e9rentes : noir, rouge et blanc.<\/p>\n<p><b><strong>L&#8217;emballage contient :<\/strong><\/b><\/p>\n<p>&#8211; bamix\u00ae Prime<\/p>\n<p>&#8211; Lame polyvalente<\/p>\n<p>&#8211; Disque plat<\/p>\n<p>&#8211; Disque perfor\u00e9<\/p>\n<p><b><strong>CARACT\u00c9RISTIQUES<\/strong><\/b><\/p>\n<ul>\n<li>2 niveaux de vitesse :<\/li>\n<li>Niveau 1 : 13 000 tr\/min<\/li>\n<li>\u00c9tape 2 : 19 000 tr\/min<\/li>\n<li>Puissance du moteur : 250W<\/li>\n<li>Moteur AC<\/li>\n<li>Double isolation<\/li>\n<li>Longueur de la tige : 14 cm<\/li>\n<li>Dimensions 7.00 x 6.50 x 35.50 cm<\/li>\n<\/ul>\n<p><b><strong>PAS DE VENTE EN DEHORS DE L&#8217;EUROPE<\/strong><\/b><\/p>\n","protected":false},"excerpt":{"rendered":"<p>DESCRIPTION La pr\u00e9cision suisse dans un petit robot de cuisine. Disponible avec 250W en 3 couleurs diff\u00e9rentes : noir, rouge<\/p>\n","protected":false},"featured_media":393728,"template":"","meta":{"_acf_changed":false,"inline_featured_image":false},"product_cat":[12766,12449],"product_tag":[12820,12948,20848,24588,13260],"acf":[],"yoast_head":"<!-- This site is optimized with the Yoast SEO Premium plugin v18.6 (Yoast SEO v19.13) - https:\/\/yoast.com\/wordpress\/plugins\/seo\/ -->\n<title>BAMIX PRIME Blender \u00e0 immersion Blanc<\/title>\n<meta name=\"description\" content=\"D\u00e9couvrez BAMIX PRIME Blender \u00e0 immersion Blanc sur ErresseShop. Qualit\u00e9, prix r\u00e9duits et achat s\u00e9curis\u00e9 \u2013 commandez d\u00e8s maintenant en ligne !\" \/>\n<meta name=\"robots\" content=\"index, follow, max-snippet:-1, max-image-preview:large, max-video-preview:-1\" \/>\n<link rel=\"canonical\" href=\"https:\/\/www.erresse-shop.it\/fr\/shop\/petits-electromenagers\/mixeurs\/bamix-prime-blender-a-immersion-blanc\/\" \/>\n<meta property=\"og:locale\" content=\"fr_FR\" \/>\n<meta property=\"og:type\" content=\"article\" \/>\n<meta property=\"og:title\" content=\"BAMIX PRIME Blender \u00e0 immersion Blanc\" \/>\n<meta property=\"og:description\" content=\"D\u00e9couvrez BAMIX PRIME Blender \u00e0 immersion Blanc sur ErresseShop. Qualit\u00e9, prix r\u00e9duits et achat s\u00e9curis\u00e9 \u2013 commandez d\u00e8s maintenant en ligne !\" \/>\n<meta property=\"og:url\" content=\"https:\/\/www.erresse-shop.it\/fr\/shop\/petits-electromenagers\/mixeurs\/bamix-prime-blender-a-immersion-blanc\/\" \/>\n<meta property=\"og:site_name\" content=\"Erresse Shop\" \/>\n<meta property=\"article:modified_time\" content=\"2025-05-01T10:00:06+00:00\" \/>\n<meta property=\"og:image\" content=\"https:\/\/www.erresse-shop.it\/wp-content\/uploads\/2024\/03\/BAMIX-PRIME-bianco.jpg\" \/>\n\t<meta property=\"og:image:width\" content=\"800\" \/>\n\t<meta property=\"og:image:height\" content=\"800\" \/>\n\t<meta property=\"og:image:type\" content=\"image\/jpeg\" \/>\n<meta name=\"twitter:card\" content=\"summary_large_image\" \/>\n<script type=\"application\/ld+json\" class=\"yoast-schema-graph\">{\"@context\":\"https:\/\/schema.org\",\"@graph\":[{\"@type\":\"WebPage\",\"@id\":\"https:\/\/www.erresse-shop.it\/fr\/shop\/petits-electromenagers\/mixeurs\/bamix-prime-blender-a-immersion-blanc\/\",\"url\":\"https:\/\/www.erresse-shop.it\/fr\/shop\/petits-electromenagers\/mixeurs\/bamix-prime-blender-a-immersion-blanc\/\",\"name\":\"BAMIX PRIME Blender \u00e0 immersion Blanc\",\"isPartOf\":{\"@id\":\"https:\/\/www.erresse-shop.it\/fr\/#website\"},\"datePublished\":\"2024-03-04T08:25:01+00:00\",\"dateModified\":\"2025-05-01T10:00:06+00:00\",\"description\":\"D\u00e9couvrez BAMIX PRIME Blender \u00e0 immersion Blanc sur ErresseShop. Qualit\u00e9, prix r\u00e9duits et achat s\u00e9curis\u00e9 \u2013 commandez d\u00e8s maintenant en ligne !\",\"breadcrumb\":{\"@id\":\"https:\/\/www.erresse-shop.it\/fr\/shop\/petits-electromenagers\/mixeurs\/bamix-prime-blender-a-immersion-blanc\/#breadcrumb\"},\"inLanguage\":\"fr-FR\",\"potentialAction\":[{\"@type\":\"ReadAction\",\"target\":[\"https:\/\/www.erresse-shop.it\/fr\/shop\/petits-electromenagers\/mixeurs\/bamix-prime-blender-a-immersion-blanc\/\"]}]},{\"@type\":\"BreadcrumbList\",\"@id\":\"https:\/\/www.erresse-shop.it\/fr\/shop\/petits-electromenagers\/mixeurs\/bamix-prime-blender-a-immersion-blanc\/#breadcrumb\",\"itemListElement\":[{\"@type\":\"ListItem\",\"position\":1,\"name\":\"Home\",\"item\":\"https:\/\/www.erresse-shop.it\/fr\/\"},{\"@type\":\"ListItem\",\"position\":2,\"name\":\"Shop\",\"item\":\"https:\/\/www.erresse-shop.it\/fr\/shop\/\"},{\"@type\":\"ListItem\",\"position\":3,\"name\":\"BAMIX PRIME Blender \u00e0 immersion Blanc\"}]},{\"@type\":\"WebSite\",\"@id\":\"https:\/\/www.erresse-shop.it\/fr\/#website\",\"url\":\"https:\/\/www.erresse-shop.it\/fr\/\",\"name\":\"Erresse Shop\",\"description\":\"Articoli di qualit\u00e0 per la casa\",\"potentialAction\":[{\"@type\":\"SearchAction\",\"target\":{\"@type\":\"EntryPoint\",\"urlTemplate\":\"https:\/\/www.erresse-shop.it\/fr\/?s={search_term_string}\"},\"query-input\":\"required name=search_term_string\"}],\"inLanguage\":\"fr-FR\"}]}<\/script>\n<!-- \/ Yoast SEO Premium plugin. -->","yoast_head_json":{"title":"BAMIX PRIME Blender \u00e0 immersion Blanc","description":"D\u00e9couvrez BAMIX PRIME Blender \u00e0 immersion Blanc sur ErresseShop. Qualit\u00e9, prix r\u00e9duits et achat s\u00e9curis\u00e9 \u2013 commandez d\u00e8s maintenant en ligne !","robots":{"index":"index","follow":"follow","max-snippet":"max-snippet:-1","max-image-preview":"max-image-preview:large","max-video-preview":"max-video-preview:-1"},"canonical":"https:\/\/www.erresse-shop.it\/fr\/shop\/petits-electromenagers\/mixeurs\/bamix-prime-blender-a-immersion-blanc\/","og_locale":"fr_FR","og_type":"article","og_title":"BAMIX PRIME Blender \u00e0 immersion Blanc","og_description":"D\u00e9couvrez BAMIX PRIME Blender \u00e0 immersion Blanc sur ErresseShop. Qualit\u00e9, prix r\u00e9duits et achat s\u00e9curis\u00e9 \u2013 commandez d\u00e8s maintenant en ligne !","og_url":"https:\/\/www.erresse-shop.it\/fr\/shop\/petits-electromenagers\/mixeurs\/bamix-prime-blender-a-immersion-blanc\/","og_site_name":"Erresse Shop","article_modified_time":"2025-05-01T10:00:06+00:00","og_image":[{"width":800,"height":800,"url":"https:\/\/www.erresse-shop.it\/wp-content\/uploads\/2024\/03\/BAMIX-PRIME-bianco.jpg","type":"image\/jpeg"}],"twitter_card":"summary_large_image","schema":{"@context":"https:\/\/schema.org","@graph":[{"@type":"WebPage","@id":"https:\/\/www.erresse-shop.it\/fr\/shop\/petits-electromenagers\/mixeurs\/bamix-prime-blender-a-immersion-blanc\/","url":"https:\/\/www.erresse-shop.it\/fr\/shop\/petits-electromenagers\/mixeurs\/bamix-prime-blender-a-immersion-blanc\/","name":"BAMIX PRIME Blender \u00e0 immersion Blanc","isPartOf":{"@id":"https:\/\/www.erresse-shop.it\/fr\/#website"},"datePublished":"2024-03-04T08:25:01+00:00","dateModified":"2025-05-01T10:00:06+00:00","description":"D\u00e9couvrez BAMIX PRIME Blender \u00e0 immersion Blanc sur ErresseShop. Qualit\u00e9, prix r\u00e9duits et achat s\u00e9curis\u00e9 \u2013 commandez d\u00e8s maintenant en ligne !","breadcrumb":{"@id":"https:\/\/www.erresse-shop.it\/fr\/shop\/petits-electromenagers\/mixeurs\/bamix-prime-blender-a-immersion-blanc\/#breadcrumb"},"inLanguage":"fr-FR","potentialAction":[{"@type":"ReadAction","target":["https:\/\/www.erresse-shop.it\/fr\/shop\/petits-electromenagers\/mixeurs\/bamix-prime-blender-a-immersion-blanc\/"]}]},{"@type":"BreadcrumbList","@id":"https:\/\/www.erresse-shop.it\/fr\/shop\/petits-electromenagers\/mixeurs\/bamix-prime-blender-a-immersion-blanc\/#breadcrumb","itemListElement":[{"@type":"ListItem","position":1,"name":"Home","item":"https:\/\/www.erresse-shop.it\/fr\/"},{"@type":"ListItem","position":2,"name":"Shop","item":"https:\/\/www.erresse-shop.it\/fr\/shop\/"},{"@type":"ListItem","position":3,"name":"BAMIX PRIME Blender \u00e0 immersion Blanc"}]},{"@type":"WebSite","@id":"https:\/\/www.erresse-shop.it\/fr\/#website","url":"https:\/\/www.erresse-shop.it\/fr\/","name":"Erresse Shop","description":"Articoli di qualit\u00e0 per la casa","potentialAction":[{"@type":"SearchAction","target":{"@type":"EntryPoint","urlTemplate":"https:\/\/www.erresse-shop.it\/fr\/?s={search_term_string}"},"query-input":"required name=search_term_string"}],"inLanguage":"fr-FR"}]}},"df_price":199,"df_sale_price":199,"df_regular_price":199,"df_image_link":"https:\/\/www.erresse-shop.it\/wp-content\/uploads\/2024\/03\/BAMIX-PRIME-bianco-300x300.jpg","_links":{"self":[{"href":"https:\/\/www.erresse-shop.it\/fr\/wp-json\/wp\/v2\/product\/393763"}],"collection":[{"href":"https:\/\/www.erresse-shop.it\/fr\/wp-json\/wp\/v2\/product"}],"about":[{"href":"https:\/\/www.erresse-shop.it\/fr\/wp-json\/wp\/v2\/types\/product"}],"wp:featuredmedia":[{"embeddable":true,"href":"https:\/\/www.erresse-shop.it\/fr\/wp-json\/wp\/v2\/media\/393728"}],"wp:attachment":[{"href":"https:\/\/www.erresse-shop.it\/fr\/wp-json\/wp\/v2\/media?parent=393763"}],"wp:term":[{"taxonomy":"product_cat","embeddable":true,"href":"https:\/\/www.erresse-shop.it\/fr\/wp-json\/wp\/v2\/product_cat?post=393763"},{"taxonomy":"product_tag","embeddable":true,"href":"https:\/\/www.erresse-shop.it\/fr\/wp-json\/wp\/v2\/product_tag?post=393763"}],"curies":[{"name":"wp","href":"https:\/\/api.w.org\/{rel}","templated":true}]}}