{"id":393459,"date":"2024-02-29T08:55:27","date_gmt":"2024-02-29T08:55:32","guid":{"rendered":"https:\/\/www.erresse-shop.it\/?post_type=product&#038;p=393459"},"modified":"2025-01-14T14:14:52","modified_gmt":"2025-01-14T14:14:52","slug":"berkel-set-4-couteaux-a-steak-cream","status":"publish","type":"product","link":"https:\/\/www.erresse-shop.it\/fr\/shop\/cuisine\/couteaux\/berkel-set-4-couteaux-a-steak-cream\/","title":{"rendered":"BERKEL Set 4 Couteaux \u00e0 Steak Cream"},"content":{"rendered":"<p><b><strong>SET DE 4 COUTEAUX DE TABLE POUR LES PLATS DE VIANDE<\/strong><\/b><\/p>\n<p>La tendance couleur s&#8217;invite \u00e0 votre table ! Un couteau \u00e0 steak court et pratique, \u00e0 la lame l\u00e9g\u00e8re et r\u00e9sistante, con\u00e7u pour d\u00e9couper toutes les viandes et plus encore ! Gr\u00e2ce \u00e0 sa pointe et \u00e0 son tranchant, il permet de d\u00e9couper les viandes cuites avec pr\u00e9cision, en limitant la casse. L&#8217;acier r\u00e9sistant \u00e0 la corrosion permet de l&#8217;aiguiser facilement.<\/p>\n<p><b><strong>UN \u00c9TERNEL, LA COULEUR NOIRE, \u00c9L\u00c9GANT, RAFFIN\u00c9 ET ING\u00c9NIEUX COMME LES SPAGHETTIS \u00c0 L&#8217;ENCRE DE SEICHE !<\/strong><\/b><\/p>\n<p>Set de 4 couteaux de table pour viandes, poissons, ap\u00e9ritifs et autres ! Le set se compose de couteaux \u00e0 steak avec une lame lisse et un manche noir avec finition mate, courts et maniables. Gr\u00e2ce \u00e0 la pointe et au tranchant, vous pourrez couper la viande cuite avec pr\u00e9cision, en limitant l&#8217;effilochage. Ces couteaux en acier Berkel r\u00e9sistent \u00e0 la corrosion et au frottement contre la c\u00e9ramique de la plaque, caract\u00e9ristiques n\u00e9cessaires pour un usage quotidien et garantissant la durabilit\u00e9.<\/p>\n<p><b><strong>Fabriqu\u00e9 en Italie<\/strong><\/b><\/p>\n<p><b><strong>LAME<\/strong><\/b>:<\/p>\n<ul>\n<li>Lame en acier inoxydable martensitique Aperam MA4 (AISI 420c) &#8211; 1.4034. L&#8217;AISI 420 est la nuance d&#8217;acier martensitique la plus utilis\u00e9e en coutellerie car elle pr\u00e9sente une bonne r\u00e9sistance \u00e0 la corrosion et permet un aff\u00fbtage facile.<\/li>\n<li>Duret\u00e9 apr\u00e8s traitement thermique 56 hrc<\/li>\n<li>\u00c9paisseur de la lame 2,25 mm<\/li>\n<li>Lame lisse<\/li>\n<li>Logo Berkel grav\u00e9 sur la lame<\/li>\n<\/ul>\n<p><b><strong>POIGN\u00c9E<\/strong><\/b><\/p>\n<ul>\n<li>Polym\u00e8re thermoplastique r\u00e9sistant aux temp\u00e9ratures \u00e9lev\u00e9es, max. 120\u00b0C.<\/li>\n<li>Finition mate<\/li>\n<\/ul>\n<p><b><strong>GOUPILLES D&#8217;\u00c9TANCH\u00c9IT\u00c9<\/strong><\/b><\/p>\n<p>&#8211; Goupille rivet\u00e9e en acier inoxydable AISI 303<\/p>\n<p><b><strong>UTILISATION et ENTRETIEN<\/strong><\/b><\/p>\n<ul>\n<li>\u00a0R\u00e9siste au lave-vaisselle<\/li>\n<li>Ne pas utiliser de tissus ou d&#8217;\u00e9ponges abrasives.<\/li>\n<\/ul>\n<p><b><strong>Poids<\/strong><\/b> 266 g<\/p>\n<p>Taille de la lame 11 cm<br \/>\nLongueur totale 23,50 cm<br \/>\nMat\u00e9riau de la lame Acier inoxydable<br \/>\nManche Polym\u00e8re thermoplastique r\u00e9sistant aux temp\u00e9ratures \u00e9lev\u00e9es (max. 120\u00b0C)<\/p>\n","protected":false},"excerpt":{"rendered":"<p>SET DE 4 COUTEAUX DE TABLE POUR LES PLATS DE VIANDE La tendance couleur s&#8217;invite \u00e0 votre table ! Un<\/p>\n","protected":false},"featured_media":393464,"template":"","meta":{"_acf_changed":false,"inline_featured_image":false},"product_cat":[12742,14452,12748],"product_tag":[23690,12839,18698,23660,24403,12856,24603,15416],"acf":[],"yoast_head":"<!-- This site is optimized with the Yoast SEO Premium plugin v18.6 (Yoast SEO v19.13) - https:\/\/yoast.com\/wordpress\/plugins\/seo\/ -->\n<title>BERKEL Set 4 Couteaux \u00e0 Steak Cream<\/title>\n<meta name=\"description\" content=\"D\u00e9couvrez BERKEL Set 4 Couteaux \u00e0 Steak Cream sur ErresseShop. Qualit\u00e9, prix r\u00e9duits et achat s\u00e9curis\u00e9 \u2013 commandez d\u00e8s maintenant en ligne !\" \/>\n<meta name=\"robots\" content=\"index, follow, max-snippet:-1, max-image-preview:large, max-video-preview:-1\" \/>\n<link rel=\"canonical\" href=\"https:\/\/www.erresse-shop.it\/fr\/shop\/cuisine\/couteaux\/berkel-set-4-couteaux-a-steak-cream\/\" \/>\n<meta property=\"og:locale\" content=\"fr_FR\" \/>\n<meta property=\"og:type\" content=\"article\" \/>\n<meta property=\"og:title\" content=\"BERKEL Set 4 Couteaux \u00e0 Steak Cream\" \/>\n<meta property=\"og:description\" content=\"D\u00e9couvrez BERKEL Set 4 Couteaux \u00e0 Steak Cream sur ErresseShop. Qualit\u00e9, prix r\u00e9duits et achat s\u00e9curis\u00e9 \u2013 commandez d\u00e8s maintenant en ligne !\" \/>\n<meta property=\"og:url\" content=\"https:\/\/www.erresse-shop.it\/fr\/shop\/cuisine\/couteaux\/berkel-set-4-couteaux-a-steak-cream\/\" \/>\n<meta property=\"og:site_name\" content=\"Erresse Shop\" \/>\n<meta property=\"article:modified_time\" content=\"2025-01-14T14:14:52+00:00\" \/>\n<meta property=\"og:image\" content=\"https:\/\/www.erresse-shop.it\/wp-content\/uploads\/2024\/02\/Berkel-set-4-coltelli-bistecca-crema.jpg\" \/>\n\t<meta property=\"og:image:width\" content=\"800\" \/>\n\t<meta property=\"og:image:height\" content=\"800\" \/>\n\t<meta property=\"og:image:type\" content=\"image\/jpeg\" \/>\n<meta name=\"twitter:card\" content=\"summary_large_image\" \/>\n<script type=\"application\/ld+json\" class=\"yoast-schema-graph\">{\"@context\":\"https:\/\/schema.org\",\"@graph\":[{\"@type\":\"WebPage\",\"@id\":\"https:\/\/www.erresse-shop.it\/fr\/shop\/cuisine\/couteaux\/berkel-set-4-couteaux-a-steak-cream\/\",\"url\":\"https:\/\/www.erresse-shop.it\/fr\/shop\/cuisine\/couteaux\/berkel-set-4-couteaux-a-steak-cream\/\",\"name\":\"BERKEL Set 4 Couteaux \u00e0 Steak Cream\",\"isPartOf\":{\"@id\":\"https:\/\/www.erresse-shop.it\/fr\/#website\"},\"datePublished\":\"2024-02-29T08:55:32+00:00\",\"dateModified\":\"2025-01-14T14:14:52+00:00\",\"description\":\"D\u00e9couvrez BERKEL Set 4 Couteaux \u00e0 Steak Cream sur ErresseShop. Qualit\u00e9, prix r\u00e9duits et achat s\u00e9curis\u00e9 \u2013 commandez d\u00e8s maintenant en ligne !\",\"breadcrumb\":{\"@id\":\"https:\/\/www.erresse-shop.it\/fr\/shop\/cuisine\/couteaux\/berkel-set-4-couteaux-a-steak-cream\/#breadcrumb\"},\"inLanguage\":\"fr-FR\",\"potentialAction\":[{\"@type\":\"ReadAction\",\"target\":[\"https:\/\/www.erresse-shop.it\/fr\/shop\/cuisine\/couteaux\/berkel-set-4-couteaux-a-steak-cream\/\"]}]},{\"@type\":\"BreadcrumbList\",\"@id\":\"https:\/\/www.erresse-shop.it\/fr\/shop\/cuisine\/couteaux\/berkel-set-4-couteaux-a-steak-cream\/#breadcrumb\",\"itemListElement\":[{\"@type\":\"ListItem\",\"position\":1,\"name\":\"Home\",\"item\":\"https:\/\/www.erresse-shop.it\/fr\/\"},{\"@type\":\"ListItem\",\"position\":2,\"name\":\"Shop\",\"item\":\"https:\/\/www.erresse-shop.it\/fr\/shop\/\"},{\"@type\":\"ListItem\",\"position\":3,\"name\":\"BERKEL Set 4 Couteaux \u00e0 Steak Cream\"}]},{\"@type\":\"WebSite\",\"@id\":\"https:\/\/www.erresse-shop.it\/fr\/#website\",\"url\":\"https:\/\/www.erresse-shop.it\/fr\/\",\"name\":\"Erresse Shop\",\"description\":\"Articoli di qualit\u00e0 per la casa\",\"potentialAction\":[{\"@type\":\"SearchAction\",\"target\":{\"@type\":\"EntryPoint\",\"urlTemplate\":\"https:\/\/www.erresse-shop.it\/fr\/?s={search_term_string}\"},\"query-input\":\"required name=search_term_string\"}],\"inLanguage\":\"fr-FR\"}]}<\/script>\n<!-- \/ Yoast SEO Premium plugin. -->","yoast_head_json":{"title":"BERKEL Set 4 Couteaux \u00e0 Steak Cream","description":"D\u00e9couvrez BERKEL Set 4 Couteaux \u00e0 Steak Cream sur ErresseShop. Qualit\u00e9, prix r\u00e9duits et achat s\u00e9curis\u00e9 \u2013 commandez d\u00e8s maintenant en ligne !","robots":{"index":"index","follow":"follow","max-snippet":"max-snippet:-1","max-image-preview":"max-image-preview:large","max-video-preview":"max-video-preview:-1"},"canonical":"https:\/\/www.erresse-shop.it\/fr\/shop\/cuisine\/couteaux\/berkel-set-4-couteaux-a-steak-cream\/","og_locale":"fr_FR","og_type":"article","og_title":"BERKEL Set 4 Couteaux \u00e0 Steak Cream","og_description":"D\u00e9couvrez BERKEL Set 4 Couteaux \u00e0 Steak Cream sur ErresseShop. Qualit\u00e9, prix r\u00e9duits et achat s\u00e9curis\u00e9 \u2013 commandez d\u00e8s maintenant en ligne !","og_url":"https:\/\/www.erresse-shop.it\/fr\/shop\/cuisine\/couteaux\/berkel-set-4-couteaux-a-steak-cream\/","og_site_name":"Erresse Shop","article_modified_time":"2025-01-14T14:14:52+00:00","og_image":[{"width":800,"height":800,"url":"https:\/\/www.erresse-shop.it\/wp-content\/uploads\/2024\/02\/Berkel-set-4-coltelli-bistecca-crema.jpg","type":"image\/jpeg"}],"twitter_card":"summary_large_image","schema":{"@context":"https:\/\/schema.org","@graph":[{"@type":"WebPage","@id":"https:\/\/www.erresse-shop.it\/fr\/shop\/cuisine\/couteaux\/berkel-set-4-couteaux-a-steak-cream\/","url":"https:\/\/www.erresse-shop.it\/fr\/shop\/cuisine\/couteaux\/berkel-set-4-couteaux-a-steak-cream\/","name":"BERKEL Set 4 Couteaux \u00e0 Steak Cream","isPartOf":{"@id":"https:\/\/www.erresse-shop.it\/fr\/#website"},"datePublished":"2024-02-29T08:55:32+00:00","dateModified":"2025-01-14T14:14:52+00:00","description":"D\u00e9couvrez BERKEL Set 4 Couteaux \u00e0 Steak Cream sur ErresseShop. Qualit\u00e9, prix r\u00e9duits et achat s\u00e9curis\u00e9 \u2013 commandez d\u00e8s maintenant en ligne !","breadcrumb":{"@id":"https:\/\/www.erresse-shop.it\/fr\/shop\/cuisine\/couteaux\/berkel-set-4-couteaux-a-steak-cream\/#breadcrumb"},"inLanguage":"fr-FR","potentialAction":[{"@type":"ReadAction","target":["https:\/\/www.erresse-shop.it\/fr\/shop\/cuisine\/couteaux\/berkel-set-4-couteaux-a-steak-cream\/"]}]},{"@type":"BreadcrumbList","@id":"https:\/\/www.erresse-shop.it\/fr\/shop\/cuisine\/couteaux\/berkel-set-4-couteaux-a-steak-cream\/#breadcrumb","itemListElement":[{"@type":"ListItem","position":1,"name":"Home","item":"https:\/\/www.erresse-shop.it\/fr\/"},{"@type":"ListItem","position":2,"name":"Shop","item":"https:\/\/www.erresse-shop.it\/fr\/shop\/"},{"@type":"ListItem","position":3,"name":"BERKEL Set 4 Couteaux \u00e0 Steak Cream"}]},{"@type":"WebSite","@id":"https:\/\/www.erresse-shop.it\/fr\/#website","url":"https:\/\/www.erresse-shop.it\/fr\/","name":"Erresse Shop","description":"Articoli di qualit\u00e0 per la casa","potentialAction":[{"@type":"SearchAction","target":{"@type":"EntryPoint","urlTemplate":"https:\/\/www.erresse-shop.it\/fr\/?s={search_term_string}"},"query-input":"required name=search_term_string"}],"inLanguage":"fr-FR"}]}},"df_price":56.95,"df_sale_price":56.95,"df_regular_price":69,"df_image_link":"https:\/\/www.erresse-shop.it\/wp-content\/uploads\/2024\/02\/Berkel-set-4-coltelli-bistecca-crema-300x300.jpg","_links":{"self":[{"href":"https:\/\/www.erresse-shop.it\/fr\/wp-json\/wp\/v2\/product\/393459"}],"collection":[{"href":"https:\/\/www.erresse-shop.it\/fr\/wp-json\/wp\/v2\/product"}],"about":[{"href":"https:\/\/www.erresse-shop.it\/fr\/wp-json\/wp\/v2\/types\/product"}],"wp:featuredmedia":[{"embeddable":true,"href":"https:\/\/www.erresse-shop.it\/fr\/wp-json\/wp\/v2\/media\/393464"}],"wp:attachment":[{"href":"https:\/\/www.erresse-shop.it\/fr\/wp-json\/wp\/v2\/media?parent=393459"}],"wp:term":[{"taxonomy":"product_cat","embeddable":true,"href":"https:\/\/www.erresse-shop.it\/fr\/wp-json\/wp\/v2\/product_cat?post=393459"},{"taxonomy":"product_tag","embeddable":true,"href":"https:\/\/www.erresse-shop.it\/fr\/wp-json\/wp\/v2\/product_tag?post=393459"}],"curies":[{"name":"wp","href":"https:\/\/api.w.org\/{rel}","templated":true}]}}