{"id":392971,"date":"2024-02-26T11:25:57","date_gmt":"2024-02-26T11:26:03","guid":{"rendered":"https:\/\/www.erresse-shop.it\/?post_type=product&#038;p=392971"},"modified":"2024-07-23T00:00:08","modified_gmt":"2024-07-23T00:00:08","slug":"seletti-tapis-rond-snakes","status":"publish","type":"product","link":"https:\/\/www.erresse-shop.it\/fr\/shop\/ameublement-maison\/objets-de-decoration\/seletti-tapis-rond-snakes\/","title":{"rendered":"SELETTI Tapis Rond Snakes"},"content":{"rendered":"<p>Images du magazine TOILETPAPER en format surdimensionn\u00e9. 15 v\u00e9ritables \u0153uvres d&#8217;art pour des tapis sur lesquels on peut marcher sans culpabilit\u00e9 ou que l&#8217;on peut accrocher aux murs comme des tapisseries de la Renaissance.<\/p>\n<p>Mat\u00e9riaux et construction<\/p>\n<p><b><strong>Design :<\/strong><\/b> Toiletpaper<br \/>\n<b><strong>Mat\u00e9riau :<\/strong><\/b> recto 100 % polyester ; verso 50 % coton et 50 % polyester<br \/>\n<b><strong>Dimensions :<\/strong><\/b> \u00f8 200 cm<\/p>\n","protected":false},"excerpt":{"rendered":"<p>Images du magazine TOILETPAPER en format surdimensionn\u00e9. 15 v\u00e9ritables \u0153uvres d&#8217;art pour des tapis sur lesquels on peut marcher sans<\/p>\n","protected":false},"featured_media":497865,"template":"","meta":{"_acf_changed":false,"inline_featured_image":false},"product_cat":[12738,14441],"product_tag":[13015,21149],"acf":[],"yoast_head":"<!-- This site is optimized with the Yoast SEO Premium plugin v18.6 (Yoast SEO v19.13) - https:\/\/yoast.com\/wordpress\/plugins\/seo\/ -->\n<title>SELETTI Tapis Rond Snakes - Erresse Shop<\/title>\n<meta name=\"description\" content=\"Images du magazine TOILETPAPER en format surdimensionn\u00e9. 15 v\u00e9ritables \u0153uvres d&#039;art pour des tapis sur lesquels on peut marcher sans culpabilit\u00e9 ou que\" \/>\n<meta name=\"robots\" content=\"index, follow, max-snippet:-1, max-image-preview:large, max-video-preview:-1\" \/>\n<link rel=\"canonical\" href=\"https:\/\/www.erresse-shop.it\/fr\/shop\/ameublement-maison\/objets-de-decoration\/seletti-tapis-rond-snakes\/\" \/>\n<meta property=\"og:locale\" content=\"fr_FR\" \/>\n<meta property=\"og:type\" content=\"article\" \/>\n<meta property=\"og:title\" content=\"SELETTI Tapis Rond Snakes\" \/>\n<meta property=\"og:description\" content=\"Images du magazine TOILETPAPER en format surdimensionn\u00e9. 15 v\u00e9ritables \u0153uvres d&#039;art pour des tapis sur lesquels on peut marcher sans culpabilit\u00e9 ou que\" \/>\n<meta property=\"og:url\" content=\"https:\/\/www.erresse-shop.it\/fr\/shop\/ameublement-maison\/objets-de-decoration\/seletti-tapis-rond-snakes\/\" \/>\n<meta property=\"og:site_name\" content=\"Erresse Shop\" \/>\n<meta property=\"article:modified_time\" content=\"2024-07-23T00:00:08+00:00\" \/>\n<meta property=\"og:image\" content=\"https:\/\/www.erresse-shop.it\/wp-content\/uploads\/2024\/02\/Seletti-tappeto-rotondo-snakes-1.jpg\" \/>\n\t<meta property=\"og:image:width\" content=\"665\" \/>\n\t<meta property=\"og:image:height\" content=\"665\" \/>\n\t<meta property=\"og:image:type\" content=\"image\/jpeg\" \/>\n<meta name=\"twitter:card\" content=\"summary_large_image\" \/>\n<script type=\"application\/ld+json\" class=\"yoast-schema-graph\">{\"@context\":\"https:\/\/schema.org\",\"@graph\":[{\"@type\":\"WebPage\",\"@id\":\"https:\/\/www.erresse-shop.it\/fr\/shop\/ameublement-maison\/objets-de-decoration\/seletti-tapis-rond-snakes\/\",\"url\":\"https:\/\/www.erresse-shop.it\/fr\/shop\/ameublement-maison\/objets-de-decoration\/seletti-tapis-rond-snakes\/\",\"name\":\"SELETTI Tapis Rond Snakes - Erresse Shop\",\"isPartOf\":{\"@id\":\"https:\/\/www.erresse-shop.it\/fr\/#website\"},\"datePublished\":\"2024-02-26T11:26:03+00:00\",\"dateModified\":\"2024-07-23T00:00:08+00:00\",\"description\":\"Images du magazine TOILETPAPER en format surdimensionn\u00e9. 15 v\u00e9ritables \u0153uvres d'art pour des tapis sur lesquels on peut marcher sans culpabilit\u00e9 ou que\",\"breadcrumb\":{\"@id\":\"https:\/\/www.erresse-shop.it\/fr\/shop\/ameublement-maison\/objets-de-decoration\/seletti-tapis-rond-snakes\/#breadcrumb\"},\"inLanguage\":\"fr-FR\",\"potentialAction\":[{\"@type\":\"ReadAction\",\"target\":[\"https:\/\/www.erresse-shop.it\/fr\/shop\/ameublement-maison\/objets-de-decoration\/seletti-tapis-rond-snakes\/\"]}]},{\"@type\":\"BreadcrumbList\",\"@id\":\"https:\/\/www.erresse-shop.it\/fr\/shop\/ameublement-maison\/objets-de-decoration\/seletti-tapis-rond-snakes\/#breadcrumb\",\"itemListElement\":[{\"@type\":\"ListItem\",\"position\":1,\"name\":\"Home\",\"item\":\"https:\/\/www.erresse-shop.it\/fr\/\"},{\"@type\":\"ListItem\",\"position\":2,\"name\":\"Shop\",\"item\":\"https:\/\/www.erresse-shop.it\/fr\/shop\/\"},{\"@type\":\"ListItem\",\"position\":3,\"name\":\"SELETTI Tapis Rond Snakes\"}]},{\"@type\":\"WebSite\",\"@id\":\"https:\/\/www.erresse-shop.it\/fr\/#website\",\"url\":\"https:\/\/www.erresse-shop.it\/fr\/\",\"name\":\"Erresse Shop\",\"description\":\"Articoli di qualit\u00e0 per la casa\",\"potentialAction\":[{\"@type\":\"SearchAction\",\"target\":{\"@type\":\"EntryPoint\",\"urlTemplate\":\"https:\/\/www.erresse-shop.it\/fr\/?s={search_term_string}\"},\"query-input\":\"required name=search_term_string\"}],\"inLanguage\":\"fr-FR\"}]}<\/script>\n<!-- \/ Yoast SEO Premium plugin. -->","yoast_head_json":{"title":"SELETTI Tapis Rond Snakes - Erresse Shop","description":"Images du magazine TOILETPAPER en format surdimensionn\u00e9. 15 v\u00e9ritables \u0153uvres d'art pour des tapis sur lesquels on peut marcher sans culpabilit\u00e9 ou que","robots":{"index":"index","follow":"follow","max-snippet":"max-snippet:-1","max-image-preview":"max-image-preview:large","max-video-preview":"max-video-preview:-1"},"canonical":"https:\/\/www.erresse-shop.it\/fr\/shop\/ameublement-maison\/objets-de-decoration\/seletti-tapis-rond-snakes\/","og_locale":"fr_FR","og_type":"article","og_title":"SELETTI Tapis Rond Snakes","og_description":"Images du magazine TOILETPAPER en format surdimensionn\u00e9. 15 v\u00e9ritables \u0153uvres d'art pour des tapis sur lesquels on peut marcher sans culpabilit\u00e9 ou que","og_url":"https:\/\/www.erresse-shop.it\/fr\/shop\/ameublement-maison\/objets-de-decoration\/seletti-tapis-rond-snakes\/","og_site_name":"Erresse Shop","article_modified_time":"2024-07-23T00:00:08+00:00","og_image":[{"width":665,"height":665,"url":"https:\/\/www.erresse-shop.it\/wp-content\/uploads\/2024\/02\/Seletti-tappeto-rotondo-snakes-1.jpg","type":"image\/jpeg"}],"twitter_card":"summary_large_image","schema":{"@context":"https:\/\/schema.org","@graph":[{"@type":"WebPage","@id":"https:\/\/www.erresse-shop.it\/fr\/shop\/ameublement-maison\/objets-de-decoration\/seletti-tapis-rond-snakes\/","url":"https:\/\/www.erresse-shop.it\/fr\/shop\/ameublement-maison\/objets-de-decoration\/seletti-tapis-rond-snakes\/","name":"SELETTI Tapis Rond Snakes - Erresse Shop","isPartOf":{"@id":"https:\/\/www.erresse-shop.it\/fr\/#website"},"datePublished":"2024-02-26T11:26:03+00:00","dateModified":"2024-07-23T00:00:08+00:00","description":"Images du magazine TOILETPAPER en format surdimensionn\u00e9. 15 v\u00e9ritables \u0153uvres d'art pour des tapis sur lesquels on peut marcher sans culpabilit\u00e9 ou que","breadcrumb":{"@id":"https:\/\/www.erresse-shop.it\/fr\/shop\/ameublement-maison\/objets-de-decoration\/seletti-tapis-rond-snakes\/#breadcrumb"},"inLanguage":"fr-FR","potentialAction":[{"@type":"ReadAction","target":["https:\/\/www.erresse-shop.it\/fr\/shop\/ameublement-maison\/objets-de-decoration\/seletti-tapis-rond-snakes\/"]}]},{"@type":"BreadcrumbList","@id":"https:\/\/www.erresse-shop.it\/fr\/shop\/ameublement-maison\/objets-de-decoration\/seletti-tapis-rond-snakes\/#breadcrumb","itemListElement":[{"@type":"ListItem","position":1,"name":"Home","item":"https:\/\/www.erresse-shop.it\/fr\/"},{"@type":"ListItem","position":2,"name":"Shop","item":"https:\/\/www.erresse-shop.it\/fr\/shop\/"},{"@type":"ListItem","position":3,"name":"SELETTI Tapis Rond Snakes"}]},{"@type":"WebSite","@id":"https:\/\/www.erresse-shop.it\/fr\/#website","url":"https:\/\/www.erresse-shop.it\/fr\/","name":"Erresse Shop","description":"Articoli di qualit\u00e0 per la casa","potentialAction":[{"@type":"SearchAction","target":{"@type":"EntryPoint","urlTemplate":"https:\/\/www.erresse-shop.it\/fr\/?s={search_term_string}"},"query-input":"required name=search_term_string"}],"inLanguage":"fr-FR"}]}},"df_price":531,"df_sale_price":531,"df_regular_price":1180,"df_image_link":"https:\/\/www.erresse-shop.it\/wp-content\/uploads\/2024\/02\/SELETTI-Tappeto-Rotondo-Snakes-300x300.jpg","_links":{"self":[{"href":"https:\/\/www.erresse-shop.it\/fr\/wp-json\/wp\/v2\/product\/392971"}],"collection":[{"href":"https:\/\/www.erresse-shop.it\/fr\/wp-json\/wp\/v2\/product"}],"about":[{"href":"https:\/\/www.erresse-shop.it\/fr\/wp-json\/wp\/v2\/types\/product"}],"wp:featuredmedia":[{"embeddable":true,"href":"https:\/\/www.erresse-shop.it\/fr\/wp-json\/wp\/v2\/media\/497865"}],"wp:attachment":[{"href":"https:\/\/www.erresse-shop.it\/fr\/wp-json\/wp\/v2\/media?parent=392971"}],"wp:term":[{"taxonomy":"product_cat","embeddable":true,"href":"https:\/\/www.erresse-shop.it\/fr\/wp-json\/wp\/v2\/product_cat?post=392971"},{"taxonomy":"product_tag","embeddable":true,"href":"https:\/\/www.erresse-shop.it\/fr\/wp-json\/wp\/v2\/product_tag?post=392971"}],"curies":[{"name":"wp","href":"https:\/\/api.w.org\/{rel}","templated":true}]}}