{"id":392312,"date":"2024-02-21T09:15:05","date_gmt":"2024-02-21T09:15:11","guid":{"rendered":"https:\/\/www.erresse-shop.it\/?post_type=product&#038;p=392312"},"modified":"2024-02-21T09:37:17","modified_gmt":"2024-02-21T09:37:17","slug":"zwilling-focus-set-5-articles-de-cuisine","status":"publish","type":"product","link":"https:\/\/www.erresse-shop.it\/fr\/shop\/poeles-pots\/batteries-de-cuisine\/zwilling-focus-set-5-articles-de-cuisine\/","title":{"rendered":"ZWILLING Focus Set 5 Articles de cuisine"},"content":{"rendered":"<p>Ensemble de 5 ustensiles de cuisine de conception classique pour toutes les plaques de cuisson, y compris les plaques \u00e0 induction. Id\u00e9al comme \u00e9quipement de base et comme compl\u00e9ment aux ustensiles de cuisine existants.<\/p>\n<p><b><strong>Cuisson \u00e9conome en \u00e9nergie<\/strong><\/b>: r\u00e9partition rapide et homog\u00e8ne de la chaleur et conservation optimale de la chaleur gr\u00e2ce au noyau en aluminium. Couvercle en verre plat avec joint \u00e9tanche.<\/p>\n<p><b><strong>Pratique \u00e0 utiliser<\/strong><\/b>: dosage pr\u00e9cis gr\u00e2ce \u00e0 la graduation interne. Poign\u00e9es ergonomiques pour un transport confortable et s\u00fbr. Bord repli\u00e9 pour un versement s\u00fbr et sans gouttes. Surface mate facile \u00e0 nettoyer et r\u00e9sistante aux rayures. Hygi\u00e9nique et sans go\u00fbt.<\/p>\n<p><b><strong>Mat\u00e9riau : <\/strong><\/b>Acier inoxydable 18\/10 de haute qualit\u00e9.<\/p>\n<p><b><strong>Poids<\/strong><\/b>: 7,2 kg<\/p>\n<p><b><strong>Capacit\u00e9 : <\/strong><\/b>4 litres<\/p>\n<p><b><strong>Passe au lave-vaisselle.<\/strong><\/b> <b><strong>Peut \u00e9galement \u00eatre utilis\u00e9 au four.<\/strong><\/b><\/p>\n<p><b><strong>Contenu<\/strong><\/b>:<\/p>\n<ul>\n<li>3 casseroles + 3 couvercles (\u00d8 16 cm\/1,8 L, \u00d8 20 cm\/4 L, \u00d8 24 cm\/6 L)<\/li>\n<li>1x casserole + 1 couvercle (\u00d8 20 cm\/3 L)<\/li>\n<li>1x Casserole avec poign\u00e9e (\u00d8 16 cm\/1.5 L)<\/li>\n<\/ul>\n","protected":false},"excerpt":{"rendered":"<p>Ensemble de 5 ustensiles de cuisine de conception classique pour toutes les plaques de cuisson, y compris les plaques \u00e0<\/p>\n","protected":false},"featured_media":392317,"template":"","meta":{"_acf_changed":false,"inline_featured_image":false},"product_cat":[12458,14780],"product_tag":[],"acf":[],"yoast_head":"<!-- This site is optimized with the Yoast SEO Premium plugin v18.6 (Yoast SEO v19.13) - https:\/\/yoast.com\/wordpress\/plugins\/seo\/ -->\n<title>ZWILLING Focus Set 5 Articles de cuisine - Erresse Shop<\/title>\n<meta name=\"description\" content=\"Ensemble de 5 ustensiles de cuisine de conception classique pour toutes les plaques de cuisson, y compris les plaques \u00e0 induction. Id\u00e9al comme \u00e9quipement\" \/>\n<meta name=\"robots\" content=\"index, follow, max-snippet:-1, max-image-preview:large, max-video-preview:-1\" \/>\n<link rel=\"canonical\" href=\"https:\/\/www.erresse-shop.it\/fr\/shop\/poeles-pots\/batteries-de-cuisine\/zwilling-focus-set-5-articles-de-cuisine\/\" \/>\n<meta property=\"og:locale\" content=\"fr_FR\" \/>\n<meta property=\"og:type\" content=\"article\" \/>\n<meta property=\"og:title\" content=\"ZWILLING Focus Set 5 Articles de cuisine\" \/>\n<meta property=\"og:description\" content=\"Ensemble de 5 ustensiles de cuisine de conception classique pour toutes les plaques de cuisson, y compris les plaques \u00e0 induction. Id\u00e9al comme \u00e9quipement\" \/>\n<meta property=\"og:url\" content=\"https:\/\/www.erresse-shop.it\/fr\/shop\/poeles-pots\/batteries-de-cuisine\/zwilling-focus-set-5-articles-de-cuisine\/\" \/>\n<meta property=\"og:site_name\" content=\"Erresse Shop\" \/>\n<meta property=\"article:modified_time\" content=\"2024-02-21T09:37:17+00:00\" \/>\n<meta property=\"og:image\" content=\"https:\/\/www.erresse-shop.it\/wp-content\/uploads\/2024\/02\/Zwilling-Focus-Set-di-5-pentole.jpg\" \/>\n\t<meta property=\"og:image:width\" content=\"800\" \/>\n\t<meta property=\"og:image:height\" content=\"800\" \/>\n\t<meta property=\"og:image:type\" content=\"image\/jpeg\" \/>\n<meta name=\"twitter:card\" content=\"summary_large_image\" \/>\n<script type=\"application\/ld+json\" class=\"yoast-schema-graph\">{\"@context\":\"https:\/\/schema.org\",\"@graph\":[{\"@type\":\"WebPage\",\"@id\":\"https:\/\/www.erresse-shop.it\/fr\/shop\/poeles-pots\/batteries-de-cuisine\/zwilling-focus-set-5-articles-de-cuisine\/\",\"url\":\"https:\/\/www.erresse-shop.it\/fr\/shop\/poeles-pots\/batteries-de-cuisine\/zwilling-focus-set-5-articles-de-cuisine\/\",\"name\":\"ZWILLING Focus Set 5 Articles de cuisine - Erresse Shop\",\"isPartOf\":{\"@id\":\"https:\/\/www.erresse-shop.it\/fr\/#website\"},\"datePublished\":\"2024-02-21T09:15:11+00:00\",\"dateModified\":\"2024-02-21T09:37:17+00:00\",\"description\":\"Ensemble de 5 ustensiles de cuisine de conception classique pour toutes les plaques de cuisson, y compris les plaques \u00e0 induction. Id\u00e9al comme \u00e9quipement\",\"breadcrumb\":{\"@id\":\"https:\/\/www.erresse-shop.it\/fr\/shop\/poeles-pots\/batteries-de-cuisine\/zwilling-focus-set-5-articles-de-cuisine\/#breadcrumb\"},\"inLanguage\":\"fr-FR\",\"potentialAction\":[{\"@type\":\"ReadAction\",\"target\":[\"https:\/\/www.erresse-shop.it\/fr\/shop\/poeles-pots\/batteries-de-cuisine\/zwilling-focus-set-5-articles-de-cuisine\/\"]}]},{\"@type\":\"BreadcrumbList\",\"@id\":\"https:\/\/www.erresse-shop.it\/fr\/shop\/poeles-pots\/batteries-de-cuisine\/zwilling-focus-set-5-articles-de-cuisine\/#breadcrumb\",\"itemListElement\":[{\"@type\":\"ListItem\",\"position\":1,\"name\":\"Home\",\"item\":\"https:\/\/www.erresse-shop.it\/fr\/\"},{\"@type\":\"ListItem\",\"position\":2,\"name\":\"Shop\",\"item\":\"https:\/\/www.erresse-shop.it\/fr\/shop\/\"},{\"@type\":\"ListItem\",\"position\":3,\"name\":\"ZWILLING Focus Set 5 Articles de cuisine\"}]},{\"@type\":\"WebSite\",\"@id\":\"https:\/\/www.erresse-shop.it\/fr\/#website\",\"url\":\"https:\/\/www.erresse-shop.it\/fr\/\",\"name\":\"Erresse Shop\",\"description\":\"Articoli di qualit\u00e0 per la casa\",\"potentialAction\":[{\"@type\":\"SearchAction\",\"target\":{\"@type\":\"EntryPoint\",\"urlTemplate\":\"https:\/\/www.erresse-shop.it\/fr\/?s={search_term_string}\"},\"query-input\":\"required name=search_term_string\"}],\"inLanguage\":\"fr-FR\"}]}<\/script>\n<!-- \/ Yoast SEO Premium plugin. -->","yoast_head_json":{"title":"ZWILLING Focus Set 5 Articles de cuisine - Erresse Shop","description":"Ensemble de 5 ustensiles de cuisine de conception classique pour toutes les plaques de cuisson, y compris les plaques \u00e0 induction. Id\u00e9al comme \u00e9quipement","robots":{"index":"index","follow":"follow","max-snippet":"max-snippet:-1","max-image-preview":"max-image-preview:large","max-video-preview":"max-video-preview:-1"},"canonical":"https:\/\/www.erresse-shop.it\/fr\/shop\/poeles-pots\/batteries-de-cuisine\/zwilling-focus-set-5-articles-de-cuisine\/","og_locale":"fr_FR","og_type":"article","og_title":"ZWILLING Focus Set 5 Articles de cuisine","og_description":"Ensemble de 5 ustensiles de cuisine de conception classique pour toutes les plaques de cuisson, y compris les plaques \u00e0 induction. Id\u00e9al comme \u00e9quipement","og_url":"https:\/\/www.erresse-shop.it\/fr\/shop\/poeles-pots\/batteries-de-cuisine\/zwilling-focus-set-5-articles-de-cuisine\/","og_site_name":"Erresse Shop","article_modified_time":"2024-02-21T09:37:17+00:00","og_image":[{"width":800,"height":800,"url":"https:\/\/www.erresse-shop.it\/wp-content\/uploads\/2024\/02\/Zwilling-Focus-Set-di-5-pentole.jpg","type":"image\/jpeg"}],"twitter_card":"summary_large_image","schema":{"@context":"https:\/\/schema.org","@graph":[{"@type":"WebPage","@id":"https:\/\/www.erresse-shop.it\/fr\/shop\/poeles-pots\/batteries-de-cuisine\/zwilling-focus-set-5-articles-de-cuisine\/","url":"https:\/\/www.erresse-shop.it\/fr\/shop\/poeles-pots\/batteries-de-cuisine\/zwilling-focus-set-5-articles-de-cuisine\/","name":"ZWILLING Focus Set 5 Articles de cuisine - Erresse Shop","isPartOf":{"@id":"https:\/\/www.erresse-shop.it\/fr\/#website"},"datePublished":"2024-02-21T09:15:11+00:00","dateModified":"2024-02-21T09:37:17+00:00","description":"Ensemble de 5 ustensiles de cuisine de conception classique pour toutes les plaques de cuisson, y compris les plaques \u00e0 induction. Id\u00e9al comme \u00e9quipement","breadcrumb":{"@id":"https:\/\/www.erresse-shop.it\/fr\/shop\/poeles-pots\/batteries-de-cuisine\/zwilling-focus-set-5-articles-de-cuisine\/#breadcrumb"},"inLanguage":"fr-FR","potentialAction":[{"@type":"ReadAction","target":["https:\/\/www.erresse-shop.it\/fr\/shop\/poeles-pots\/batteries-de-cuisine\/zwilling-focus-set-5-articles-de-cuisine\/"]}]},{"@type":"BreadcrumbList","@id":"https:\/\/www.erresse-shop.it\/fr\/shop\/poeles-pots\/batteries-de-cuisine\/zwilling-focus-set-5-articles-de-cuisine\/#breadcrumb","itemListElement":[{"@type":"ListItem","position":1,"name":"Home","item":"https:\/\/www.erresse-shop.it\/fr\/"},{"@type":"ListItem","position":2,"name":"Shop","item":"https:\/\/www.erresse-shop.it\/fr\/shop\/"},{"@type":"ListItem","position":3,"name":"ZWILLING Focus Set 5 Articles de cuisine"}]},{"@type":"WebSite","@id":"https:\/\/www.erresse-shop.it\/fr\/#website","url":"https:\/\/www.erresse-shop.it\/fr\/","name":"Erresse Shop","description":"Articoli di qualit\u00e0 per la casa","potentialAction":[{"@type":"SearchAction","target":{"@type":"EntryPoint","urlTemplate":"https:\/\/www.erresse-shop.it\/fr\/?s={search_term_string}"},"query-input":"required name=search_term_string"}],"inLanguage":"fr-FR"}]}},"df_price":124.5,"df_sale_price":124.5,"df_regular_price":249,"df_image_link":"https:\/\/www.erresse-shop.it\/wp-content\/uploads\/2024\/02\/Zwilling-Focus-Set-di-5-pentole-300x300.jpg","_links":{"self":[{"href":"https:\/\/www.erresse-shop.it\/fr\/wp-json\/wp\/v2\/product\/392312"}],"collection":[{"href":"https:\/\/www.erresse-shop.it\/fr\/wp-json\/wp\/v2\/product"}],"about":[{"href":"https:\/\/www.erresse-shop.it\/fr\/wp-json\/wp\/v2\/types\/product"}],"wp:featuredmedia":[{"embeddable":true,"href":"https:\/\/www.erresse-shop.it\/fr\/wp-json\/wp\/v2\/media\/392317"}],"wp:attachment":[{"href":"https:\/\/www.erresse-shop.it\/fr\/wp-json\/wp\/v2\/media?parent=392312"}],"wp:term":[{"taxonomy":"product_cat","embeddable":true,"href":"https:\/\/www.erresse-shop.it\/fr\/wp-json\/wp\/v2\/product_cat?post=392312"},{"taxonomy":"product_tag","embeddable":true,"href":"https:\/\/www.erresse-shop.it\/fr\/wp-json\/wp\/v2\/product_tag?post=392312"}],"curies":[{"name":"wp","href":"https:\/\/api.w.org\/{rel}","templated":true}]}}