{"id":392191,"date":"2024-02-21T07:17:36","date_gmt":"2024-02-21T07:17:44","guid":{"rendered":"https:\/\/www.erresse-shop.it\/?post_type=product&#038;p=392191"},"modified":"2024-07-10T13:37:56","modified_gmt":"2024-07-10T13:37:56","slug":"toms-drag-coeur-23-cm","status":"publish","type":"product","link":"https:\/\/www.erresse-shop.it\/fr\/shop\/ameublement-maison\/objets-de-decoration\/toms-drag-coeur-23-cm\/","title":{"rendered":"TOM&#8217;S DRAG Coeur 23 cm"},"content":{"rendered":"<p>L&#8217;amour est tout ce dont vous avez besoin. C&#8217;est avec cette devise que Tom&#8217;s Drag cr\u00e9e un c\u0153ur \u00e0 plumes en fibre de verre et marmorine.<\/p>\n<p>D\u00e9cor\u00e9 \u00e0 la main, le c\u0153ur est un symbole d&#8217;amour et d&#8217;amiti\u00e9 ; il peut donc \u00eatre offert \u00e0 l&#8217;occasion de la Saint-Valentin ou des grandes occasions.<\/p>\n<p><b><strong>Dimensions de<\/strong><\/b> l&#8217;objet : H 23 cm<\/p>\n<p><b><strong>Mat\u00e9riaux<\/strong><\/b>: fibre de verre et marmorino<\/p>\n","protected":false},"excerpt":{"rendered":"<p>L&#8217;amour est tout ce dont vous avez besoin. C&#8217;est avec cette devise que Tom&#8217;s Drag cr\u00e9e un c\u0153ur \u00e0 plumes<\/p>\n","protected":false},"featured_media":507722,"template":"","meta":{"_acf_changed":false,"inline_featured_image":false},"product_cat":[12738,14441],"product_tag":[25036,16990,13275,25021,24300,16993],"acf":[],"yoast_head":"<!-- This site is optimized with the Yoast SEO Premium plugin v18.6 (Yoast SEO v19.13) - https:\/\/yoast.com\/wordpress\/plugins\/seo\/ -->\n<title>TOM&#039;S DRAG Coeur 23 cm - Erresse Shop<\/title>\n<meta name=\"description\" content=\"L&#039;amour est tout ce dont vous avez besoin. C&#039;est avec cette devise que Tom&#039;s Drag cr\u00e9e un c\u0153ur \u00e0 plumes en fibre de verre et marmorine. D\u00e9cor\u00e9 \u00e0 la main,\" \/>\n<meta name=\"robots\" content=\"index, follow, max-snippet:-1, max-image-preview:large, max-video-preview:-1\" \/>\n<link rel=\"canonical\" href=\"https:\/\/www.erresse-shop.it\/fr\/shop\/ameublement-maison\/objets-de-decoration\/toms-drag-coeur-23-cm\/\" \/>\n<meta property=\"og:locale\" content=\"fr_FR\" \/>\n<meta property=\"og:type\" content=\"article\" \/>\n<meta property=\"og:title\" content=\"TOM&#039;S DRAG Coeur 23 cm\" \/>\n<meta property=\"og:description\" content=\"L&#039;amour est tout ce dont vous avez besoin. C&#039;est avec cette devise que Tom&#039;s Drag cr\u00e9e un c\u0153ur \u00e0 plumes en fibre de verre et marmorine. D\u00e9cor\u00e9 \u00e0 la main,\" \/>\n<meta property=\"og:url\" content=\"https:\/\/www.erresse-shop.it\/fr\/shop\/ameublement-maison\/objets-de-decoration\/toms-drag-coeur-23-cm\/\" \/>\n<meta property=\"og:site_name\" content=\"Erresse Shop\" \/>\n<meta property=\"article:modified_time\" content=\"2024-07-10T13:37:56+00:00\" \/>\n<meta property=\"og:image\" content=\"https:\/\/www.erresse-shop.it\/wp-content\/uploads\/2024\/02\/Toms-Drag-Cuore-27-cm-3706.png\" \/>\n\t<meta property=\"og:image:width\" content=\"800\" \/>\n\t<meta property=\"og:image:height\" content=\"800\" \/>\n\t<meta property=\"og:image:type\" content=\"image\/png\" \/>\n<meta name=\"twitter:card\" content=\"summary_large_image\" \/>\n<script type=\"application\/ld+json\" class=\"yoast-schema-graph\">{\"@context\":\"https:\/\/schema.org\",\"@graph\":[{\"@type\":\"WebPage\",\"@id\":\"https:\/\/www.erresse-shop.it\/fr\/shop\/ameublement-maison\/objets-de-decoration\/toms-drag-coeur-23-cm\/\",\"url\":\"https:\/\/www.erresse-shop.it\/fr\/shop\/ameublement-maison\/objets-de-decoration\/toms-drag-coeur-23-cm\/\",\"name\":\"TOM'S DRAG Coeur 23 cm - Erresse Shop\",\"isPartOf\":{\"@id\":\"https:\/\/www.erresse-shop.it\/fr\/#website\"},\"datePublished\":\"2024-02-21T07:17:44+00:00\",\"dateModified\":\"2024-07-10T13:37:56+00:00\",\"description\":\"L'amour est tout ce dont vous avez besoin. C'est avec cette devise que Tom's Drag cr\u00e9e un c\u0153ur \u00e0 plumes en fibre de verre et marmorine. D\u00e9cor\u00e9 \u00e0 la main,\",\"breadcrumb\":{\"@id\":\"https:\/\/www.erresse-shop.it\/fr\/shop\/ameublement-maison\/objets-de-decoration\/toms-drag-coeur-23-cm\/#breadcrumb\"},\"inLanguage\":\"fr-FR\",\"potentialAction\":[{\"@type\":\"ReadAction\",\"target\":[\"https:\/\/www.erresse-shop.it\/fr\/shop\/ameublement-maison\/objets-de-decoration\/toms-drag-coeur-23-cm\/\"]}]},{\"@type\":\"BreadcrumbList\",\"@id\":\"https:\/\/www.erresse-shop.it\/fr\/shop\/ameublement-maison\/objets-de-decoration\/toms-drag-coeur-23-cm\/#breadcrumb\",\"itemListElement\":[{\"@type\":\"ListItem\",\"position\":1,\"name\":\"Home\",\"item\":\"https:\/\/www.erresse-shop.it\/fr\/\"},{\"@type\":\"ListItem\",\"position\":2,\"name\":\"Shop\",\"item\":\"https:\/\/www.erresse-shop.it\/fr\/shop\/\"},{\"@type\":\"ListItem\",\"position\":3,\"name\":\"TOM&#8217;S DRAG Coeur 23 cm\"}]},{\"@type\":\"WebSite\",\"@id\":\"https:\/\/www.erresse-shop.it\/fr\/#website\",\"url\":\"https:\/\/www.erresse-shop.it\/fr\/\",\"name\":\"Erresse Shop\",\"description\":\"Articoli di qualit\u00e0 per la casa\",\"potentialAction\":[{\"@type\":\"SearchAction\",\"target\":{\"@type\":\"EntryPoint\",\"urlTemplate\":\"https:\/\/www.erresse-shop.it\/fr\/?s={search_term_string}\"},\"query-input\":\"required name=search_term_string\"}],\"inLanguage\":\"fr-FR\"}]}<\/script>\n<!-- \/ Yoast SEO Premium plugin. -->","yoast_head_json":{"title":"TOM'S DRAG Coeur 23 cm - Erresse Shop","description":"L'amour est tout ce dont vous avez besoin. C'est avec cette devise que Tom's Drag cr\u00e9e un c\u0153ur \u00e0 plumes en fibre de verre et marmorine. D\u00e9cor\u00e9 \u00e0 la main,","robots":{"index":"index","follow":"follow","max-snippet":"max-snippet:-1","max-image-preview":"max-image-preview:large","max-video-preview":"max-video-preview:-1"},"canonical":"https:\/\/www.erresse-shop.it\/fr\/shop\/ameublement-maison\/objets-de-decoration\/toms-drag-coeur-23-cm\/","og_locale":"fr_FR","og_type":"article","og_title":"TOM'S DRAG Coeur 23 cm","og_description":"L'amour est tout ce dont vous avez besoin. C'est avec cette devise que Tom's Drag cr\u00e9e un c\u0153ur \u00e0 plumes en fibre de verre et marmorine. D\u00e9cor\u00e9 \u00e0 la main,","og_url":"https:\/\/www.erresse-shop.it\/fr\/shop\/ameublement-maison\/objets-de-decoration\/toms-drag-coeur-23-cm\/","og_site_name":"Erresse Shop","article_modified_time":"2024-07-10T13:37:56+00:00","og_image":[{"width":800,"height":800,"url":"https:\/\/www.erresse-shop.it\/wp-content\/uploads\/2024\/02\/Toms-Drag-Cuore-27-cm-3706.png","type":"image\/png"}],"twitter_card":"summary_large_image","schema":{"@context":"https:\/\/schema.org","@graph":[{"@type":"WebPage","@id":"https:\/\/www.erresse-shop.it\/fr\/shop\/ameublement-maison\/objets-de-decoration\/toms-drag-coeur-23-cm\/","url":"https:\/\/www.erresse-shop.it\/fr\/shop\/ameublement-maison\/objets-de-decoration\/toms-drag-coeur-23-cm\/","name":"TOM'S DRAG Coeur 23 cm - Erresse Shop","isPartOf":{"@id":"https:\/\/www.erresse-shop.it\/fr\/#website"},"datePublished":"2024-02-21T07:17:44+00:00","dateModified":"2024-07-10T13:37:56+00:00","description":"L'amour est tout ce dont vous avez besoin. C'est avec cette devise que Tom's Drag cr\u00e9e un c\u0153ur \u00e0 plumes en fibre de verre et marmorine. D\u00e9cor\u00e9 \u00e0 la main,","breadcrumb":{"@id":"https:\/\/www.erresse-shop.it\/fr\/shop\/ameublement-maison\/objets-de-decoration\/toms-drag-coeur-23-cm\/#breadcrumb"},"inLanguage":"fr-FR","potentialAction":[{"@type":"ReadAction","target":["https:\/\/www.erresse-shop.it\/fr\/shop\/ameublement-maison\/objets-de-decoration\/toms-drag-coeur-23-cm\/"]}]},{"@type":"BreadcrumbList","@id":"https:\/\/www.erresse-shop.it\/fr\/shop\/ameublement-maison\/objets-de-decoration\/toms-drag-coeur-23-cm\/#breadcrumb","itemListElement":[{"@type":"ListItem","position":1,"name":"Home","item":"https:\/\/www.erresse-shop.it\/fr\/"},{"@type":"ListItem","position":2,"name":"Shop","item":"https:\/\/www.erresse-shop.it\/fr\/shop\/"},{"@type":"ListItem","position":3,"name":"TOM&#8217;S DRAG Coeur 23 cm"}]},{"@type":"WebSite","@id":"https:\/\/www.erresse-shop.it\/fr\/#website","url":"https:\/\/www.erresse-shop.it\/fr\/","name":"Erresse Shop","description":"Articoli di qualit\u00e0 per la casa","potentialAction":[{"@type":"SearchAction","target":{"@type":"EntryPoint","urlTemplate":"https:\/\/www.erresse-shop.it\/fr\/?s={search_term_string}"},"query-input":"required name=search_term_string"}],"inLanguage":"fr-FR"}]}},"df_price":83.2,"df_sale_price":83.2,"df_regular_price":160,"df_image_link":"https:\/\/www.erresse-shop.it\/wp-content\/uploads\/2024\/02\/TOMS-DRAG-Cuore-23-cm-300x300.jpg","_links":{"self":[{"href":"https:\/\/www.erresse-shop.it\/fr\/wp-json\/wp\/v2\/product\/392191"}],"collection":[{"href":"https:\/\/www.erresse-shop.it\/fr\/wp-json\/wp\/v2\/product"}],"about":[{"href":"https:\/\/www.erresse-shop.it\/fr\/wp-json\/wp\/v2\/types\/product"}],"wp:featuredmedia":[{"embeddable":true,"href":"https:\/\/www.erresse-shop.it\/fr\/wp-json\/wp\/v2\/media\/507722"}],"wp:attachment":[{"href":"https:\/\/www.erresse-shop.it\/fr\/wp-json\/wp\/v2\/media?parent=392191"}],"wp:term":[{"taxonomy":"product_cat","embeddable":true,"href":"https:\/\/www.erresse-shop.it\/fr\/wp-json\/wp\/v2\/product_cat?post=392191"},{"taxonomy":"product_tag","embeddable":true,"href":"https:\/\/www.erresse-shop.it\/fr\/wp-json\/wp\/v2\/product_tag?post=392191"}],"curies":[{"name":"wp","href":"https:\/\/api.w.org\/{rel}","templated":true}]}}