{"id":391845,"date":"2024-02-20T07:29:18","date_gmt":"2024-02-20T07:29:24","guid":{"rendered":"https:\/\/www.erresse-shop.it\/?post_type=product&#038;p=391845"},"modified":"2024-02-20T07:32:34","modified_gmt":"2024-02-20T07:32:34","slug":"seletti-classics-on-acid-calice-diamonds","status":"publish","type":"product","link":"https:\/\/www.erresse-shop.it\/fr\/shop\/table-fr-2\/verres\/seletti-classics-on-acid-calice-diamonds\/","title":{"rendered":"SELETTI Classics on Acid Calice Diamonds"},"content":{"rendered":"<p>Un look classique avec une touche de folie pour les amateurs de f\u00eates et les \u00e9clectiques.<\/p>\n<p>Merveilleux pour une table d\u00e9form\u00e9e inattendue<\/p>\n<p><b><strong>Design :<\/strong><\/b> Diesel Living avec Seletti<\/p>\n<p><b><strong>Mat\u00e9riau :<\/strong><\/b> verre<\/p>\n","protected":false},"excerpt":{"rendered":"<p>Un look classique avec une touche de folie pour les amateurs de f\u00eates et les \u00e9clectiques. Merveilleux pour une table<\/p>\n","protected":false},"featured_media":390800,"template":"","meta":{"_acf_changed":false,"inline_featured_image":false},"product_cat":[12782,12784],"product_tag":[22366,22365,25021,14889,15730,19392],"acf":[],"yoast_head":"<!-- This site is optimized with the Yoast SEO Premium plugin v18.6 (Yoast SEO v19.13) - https:\/\/yoast.com\/wordpress\/plugins\/seo\/ -->\n<title>SELETTI Classics on Acid Calice Diamonds - Erresse Shop<\/title>\n<meta name=\"description\" content=\"Un look classique avec une touche de folie pour les amateurs de f\u00eates et les \u00e9clectiques. Merveilleux pour une table d\u00e9form\u00e9e inattendue Design : Diesel\" \/>\n<meta name=\"robots\" content=\"index, follow, max-snippet:-1, max-image-preview:large, max-video-preview:-1\" \/>\n<link rel=\"canonical\" href=\"https:\/\/www.erresse-shop.it\/fr\/shop\/table-fr-2\/verres\/seletti-classics-on-acid-calice-diamonds\/\" \/>\n<meta property=\"og:locale\" content=\"fr_FR\" \/>\n<meta property=\"og:type\" content=\"article\" \/>\n<meta property=\"og:title\" content=\"SELETTI Classics on Acid Calice Diamonds\" \/>\n<meta property=\"og:description\" content=\"Un look classique avec une touche de folie pour les amateurs de f\u00eates et les \u00e9clectiques. Merveilleux pour une table d\u00e9form\u00e9e inattendue Design : Diesel\" \/>\n<meta property=\"og:url\" content=\"https:\/\/www.erresse-shop.it\/fr\/shop\/table-fr-2\/verres\/seletti-classics-on-acid-calice-diamonds\/\" \/>\n<meta property=\"og:site_name\" content=\"Erresse Shop\" \/>\n<meta property=\"article:modified_time\" content=\"2024-02-20T07:32:34+00:00\" \/>\n<meta property=\"og:image\" content=\"https:\/\/www.erresse-shop.it\/wp-content\/uploads\/2024\/02\/Seletti-classic-on-acid-diamonds-11252.jpg\" \/>\n\t<meta property=\"og:image:width\" content=\"800\" \/>\n\t<meta property=\"og:image:height\" content=\"800\" \/>\n\t<meta property=\"og:image:type\" content=\"image\/jpeg\" \/>\n<meta name=\"twitter:card\" content=\"summary_large_image\" \/>\n<script type=\"application\/ld+json\" class=\"yoast-schema-graph\">{\"@context\":\"https:\/\/schema.org\",\"@graph\":[{\"@type\":\"WebPage\",\"@id\":\"https:\/\/www.erresse-shop.it\/fr\/shop\/table-fr-2\/verres\/seletti-classics-on-acid-calice-diamonds\/\",\"url\":\"https:\/\/www.erresse-shop.it\/fr\/shop\/table-fr-2\/verres\/seletti-classics-on-acid-calice-diamonds\/\",\"name\":\"SELETTI Classics on Acid Calice Diamonds - Erresse Shop\",\"isPartOf\":{\"@id\":\"https:\/\/www.erresse-shop.it\/fr\/#website\"},\"datePublished\":\"2024-02-20T07:29:24+00:00\",\"dateModified\":\"2024-02-20T07:32:34+00:00\",\"description\":\"Un look classique avec une touche de folie pour les amateurs de f\u00eates et les \u00e9clectiques. Merveilleux pour une table d\u00e9form\u00e9e inattendue Design : Diesel\",\"breadcrumb\":{\"@id\":\"https:\/\/www.erresse-shop.it\/fr\/shop\/table-fr-2\/verres\/seletti-classics-on-acid-calice-diamonds\/#breadcrumb\"},\"inLanguage\":\"fr-FR\",\"potentialAction\":[{\"@type\":\"ReadAction\",\"target\":[\"https:\/\/www.erresse-shop.it\/fr\/shop\/table-fr-2\/verres\/seletti-classics-on-acid-calice-diamonds\/\"]}]},{\"@type\":\"BreadcrumbList\",\"@id\":\"https:\/\/www.erresse-shop.it\/fr\/shop\/table-fr-2\/verres\/seletti-classics-on-acid-calice-diamonds\/#breadcrumb\",\"itemListElement\":[{\"@type\":\"ListItem\",\"position\":1,\"name\":\"Home\",\"item\":\"https:\/\/www.erresse-shop.it\/fr\/\"},{\"@type\":\"ListItem\",\"position\":2,\"name\":\"Shop\",\"item\":\"https:\/\/www.erresse-shop.it\/fr\/shop\/\"},{\"@type\":\"ListItem\",\"position\":3,\"name\":\"SELETTI Classics on Acid Calice Diamonds\"}]},{\"@type\":\"WebSite\",\"@id\":\"https:\/\/www.erresse-shop.it\/fr\/#website\",\"url\":\"https:\/\/www.erresse-shop.it\/fr\/\",\"name\":\"Erresse Shop\",\"description\":\"Articoli di qualit\u00e0 per la casa\",\"potentialAction\":[{\"@type\":\"SearchAction\",\"target\":{\"@type\":\"EntryPoint\",\"urlTemplate\":\"https:\/\/www.erresse-shop.it\/fr\/?s={search_term_string}\"},\"query-input\":\"required name=search_term_string\"}],\"inLanguage\":\"fr-FR\"}]}<\/script>\n<!-- \/ Yoast SEO Premium plugin. -->","yoast_head_json":{"title":"SELETTI Classics on Acid Calice Diamonds - Erresse Shop","description":"Un look classique avec une touche de folie pour les amateurs de f\u00eates et les \u00e9clectiques. Merveilleux pour une table d\u00e9form\u00e9e inattendue Design : Diesel","robots":{"index":"index","follow":"follow","max-snippet":"max-snippet:-1","max-image-preview":"max-image-preview:large","max-video-preview":"max-video-preview:-1"},"canonical":"https:\/\/www.erresse-shop.it\/fr\/shop\/table-fr-2\/verres\/seletti-classics-on-acid-calice-diamonds\/","og_locale":"fr_FR","og_type":"article","og_title":"SELETTI Classics on Acid Calice Diamonds","og_description":"Un look classique avec une touche de folie pour les amateurs de f\u00eates et les \u00e9clectiques. Merveilleux pour une table d\u00e9form\u00e9e inattendue Design : Diesel","og_url":"https:\/\/www.erresse-shop.it\/fr\/shop\/table-fr-2\/verres\/seletti-classics-on-acid-calice-diamonds\/","og_site_name":"Erresse Shop","article_modified_time":"2024-02-20T07:32:34+00:00","og_image":[{"width":800,"height":800,"url":"https:\/\/www.erresse-shop.it\/wp-content\/uploads\/2024\/02\/Seletti-classic-on-acid-diamonds-11252.jpg","type":"image\/jpeg"}],"twitter_card":"summary_large_image","schema":{"@context":"https:\/\/schema.org","@graph":[{"@type":"WebPage","@id":"https:\/\/www.erresse-shop.it\/fr\/shop\/table-fr-2\/verres\/seletti-classics-on-acid-calice-diamonds\/","url":"https:\/\/www.erresse-shop.it\/fr\/shop\/table-fr-2\/verres\/seletti-classics-on-acid-calice-diamonds\/","name":"SELETTI Classics on Acid Calice Diamonds - Erresse Shop","isPartOf":{"@id":"https:\/\/www.erresse-shop.it\/fr\/#website"},"datePublished":"2024-02-20T07:29:24+00:00","dateModified":"2024-02-20T07:32:34+00:00","description":"Un look classique avec une touche de folie pour les amateurs de f\u00eates et les \u00e9clectiques. Merveilleux pour une table d\u00e9form\u00e9e inattendue Design : Diesel","breadcrumb":{"@id":"https:\/\/www.erresse-shop.it\/fr\/shop\/table-fr-2\/verres\/seletti-classics-on-acid-calice-diamonds\/#breadcrumb"},"inLanguage":"fr-FR","potentialAction":[{"@type":"ReadAction","target":["https:\/\/www.erresse-shop.it\/fr\/shop\/table-fr-2\/verres\/seletti-classics-on-acid-calice-diamonds\/"]}]},{"@type":"BreadcrumbList","@id":"https:\/\/www.erresse-shop.it\/fr\/shop\/table-fr-2\/verres\/seletti-classics-on-acid-calice-diamonds\/#breadcrumb","itemListElement":[{"@type":"ListItem","position":1,"name":"Home","item":"https:\/\/www.erresse-shop.it\/fr\/"},{"@type":"ListItem","position":2,"name":"Shop","item":"https:\/\/www.erresse-shop.it\/fr\/shop\/"},{"@type":"ListItem","position":3,"name":"SELETTI Classics on Acid Calice Diamonds"}]},{"@type":"WebSite","@id":"https:\/\/www.erresse-shop.it\/fr\/#website","url":"https:\/\/www.erresse-shop.it\/fr\/","name":"Erresse Shop","description":"Articoli di qualit\u00e0 per la casa","potentialAction":[{"@type":"SearchAction","target":{"@type":"EntryPoint","urlTemplate":"https:\/\/www.erresse-shop.it\/fr\/?s={search_term_string}"},"query-input":"required name=search_term_string"}],"inLanguage":"fr-FR"}]}},"df_price":39,"df_sale_price":39,"df_regular_price":47,"df_image_link":"https:\/\/www.erresse-shop.it\/wp-content\/uploads\/2024\/02\/Seletti-classic-on-acid-diamonds-11252-300x300.jpg","_links":{"self":[{"href":"https:\/\/www.erresse-shop.it\/fr\/wp-json\/wp\/v2\/product\/391845"}],"collection":[{"href":"https:\/\/www.erresse-shop.it\/fr\/wp-json\/wp\/v2\/product"}],"about":[{"href":"https:\/\/www.erresse-shop.it\/fr\/wp-json\/wp\/v2\/types\/product"}],"wp:featuredmedia":[{"embeddable":true,"href":"https:\/\/www.erresse-shop.it\/fr\/wp-json\/wp\/v2\/media\/390800"}],"wp:attachment":[{"href":"https:\/\/www.erresse-shop.it\/fr\/wp-json\/wp\/v2\/media?parent=391845"}],"wp:term":[{"taxonomy":"product_cat","embeddable":true,"href":"https:\/\/www.erresse-shop.it\/fr\/wp-json\/wp\/v2\/product_cat?post=391845"},{"taxonomy":"product_tag","embeddable":true,"href":"https:\/\/www.erresse-shop.it\/fr\/wp-json\/wp\/v2\/product_tag?post=391845"}],"curies":[{"name":"wp","href":"https:\/\/api.w.org\/{rel}","templated":true}]}}