{"id":390323,"date":"2024-02-15T11:42:09","date_gmt":"2024-02-15T11:42:13","guid":{"rendered":"https:\/\/www.erresse-shop.it\/?post_type=product&#038;p=390323"},"modified":"2024-02-15T11:53:56","modified_gmt":"2024-02-15T11:53:56","slug":"seletti-industry-collection-table-ronde-en-aluminium-noir","status":"publish","type":"product","link":"https:\/\/www.erresse-shop.it\/fr\/shop\/ameublement-maison\/tables-et-tables-basses\/seletti-industry-collection-table-ronde-en-aluminium-noir\/","title":{"rendered":"SELETTI Industry Collection Table ronde en aluminium noir"},"content":{"rendered":"<p>Les formes sont celles, romantiques et intemporelles, d&#8217;un d\u00e9cor de jardin victorien \u00e0 l&#8217;ancienne. Les d\u00e9corations, quant \u00e0 elles, sont le summum du maximalisme pop, sign\u00e9 Studio Job. Les meubles de jardin les plus classiques deviennent fous et color\u00e9s, de v\u00e9ritables \u0153uvres de design bucoliques.<br \/>\nDimensions : \u00f8 Cm.70 h.74<br \/>\nAluminium moul\u00e9 sous pression<br \/>\nTr\u00e8s l\u00e9ger<br \/>\nRev\u00eatement en poudre mat<br \/>\nMontage simple et rapide<br \/>\nExt\u00e9rieur et adapt\u00e9 \u00e0 un usage contractuel<\/p>\n","protected":false},"excerpt":{"rendered":"<p>Les formes sont celles, romantiques et intemporelles, d&#8217;un d\u00e9cor de jardin victorien \u00e0 l&#8217;ancienne. Les d\u00e9corations, quant \u00e0 elles, sont<\/p>\n","protected":false},"featured_media":390337,"template":"","meta":{"_acf_changed":false,"inline_featured_image":false},"product_cat":[12738,24385],"product_tag":[25021,13015,13356],"acf":[],"yoast_head":"<!-- This site is optimized with the Yoast SEO Premium plugin v18.6 (Yoast SEO v19.13) - https:\/\/yoast.com\/wordpress\/plugins\/seo\/ -->\n<title>SELETTI Industry Collection Table ronde en aluminium noir - Erresse Shop<\/title>\n<meta name=\"description\" content=\"Les formes sont celles, romantiques et intemporelles, d&#039;un d\u00e9cor de jardin victorien \u00e0 l&#039;ancienne. Les d\u00e9corations, quant \u00e0 elles, sont le summum du\" \/>\n<meta name=\"robots\" content=\"index, follow, max-snippet:-1, max-image-preview:large, max-video-preview:-1\" \/>\n<link rel=\"canonical\" href=\"https:\/\/www.erresse-shop.it\/fr\/shop\/ameublement-maison\/tables-et-tables-basses\/seletti-industry-collection-table-ronde-en-aluminium-noir\/\" \/>\n<meta property=\"og:locale\" content=\"fr_FR\" \/>\n<meta property=\"og:type\" content=\"article\" \/>\n<meta property=\"og:title\" content=\"SELETTI Industry Collection Table ronde en aluminium noir\" \/>\n<meta property=\"og:description\" content=\"Les formes sont celles, romantiques et intemporelles, d&#039;un d\u00e9cor de jardin victorien \u00e0 l&#039;ancienne. Les d\u00e9corations, quant \u00e0 elles, sont le summum du\" \/>\n<meta property=\"og:url\" content=\"https:\/\/www.erresse-shop.it\/fr\/shop\/ameublement-maison\/tables-et-tables-basses\/seletti-industry-collection-table-ronde-en-aluminium-noir\/\" \/>\n<meta property=\"og:site_name\" content=\"Erresse Shop\" \/>\n<meta property=\"article:modified_time\" content=\"2024-02-15T11:53:56+00:00\" \/>\n<meta property=\"og:image\" content=\"https:\/\/www.erresse-shop.it\/wp-content\/uploads\/2024\/02\/Seletti-industry-collection-tavolo-rotondo.jpg\" \/>\n\t<meta property=\"og:image:width\" content=\"800\" \/>\n\t<meta property=\"og:image:height\" content=\"800\" \/>\n\t<meta property=\"og:image:type\" content=\"image\/jpeg\" \/>\n<meta name=\"twitter:card\" content=\"summary_large_image\" \/>\n<script type=\"application\/ld+json\" class=\"yoast-schema-graph\">{\"@context\":\"https:\/\/schema.org\",\"@graph\":[{\"@type\":\"WebPage\",\"@id\":\"https:\/\/www.erresse-shop.it\/fr\/shop\/ameublement-maison\/tables-et-tables-basses\/seletti-industry-collection-table-ronde-en-aluminium-noir\/\",\"url\":\"https:\/\/www.erresse-shop.it\/fr\/shop\/ameublement-maison\/tables-et-tables-basses\/seletti-industry-collection-table-ronde-en-aluminium-noir\/\",\"name\":\"SELETTI Industry Collection Table ronde en aluminium noir - Erresse Shop\",\"isPartOf\":{\"@id\":\"https:\/\/www.erresse-shop.it\/fr\/#website\"},\"datePublished\":\"2024-02-15T11:42:13+00:00\",\"dateModified\":\"2024-02-15T11:53:56+00:00\",\"description\":\"Les formes sont celles, romantiques et intemporelles, d'un d\u00e9cor de jardin victorien \u00e0 l'ancienne. Les d\u00e9corations, quant \u00e0 elles, sont le summum du\",\"breadcrumb\":{\"@id\":\"https:\/\/www.erresse-shop.it\/fr\/shop\/ameublement-maison\/tables-et-tables-basses\/seletti-industry-collection-table-ronde-en-aluminium-noir\/#breadcrumb\"},\"inLanguage\":\"fr-FR\",\"potentialAction\":[{\"@type\":\"ReadAction\",\"target\":[\"https:\/\/www.erresse-shop.it\/fr\/shop\/ameublement-maison\/tables-et-tables-basses\/seletti-industry-collection-table-ronde-en-aluminium-noir\/\"]}]},{\"@type\":\"BreadcrumbList\",\"@id\":\"https:\/\/www.erresse-shop.it\/fr\/shop\/ameublement-maison\/tables-et-tables-basses\/seletti-industry-collection-table-ronde-en-aluminium-noir\/#breadcrumb\",\"itemListElement\":[{\"@type\":\"ListItem\",\"position\":1,\"name\":\"Home\",\"item\":\"https:\/\/www.erresse-shop.it\/fr\/\"},{\"@type\":\"ListItem\",\"position\":2,\"name\":\"Shop\",\"item\":\"https:\/\/www.erresse-shop.it\/fr\/shop\/\"},{\"@type\":\"ListItem\",\"position\":3,\"name\":\"SELETTI Industry Collection Table ronde en aluminium noir\"}]},{\"@type\":\"WebSite\",\"@id\":\"https:\/\/www.erresse-shop.it\/fr\/#website\",\"url\":\"https:\/\/www.erresse-shop.it\/fr\/\",\"name\":\"Erresse Shop\",\"description\":\"Articoli di qualit\u00e0 per la casa\",\"potentialAction\":[{\"@type\":\"SearchAction\",\"target\":{\"@type\":\"EntryPoint\",\"urlTemplate\":\"https:\/\/www.erresse-shop.it\/fr\/?s={search_term_string}\"},\"query-input\":\"required name=search_term_string\"}],\"inLanguage\":\"fr-FR\"}]}<\/script>\n<!-- \/ Yoast SEO Premium plugin. -->","yoast_head_json":{"title":"SELETTI Industry Collection Table ronde en aluminium noir - Erresse Shop","description":"Les formes sont celles, romantiques et intemporelles, d'un d\u00e9cor de jardin victorien \u00e0 l'ancienne. Les d\u00e9corations, quant \u00e0 elles, sont le summum du","robots":{"index":"index","follow":"follow","max-snippet":"max-snippet:-1","max-image-preview":"max-image-preview:large","max-video-preview":"max-video-preview:-1"},"canonical":"https:\/\/www.erresse-shop.it\/fr\/shop\/ameublement-maison\/tables-et-tables-basses\/seletti-industry-collection-table-ronde-en-aluminium-noir\/","og_locale":"fr_FR","og_type":"article","og_title":"SELETTI Industry Collection Table ronde en aluminium noir","og_description":"Les formes sont celles, romantiques et intemporelles, d'un d\u00e9cor de jardin victorien \u00e0 l'ancienne. Les d\u00e9corations, quant \u00e0 elles, sont le summum du","og_url":"https:\/\/www.erresse-shop.it\/fr\/shop\/ameublement-maison\/tables-et-tables-basses\/seletti-industry-collection-table-ronde-en-aluminium-noir\/","og_site_name":"Erresse Shop","article_modified_time":"2024-02-15T11:53:56+00:00","og_image":[{"width":800,"height":800,"url":"https:\/\/www.erresse-shop.it\/wp-content\/uploads\/2024\/02\/Seletti-industry-collection-tavolo-rotondo.jpg","type":"image\/jpeg"}],"twitter_card":"summary_large_image","schema":{"@context":"https:\/\/schema.org","@graph":[{"@type":"WebPage","@id":"https:\/\/www.erresse-shop.it\/fr\/shop\/ameublement-maison\/tables-et-tables-basses\/seletti-industry-collection-table-ronde-en-aluminium-noir\/","url":"https:\/\/www.erresse-shop.it\/fr\/shop\/ameublement-maison\/tables-et-tables-basses\/seletti-industry-collection-table-ronde-en-aluminium-noir\/","name":"SELETTI Industry Collection Table ronde en aluminium noir - Erresse Shop","isPartOf":{"@id":"https:\/\/www.erresse-shop.it\/fr\/#website"},"datePublished":"2024-02-15T11:42:13+00:00","dateModified":"2024-02-15T11:53:56+00:00","description":"Les formes sont celles, romantiques et intemporelles, d'un d\u00e9cor de jardin victorien \u00e0 l'ancienne. Les d\u00e9corations, quant \u00e0 elles, sont le summum du","breadcrumb":{"@id":"https:\/\/www.erresse-shop.it\/fr\/shop\/ameublement-maison\/tables-et-tables-basses\/seletti-industry-collection-table-ronde-en-aluminium-noir\/#breadcrumb"},"inLanguage":"fr-FR","potentialAction":[{"@type":"ReadAction","target":["https:\/\/www.erresse-shop.it\/fr\/shop\/ameublement-maison\/tables-et-tables-basses\/seletti-industry-collection-table-ronde-en-aluminium-noir\/"]}]},{"@type":"BreadcrumbList","@id":"https:\/\/www.erresse-shop.it\/fr\/shop\/ameublement-maison\/tables-et-tables-basses\/seletti-industry-collection-table-ronde-en-aluminium-noir\/#breadcrumb","itemListElement":[{"@type":"ListItem","position":1,"name":"Home","item":"https:\/\/www.erresse-shop.it\/fr\/"},{"@type":"ListItem","position":2,"name":"Shop","item":"https:\/\/www.erresse-shop.it\/fr\/shop\/"},{"@type":"ListItem","position":3,"name":"SELETTI Industry Collection Table ronde en aluminium noir"}]},{"@type":"WebSite","@id":"https:\/\/www.erresse-shop.it\/fr\/#website","url":"https:\/\/www.erresse-shop.it\/fr\/","name":"Erresse Shop","description":"Articoli di qualit\u00e0 per la casa","potentialAction":[{"@type":"SearchAction","target":{"@type":"EntryPoint","urlTemplate":"https:\/\/www.erresse-shop.it\/fr\/?s={search_term_string}"},"query-input":"required name=search_term_string"}],"inLanguage":"fr-FR"}]}},"df_price":279.95,"df_sale_price":279.95,"df_regular_price":458,"df_image_link":"https:\/\/www.erresse-shop.it\/wp-content\/uploads\/2024\/02\/Seletti-industry-collection-tavolo-rotondo-300x300.jpg","_links":{"self":[{"href":"https:\/\/www.erresse-shop.it\/fr\/wp-json\/wp\/v2\/product\/390323"}],"collection":[{"href":"https:\/\/www.erresse-shop.it\/fr\/wp-json\/wp\/v2\/product"}],"about":[{"href":"https:\/\/www.erresse-shop.it\/fr\/wp-json\/wp\/v2\/types\/product"}],"wp:featuredmedia":[{"embeddable":true,"href":"https:\/\/www.erresse-shop.it\/fr\/wp-json\/wp\/v2\/media\/390337"}],"wp:attachment":[{"href":"https:\/\/www.erresse-shop.it\/fr\/wp-json\/wp\/v2\/media?parent=390323"}],"wp:term":[{"taxonomy":"product_cat","embeddable":true,"href":"https:\/\/www.erresse-shop.it\/fr\/wp-json\/wp\/v2\/product_cat?post=390323"},{"taxonomy":"product_tag","embeddable":true,"href":"https:\/\/www.erresse-shop.it\/fr\/wp-json\/wp\/v2\/product_tag?post=390323"}],"curies":[{"name":"wp","href":"https:\/\/api.w.org\/{rel}","templated":true}]}}