{"id":390177,"date":"2024-02-15T08:35:08","date_gmt":"2024-02-15T08:35:13","guid":{"rendered":"https:\/\/www.erresse-shop.it\/?post_type=product&#038;p=390177"},"modified":"2024-02-15T08:41:42","modified_gmt":"2024-02-15T08:41:42","slug":"staub-poele-a-frire-24-cm-noire","status":"publish","type":"product","link":"https:\/\/www.erresse-shop.it\/fr\/shop\/poeles-pots\/poeles\/staub-poele-a-frire-24-cm-noire\/","title":{"rendered":"STAUB Po\u00eale \u00e0 frire 24 cm noire"},"content":{"rendered":"<p>Les steaks juteux, les plats de l\u00e9gumes aromatiques, les poissons frits et les sauces savoureuses peuvent \u00eatre pr\u00e9par\u00e9s sans effort dans la po\u00eale en fonte noire de STAUB. Le manche ergonomique en bois isole de la chaleur et prot\u00e8ge ainsi contre les br\u00fblures, tout en facilitant le maniement de la po\u00eale en fonte sur la plaque de cuisson et le transfert des aliments sur l&#8217;assiette de service. Le corps en fonte noire s\u00e9duit par des temps de chauffe courts et une r\u00e9partition et une r\u00e9tention optimales de la chaleur. La po\u00eale convient donc non seulement pour pr\u00e9parer des r\u00f4tis croustillants, mais aussi pour braiser lentement, par exemple des plats \u00e0 base de chou. En utilisant un dessous de plat adapt\u00e9, la po\u00eale \u00e0 frire peut \u00e9galement \u00eatre utilis\u00e9e pour servir avec style. Gr\u00e2ce \u00e0 ses dimensions compactes de 24 cm de diam\u00e8tre, la po\u00eale \u00e0 frire convient particuli\u00e8rement aux petits m\u00e9nages. Gr\u00e2ce \u00e0 la boucle de suspension pratique, elle peut \u00eatre rang\u00e9e de mani\u00e8re peu encombrante.<br \/>\nPour pr\u00e9parer de la viande, du poisson, des l\u00e9gumes, des rago\u00fbts, etc.<br \/>\nConvient aux plaques de cuisson \u00e9lectriques, \u00e0 gaz, halog\u00e8nes, vitroc\u00e9ramiques ou \u00e0 induction<br \/>\nBase lisse pour une utilisation en douceur sur les plaques de cuisson sensibles<br \/>\nCuisson \u00e9conome en \u00e9nergie gr\u00e2ce aux propri\u00e9t\u00e9s sp\u00e9ciales de la fonte<br \/>\nDimensions avec poign\u00e9e (LxPxH) : 45 x 25 x 6,9 cm, Diam\u00e8tre : 24 cm, Fond : 17,9 cm<br \/>\nPoids : 1,8 kg<\/p>\n","protected":false},"excerpt":{"rendered":"<p>Les steaks juteux, les plats de l\u00e9gumes aromatiques, les poissons frits et les sauces savoureuses peuvent \u00eatre pr\u00e9par\u00e9s sans effort<\/p>\n","protected":false},"featured_media":390181,"template":"","meta":{"_acf_changed":false,"inline_featured_image":false},"product_cat":[12458,14802],"product_tag":[25086,15302,25021,12461,12468],"acf":[],"yoast_head":"<!-- This site is optimized with the Yoast SEO Premium plugin v18.6 (Yoast SEO v19.13) - https:\/\/yoast.com\/wordpress\/plugins\/seo\/ -->\n<title>STAUB Po\u00eale \u00e0 frire 24 cm noire - Erresse Shop<\/title>\n<meta name=\"description\" content=\"Les steaks juteux, les plats de l\u00e9gumes aromatiques, les poissons frits et les sauces savoureuses peuvent \u00eatre pr\u00e9par\u00e9s sans effort dans la po\u00eale en fonte\" \/>\n<meta name=\"robots\" content=\"index, follow, max-snippet:-1, max-image-preview:large, max-video-preview:-1\" \/>\n<link rel=\"canonical\" href=\"https:\/\/www.erresse-shop.it\/fr\/shop\/poeles-pots\/poeles\/staub-poele-a-frire-24-cm-noire\/\" \/>\n<meta property=\"og:locale\" content=\"fr_FR\" \/>\n<meta property=\"og:type\" content=\"article\" \/>\n<meta property=\"og:title\" content=\"STAUB Po\u00eale \u00e0 frire 24 cm noire\" \/>\n<meta property=\"og:description\" content=\"Les steaks juteux, les plats de l\u00e9gumes aromatiques, les poissons frits et les sauces savoureuses peuvent \u00eatre pr\u00e9par\u00e9s sans effort dans la po\u00eale en fonte\" \/>\n<meta property=\"og:url\" content=\"https:\/\/www.erresse-shop.it\/fr\/shop\/poeles-pots\/poeles\/staub-poele-a-frire-24-cm-noire\/\" \/>\n<meta property=\"og:site_name\" content=\"Erresse Shop\" \/>\n<meta property=\"article:modified_time\" content=\"2024-02-15T08:41:42+00:00\" \/>\n<meta property=\"og:image\" content=\"https:\/\/www.erresse-shop.it\/wp-content\/uploads\/2024\/02\/staub-padella-nera-24-cm.jpg\" \/>\n\t<meta property=\"og:image:width\" content=\"800\" \/>\n\t<meta property=\"og:image:height\" content=\"800\" \/>\n\t<meta property=\"og:image:type\" content=\"image\/jpeg\" \/>\n<meta name=\"twitter:card\" content=\"summary_large_image\" \/>\n<script type=\"application\/ld+json\" class=\"yoast-schema-graph\">{\"@context\":\"https:\/\/schema.org\",\"@graph\":[{\"@type\":\"WebPage\",\"@id\":\"https:\/\/www.erresse-shop.it\/fr\/shop\/poeles-pots\/poeles\/staub-poele-a-frire-24-cm-noire\/\",\"url\":\"https:\/\/www.erresse-shop.it\/fr\/shop\/poeles-pots\/poeles\/staub-poele-a-frire-24-cm-noire\/\",\"name\":\"STAUB Po\u00eale \u00e0 frire 24 cm noire - Erresse Shop\",\"isPartOf\":{\"@id\":\"https:\/\/www.erresse-shop.it\/fr\/#website\"},\"datePublished\":\"2024-02-15T08:35:13+00:00\",\"dateModified\":\"2024-02-15T08:41:42+00:00\",\"description\":\"Les steaks juteux, les plats de l\u00e9gumes aromatiques, les poissons frits et les sauces savoureuses peuvent \u00eatre pr\u00e9par\u00e9s sans effort dans la po\u00eale en fonte\",\"breadcrumb\":{\"@id\":\"https:\/\/www.erresse-shop.it\/fr\/shop\/poeles-pots\/poeles\/staub-poele-a-frire-24-cm-noire\/#breadcrumb\"},\"inLanguage\":\"fr-FR\",\"potentialAction\":[{\"@type\":\"ReadAction\",\"target\":[\"https:\/\/www.erresse-shop.it\/fr\/shop\/poeles-pots\/poeles\/staub-poele-a-frire-24-cm-noire\/\"]}]},{\"@type\":\"BreadcrumbList\",\"@id\":\"https:\/\/www.erresse-shop.it\/fr\/shop\/poeles-pots\/poeles\/staub-poele-a-frire-24-cm-noire\/#breadcrumb\",\"itemListElement\":[{\"@type\":\"ListItem\",\"position\":1,\"name\":\"Home\",\"item\":\"https:\/\/www.erresse-shop.it\/fr\/\"},{\"@type\":\"ListItem\",\"position\":2,\"name\":\"Shop\",\"item\":\"https:\/\/www.erresse-shop.it\/fr\/shop\/\"},{\"@type\":\"ListItem\",\"position\":3,\"name\":\"STAUB Po\u00eale \u00e0 frire 24 cm noire\"}]},{\"@type\":\"WebSite\",\"@id\":\"https:\/\/www.erresse-shop.it\/fr\/#website\",\"url\":\"https:\/\/www.erresse-shop.it\/fr\/\",\"name\":\"Erresse Shop\",\"description\":\"Articoli di qualit\u00e0 per la casa\",\"potentialAction\":[{\"@type\":\"SearchAction\",\"target\":{\"@type\":\"EntryPoint\",\"urlTemplate\":\"https:\/\/www.erresse-shop.it\/fr\/?s={search_term_string}\"},\"query-input\":\"required name=search_term_string\"}],\"inLanguage\":\"fr-FR\"}]}<\/script>\n<!-- \/ Yoast SEO Premium plugin. -->","yoast_head_json":{"title":"STAUB Po\u00eale \u00e0 frire 24 cm noire - Erresse Shop","description":"Les steaks juteux, les plats de l\u00e9gumes aromatiques, les poissons frits et les sauces savoureuses peuvent \u00eatre pr\u00e9par\u00e9s sans effort dans la po\u00eale en fonte","robots":{"index":"index","follow":"follow","max-snippet":"max-snippet:-1","max-image-preview":"max-image-preview:large","max-video-preview":"max-video-preview:-1"},"canonical":"https:\/\/www.erresse-shop.it\/fr\/shop\/poeles-pots\/poeles\/staub-poele-a-frire-24-cm-noire\/","og_locale":"fr_FR","og_type":"article","og_title":"STAUB Po\u00eale \u00e0 frire 24 cm noire","og_description":"Les steaks juteux, les plats de l\u00e9gumes aromatiques, les poissons frits et les sauces savoureuses peuvent \u00eatre pr\u00e9par\u00e9s sans effort dans la po\u00eale en fonte","og_url":"https:\/\/www.erresse-shop.it\/fr\/shop\/poeles-pots\/poeles\/staub-poele-a-frire-24-cm-noire\/","og_site_name":"Erresse Shop","article_modified_time":"2024-02-15T08:41:42+00:00","og_image":[{"width":800,"height":800,"url":"https:\/\/www.erresse-shop.it\/wp-content\/uploads\/2024\/02\/staub-padella-nera-24-cm.jpg","type":"image\/jpeg"}],"twitter_card":"summary_large_image","schema":{"@context":"https:\/\/schema.org","@graph":[{"@type":"WebPage","@id":"https:\/\/www.erresse-shop.it\/fr\/shop\/poeles-pots\/poeles\/staub-poele-a-frire-24-cm-noire\/","url":"https:\/\/www.erresse-shop.it\/fr\/shop\/poeles-pots\/poeles\/staub-poele-a-frire-24-cm-noire\/","name":"STAUB Po\u00eale \u00e0 frire 24 cm noire - Erresse Shop","isPartOf":{"@id":"https:\/\/www.erresse-shop.it\/fr\/#website"},"datePublished":"2024-02-15T08:35:13+00:00","dateModified":"2024-02-15T08:41:42+00:00","description":"Les steaks juteux, les plats de l\u00e9gumes aromatiques, les poissons frits et les sauces savoureuses peuvent \u00eatre pr\u00e9par\u00e9s sans effort dans la po\u00eale en fonte","breadcrumb":{"@id":"https:\/\/www.erresse-shop.it\/fr\/shop\/poeles-pots\/poeles\/staub-poele-a-frire-24-cm-noire\/#breadcrumb"},"inLanguage":"fr-FR","potentialAction":[{"@type":"ReadAction","target":["https:\/\/www.erresse-shop.it\/fr\/shop\/poeles-pots\/poeles\/staub-poele-a-frire-24-cm-noire\/"]}]},{"@type":"BreadcrumbList","@id":"https:\/\/www.erresse-shop.it\/fr\/shop\/poeles-pots\/poeles\/staub-poele-a-frire-24-cm-noire\/#breadcrumb","itemListElement":[{"@type":"ListItem","position":1,"name":"Home","item":"https:\/\/www.erresse-shop.it\/fr\/"},{"@type":"ListItem","position":2,"name":"Shop","item":"https:\/\/www.erresse-shop.it\/fr\/shop\/"},{"@type":"ListItem","position":3,"name":"STAUB Po\u00eale \u00e0 frire 24 cm noire"}]},{"@type":"WebSite","@id":"https:\/\/www.erresse-shop.it\/fr\/#website","url":"https:\/\/www.erresse-shop.it\/fr\/","name":"Erresse Shop","description":"Articoli di qualit\u00e0 per la casa","potentialAction":[{"@type":"SearchAction","target":{"@type":"EntryPoint","urlTemplate":"https:\/\/www.erresse-shop.it\/fr\/?s={search_term_string}"},"query-input":"required name=search_term_string"}],"inLanguage":"fr-FR"}]}},"df_price":69.5,"df_sale_price":69.5,"df_regular_price":139,"df_image_link":"https:\/\/www.erresse-shop.it\/wp-content\/uploads\/2024\/02\/staub-padella-nera-24-cm-300x300.jpg","_links":{"self":[{"href":"https:\/\/www.erresse-shop.it\/fr\/wp-json\/wp\/v2\/product\/390177"}],"collection":[{"href":"https:\/\/www.erresse-shop.it\/fr\/wp-json\/wp\/v2\/product"}],"about":[{"href":"https:\/\/www.erresse-shop.it\/fr\/wp-json\/wp\/v2\/types\/product"}],"wp:featuredmedia":[{"embeddable":true,"href":"https:\/\/www.erresse-shop.it\/fr\/wp-json\/wp\/v2\/media\/390181"}],"wp:attachment":[{"href":"https:\/\/www.erresse-shop.it\/fr\/wp-json\/wp\/v2\/media?parent=390177"}],"wp:term":[{"taxonomy":"product_cat","embeddable":true,"href":"https:\/\/www.erresse-shop.it\/fr\/wp-json\/wp\/v2\/product_cat?post=390177"},{"taxonomy":"product_tag","embeddable":true,"href":"https:\/\/www.erresse-shop.it\/fr\/wp-json\/wp\/v2\/product_tag?post=390177"}],"curies":[{"name":"wp","href":"https:\/\/api.w.org\/{rel}","templated":true}]}}