{"id":389803,"date":"2024-02-14T09:24:31","date_gmt":"2024-02-14T09:24:36","guid":{"rendered":"https:\/\/www.erresse-shop.it\/?post_type=product&#038;p=389803"},"modified":"2024-06-25T14:37:48","modified_gmt":"2024-06-25T14:37:48","slug":"toms-drag-camel-laila-l","status":"publish","type":"product","link":"https:\/\/www.erresse-shop.it\/fr\/shop\/ameublement-maison\/objets-de-decoration\/toms-drag-camel-laila-l\/","title":{"rendered":"TOM&#8217;S DRAG Camel Laila L"},"content":{"rendered":"<p><b><strong>Mat\u00e9riau :<\/strong><\/b> r\u00e9sine<\/p>\n<p><b><strong>LAILA CAMEL<\/strong><\/b><\/p>\n<p>Le chameau est consid\u00e9r\u00e9 comme un symbole d&#8217;endurance, de s\u00e9r\u00e9nit\u00e9 et de calme. Il n&#8217;y a gu\u00e8re d&#8217;autre animal qui soit aussi r\u00e9sistant et endurant dans des conditions de vie extr\u00eamement difficiles. Laila est un hommage particulier \u00e0 ces cr\u00e9atures sp\u00e9ciales. Comme tous les animaux con\u00e7us par Tom, elle porte un costume fantastique rempli d&#8217;ornements exotiques et ludiques qui scintillent aux couleurs de l&#8217;arc-en-ciel. Avec son plumage d\u00e9coratif fait de v\u00e9ritables plumes d&#8217;autruche, elle est d\u00e9cor\u00e9e comme pour un d\u00e9fil\u00e9 de carnaval. Quel monde merveilleux !<\/p>\n<p>Cet article est <b><strong>fabriqu\u00e9 et peint \u00e0 la main<\/strong><\/b>, de sorte que les variations de couleur, de dessin, de ton, les petites imperfections de colle ou de couleur et les irr\u00e9gularit\u00e9s sont une caract\u00e9ristique sp\u00e9cifique du produit et t\u00e9moignent de son caract\u00e8re artisanal.<\/p>\n<p>Tous les animaux tra\u00eenants sont d\u00e9cor\u00e9s de costumes imaginatifs et d&#8217;ornements exotiques comme s&#8217;ils se trouvaient dans un d\u00e9fil\u00e9 de carnaval. Ils sont tous aux couleurs de l&#8217;arc-en-ciel, ce qui rappelle l&#8217;humeur joyeuse de l&#8217;une des chansons pr\u00e9f\u00e9r\u00e9es de Tom, &#8220;What a Wonderful World&#8221; (Quel monde merveilleux) de Louis Armstrong.<\/p>\n<p>Chaque objet Tom&#8217;s Drag commence par quelques croquis rapides, que l&#8217;artiste dessine et transforme rapidement en une image d\u00e9taill\u00e9e. \u00c0 ce stade, une figure brute est sculpt\u00e9e \u00e0 la main dans le bois, avec des dimensions et des proportions qui refl\u00e8tent celles de l&#8217;objet final. Elle est peinte \u00e0 la main par l&#8217;artiste et le prototype est cr\u00e9\u00e9 \u00e0 partir duquel la forme en caoutchouc sera sculpt\u00e9e. Cette forme en caoutchouc est la cl\u00e9 de toutes les \u0153uvres de Tom&#8217;s Drag, puisque du marmorino liquide, un m\u00e9lange de marbre broy\u00e9 et de r\u00e9sine synth\u00e9tique, y sera vers\u00e9 puis solidifi\u00e9. La pi\u00e8ce, d&#8217;abord d&#8217;un blanc opaque, est ensuite peinte en blanc, puis polie. \u00c0 ce stade, les bords des champs de couleur sont dessin\u00e9s au crayon afin de servir de r\u00e9f\u00e9rence \u00e0 l&#8217;artiste pour peindre l&#8217;objet. Le travail se termine par l&#8217;application d&#8217;une r\u00e9sine qui rend les couleurs r\u00e9sistantes.<\/p>\n","protected":false},"excerpt":{"rendered":"<p>Mat\u00e9riau : r\u00e9sine LAILA CAMEL Le chameau est consid\u00e9r\u00e9 comme un symbole d&#8217;endurance, de s\u00e9r\u00e9nit\u00e9 et de calme. Il n&#8217;y<\/p>\n","protected":false},"featured_media":389810,"template":"","meta":{"_acf_changed":false,"inline_featured_image":false},"product_cat":[12738,14441],"product_tag":[25036,25021,16992],"acf":[],"yoast_head":"<!-- This site is optimized with the Yoast SEO Premium plugin v18.6 (Yoast SEO v19.13) - https:\/\/yoast.com\/wordpress\/plugins\/seo\/ -->\n<title>TOM&#039;S DRAG Camel Laila L - Erresse Shop<\/title>\n<meta name=\"description\" content=\"Mat\u00e9riau : r\u00e9sine LAILA CAMEL Le chameau est consid\u00e9r\u00e9 comme un symbole d&#039;endurance, de s\u00e9r\u00e9nit\u00e9 et de calme. Il n&#039;y a gu\u00e8re d&#039;autre animal qui soit aussi\" \/>\n<meta name=\"robots\" content=\"index, follow, max-snippet:-1, max-image-preview:large, max-video-preview:-1\" \/>\n<link rel=\"canonical\" href=\"https:\/\/www.erresse-shop.it\/fr\/shop\/ameublement-maison\/objets-de-decoration\/toms-drag-camel-laila-l\/\" \/>\n<meta property=\"og:locale\" content=\"fr_FR\" \/>\n<meta property=\"og:type\" content=\"article\" \/>\n<meta property=\"og:title\" content=\"TOM&#039;S DRAG Camel Laila L\" \/>\n<meta property=\"og:description\" content=\"Mat\u00e9riau : r\u00e9sine LAILA CAMEL Le chameau est consid\u00e9r\u00e9 comme un symbole d&#039;endurance, de s\u00e9r\u00e9nit\u00e9 et de calme. Il n&#039;y a gu\u00e8re d&#039;autre animal qui soit aussi\" \/>\n<meta property=\"og:url\" content=\"https:\/\/www.erresse-shop.it\/fr\/shop\/ameublement-maison\/objets-de-decoration\/toms-drag-camel-laila-l\/\" \/>\n<meta property=\"og:site_name\" content=\"Erresse Shop\" \/>\n<meta property=\"article:modified_time\" content=\"2024-06-25T14:37:48+00:00\" \/>\n<meta property=\"og:image\" content=\"https:\/\/www.erresse-shop.it\/wp-content\/uploads\/2024\/02\/toms-drag-cammello-laila-l.jpg\" \/>\n\t<meta property=\"og:image:width\" content=\"800\" \/>\n\t<meta property=\"og:image:height\" content=\"800\" \/>\n\t<meta property=\"og:image:type\" content=\"image\/jpeg\" \/>\n<meta name=\"twitter:card\" content=\"summary_large_image\" \/>\n<script type=\"application\/ld+json\" class=\"yoast-schema-graph\">{\"@context\":\"https:\/\/schema.org\",\"@graph\":[{\"@type\":\"WebPage\",\"@id\":\"https:\/\/www.erresse-shop.it\/fr\/shop\/ameublement-maison\/objets-de-decoration\/toms-drag-camel-laila-l\/\",\"url\":\"https:\/\/www.erresse-shop.it\/fr\/shop\/ameublement-maison\/objets-de-decoration\/toms-drag-camel-laila-l\/\",\"name\":\"TOM'S DRAG Camel Laila L - Erresse Shop\",\"isPartOf\":{\"@id\":\"https:\/\/www.erresse-shop.it\/fr\/#website\"},\"datePublished\":\"2024-02-14T09:24:36+00:00\",\"dateModified\":\"2024-06-25T14:37:48+00:00\",\"description\":\"Mat\u00e9riau : r\u00e9sine LAILA CAMEL Le chameau est consid\u00e9r\u00e9 comme un symbole d'endurance, de s\u00e9r\u00e9nit\u00e9 et de calme. Il n'y a gu\u00e8re d'autre animal qui soit aussi\",\"breadcrumb\":{\"@id\":\"https:\/\/www.erresse-shop.it\/fr\/shop\/ameublement-maison\/objets-de-decoration\/toms-drag-camel-laila-l\/#breadcrumb\"},\"inLanguage\":\"fr-FR\",\"potentialAction\":[{\"@type\":\"ReadAction\",\"target\":[\"https:\/\/www.erresse-shop.it\/fr\/shop\/ameublement-maison\/objets-de-decoration\/toms-drag-camel-laila-l\/\"]}]},{\"@type\":\"BreadcrumbList\",\"@id\":\"https:\/\/www.erresse-shop.it\/fr\/shop\/ameublement-maison\/objets-de-decoration\/toms-drag-camel-laila-l\/#breadcrumb\",\"itemListElement\":[{\"@type\":\"ListItem\",\"position\":1,\"name\":\"Home\",\"item\":\"https:\/\/www.erresse-shop.it\/fr\/\"},{\"@type\":\"ListItem\",\"position\":2,\"name\":\"Shop\",\"item\":\"https:\/\/www.erresse-shop.it\/fr\/shop\/\"},{\"@type\":\"ListItem\",\"position\":3,\"name\":\"TOM&#8217;S DRAG Camel Laila L\"}]},{\"@type\":\"WebSite\",\"@id\":\"https:\/\/www.erresse-shop.it\/fr\/#website\",\"url\":\"https:\/\/www.erresse-shop.it\/fr\/\",\"name\":\"Erresse Shop\",\"description\":\"Articoli di qualit\u00e0 per la casa\",\"potentialAction\":[{\"@type\":\"SearchAction\",\"target\":{\"@type\":\"EntryPoint\",\"urlTemplate\":\"https:\/\/www.erresse-shop.it\/fr\/?s={search_term_string}\"},\"query-input\":\"required name=search_term_string\"}],\"inLanguage\":\"fr-FR\"}]}<\/script>\n<!-- \/ Yoast SEO Premium plugin. -->","yoast_head_json":{"title":"TOM'S DRAG Camel Laila L - Erresse Shop","description":"Mat\u00e9riau : r\u00e9sine LAILA CAMEL Le chameau est consid\u00e9r\u00e9 comme un symbole d'endurance, de s\u00e9r\u00e9nit\u00e9 et de calme. Il n'y a gu\u00e8re d'autre animal qui soit aussi","robots":{"index":"index","follow":"follow","max-snippet":"max-snippet:-1","max-image-preview":"max-image-preview:large","max-video-preview":"max-video-preview:-1"},"canonical":"https:\/\/www.erresse-shop.it\/fr\/shop\/ameublement-maison\/objets-de-decoration\/toms-drag-camel-laila-l\/","og_locale":"fr_FR","og_type":"article","og_title":"TOM'S DRAG Camel Laila L","og_description":"Mat\u00e9riau : r\u00e9sine LAILA CAMEL Le chameau est consid\u00e9r\u00e9 comme un symbole d'endurance, de s\u00e9r\u00e9nit\u00e9 et de calme. Il n'y a gu\u00e8re d'autre animal qui soit aussi","og_url":"https:\/\/www.erresse-shop.it\/fr\/shop\/ameublement-maison\/objets-de-decoration\/toms-drag-camel-laila-l\/","og_site_name":"Erresse Shop","article_modified_time":"2024-06-25T14:37:48+00:00","og_image":[{"width":800,"height":800,"url":"https:\/\/www.erresse-shop.it\/wp-content\/uploads\/2024\/02\/toms-drag-cammello-laila-l.jpg","type":"image\/jpeg"}],"twitter_card":"summary_large_image","schema":{"@context":"https:\/\/schema.org","@graph":[{"@type":"WebPage","@id":"https:\/\/www.erresse-shop.it\/fr\/shop\/ameublement-maison\/objets-de-decoration\/toms-drag-camel-laila-l\/","url":"https:\/\/www.erresse-shop.it\/fr\/shop\/ameublement-maison\/objets-de-decoration\/toms-drag-camel-laila-l\/","name":"TOM'S DRAG Camel Laila L - Erresse Shop","isPartOf":{"@id":"https:\/\/www.erresse-shop.it\/fr\/#website"},"datePublished":"2024-02-14T09:24:36+00:00","dateModified":"2024-06-25T14:37:48+00:00","description":"Mat\u00e9riau : r\u00e9sine LAILA CAMEL Le chameau est consid\u00e9r\u00e9 comme un symbole d'endurance, de s\u00e9r\u00e9nit\u00e9 et de calme. Il n'y a gu\u00e8re d'autre animal qui soit aussi","breadcrumb":{"@id":"https:\/\/www.erresse-shop.it\/fr\/shop\/ameublement-maison\/objets-de-decoration\/toms-drag-camel-laila-l\/#breadcrumb"},"inLanguage":"fr-FR","potentialAction":[{"@type":"ReadAction","target":["https:\/\/www.erresse-shop.it\/fr\/shop\/ameublement-maison\/objets-de-decoration\/toms-drag-camel-laila-l\/"]}]},{"@type":"BreadcrumbList","@id":"https:\/\/www.erresse-shop.it\/fr\/shop\/ameublement-maison\/objets-de-decoration\/toms-drag-camel-laila-l\/#breadcrumb","itemListElement":[{"@type":"ListItem","position":1,"name":"Home","item":"https:\/\/www.erresse-shop.it\/fr\/"},{"@type":"ListItem","position":2,"name":"Shop","item":"https:\/\/www.erresse-shop.it\/fr\/shop\/"},{"@type":"ListItem","position":3,"name":"TOM&#8217;S DRAG Camel Laila L"}]},{"@type":"WebSite","@id":"https:\/\/www.erresse-shop.it\/fr\/#website","url":"https:\/\/www.erresse-shop.it\/fr\/","name":"Erresse Shop","description":"Articoli di qualit\u00e0 per la casa","potentialAction":[{"@type":"SearchAction","target":{"@type":"EntryPoint","urlTemplate":"https:\/\/www.erresse-shop.it\/fr\/?s={search_term_string}"},"query-input":"required name=search_term_string"}],"inLanguage":"fr-FR"}]}},"df_price":129.95,"df_sale_price":129.95,"df_regular_price":198,"df_image_link":"https:\/\/www.erresse-shop.it\/wp-content\/uploads\/2024\/02\/toms-drag-cammello-laila-l-300x300.jpg","_links":{"self":[{"href":"https:\/\/www.erresse-shop.it\/fr\/wp-json\/wp\/v2\/product\/389803"}],"collection":[{"href":"https:\/\/www.erresse-shop.it\/fr\/wp-json\/wp\/v2\/product"}],"about":[{"href":"https:\/\/www.erresse-shop.it\/fr\/wp-json\/wp\/v2\/types\/product"}],"wp:featuredmedia":[{"embeddable":true,"href":"https:\/\/www.erresse-shop.it\/fr\/wp-json\/wp\/v2\/media\/389810"}],"wp:attachment":[{"href":"https:\/\/www.erresse-shop.it\/fr\/wp-json\/wp\/v2\/media?parent=389803"}],"wp:term":[{"taxonomy":"product_cat","embeddable":true,"href":"https:\/\/www.erresse-shop.it\/fr\/wp-json\/wp\/v2\/product_cat?post=389803"},{"taxonomy":"product_tag","embeddable":true,"href":"https:\/\/www.erresse-shop.it\/fr\/wp-json\/wp\/v2\/product_tag?post=389803"}],"curies":[{"name":"wp","href":"https:\/\/api.w.org\/{rel}","templated":true}]}}