{"id":389440,"date":"2024-02-13T10:18:33","date_gmt":"2024-02-13T10:18:37","guid":{"rendered":"https:\/\/www.erresse-shop.it\/?post_type=product&#038;p=389440"},"modified":"2024-07-05T13:53:32","modified_gmt":"2024-07-05T13:53:32","slug":"staub-batterie-de-cuisine-noire-24-cm","status":"publish","type":"product","link":"https:\/\/www.erresse-shop.it\/fr\/shop\/poeles-pots\/casseroles\/staub-batterie-de-cuisine-noire-24-cm\/","title":{"rendered":"STAUB Batterie de cuisine noire 24 cm"},"content":{"rendered":"<p>DESCRIPTION<br \/>\nEn mati\u00e8re d&#8217;ustensiles de cuisine en fonte, deux \u00e9l\u00e9ments essentiels constituent la base d&#8217;une cuisine bien \u00e9quip\u00e9e : une po\u00eale \u00e0 frire ou un four hollandais. Ensemble, ces outils r\u00e9pondront \u00e0 presque tous vos besoins en mati\u00e8re de cuisine. Et avec la nouvelle \u00e9dition empilable de STAUB, vous pouvez maintenant les garder l&#8217;un sur l&#8217;autre lorsqu&#8217;ils ne sont pas utilis\u00e9s, afin qu&#8217;ils prennent le moins de place possible et qu&#8217;ils restent bien rang\u00e9s.<\/p>\n<p>Cet ensemble en fonte noire se compose d&#8217;une cocotte, d&#8217;une po\u00eale et d&#8217;un couvercle, chacun d&#8217;un diam\u00e8tre de 24 cm. Il comprend un jeu de protections de bords qui doivent \u00eatre plac\u00e9es entre la po\u00eale et la cocotte lors du rangement dans le placard et qui doivent \u00eatre retir\u00e9es avant la cuisson. Gr\u00e2ce \u00e0 leur mat\u00e9riau \u00e9maill\u00e9 de haute qualit\u00e9, ces po\u00eales allient les excellentes caract\u00e9ristiques de cuisson et de durabilit\u00e9 de la fonte \u00e0 la facilit\u00e9 d&#8217;utilisation et \u00e0 la beaut\u00e9 des ustensiles de cuisine \u00e9maill\u00e9s.<\/p>\n<p>La po\u00eale en fonte est parfaite pour cuisiner de la viande ou du poisson, par exemple du saumon avec des tomates cerises et des olives, tandis que la cocotte peut \u00eatre utilis\u00e9e pour pr\u00e9parer des p\u00e2tes ou de la soupe. Bien entendu, la cocotte peut aussi aller au four pour les recettes classiques de pot-au-feu.<\/p>\n<p>L&#8217;ensemble comprend une cocotte, une casserole avec deux poign\u00e9es et un couvercle.<br \/>\nAvec des protections de bords pour un rangement facile<br \/>\nDiam\u00e8tre : 24 cm<br \/>\nFonte \u00e9maill\u00e9e de haute qualit\u00e9<br \/>\nConvient \u00e0 tous les types de plaques de cuisson, y compris les plaques \u00e0 induction<\/p>\n<p>CARACT\u00c9RISTIQUES<br \/>\nMat\u00e9riau : fonte<br \/>\nCouvercle existant : oui<br \/>\nInduction : Oui<br \/>\nConvient au four : Oui<br \/>\nAdapt\u00e9 au cong\u00e9lateur : Oui<br \/>\nAdapt\u00e9 \u00e0 la table de cuisson : Oui<br \/>\nNombre de pi\u00e8ces : 2<\/p>\n<p>DIMENSIONS<br \/>\nPoids net : 7,00 kg<br \/>\nLongueur du produit : 30,80 cm<br \/>\nLargeur du produit : 24,00 cm<br \/>\nHauteur du produit : 21,60 cm<\/p>\n","protected":false},"excerpt":{"rendered":"<p>DESCRIPTION En mati\u00e8re d&#8217;ustensiles de cuisine en fonte, deux \u00e9l\u00e9ments essentiels constituent la base d&#8217;une cuisine bien \u00e9quip\u00e9e : une<\/p>\n","protected":false},"featured_media":389480,"template":"","meta":{"_acf_changed":false,"inline_featured_image":false},"product_cat":[12458,14777],"product_tag":[],"acf":[],"yoast_head":"<!-- This site is optimized with the Yoast SEO Premium plugin v18.6 (Yoast SEO v19.13) - https:\/\/yoast.com\/wordpress\/plugins\/seo\/ -->\n<title>STAUB Batterie de cuisine noire 24 cm - Erresse Shop<\/title>\n<meta name=\"description\" content=\"DESCRIPTION En mati\u00e8re d&#039;ustensiles de cuisine en fonte, deux \u00e9l\u00e9ments essentiels constituent la base d&#039;une cuisine bien \u00e9quip\u00e9e : une po\u00eale \u00e0 frire ou un\" \/>\n<meta name=\"robots\" content=\"index, follow, max-snippet:-1, max-image-preview:large, max-video-preview:-1\" \/>\n<link rel=\"canonical\" href=\"https:\/\/www.erresse-shop.it\/fr\/shop\/poeles-pots\/casseroles\/staub-batterie-de-cuisine-noire-24-cm\/\" \/>\n<meta property=\"og:locale\" content=\"fr_FR\" \/>\n<meta property=\"og:type\" content=\"article\" \/>\n<meta property=\"og:title\" content=\"STAUB Batterie de cuisine noire 24 cm\" \/>\n<meta property=\"og:description\" content=\"DESCRIPTION En mati\u00e8re d&#039;ustensiles de cuisine en fonte, deux \u00e9l\u00e9ments essentiels constituent la base d&#039;une cuisine bien \u00e9quip\u00e9e : une po\u00eale \u00e0 frire ou un\" \/>\n<meta property=\"og:url\" content=\"https:\/\/www.erresse-shop.it\/fr\/shop\/poeles-pots\/casseroles\/staub-batterie-de-cuisine-noire-24-cm\/\" \/>\n<meta property=\"og:site_name\" content=\"Erresse Shop\" \/>\n<meta property=\"article:modified_time\" content=\"2024-07-05T13:53:32+00:00\" \/>\n<meta property=\"og:image\" content=\"https:\/\/www.erresse-shop.it\/wp-content\/uploads\/2024\/02\/Staub-cuoci-tutto.jpg\" \/>\n\t<meta property=\"og:image:width\" content=\"800\" \/>\n\t<meta property=\"og:image:height\" content=\"800\" \/>\n\t<meta property=\"og:image:type\" content=\"image\/jpeg\" \/>\n<meta name=\"twitter:card\" content=\"summary_large_image\" \/>\n<script type=\"application\/ld+json\" class=\"yoast-schema-graph\">{\"@context\":\"https:\/\/schema.org\",\"@graph\":[{\"@type\":\"WebPage\",\"@id\":\"https:\/\/www.erresse-shop.it\/fr\/shop\/poeles-pots\/casseroles\/staub-batterie-de-cuisine-noire-24-cm\/\",\"url\":\"https:\/\/www.erresse-shop.it\/fr\/shop\/poeles-pots\/casseroles\/staub-batterie-de-cuisine-noire-24-cm\/\",\"name\":\"STAUB Batterie de cuisine noire 24 cm - Erresse Shop\",\"isPartOf\":{\"@id\":\"https:\/\/www.erresse-shop.it\/fr\/#website\"},\"datePublished\":\"2024-02-13T10:18:37+00:00\",\"dateModified\":\"2024-07-05T13:53:32+00:00\",\"description\":\"DESCRIPTION En mati\u00e8re d'ustensiles de cuisine en fonte, deux \u00e9l\u00e9ments essentiels constituent la base d'une cuisine bien \u00e9quip\u00e9e : une po\u00eale \u00e0 frire ou un\",\"breadcrumb\":{\"@id\":\"https:\/\/www.erresse-shop.it\/fr\/shop\/poeles-pots\/casseroles\/staub-batterie-de-cuisine-noire-24-cm\/#breadcrumb\"},\"inLanguage\":\"fr-FR\",\"potentialAction\":[{\"@type\":\"ReadAction\",\"target\":[\"https:\/\/www.erresse-shop.it\/fr\/shop\/poeles-pots\/casseroles\/staub-batterie-de-cuisine-noire-24-cm\/\"]}]},{\"@type\":\"BreadcrumbList\",\"@id\":\"https:\/\/www.erresse-shop.it\/fr\/shop\/poeles-pots\/casseroles\/staub-batterie-de-cuisine-noire-24-cm\/#breadcrumb\",\"itemListElement\":[{\"@type\":\"ListItem\",\"position\":1,\"name\":\"Home\",\"item\":\"https:\/\/www.erresse-shop.it\/fr\/\"},{\"@type\":\"ListItem\",\"position\":2,\"name\":\"Shop\",\"item\":\"https:\/\/www.erresse-shop.it\/fr\/shop\/\"},{\"@type\":\"ListItem\",\"position\":3,\"name\":\"STAUB Batterie de cuisine noire 24 cm\"}]},{\"@type\":\"WebSite\",\"@id\":\"https:\/\/www.erresse-shop.it\/fr\/#website\",\"url\":\"https:\/\/www.erresse-shop.it\/fr\/\",\"name\":\"Erresse Shop\",\"description\":\"Articoli di qualit\u00e0 per la casa\",\"potentialAction\":[{\"@type\":\"SearchAction\",\"target\":{\"@type\":\"EntryPoint\",\"urlTemplate\":\"https:\/\/www.erresse-shop.it\/fr\/?s={search_term_string}\"},\"query-input\":\"required name=search_term_string\"}],\"inLanguage\":\"fr-FR\"}]}<\/script>\n<!-- \/ Yoast SEO Premium plugin. -->","yoast_head_json":{"title":"STAUB Batterie de cuisine noire 24 cm - Erresse Shop","description":"DESCRIPTION En mati\u00e8re d'ustensiles de cuisine en fonte, deux \u00e9l\u00e9ments essentiels constituent la base d'une cuisine bien \u00e9quip\u00e9e : une po\u00eale \u00e0 frire ou un","robots":{"index":"index","follow":"follow","max-snippet":"max-snippet:-1","max-image-preview":"max-image-preview:large","max-video-preview":"max-video-preview:-1"},"canonical":"https:\/\/www.erresse-shop.it\/fr\/shop\/poeles-pots\/casseroles\/staub-batterie-de-cuisine-noire-24-cm\/","og_locale":"fr_FR","og_type":"article","og_title":"STAUB Batterie de cuisine noire 24 cm","og_description":"DESCRIPTION En mati\u00e8re d'ustensiles de cuisine en fonte, deux \u00e9l\u00e9ments essentiels constituent la base d'une cuisine bien \u00e9quip\u00e9e : une po\u00eale \u00e0 frire ou un","og_url":"https:\/\/www.erresse-shop.it\/fr\/shop\/poeles-pots\/casseroles\/staub-batterie-de-cuisine-noire-24-cm\/","og_site_name":"Erresse Shop","article_modified_time":"2024-07-05T13:53:32+00:00","og_image":[{"width":800,"height":800,"url":"https:\/\/www.erresse-shop.it\/wp-content\/uploads\/2024\/02\/Staub-cuoci-tutto.jpg","type":"image\/jpeg"}],"twitter_card":"summary_large_image","schema":{"@context":"https:\/\/schema.org","@graph":[{"@type":"WebPage","@id":"https:\/\/www.erresse-shop.it\/fr\/shop\/poeles-pots\/casseroles\/staub-batterie-de-cuisine-noire-24-cm\/","url":"https:\/\/www.erresse-shop.it\/fr\/shop\/poeles-pots\/casseroles\/staub-batterie-de-cuisine-noire-24-cm\/","name":"STAUB Batterie de cuisine noire 24 cm - Erresse Shop","isPartOf":{"@id":"https:\/\/www.erresse-shop.it\/fr\/#website"},"datePublished":"2024-02-13T10:18:37+00:00","dateModified":"2024-07-05T13:53:32+00:00","description":"DESCRIPTION En mati\u00e8re d'ustensiles de cuisine en fonte, deux \u00e9l\u00e9ments essentiels constituent la base d'une cuisine bien \u00e9quip\u00e9e : une po\u00eale \u00e0 frire ou un","breadcrumb":{"@id":"https:\/\/www.erresse-shop.it\/fr\/shop\/poeles-pots\/casseroles\/staub-batterie-de-cuisine-noire-24-cm\/#breadcrumb"},"inLanguage":"fr-FR","potentialAction":[{"@type":"ReadAction","target":["https:\/\/www.erresse-shop.it\/fr\/shop\/poeles-pots\/casseroles\/staub-batterie-de-cuisine-noire-24-cm\/"]}]},{"@type":"BreadcrumbList","@id":"https:\/\/www.erresse-shop.it\/fr\/shop\/poeles-pots\/casseroles\/staub-batterie-de-cuisine-noire-24-cm\/#breadcrumb","itemListElement":[{"@type":"ListItem","position":1,"name":"Home","item":"https:\/\/www.erresse-shop.it\/fr\/"},{"@type":"ListItem","position":2,"name":"Shop","item":"https:\/\/www.erresse-shop.it\/fr\/shop\/"},{"@type":"ListItem","position":3,"name":"STAUB Batterie de cuisine noire 24 cm"}]},{"@type":"WebSite","@id":"https:\/\/www.erresse-shop.it\/fr\/#website","url":"https:\/\/www.erresse-shop.it\/fr\/","name":"Erresse Shop","description":"Articoli di qualit\u00e0 per la casa","potentialAction":[{"@type":"SearchAction","target":{"@type":"EntryPoint","urlTemplate":"https:\/\/www.erresse-shop.it\/fr\/?s={search_term_string}"},"query-input":"required name=search_term_string"}],"inLanguage":"fr-FR"}]}},"df_price":139.5,"df_sale_price":139.5,"df_regular_price":279,"df_image_link":"https:\/\/www.erresse-shop.it\/wp-content\/uploads\/2024\/02\/Staub-cuoci-tutto-300x300.jpg","_links":{"self":[{"href":"https:\/\/www.erresse-shop.it\/fr\/wp-json\/wp\/v2\/product\/389440"}],"collection":[{"href":"https:\/\/www.erresse-shop.it\/fr\/wp-json\/wp\/v2\/product"}],"about":[{"href":"https:\/\/www.erresse-shop.it\/fr\/wp-json\/wp\/v2\/types\/product"}],"wp:featuredmedia":[{"embeddable":true,"href":"https:\/\/www.erresse-shop.it\/fr\/wp-json\/wp\/v2\/media\/389480"}],"wp:attachment":[{"href":"https:\/\/www.erresse-shop.it\/fr\/wp-json\/wp\/v2\/media?parent=389440"}],"wp:term":[{"taxonomy":"product_cat","embeddable":true,"href":"https:\/\/www.erresse-shop.it\/fr\/wp-json\/wp\/v2\/product_cat?post=389440"},{"taxonomy":"product_tag","embeddable":true,"href":"https:\/\/www.erresse-shop.it\/fr\/wp-json\/wp\/v2\/product_tag?post=389440"}],"curies":[{"name":"wp","href":"https:\/\/api.w.org\/{rel}","templated":true}]}}