{"id":389404,"date":"2024-02-13T09:16:44","date_gmt":"2024-02-13T09:16:48","guid":{"rendered":"https:\/\/www.erresse-shop.it\/?post_type=product&#038;p=389404"},"modified":"2024-02-13T10:13:06","modified_gmt":"2024-02-13T10:13:06","slug":"staub-graue-graphit-kasserolle-14-cm","status":"publish","type":"product","link":"https:\/\/www.erresse-shop.it\/fr\/shop\/poeles-pots\/casseroles\/staub-graue-graphit-kasserolle-14-cm\/","title":{"rendered":"STAUB Graue Graphit-Kasserolle 14 cm"},"content":{"rendered":"<p>La casserole ronde en fonte gris graphite est \u00e9maill\u00e9e \u00e0 l&#8217;ext\u00e9rieur et \u00e0 l&#8217;int\u00e9rieur. Les chefs et experts renomm\u00e9s appr\u00e9cient sa capacit\u00e9 \u00e0 conserver efficacement la chaleur et \u00e0 pr\u00e9server la saveur et la consistance des sauces pendant longtemps \u00e0 table. La casserole convient \u00e0 tous les types de cuisine et ne raye pas les surfaces de cuisson. Elle a un diam\u00e8tre de 14 cm et une capacit\u00e9 de 1,2 litre. La sauci\u00e8re de qualit\u00e9 de la gamme Staub Special facilite le service des sauces et leur maintien au chaud pendant longtemps.<\/p>\n<p>Pr\u00e9parer et servir des sauces<br \/>\nMaintient les plats chauds longtemps sur la table<br \/>\nConvient \u00e0 tous les types de plaques de cuisson, y compris l&#8217;induction, et peut \u00e9galement \u00eatre plac\u00e9e dans le four\/grill<\/p>\n<p>R\u00e9sistance \u00e0 la chaleur : 240 \u00baC<br \/>\nR\u00e9sistance au froid : -20 \u00baC<br \/>\nMat\u00e9riau : fonte<br \/>\nCouvercle existant : oui<br \/>\nInduction : oui<br \/>\nAdapt\u00e9 au four : Oui<br \/>\nAdapt\u00e9 au cong\u00e9lateur : Oui<br \/>\nAdapt\u00e9 \u00e0 la plaque de cuisson : Oui<br \/>\nLavable au lave-vaisselle : oui<\/p>\n<p>DIMENSIONS<br \/>\nPoids net : 2,00 kg<br \/>\nCapacit\u00e9 : 1,20 l<br \/>\nLongueur du produit : 21,20 cm<br \/>\nLargeur du produit : 17,00 cm<br \/>\nHauteur du produit : 0,10 cm<br \/>\nHauteur sans couvercle : 11,50 cm<br \/>\nDiam\u00e8tre du haut : 14,00 cm<br \/>\nDiam\u00e8tre du fond : 7,50 cm<\/p>\n","protected":false},"excerpt":{"rendered":"<p>La casserole ronde en fonte gris graphite est \u00e9maill\u00e9e \u00e0 l&#8217;ext\u00e9rieur et \u00e0 l&#8217;int\u00e9rieur. Les chefs et experts renomm\u00e9s appr\u00e9cient<\/p>\n","protected":false},"featured_media":389421,"template":"","meta":{"_acf_changed":false,"inline_featured_image":false},"product_cat":[12458,14777],"product_tag":[],"acf":[],"yoast_head":"<!-- This site is optimized with the Yoast SEO Premium plugin v18.6 (Yoast SEO v19.13) - https:\/\/yoast.com\/wordpress\/plugins\/seo\/ -->\n<title>STAUB Graue Graphit-Kasserolle 14 cm - Erresse Shop<\/title>\n<meta name=\"description\" content=\"La casserole ronde en fonte gris graphite est \u00e9maill\u00e9e \u00e0 l&#039;ext\u00e9rieur et \u00e0 l&#039;int\u00e9rieur. Les chefs et experts renomm\u00e9s appr\u00e9cient sa capacit\u00e9 \u00e0 conserver\" \/>\n<meta name=\"robots\" content=\"index, follow, max-snippet:-1, max-image-preview:large, max-video-preview:-1\" \/>\n<link rel=\"canonical\" href=\"https:\/\/www.erresse-shop.it\/fr\/shop\/poeles-pots\/casseroles\/staub-graue-graphit-kasserolle-14-cm\/\" \/>\n<meta property=\"og:locale\" content=\"fr_FR\" \/>\n<meta property=\"og:type\" content=\"article\" \/>\n<meta property=\"og:title\" content=\"STAUB Graue Graphit-Kasserolle 14 cm\" \/>\n<meta property=\"og:description\" content=\"La casserole ronde en fonte gris graphite est \u00e9maill\u00e9e \u00e0 l&#039;ext\u00e9rieur et \u00e0 l&#039;int\u00e9rieur. Les chefs et experts renomm\u00e9s appr\u00e9cient sa capacit\u00e9 \u00e0 conserver\" \/>\n<meta property=\"og:url\" content=\"https:\/\/www.erresse-shop.it\/fr\/shop\/poeles-pots\/casseroles\/staub-graue-graphit-kasserolle-14-cm\/\" \/>\n<meta property=\"og:site_name\" content=\"Erresse Shop\" \/>\n<meta property=\"article:modified_time\" content=\"2024-02-13T10:13:06+00:00\" \/>\n<meta property=\"og:image\" content=\"https:\/\/www.erresse-shop.it\/wp-content\/uploads\/2024\/02\/staub-casseruola-con-manico.jpg\" \/>\n\t<meta property=\"og:image:width\" content=\"800\" \/>\n\t<meta property=\"og:image:height\" content=\"800\" \/>\n\t<meta property=\"og:image:type\" content=\"image\/jpeg\" \/>\n<meta name=\"twitter:card\" content=\"summary_large_image\" \/>\n<script type=\"application\/ld+json\" class=\"yoast-schema-graph\">{\"@context\":\"https:\/\/schema.org\",\"@graph\":[{\"@type\":\"WebPage\",\"@id\":\"https:\/\/www.erresse-shop.it\/fr\/shop\/poeles-pots\/casseroles\/staub-graue-graphit-kasserolle-14-cm\/\",\"url\":\"https:\/\/www.erresse-shop.it\/fr\/shop\/poeles-pots\/casseroles\/staub-graue-graphit-kasserolle-14-cm\/\",\"name\":\"STAUB Graue Graphit-Kasserolle 14 cm - Erresse Shop\",\"isPartOf\":{\"@id\":\"https:\/\/www.erresse-shop.it\/fr\/#website\"},\"datePublished\":\"2024-02-13T09:16:48+00:00\",\"dateModified\":\"2024-02-13T10:13:06+00:00\",\"description\":\"La casserole ronde en fonte gris graphite est \u00e9maill\u00e9e \u00e0 l'ext\u00e9rieur et \u00e0 l'int\u00e9rieur. Les chefs et experts renomm\u00e9s appr\u00e9cient sa capacit\u00e9 \u00e0 conserver\",\"breadcrumb\":{\"@id\":\"https:\/\/www.erresse-shop.it\/fr\/shop\/poeles-pots\/casseroles\/staub-graue-graphit-kasserolle-14-cm\/#breadcrumb\"},\"inLanguage\":\"fr-FR\",\"potentialAction\":[{\"@type\":\"ReadAction\",\"target\":[\"https:\/\/www.erresse-shop.it\/fr\/shop\/poeles-pots\/casseroles\/staub-graue-graphit-kasserolle-14-cm\/\"]}]},{\"@type\":\"BreadcrumbList\",\"@id\":\"https:\/\/www.erresse-shop.it\/fr\/shop\/poeles-pots\/casseroles\/staub-graue-graphit-kasserolle-14-cm\/#breadcrumb\",\"itemListElement\":[{\"@type\":\"ListItem\",\"position\":1,\"name\":\"Home\",\"item\":\"https:\/\/www.erresse-shop.it\/fr\/\"},{\"@type\":\"ListItem\",\"position\":2,\"name\":\"Shop\",\"item\":\"https:\/\/www.erresse-shop.it\/fr\/shop\/\"},{\"@type\":\"ListItem\",\"position\":3,\"name\":\"STAUB Graue Graphit-Kasserolle 14 cm\"}]},{\"@type\":\"WebSite\",\"@id\":\"https:\/\/www.erresse-shop.it\/fr\/#website\",\"url\":\"https:\/\/www.erresse-shop.it\/fr\/\",\"name\":\"Erresse Shop\",\"description\":\"Articoli di qualit\u00e0 per la casa\",\"potentialAction\":[{\"@type\":\"SearchAction\",\"target\":{\"@type\":\"EntryPoint\",\"urlTemplate\":\"https:\/\/www.erresse-shop.it\/fr\/?s={search_term_string}\"},\"query-input\":\"required name=search_term_string\"}],\"inLanguage\":\"fr-FR\"}]}<\/script>\n<!-- \/ Yoast SEO Premium plugin. -->","yoast_head_json":{"title":"STAUB Graue Graphit-Kasserolle 14 cm - Erresse Shop","description":"La casserole ronde en fonte gris graphite est \u00e9maill\u00e9e \u00e0 l'ext\u00e9rieur et \u00e0 l'int\u00e9rieur. Les chefs et experts renomm\u00e9s appr\u00e9cient sa capacit\u00e9 \u00e0 conserver","robots":{"index":"index","follow":"follow","max-snippet":"max-snippet:-1","max-image-preview":"max-image-preview:large","max-video-preview":"max-video-preview:-1"},"canonical":"https:\/\/www.erresse-shop.it\/fr\/shop\/poeles-pots\/casseroles\/staub-graue-graphit-kasserolle-14-cm\/","og_locale":"fr_FR","og_type":"article","og_title":"STAUB Graue Graphit-Kasserolle 14 cm","og_description":"La casserole ronde en fonte gris graphite est \u00e9maill\u00e9e \u00e0 l'ext\u00e9rieur et \u00e0 l'int\u00e9rieur. Les chefs et experts renomm\u00e9s appr\u00e9cient sa capacit\u00e9 \u00e0 conserver","og_url":"https:\/\/www.erresse-shop.it\/fr\/shop\/poeles-pots\/casseroles\/staub-graue-graphit-kasserolle-14-cm\/","og_site_name":"Erresse Shop","article_modified_time":"2024-02-13T10:13:06+00:00","og_image":[{"width":800,"height":800,"url":"https:\/\/www.erresse-shop.it\/wp-content\/uploads\/2024\/02\/staub-casseruola-con-manico.jpg","type":"image\/jpeg"}],"twitter_card":"summary_large_image","schema":{"@context":"https:\/\/schema.org","@graph":[{"@type":"WebPage","@id":"https:\/\/www.erresse-shop.it\/fr\/shop\/poeles-pots\/casseroles\/staub-graue-graphit-kasserolle-14-cm\/","url":"https:\/\/www.erresse-shop.it\/fr\/shop\/poeles-pots\/casseroles\/staub-graue-graphit-kasserolle-14-cm\/","name":"STAUB Graue Graphit-Kasserolle 14 cm - Erresse Shop","isPartOf":{"@id":"https:\/\/www.erresse-shop.it\/fr\/#website"},"datePublished":"2024-02-13T09:16:48+00:00","dateModified":"2024-02-13T10:13:06+00:00","description":"La casserole ronde en fonte gris graphite est \u00e9maill\u00e9e \u00e0 l'ext\u00e9rieur et \u00e0 l'int\u00e9rieur. Les chefs et experts renomm\u00e9s appr\u00e9cient sa capacit\u00e9 \u00e0 conserver","breadcrumb":{"@id":"https:\/\/www.erresse-shop.it\/fr\/shop\/poeles-pots\/casseroles\/staub-graue-graphit-kasserolle-14-cm\/#breadcrumb"},"inLanguage":"fr-FR","potentialAction":[{"@type":"ReadAction","target":["https:\/\/www.erresse-shop.it\/fr\/shop\/poeles-pots\/casseroles\/staub-graue-graphit-kasserolle-14-cm\/"]}]},{"@type":"BreadcrumbList","@id":"https:\/\/www.erresse-shop.it\/fr\/shop\/poeles-pots\/casseroles\/staub-graue-graphit-kasserolle-14-cm\/#breadcrumb","itemListElement":[{"@type":"ListItem","position":1,"name":"Home","item":"https:\/\/www.erresse-shop.it\/fr\/"},{"@type":"ListItem","position":2,"name":"Shop","item":"https:\/\/www.erresse-shop.it\/fr\/shop\/"},{"@type":"ListItem","position":3,"name":"STAUB Graue Graphit-Kasserolle 14 cm"}]},{"@type":"WebSite","@id":"https:\/\/www.erresse-shop.it\/fr\/#website","url":"https:\/\/www.erresse-shop.it\/fr\/","name":"Erresse Shop","description":"Articoli di qualit\u00e0 per la casa","potentialAction":[{"@type":"SearchAction","target":{"@type":"EntryPoint","urlTemplate":"https:\/\/www.erresse-shop.it\/fr\/?s={search_term_string}"},"query-input":"required name=search_term_string"}],"inLanguage":"fr-FR"}]}},"df_price":64.5,"df_sale_price":64.5,"df_regular_price":129,"df_image_link":"https:\/\/www.erresse-shop.it\/wp-content\/uploads\/2024\/02\/staub-casseruola-con-manico-300x300.jpg","_links":{"self":[{"href":"https:\/\/www.erresse-shop.it\/fr\/wp-json\/wp\/v2\/product\/389404"}],"collection":[{"href":"https:\/\/www.erresse-shop.it\/fr\/wp-json\/wp\/v2\/product"}],"about":[{"href":"https:\/\/www.erresse-shop.it\/fr\/wp-json\/wp\/v2\/types\/product"}],"wp:featuredmedia":[{"embeddable":true,"href":"https:\/\/www.erresse-shop.it\/fr\/wp-json\/wp\/v2\/media\/389421"}],"wp:attachment":[{"href":"https:\/\/www.erresse-shop.it\/fr\/wp-json\/wp\/v2\/media?parent=389404"}],"wp:term":[{"taxonomy":"product_cat","embeddable":true,"href":"https:\/\/www.erresse-shop.it\/fr\/wp-json\/wp\/v2\/product_cat?post=389404"},{"taxonomy":"product_tag","embeddable":true,"href":"https:\/\/www.erresse-shop.it\/fr\/wp-json\/wp\/v2\/product_tag?post=389404"}],"curies":[{"name":"wp","href":"https:\/\/api.w.org\/{rel}","templated":true}]}}