{"id":389277,"date":"2024-02-13T08:28:13","date_gmt":"2024-02-13T08:28:17","guid":{"rendered":"https:\/\/www.erresse-shop.it\/?post_type=product&#038;p=389277"},"modified":"2025-03-02T22:37:35","modified_gmt":"2025-03-02T22:37:35","slug":"staub-theiere-ronde-gris-graphite","status":"publish","type":"product","link":"https:\/\/www.erresse-shop.it\/fr\/shop\/table-fr-2\/tasses\/theieres-sucriers-pots-a-lait\/staub-theiere-ronde-gris-graphite\/","title":{"rendered":"STAUB Th\u00e9i\u00e8re ronde gris graphite"},"content":{"rendered":"<p>La petite bouilloire ronde est \u00e0 la fois une th\u00e9i\u00e8re et une bouilloire. Elle dispose d&#8217;un support pour l&#8217;infuseur de th\u00e9 et d&#8217;une poign\u00e9e en acier inoxydable qui verrouille le couvercle lorsque l&#8217;on verse le liquide. Ces caract\u00e9ristiques en font une th\u00e9i\u00e8re parfaite, mais elle peut aussi \u00eatre utilis\u00e9e comme bouilloire uniquement. Elle peut \u00eatre utilis\u00e9e sur les plaques de cuisson et les plaques \u00e0 induction. La th\u00e9i\u00e8re a un diam\u00e8tre de 16,5 cm, une hauteur de 18 cm et une capacit\u00e9 de 1,15 litre. Elle est fabriqu\u00e9e en fonte et son int\u00e9rieur est en \u00e9mail noir. Elle est parfaite pour le th\u00e9 gr\u00e2ce aux excellentes propri\u00e9t\u00e9s de conservation de la chaleur de la fonte, qui garde le th\u00e9 chaud pendant longtemps. La fonte \u00e9maill\u00e9e est durable, extr\u00eamement robuste et facile \u00e0 nettoyer. La famille r\u00e9unie pour siroter un th\u00e9 remarquera la classe de cette th\u00e9i\u00e8re design et color\u00e9e qui compl\u00e8te vos ustensiles de cuisine. Essayez de nouveaux th\u00e9s et tisanes et servez-les avec classe gr\u00e2ce \u00e0 la th\u00e9i\u00e8re \u00e9maill\u00e9e de Staub.<\/p>\n<p>Convient pour faire bouillir de l&#8217;eau et infuser du th\u00e9<br \/>\nLe th\u00e9 reste chaud longtemps<br \/>\nL&#8217;infuseur \u00e0 th\u00e9 est accroch\u00e9 sous le bouton.<br \/>\nConvient \u00e0 tous les types de cuisini\u00e8res, y compris les cuisini\u00e8res \u00e0 induction<br \/>\nPermet \u00e9galement de servir les soupes de mani\u00e8re originale.<\/p>\n<p>DIMENSION<br \/>\nPoids net : 2,60 kg<br \/>\nCapacit\u00e9 : 1,15 l<br \/>\nLongueur du produit : 16,60 cm<br \/>\nLargeur du produit : 12,00 cm<br \/>\nHauteur du produit : 18.00 cm<br \/>\nDiam\u00e8tre du haut : 21,00 cm<br \/>\nDiam\u00e8tre du fond : 9,50 cm<\/p>\n","protected":false},"excerpt":{"rendered":"<p>La petite bouilloire ronde est \u00e0 la fois une th\u00e9i\u00e8re et une bouilloire. Elle dispose d&#8217;un support pour l&#8217;infuseur de<\/p>\n","protected":false},"featured_media":389282,"template":"","meta":{"_acf_changed":false,"inline_featured_image":false},"product_cat":[21073,12748,12782,12760],"product_tag":[25086,13265,13555,25021,12994,12460,12461],"acf":[],"yoast_head":"<!-- This site is optimized with the Yoast SEO Premium plugin v18.6 (Yoast SEO v19.13) - https:\/\/yoast.com\/wordpress\/plugins\/seo\/ -->\n<title>STAUB Th\u00e9i\u00e8re ronde gris graphite - Erresse Shop<\/title>\n<meta name=\"description\" content=\"La petite bouilloire ronde est \u00e0 la fois une th\u00e9i\u00e8re et une bouilloire. Elle dispose d&#039;un support pour l&#039;infuseur de th\u00e9 et d&#039;une poign\u00e9e en acier\" \/>\n<meta name=\"robots\" content=\"index, follow, max-snippet:-1, max-image-preview:large, max-video-preview:-1\" \/>\n<link rel=\"canonical\" href=\"https:\/\/www.erresse-shop.it\/fr\/shop\/table-fr-2\/tasses\/theieres-sucriers-pots-a-lait\/staub-theiere-ronde-gris-graphite\/\" \/>\n<meta property=\"og:locale\" content=\"fr_FR\" \/>\n<meta property=\"og:type\" content=\"article\" \/>\n<meta property=\"og:title\" content=\"STAUB Th\u00e9i\u00e8re ronde gris graphite\" \/>\n<meta property=\"og:description\" content=\"La petite bouilloire ronde est \u00e0 la fois une th\u00e9i\u00e8re et une bouilloire. Elle dispose d&#039;un support pour l&#039;infuseur de th\u00e9 et d&#039;une poign\u00e9e en acier\" \/>\n<meta property=\"og:url\" content=\"https:\/\/www.erresse-shop.it\/fr\/shop\/table-fr-2\/tasses\/theieres-sucriers-pots-a-lait\/staub-theiere-ronde-gris-graphite\/\" \/>\n<meta property=\"og:site_name\" content=\"Erresse Shop\" \/>\n<meta property=\"article:modified_time\" content=\"2025-03-02T22:37:35+00:00\" \/>\n<meta property=\"og:image\" content=\"https:\/\/www.erresse-shop.it\/wp-content\/uploads\/2024\/02\/staub-teiera-grigio.jpg\" \/>\n\t<meta property=\"og:image:width\" content=\"800\" \/>\n\t<meta property=\"og:image:height\" content=\"800\" \/>\n\t<meta property=\"og:image:type\" content=\"image\/jpeg\" \/>\n<meta name=\"twitter:card\" content=\"summary_large_image\" \/>\n<script type=\"application\/ld+json\" class=\"yoast-schema-graph\">{\"@context\":\"https:\/\/schema.org\",\"@graph\":[{\"@type\":\"WebPage\",\"@id\":\"https:\/\/www.erresse-shop.it\/fr\/shop\/table-fr-2\/tasses\/theieres-sucriers-pots-a-lait\/staub-theiere-ronde-gris-graphite\/\",\"url\":\"https:\/\/www.erresse-shop.it\/fr\/shop\/table-fr-2\/tasses\/theieres-sucriers-pots-a-lait\/staub-theiere-ronde-gris-graphite\/\",\"name\":\"STAUB Th\u00e9i\u00e8re ronde gris graphite - Erresse Shop\",\"isPartOf\":{\"@id\":\"https:\/\/www.erresse-shop.it\/fr\/#website\"},\"datePublished\":\"2024-02-13T08:28:17+00:00\",\"dateModified\":\"2025-03-02T22:37:35+00:00\",\"description\":\"La petite bouilloire ronde est \u00e0 la fois une th\u00e9i\u00e8re et une bouilloire. Elle dispose d'un support pour l'infuseur de th\u00e9 et d'une poign\u00e9e en acier\",\"breadcrumb\":{\"@id\":\"https:\/\/www.erresse-shop.it\/fr\/shop\/table-fr-2\/tasses\/theieres-sucriers-pots-a-lait\/staub-theiere-ronde-gris-graphite\/#breadcrumb\"},\"inLanguage\":\"fr-FR\",\"potentialAction\":[{\"@type\":\"ReadAction\",\"target\":[\"https:\/\/www.erresse-shop.it\/fr\/shop\/table-fr-2\/tasses\/theieres-sucriers-pots-a-lait\/staub-theiere-ronde-gris-graphite\/\"]}]},{\"@type\":\"BreadcrumbList\",\"@id\":\"https:\/\/www.erresse-shop.it\/fr\/shop\/table-fr-2\/tasses\/theieres-sucriers-pots-a-lait\/staub-theiere-ronde-gris-graphite\/#breadcrumb\",\"itemListElement\":[{\"@type\":\"ListItem\",\"position\":1,\"name\":\"Home\",\"item\":\"https:\/\/www.erresse-shop.it\/fr\/\"},{\"@type\":\"ListItem\",\"position\":2,\"name\":\"Shop\",\"item\":\"https:\/\/www.erresse-shop.it\/fr\/shop\/\"},{\"@type\":\"ListItem\",\"position\":3,\"name\":\"STAUB Th\u00e9i\u00e8re ronde gris graphite\"}]},{\"@type\":\"WebSite\",\"@id\":\"https:\/\/www.erresse-shop.it\/fr\/#website\",\"url\":\"https:\/\/www.erresse-shop.it\/fr\/\",\"name\":\"Erresse Shop\",\"description\":\"Articoli di qualit\u00e0 per la casa\",\"potentialAction\":[{\"@type\":\"SearchAction\",\"target\":{\"@type\":\"EntryPoint\",\"urlTemplate\":\"https:\/\/www.erresse-shop.it\/fr\/?s={search_term_string}\"},\"query-input\":\"required name=search_term_string\"}],\"inLanguage\":\"fr-FR\"}]}<\/script>\n<!-- \/ Yoast SEO Premium plugin. -->","yoast_head_json":{"title":"STAUB Th\u00e9i\u00e8re ronde gris graphite - Erresse Shop","description":"La petite bouilloire ronde est \u00e0 la fois une th\u00e9i\u00e8re et une bouilloire. Elle dispose d'un support pour l'infuseur de th\u00e9 et d'une poign\u00e9e en acier","robots":{"index":"index","follow":"follow","max-snippet":"max-snippet:-1","max-image-preview":"max-image-preview:large","max-video-preview":"max-video-preview:-1"},"canonical":"https:\/\/www.erresse-shop.it\/fr\/shop\/table-fr-2\/tasses\/theieres-sucriers-pots-a-lait\/staub-theiere-ronde-gris-graphite\/","og_locale":"fr_FR","og_type":"article","og_title":"STAUB Th\u00e9i\u00e8re ronde gris graphite","og_description":"La petite bouilloire ronde est \u00e0 la fois une th\u00e9i\u00e8re et une bouilloire. Elle dispose d'un support pour l'infuseur de th\u00e9 et d'une poign\u00e9e en acier","og_url":"https:\/\/www.erresse-shop.it\/fr\/shop\/table-fr-2\/tasses\/theieres-sucriers-pots-a-lait\/staub-theiere-ronde-gris-graphite\/","og_site_name":"Erresse Shop","article_modified_time":"2025-03-02T22:37:35+00:00","og_image":[{"width":800,"height":800,"url":"https:\/\/www.erresse-shop.it\/wp-content\/uploads\/2024\/02\/staub-teiera-grigio.jpg","type":"image\/jpeg"}],"twitter_card":"summary_large_image","schema":{"@context":"https:\/\/schema.org","@graph":[{"@type":"WebPage","@id":"https:\/\/www.erresse-shop.it\/fr\/shop\/table-fr-2\/tasses\/theieres-sucriers-pots-a-lait\/staub-theiere-ronde-gris-graphite\/","url":"https:\/\/www.erresse-shop.it\/fr\/shop\/table-fr-2\/tasses\/theieres-sucriers-pots-a-lait\/staub-theiere-ronde-gris-graphite\/","name":"STAUB Th\u00e9i\u00e8re ronde gris graphite - Erresse Shop","isPartOf":{"@id":"https:\/\/www.erresse-shop.it\/fr\/#website"},"datePublished":"2024-02-13T08:28:17+00:00","dateModified":"2025-03-02T22:37:35+00:00","description":"La petite bouilloire ronde est \u00e0 la fois une th\u00e9i\u00e8re et une bouilloire. Elle dispose d'un support pour l'infuseur de th\u00e9 et d'une poign\u00e9e en acier","breadcrumb":{"@id":"https:\/\/www.erresse-shop.it\/fr\/shop\/table-fr-2\/tasses\/theieres-sucriers-pots-a-lait\/staub-theiere-ronde-gris-graphite\/#breadcrumb"},"inLanguage":"fr-FR","potentialAction":[{"@type":"ReadAction","target":["https:\/\/www.erresse-shop.it\/fr\/shop\/table-fr-2\/tasses\/theieres-sucriers-pots-a-lait\/staub-theiere-ronde-gris-graphite\/"]}]},{"@type":"BreadcrumbList","@id":"https:\/\/www.erresse-shop.it\/fr\/shop\/table-fr-2\/tasses\/theieres-sucriers-pots-a-lait\/staub-theiere-ronde-gris-graphite\/#breadcrumb","itemListElement":[{"@type":"ListItem","position":1,"name":"Home","item":"https:\/\/www.erresse-shop.it\/fr\/"},{"@type":"ListItem","position":2,"name":"Shop","item":"https:\/\/www.erresse-shop.it\/fr\/shop\/"},{"@type":"ListItem","position":3,"name":"STAUB Th\u00e9i\u00e8re ronde gris graphite"}]},{"@type":"WebSite","@id":"https:\/\/www.erresse-shop.it\/fr\/#website","url":"https:\/\/www.erresse-shop.it\/fr\/","name":"Erresse Shop","description":"Articoli di qualit\u00e0 per la casa","potentialAction":[{"@type":"SearchAction","target":{"@type":"EntryPoint","urlTemplate":"https:\/\/www.erresse-shop.it\/fr\/?s={search_term_string}"},"query-input":"required name=search_term_string"}],"inLanguage":"fr-FR"}]}},"df_price":99.5,"df_sale_price":99.5,"df_regular_price":199,"df_image_link":"https:\/\/www.erresse-shop.it\/wp-content\/uploads\/2024\/02\/staub-teiera-grigio-300x300.jpg","_links":{"self":[{"href":"https:\/\/www.erresse-shop.it\/fr\/wp-json\/wp\/v2\/product\/389277"}],"collection":[{"href":"https:\/\/www.erresse-shop.it\/fr\/wp-json\/wp\/v2\/product"}],"about":[{"href":"https:\/\/www.erresse-shop.it\/fr\/wp-json\/wp\/v2\/types\/product"}],"wp:featuredmedia":[{"embeddable":true,"href":"https:\/\/www.erresse-shop.it\/fr\/wp-json\/wp\/v2\/media\/389282"}],"wp:attachment":[{"href":"https:\/\/www.erresse-shop.it\/fr\/wp-json\/wp\/v2\/media?parent=389277"}],"wp:term":[{"taxonomy":"product_cat","embeddable":true,"href":"https:\/\/www.erresse-shop.it\/fr\/wp-json\/wp\/v2\/product_cat?post=389277"},{"taxonomy":"product_tag","embeddable":true,"href":"https:\/\/www.erresse-shop.it\/fr\/wp-json\/wp\/v2\/product_tag?post=389277"}],"curies":[{"name":"wp","href":"https:\/\/api.w.org\/{rel}","templated":true}]}}