{"id":389008,"date":"2024-02-12T12:53:18","date_gmt":"2024-02-12T12:53:23","guid":{"rendered":"https:\/\/www.erresse-shop.it\/?post_type=product&#038;p=389008"},"modified":"2025-04-16T14:38:47","modified_gmt":"2025-04-16T14:38:47","slug":"berkel-kit-de-restauration-du-trancheur-noir","status":"publish","type":"product","link":"https:\/\/www.erresse-shop.it\/fr\/shop\/petits-electromenagers\/trancheuses\/berkel-kit-de-restauration-du-trancheur-noir\/","title":{"rendered":"BERKEL Kit de restauration du trancheur noir"},"content":{"rendered":"<p>Le kit de restauration est con\u00e7u pour retoucher les petites \u00e9cailles qui se sont produites au cours de l&#8217;utilisation au fil des ans. Il comprend<br \/>\nUn chiffon r\u00e9sistant au lavage ULTRAMICROFIBRA lipotrophique medium<br \/>\nHuile lubrifiante en spray 200 ml<br \/>\nBrosse d&#8217;entretien des lames<br \/>\nMarqueur de peinture de retouche NOIR<br \/>\nBo\u00eete \u00e9cologique Crush Cherry<\/p>\n<p>Le kit de restauration Black Berkelcare est con\u00e7u pour retoucher les petites \u00e9cailles qui se sont produites au cours de l&#8217;utilisation au fil des ans.<br \/>\nMarqueur de retouche noir<br \/>\nKit disponible en 2 versions avec marqueur Berkel rouge ou marqueur noir selon la couleur de votre trancheuse.<br \/>\nUn chiffon, de l&#8217;huile lubrifiante, un d\u00e9sinfectant et une brosse \u00e0 lame compl\u00e8tent le kit, augmentant ainsi les performances et la durabilit\u00e9.<br \/>\nCrush Story, une histoire d&#8217;\u00e9conomie circulaire : des cerisiers au papier cherry Crush. Les bo\u00eetes qu&#8217;il contient ont \u00e9t\u00e9 con\u00e7ues dans le respect de l&#8217;environnement, selon les principes de l&#8217;\u00e9conomie circulaire !<\/p>\n<p><strong>Les principales caract\u00e9ristiques :<\/strong><\/p>\n<p>Papier \u00e9cologique issu de la r\u00e9utilisation cr\u00e9ative de la transformation des cerises : les noyaux.<br \/>\nCertifi\u00e9 FSC, fabriqu\u00e9 avec EKOenergy, sans OGM et contenant 40 % de mat\u00e9riaux recycl\u00e9s apr\u00e8s consommation.<br \/>\nEmpreinte carbone r\u00e9duite de 20 % par rapport \u00e0 un papier traditionnel utilisant des d\u00e9chets agro-industriels et 100 % d&#8217;\u00e9nergie verte. Chaque kit est accompagn\u00e9 d&#8217;une bo\u00eete ext\u00e9rieure protectrice en plus de la bo\u00eete Crush.<\/p>\n<p>Certains d\u00e9tails peuvent diff\u00e9rer de la photo.<\/p>\n","protected":false},"excerpt":{"rendered":"<p>Le kit de restauration est con\u00e7u pour retoucher les petites \u00e9cailles qui se sont produites au cours de l&#8217;utilisation au<\/p>\n","protected":false},"featured_media":389012,"template":"","meta":{"_acf_changed":false,"inline_featured_image":false},"product_cat":[12449,17347],"product_tag":[23690,12839,12856],"acf":[],"yoast_head":"<!-- This site is optimized with the Yoast SEO Premium plugin v18.6 (Yoast SEO v19.13) - https:\/\/yoast.com\/wordpress\/plugins\/seo\/ -->\n<title>BERKEL Kit de restauration du trancheur noir<\/title>\n<meta name=\"description\" content=\"D\u00e9couvrez BERKEL Kit de restauration du trancheur noir sur ErresseShop. Qualit\u00e9, prix r\u00e9duits et achat s\u00e9curis\u00e9 \u2013 commandez d\u00e8s maintenant en ligne !\" \/>\n<meta name=\"robots\" content=\"index, follow, max-snippet:-1, max-image-preview:large, max-video-preview:-1\" \/>\n<link rel=\"canonical\" href=\"https:\/\/www.erresse-shop.it\/fr\/shop\/petits-electromenagers\/trancheuses\/berkel-kit-de-restauration-du-trancheur-noir\/\" \/>\n<meta property=\"og:locale\" content=\"fr_FR\" \/>\n<meta property=\"og:type\" content=\"article\" \/>\n<meta property=\"og:title\" content=\"BERKEL Kit de restauration du trancheur noir\" \/>\n<meta property=\"og:description\" content=\"D\u00e9couvrez BERKEL Kit de restauration du trancheur noir sur ErresseShop. Qualit\u00e9, prix r\u00e9duits et achat s\u00e9curis\u00e9 \u2013 commandez d\u00e8s maintenant en ligne !\" \/>\n<meta property=\"og:url\" content=\"https:\/\/www.erresse-shop.it\/fr\/shop\/petits-electromenagers\/trancheuses\/berkel-kit-de-restauration-du-trancheur-noir\/\" \/>\n<meta property=\"og:site_name\" content=\"Erresse Shop\" \/>\n<meta property=\"article:modified_time\" content=\"2025-04-16T14:38:47+00:00\" \/>\n<meta property=\"og:image\" content=\"https:\/\/www.erresse-shop.it\/wp-content\/uploads\/2024\/02\/berkel-kit.jpg\" \/>\n\t<meta property=\"og:image:width\" content=\"800\" \/>\n\t<meta property=\"og:image:height\" content=\"800\" \/>\n\t<meta property=\"og:image:type\" content=\"image\/jpeg\" \/>\n<meta name=\"twitter:card\" content=\"summary_large_image\" \/>\n<script type=\"application\/ld+json\" class=\"yoast-schema-graph\">{\"@context\":\"https:\/\/schema.org\",\"@graph\":[{\"@type\":\"WebPage\",\"@id\":\"https:\/\/www.erresse-shop.it\/fr\/shop\/petits-electromenagers\/trancheuses\/berkel-kit-de-restauration-du-trancheur-noir\/\",\"url\":\"https:\/\/www.erresse-shop.it\/fr\/shop\/petits-electromenagers\/trancheuses\/berkel-kit-de-restauration-du-trancheur-noir\/\",\"name\":\"BERKEL Kit de restauration du trancheur noir\",\"isPartOf\":{\"@id\":\"https:\/\/www.erresse-shop.it\/fr\/#website\"},\"datePublished\":\"2024-02-12T12:53:23+00:00\",\"dateModified\":\"2025-04-16T14:38:47+00:00\",\"description\":\"D\u00e9couvrez BERKEL Kit de restauration du trancheur noir sur ErresseShop. Qualit\u00e9, prix r\u00e9duits et achat s\u00e9curis\u00e9 \u2013 commandez d\u00e8s maintenant en ligne !\",\"breadcrumb\":{\"@id\":\"https:\/\/www.erresse-shop.it\/fr\/shop\/petits-electromenagers\/trancheuses\/berkel-kit-de-restauration-du-trancheur-noir\/#breadcrumb\"},\"inLanguage\":\"fr-FR\",\"potentialAction\":[{\"@type\":\"ReadAction\",\"target\":[\"https:\/\/www.erresse-shop.it\/fr\/shop\/petits-electromenagers\/trancheuses\/berkel-kit-de-restauration-du-trancheur-noir\/\"]}]},{\"@type\":\"BreadcrumbList\",\"@id\":\"https:\/\/www.erresse-shop.it\/fr\/shop\/petits-electromenagers\/trancheuses\/berkel-kit-de-restauration-du-trancheur-noir\/#breadcrumb\",\"itemListElement\":[{\"@type\":\"ListItem\",\"position\":1,\"name\":\"Home\",\"item\":\"https:\/\/www.erresse-shop.it\/fr\/\"},{\"@type\":\"ListItem\",\"position\":2,\"name\":\"Shop\",\"item\":\"https:\/\/www.erresse-shop.it\/fr\/shop\/\"},{\"@type\":\"ListItem\",\"position\":3,\"name\":\"BERKEL Kit de restauration du trancheur noir\"}]},{\"@type\":\"WebSite\",\"@id\":\"https:\/\/www.erresse-shop.it\/fr\/#website\",\"url\":\"https:\/\/www.erresse-shop.it\/fr\/\",\"name\":\"Erresse Shop\",\"description\":\"Articoli di qualit\u00e0 per la casa\",\"potentialAction\":[{\"@type\":\"SearchAction\",\"target\":{\"@type\":\"EntryPoint\",\"urlTemplate\":\"https:\/\/www.erresse-shop.it\/fr\/?s={search_term_string}\"},\"query-input\":\"required name=search_term_string\"}],\"inLanguage\":\"fr-FR\"}]}<\/script>\n<!-- \/ Yoast SEO Premium plugin. -->","yoast_head_json":{"title":"BERKEL Kit de restauration du trancheur noir","description":"D\u00e9couvrez BERKEL Kit de restauration du trancheur noir sur ErresseShop. Qualit\u00e9, prix r\u00e9duits et achat s\u00e9curis\u00e9 \u2013 commandez d\u00e8s maintenant en ligne !","robots":{"index":"index","follow":"follow","max-snippet":"max-snippet:-1","max-image-preview":"max-image-preview:large","max-video-preview":"max-video-preview:-1"},"canonical":"https:\/\/www.erresse-shop.it\/fr\/shop\/petits-electromenagers\/trancheuses\/berkel-kit-de-restauration-du-trancheur-noir\/","og_locale":"fr_FR","og_type":"article","og_title":"BERKEL Kit de restauration du trancheur noir","og_description":"D\u00e9couvrez BERKEL Kit de restauration du trancheur noir sur ErresseShop. Qualit\u00e9, prix r\u00e9duits et achat s\u00e9curis\u00e9 \u2013 commandez d\u00e8s maintenant en ligne !","og_url":"https:\/\/www.erresse-shop.it\/fr\/shop\/petits-electromenagers\/trancheuses\/berkel-kit-de-restauration-du-trancheur-noir\/","og_site_name":"Erresse Shop","article_modified_time":"2025-04-16T14:38:47+00:00","og_image":[{"width":800,"height":800,"url":"https:\/\/www.erresse-shop.it\/wp-content\/uploads\/2024\/02\/berkel-kit.jpg","type":"image\/jpeg"}],"twitter_card":"summary_large_image","schema":{"@context":"https:\/\/schema.org","@graph":[{"@type":"WebPage","@id":"https:\/\/www.erresse-shop.it\/fr\/shop\/petits-electromenagers\/trancheuses\/berkel-kit-de-restauration-du-trancheur-noir\/","url":"https:\/\/www.erresse-shop.it\/fr\/shop\/petits-electromenagers\/trancheuses\/berkel-kit-de-restauration-du-trancheur-noir\/","name":"BERKEL Kit de restauration du trancheur noir","isPartOf":{"@id":"https:\/\/www.erresse-shop.it\/fr\/#website"},"datePublished":"2024-02-12T12:53:23+00:00","dateModified":"2025-04-16T14:38:47+00:00","description":"D\u00e9couvrez BERKEL Kit de restauration du trancheur noir sur ErresseShop. Qualit\u00e9, prix r\u00e9duits et achat s\u00e9curis\u00e9 \u2013 commandez d\u00e8s maintenant en ligne !","breadcrumb":{"@id":"https:\/\/www.erresse-shop.it\/fr\/shop\/petits-electromenagers\/trancheuses\/berkel-kit-de-restauration-du-trancheur-noir\/#breadcrumb"},"inLanguage":"fr-FR","potentialAction":[{"@type":"ReadAction","target":["https:\/\/www.erresse-shop.it\/fr\/shop\/petits-electromenagers\/trancheuses\/berkel-kit-de-restauration-du-trancheur-noir\/"]}]},{"@type":"BreadcrumbList","@id":"https:\/\/www.erresse-shop.it\/fr\/shop\/petits-electromenagers\/trancheuses\/berkel-kit-de-restauration-du-trancheur-noir\/#breadcrumb","itemListElement":[{"@type":"ListItem","position":1,"name":"Home","item":"https:\/\/www.erresse-shop.it\/fr\/"},{"@type":"ListItem","position":2,"name":"Shop","item":"https:\/\/www.erresse-shop.it\/fr\/shop\/"},{"@type":"ListItem","position":3,"name":"BERKEL Kit de restauration du trancheur noir"}]},{"@type":"WebSite","@id":"https:\/\/www.erresse-shop.it\/fr\/#website","url":"https:\/\/www.erresse-shop.it\/fr\/","name":"Erresse Shop","description":"Articoli di qualit\u00e0 per la casa","potentialAction":[{"@type":"SearchAction","target":{"@type":"EntryPoint","urlTemplate":"https:\/\/www.erresse-shop.it\/fr\/?s={search_term_string}"},"query-input":"required name=search_term_string"}],"inLanguage":"fr-FR"}]}},"df_price":49.5,"df_sale_price":49.5,"df_regular_price":99,"df_image_link":"https:\/\/www.erresse-shop.it\/wp-content\/uploads\/2024\/02\/berkel-kit-300x300.jpg","_links":{"self":[{"href":"https:\/\/www.erresse-shop.it\/fr\/wp-json\/wp\/v2\/product\/389008"}],"collection":[{"href":"https:\/\/www.erresse-shop.it\/fr\/wp-json\/wp\/v2\/product"}],"about":[{"href":"https:\/\/www.erresse-shop.it\/fr\/wp-json\/wp\/v2\/types\/product"}],"wp:featuredmedia":[{"embeddable":true,"href":"https:\/\/www.erresse-shop.it\/fr\/wp-json\/wp\/v2\/media\/389012"}],"wp:attachment":[{"href":"https:\/\/www.erresse-shop.it\/fr\/wp-json\/wp\/v2\/media?parent=389008"}],"wp:term":[{"taxonomy":"product_cat","embeddable":true,"href":"https:\/\/www.erresse-shop.it\/fr\/wp-json\/wp\/v2\/product_cat?post=389008"},{"taxonomy":"product_tag","embeddable":true,"href":"https:\/\/www.erresse-shop.it\/fr\/wp-json\/wp\/v2\/product_tag?post=389008"}],"curies":[{"name":"wp","href":"https:\/\/api.w.org\/{rel}","templated":true}]}}