{"id":388658,"date":"2024-02-12T07:25:32","date_gmt":"2024-02-12T07:25:36","guid":{"rendered":"https:\/\/www.erresse-shop.it\/?post_type=product&#038;p=388658"},"modified":"2024-11-18T14:42:39","modified_gmt":"2024-11-18T14:42:39","slug":"le-creuset-cocotte-en-fonte-balti-20-cm-rhone","status":"publish","type":"product","link":"https:\/\/www.erresse-shop.it\/fr\/shop\/poeles-pots\/casseroles\/le-creuset-cocotte-en-fonte-balti-20-cm-rhone\/","title":{"rendered":"LE CREUSET Cocotte en fonte Balti 20 cm Garnet"},"content":{"rendered":"<p><strong>\u00c9PICES ET SAVEURS<\/strong><\/p>\n<p>Le balti est originaire de la r\u00e9gion asiatique du Baltistan, dans le nord du Pakistan. Notre cocotte \u00e0 balti en fonte vitrifi\u00e9e a une base plate adapt\u00e9e \u00e0 la plaque de cuisson. Vous pouvez \u00e9galement l&#8217;utiliser au four en mode grill. Comme son nom l&#8217;indique, elle est id\u00e9ale pour cuisiner de d\u00e9licieux plats au curry. Vous pouvez faire bien d&#8217;autres choses pour lib\u00e9rer votre cr\u00e9ativit\u00e9.<\/p>\n<p>Polyvalence : ce produit convient pour le four, la cuisini\u00e8re et le mode grill.<br \/>\nDes aliments savoureux : la fonte vitrifi\u00e9e retient la chaleur pour une cuisson et un brunissement uniformes. Vos d\u00e9licieuses cr\u00e9ations resteront chaudes plus longtemps, m\u00eame \u00e0 table.<br \/>\nFacile \u00e0 tenir : les poign\u00e9es \u00e9l\u00e9gantes et confortables vous permettent de soulever le produit en toute s\u00e9curit\u00e9.<br \/>\nPas trop chaud : cuisinez constamment \u00e0 feu doux ou moyen pour prendre soin de votre produit en fonte vitrifi\u00e9e et obtenir de d\u00e9licieux r\u00e9sultats.<br \/>\nS&#8217;am\u00e9liore avec le temps : l&#8217;int\u00e9rieur vitrifi\u00e9 d\u00e9veloppe une patine naturelle qui agit presque comme une surface antiadh\u00e9sive. Sa finition a des propri\u00e9t\u00e9s qui emp\u00eachent<br \/>\nLes aliments ne collent pas, m\u00eame avec de petites quantit\u00e9s d&#8217;huile. Lavez le produit uniquement \u00e0 l&#8217;eau pour permettre \u00e0 la patine de se d\u00e9velopper.<br \/>\nNos produits sont fabriqu\u00e9s \u00e0 partir des meilleurs mat\u00e9riaux dans des usines du monde entier pour garantir la qualit\u00e9 que vous attendez de Le Creuset.<\/p>\n<p>Mat\u00e9riau : fonte vitrifi\u00e9e<br \/>\nFabriqu\u00e9 en : France<br \/>\nGarantie : \u00e0 vie<\/p>\n<p><strong>Source de chaleur :<\/strong><\/p>\n<ul>\n<li>Plaque de cuisson \u00e9lectrique<\/li>\n<li>Plaque vitroc\u00e9ramique<\/li>\n<li>Plaque de cuisson au gaz<\/li>\n<li>Plaque \u00e0 induction<\/li>\n<\/ul>\n<p><strong>Nettoyage et entretien :<\/strong><\/p>\n<p>Attendez que le produit refroidisse avant de commencer \u00e0 le nettoyer.<br \/>\nNettoyez les restes de nourriture sur la base et les c\u00f4t\u00e9s de l&#8217;appareil. Si des aliments sont coll\u00e9s, remplissez l&#8217;appareil d&#8217;eau chaude savonneuse et laissez-le tremper pendant 15 \u00e0 20 minutes avant de le laver comme d&#8217;habitude.<br \/>\nN&#8217;utilisez pas de nettoyants abrasifs ni d&#8217;\u00e9ponges ou de brosses m\u00e9talliques tr\u00e8s rigides sur les surfaces.<br \/>\nS\u00e9chez bien apr\u00e8s le lavage et rangez dans un endroit sec.<\/p>\n<div class=\"su-youtube su-u-responsive-media-yes\"><iframe loading=\"lazy\" width=\"500\" height=\"200\" src=\"https:\/\/www.youtube.com\/embed\/drbRmKhuElo?\" frameborder=\"0\" allowfullscreen allow=\"autoplay; encrypted-media; picture-in-picture\" title=\"\"><\/iframe><\/div>\n","protected":false},"excerpt":{"rendered":"<p>\u00c9PICES ET SAVEURS Le balti est originaire de la r\u00e9gion asiatique du Baltistan, dans le nord du Pakistan. Notre cocotte<\/p>\n","protected":false},"featured_media":390028,"template":"","meta":{"_acf_changed":false,"inline_featured_image":false},"product_cat":[12458,14777],"product_tag":[25086,13537,23660,25021,24403,12994,12460,12461,24391,13276],"acf":[],"yoast_head":"<!-- This site is optimized with the Yoast SEO Premium plugin v18.6 (Yoast SEO v19.13) - https:\/\/yoast.com\/wordpress\/plugins\/seo\/ -->\n<title>LE CREUSET Cocotte en fonte Balti 20 cm Garnet - Erresse Shop<\/title>\n<meta name=\"description\" content=\"\u00c9PICES ET SAVEURS Le balti est originaire de la r\u00e9gion asiatique du Baltistan, dans le nord du Pakistan. Notre cocotte \u00e0 balti en fonte vitrifi\u00e9e a une\" \/>\n<meta name=\"robots\" content=\"index, follow, max-snippet:-1, max-image-preview:large, max-video-preview:-1\" \/>\n<link rel=\"canonical\" href=\"https:\/\/www.erresse-shop.it\/fr\/shop\/poeles-pots\/casseroles\/le-creuset-cocotte-en-fonte-balti-20-cm-rhone\/\" \/>\n<meta property=\"og:locale\" content=\"fr_FR\" \/>\n<meta property=\"og:type\" content=\"article\" \/>\n<meta property=\"og:title\" content=\"LE CREUSET Cocotte en fonte Balti 20 cm Garnet\" \/>\n<meta property=\"og:description\" content=\"\u00c9PICES ET SAVEURS Le balti est originaire de la r\u00e9gion asiatique du Baltistan, dans le nord du Pakistan. Notre cocotte \u00e0 balti en fonte vitrifi\u00e9e a une\" \/>\n<meta property=\"og:url\" content=\"https:\/\/www.erresse-shop.it\/fr\/shop\/poeles-pots\/casseroles\/le-creuset-cocotte-en-fonte-balti-20-cm-rhone\/\" \/>\n<meta property=\"og:site_name\" content=\"Erresse Shop\" \/>\n<meta property=\"article:modified_time\" content=\"2024-11-18T14:42:39+00:00\" \/>\n<meta property=\"og:image\" content=\"https:\/\/www.erresse-shop.it\/wp-content\/uploads\/2024\/02\/le-creuset-casseruola-rhone.jpg\" \/>\n\t<meta property=\"og:image:width\" content=\"800\" \/>\n\t<meta property=\"og:image:height\" content=\"800\" \/>\n\t<meta property=\"og:image:type\" content=\"image\/jpeg\" \/>\n<meta name=\"twitter:card\" content=\"summary_large_image\" \/>\n<script type=\"application\/ld+json\" class=\"yoast-schema-graph\">{\"@context\":\"https:\/\/schema.org\",\"@graph\":[{\"@type\":\"WebPage\",\"@id\":\"https:\/\/www.erresse-shop.it\/fr\/shop\/poeles-pots\/casseroles\/le-creuset-cocotte-en-fonte-balti-20-cm-rhone\/\",\"url\":\"https:\/\/www.erresse-shop.it\/fr\/shop\/poeles-pots\/casseroles\/le-creuset-cocotte-en-fonte-balti-20-cm-rhone\/\",\"name\":\"LE CREUSET Cocotte en fonte Balti 20 cm Garnet - Erresse Shop\",\"isPartOf\":{\"@id\":\"https:\/\/www.erresse-shop.it\/fr\/#website\"},\"datePublished\":\"2024-02-12T07:25:36+00:00\",\"dateModified\":\"2024-11-18T14:42:39+00:00\",\"description\":\"\u00c9PICES ET SAVEURS Le balti est originaire de la r\u00e9gion asiatique du Baltistan, dans le nord du Pakistan. Notre cocotte \u00e0 balti en fonte vitrifi\u00e9e a une\",\"breadcrumb\":{\"@id\":\"https:\/\/www.erresse-shop.it\/fr\/shop\/poeles-pots\/casseroles\/le-creuset-cocotte-en-fonte-balti-20-cm-rhone\/#breadcrumb\"},\"inLanguage\":\"fr-FR\",\"potentialAction\":[{\"@type\":\"ReadAction\",\"target\":[\"https:\/\/www.erresse-shop.it\/fr\/shop\/poeles-pots\/casseroles\/le-creuset-cocotte-en-fonte-balti-20-cm-rhone\/\"]}]},{\"@type\":\"BreadcrumbList\",\"@id\":\"https:\/\/www.erresse-shop.it\/fr\/shop\/poeles-pots\/casseroles\/le-creuset-cocotte-en-fonte-balti-20-cm-rhone\/#breadcrumb\",\"itemListElement\":[{\"@type\":\"ListItem\",\"position\":1,\"name\":\"Home\",\"item\":\"https:\/\/www.erresse-shop.it\/fr\/\"},{\"@type\":\"ListItem\",\"position\":2,\"name\":\"Shop\",\"item\":\"https:\/\/www.erresse-shop.it\/fr\/shop\/\"},{\"@type\":\"ListItem\",\"position\":3,\"name\":\"LE CREUSET Cocotte en fonte Balti 20 cm Garnet\"}]},{\"@type\":\"WebSite\",\"@id\":\"https:\/\/www.erresse-shop.it\/fr\/#website\",\"url\":\"https:\/\/www.erresse-shop.it\/fr\/\",\"name\":\"Erresse Shop\",\"description\":\"Articoli di qualit\u00e0 per la casa\",\"potentialAction\":[{\"@type\":\"SearchAction\",\"target\":{\"@type\":\"EntryPoint\",\"urlTemplate\":\"https:\/\/www.erresse-shop.it\/fr\/?s={search_term_string}\"},\"query-input\":\"required name=search_term_string\"}],\"inLanguage\":\"fr-FR\"}]}<\/script>\n<!-- \/ Yoast SEO Premium plugin. -->","yoast_head_json":{"title":"LE CREUSET Cocotte en fonte Balti 20 cm Garnet - Erresse Shop","description":"\u00c9PICES ET SAVEURS Le balti est originaire de la r\u00e9gion asiatique du Baltistan, dans le nord du Pakistan. Notre cocotte \u00e0 balti en fonte vitrifi\u00e9e a une","robots":{"index":"index","follow":"follow","max-snippet":"max-snippet:-1","max-image-preview":"max-image-preview:large","max-video-preview":"max-video-preview:-1"},"canonical":"https:\/\/www.erresse-shop.it\/fr\/shop\/poeles-pots\/casseroles\/le-creuset-cocotte-en-fonte-balti-20-cm-rhone\/","og_locale":"fr_FR","og_type":"article","og_title":"LE CREUSET Cocotte en fonte Balti 20 cm Garnet","og_description":"\u00c9PICES ET SAVEURS Le balti est originaire de la r\u00e9gion asiatique du Baltistan, dans le nord du Pakistan. Notre cocotte \u00e0 balti en fonte vitrifi\u00e9e a une","og_url":"https:\/\/www.erresse-shop.it\/fr\/shop\/poeles-pots\/casseroles\/le-creuset-cocotte-en-fonte-balti-20-cm-rhone\/","og_site_name":"Erresse Shop","article_modified_time":"2024-11-18T14:42:39+00:00","og_image":[{"width":800,"height":800,"url":"https:\/\/www.erresse-shop.it\/wp-content\/uploads\/2024\/02\/le-creuset-casseruola-rhone.jpg","type":"image\/jpeg"}],"twitter_card":"summary_large_image","schema":{"@context":"https:\/\/schema.org","@graph":[{"@type":"WebPage","@id":"https:\/\/www.erresse-shop.it\/fr\/shop\/poeles-pots\/casseroles\/le-creuset-cocotte-en-fonte-balti-20-cm-rhone\/","url":"https:\/\/www.erresse-shop.it\/fr\/shop\/poeles-pots\/casseroles\/le-creuset-cocotte-en-fonte-balti-20-cm-rhone\/","name":"LE CREUSET Cocotte en fonte Balti 20 cm Garnet - Erresse Shop","isPartOf":{"@id":"https:\/\/www.erresse-shop.it\/fr\/#website"},"datePublished":"2024-02-12T07:25:36+00:00","dateModified":"2024-11-18T14:42:39+00:00","description":"\u00c9PICES ET SAVEURS Le balti est originaire de la r\u00e9gion asiatique du Baltistan, dans le nord du Pakistan. Notre cocotte \u00e0 balti en fonte vitrifi\u00e9e a une","breadcrumb":{"@id":"https:\/\/www.erresse-shop.it\/fr\/shop\/poeles-pots\/casseroles\/le-creuset-cocotte-en-fonte-balti-20-cm-rhone\/#breadcrumb"},"inLanguage":"fr-FR","potentialAction":[{"@type":"ReadAction","target":["https:\/\/www.erresse-shop.it\/fr\/shop\/poeles-pots\/casseroles\/le-creuset-cocotte-en-fonte-balti-20-cm-rhone\/"]}]},{"@type":"BreadcrumbList","@id":"https:\/\/www.erresse-shop.it\/fr\/shop\/poeles-pots\/casseroles\/le-creuset-cocotte-en-fonte-balti-20-cm-rhone\/#breadcrumb","itemListElement":[{"@type":"ListItem","position":1,"name":"Home","item":"https:\/\/www.erresse-shop.it\/fr\/"},{"@type":"ListItem","position":2,"name":"Shop","item":"https:\/\/www.erresse-shop.it\/fr\/shop\/"},{"@type":"ListItem","position":3,"name":"LE CREUSET Cocotte en fonte Balti 20 cm Garnet"}]},{"@type":"WebSite","@id":"https:\/\/www.erresse-shop.it\/fr\/#website","url":"https:\/\/www.erresse-shop.it\/fr\/","name":"Erresse Shop","description":"Articoli di qualit\u00e0 per la casa","potentialAction":[{"@type":"SearchAction","target":{"@type":"EntryPoint","urlTemplate":"https:\/\/www.erresse-shop.it\/fr\/?s={search_term_string}"},"query-input":"required name=search_term_string"}],"inLanguage":"fr-FR"}]}},"df_price":65.25,"df_sale_price":65.25,"df_regular_price":145,"df_image_link":"https:\/\/www.erresse-shop.it\/wp-content\/uploads\/2024\/02\/le-creuset-casseruola-rhone-300x300.jpg","_links":{"self":[{"href":"https:\/\/www.erresse-shop.it\/fr\/wp-json\/wp\/v2\/product\/388658"}],"collection":[{"href":"https:\/\/www.erresse-shop.it\/fr\/wp-json\/wp\/v2\/product"}],"about":[{"href":"https:\/\/www.erresse-shop.it\/fr\/wp-json\/wp\/v2\/types\/product"}],"wp:featuredmedia":[{"embeddable":true,"href":"https:\/\/www.erresse-shop.it\/fr\/wp-json\/wp\/v2\/media\/390028"}],"wp:attachment":[{"href":"https:\/\/www.erresse-shop.it\/fr\/wp-json\/wp\/v2\/media?parent=388658"}],"wp:term":[{"taxonomy":"product_cat","embeddable":true,"href":"https:\/\/www.erresse-shop.it\/fr\/wp-json\/wp\/v2\/product_cat?post=388658"},{"taxonomy":"product_tag","embeddable":true,"href":"https:\/\/www.erresse-shop.it\/fr\/wp-json\/wp\/v2\/product_tag?post=388658"}],"curies":[{"name":"wp","href":"https:\/\/api.w.org\/{rel}","templated":true}]}}