{"id":388026,"date":"2024-02-09T10:15:50","date_gmt":"2024-02-09T10:15:55","guid":{"rendered":"https:\/\/www.erresse-shop.it\/?post_type=product&#038;p=388026"},"modified":"2024-02-09T10:34:14","modified_gmt":"2024-02-09T10:34:14","slug":"yaxell-super-gou-ypsilon-couteau-de-kiritsuke-20-cm","status":"publish","type":"product","link":"https:\/\/www.erresse-shop.it\/fr\/shop\/cuisine\/couteaux\/yaxell-super-gou-ypsilon-couteau-de-kiritsuke-20-cm\/","title":{"rendered":"YAXELL Super Gou Ypsilon Couteau de Kiritsuke 20 cm"},"content":{"rendered":"<p>Couteau de chef Kiritsuke de Yaxell avec une longueur de lame de 20 cm. Le couteau de chef Karitsuke est un m\u00e9lange entre un Santoku et un couteau de chef, son aspect ressemblant quelque peu \u00e0 la lame d&#8217;un Tanto.<\/p>\n<p>193 couches d&#8217;acier Damas &#8211; couche tranchante en acier japonais SG2 avec poudre de micro carbure !<\/p>\n<p>Couteau de chef | Super GOU YPSILON<br \/>\nLongueur de la lame : 20.00 cm<br \/>\nLargeur de la lame : 4.70 cm<br \/>\nMat\u00e9riau de la lame : 193 couches d&#8217;acier Damas<br \/>\nNoyau de la lame : acier SG2 \u00e0 poudre de micro carbure<br \/>\nAff\u00fbtage : des deux c\u00f4t\u00e9s<br \/>\nDuret\u00e9 de la lame : 63\u00b11 HRC<br \/>\nMat\u00e9riau du manche : Micarta<br \/>\nPoids : 230g<br \/>\nInox : oui<\/p>\n<p>Le couteau est livr\u00e9 avec un \u00e9tui en bois assorti !<\/p>\n<p>La s\u00e9rie de couteaux de la plus haute qualit\u00e9 de Yaxell avec un acier SG2 renormalis\u00e9, 193 couches de Damas et un manche avec des rivets d\u00e9coratifs.<\/p>\n","protected":false},"excerpt":{"rendered":"<p>Couteau de chef Kiritsuke de Yaxell avec une longueur de lame de 20 cm. Le couteau de chef Karitsuke est<\/p>\n","protected":false},"featured_media":388037,"template":"","meta":{"_acf_changed":false,"inline_featured_image":false},"product_cat":[12742,14452,12748],"product_tag":[12838,12839,21623,24680],"acf":[],"yoast_head":"<!-- This site is optimized with the Yoast SEO Premium plugin v18.6 (Yoast SEO v19.13) - https:\/\/yoast.com\/wordpress\/plugins\/seo\/ -->\n<title>YAXELL Super Gou Ypsilon Couteau de Kiritsuke 20 cm - Erresse Shop<\/title>\n<meta name=\"description\" content=\"Couteau de chef Kiritsuke de Yaxell avec une longueur de lame de 20 cm. Le couteau de chef Karitsuke est un m\u00e9lange entre un Santoku et un couteau de\" \/>\n<meta name=\"robots\" content=\"index, follow, max-snippet:-1, max-image-preview:large, max-video-preview:-1\" \/>\n<link rel=\"canonical\" href=\"https:\/\/www.erresse-shop.it\/fr\/shop\/cuisine\/couteaux\/yaxell-super-gou-ypsilon-couteau-de-kiritsuke-20-cm\/\" \/>\n<meta property=\"og:locale\" content=\"fr_FR\" \/>\n<meta property=\"og:type\" content=\"article\" \/>\n<meta property=\"og:title\" content=\"YAXELL Super Gou Ypsilon Couteau de Kiritsuke 20 cm\" \/>\n<meta property=\"og:description\" content=\"Couteau de chef Kiritsuke de Yaxell avec une longueur de lame de 20 cm. Le couteau de chef Karitsuke est un m\u00e9lange entre un Santoku et un couteau de\" \/>\n<meta property=\"og:url\" content=\"https:\/\/www.erresse-shop.it\/fr\/shop\/cuisine\/couteaux\/yaxell-super-gou-ypsilon-couteau-de-kiritsuke-20-cm\/\" \/>\n<meta property=\"og:site_name\" content=\"Erresse Shop\" \/>\n<meta property=\"article:modified_time\" content=\"2024-02-09T10:34:14+00:00\" \/>\n<meta property=\"og:image\" content=\"https:\/\/www.erresse-shop.it\/wp-content\/uploads\/2024\/02\/yaxell-kiritsuke.jpg\" \/>\n\t<meta property=\"og:image:width\" content=\"800\" \/>\n\t<meta property=\"og:image:height\" content=\"800\" \/>\n\t<meta property=\"og:image:type\" content=\"image\/jpeg\" \/>\n<meta name=\"twitter:card\" content=\"summary_large_image\" \/>\n<script type=\"application\/ld+json\" class=\"yoast-schema-graph\">{\"@context\":\"https:\/\/schema.org\",\"@graph\":[{\"@type\":\"WebPage\",\"@id\":\"https:\/\/www.erresse-shop.it\/fr\/shop\/cuisine\/couteaux\/yaxell-super-gou-ypsilon-couteau-de-kiritsuke-20-cm\/\",\"url\":\"https:\/\/www.erresse-shop.it\/fr\/shop\/cuisine\/couteaux\/yaxell-super-gou-ypsilon-couteau-de-kiritsuke-20-cm\/\",\"name\":\"YAXELL Super Gou Ypsilon Couteau de Kiritsuke 20 cm - Erresse Shop\",\"isPartOf\":{\"@id\":\"https:\/\/www.erresse-shop.it\/fr\/#website\"},\"datePublished\":\"2024-02-09T10:15:55+00:00\",\"dateModified\":\"2024-02-09T10:34:14+00:00\",\"description\":\"Couteau de chef Kiritsuke de Yaxell avec une longueur de lame de 20 cm. Le couteau de chef Karitsuke est un m\u00e9lange entre un Santoku et un couteau de\",\"breadcrumb\":{\"@id\":\"https:\/\/www.erresse-shop.it\/fr\/shop\/cuisine\/couteaux\/yaxell-super-gou-ypsilon-couteau-de-kiritsuke-20-cm\/#breadcrumb\"},\"inLanguage\":\"fr-FR\",\"potentialAction\":[{\"@type\":\"ReadAction\",\"target\":[\"https:\/\/www.erresse-shop.it\/fr\/shop\/cuisine\/couteaux\/yaxell-super-gou-ypsilon-couteau-de-kiritsuke-20-cm\/\"]}]},{\"@type\":\"BreadcrumbList\",\"@id\":\"https:\/\/www.erresse-shop.it\/fr\/shop\/cuisine\/couteaux\/yaxell-super-gou-ypsilon-couteau-de-kiritsuke-20-cm\/#breadcrumb\",\"itemListElement\":[{\"@type\":\"ListItem\",\"position\":1,\"name\":\"Home\",\"item\":\"https:\/\/www.erresse-shop.it\/fr\/\"},{\"@type\":\"ListItem\",\"position\":2,\"name\":\"Shop\",\"item\":\"https:\/\/www.erresse-shop.it\/fr\/shop\/\"},{\"@type\":\"ListItem\",\"position\":3,\"name\":\"YAXELL Super Gou Ypsilon Couteau de Kiritsuke 20 cm\"}]},{\"@type\":\"WebSite\",\"@id\":\"https:\/\/www.erresse-shop.it\/fr\/#website\",\"url\":\"https:\/\/www.erresse-shop.it\/fr\/\",\"name\":\"Erresse Shop\",\"description\":\"Articoli di qualit\u00e0 per la casa\",\"potentialAction\":[{\"@type\":\"SearchAction\",\"target\":{\"@type\":\"EntryPoint\",\"urlTemplate\":\"https:\/\/www.erresse-shop.it\/fr\/?s={search_term_string}\"},\"query-input\":\"required name=search_term_string\"}],\"inLanguage\":\"fr-FR\"}]}<\/script>\n<!-- \/ Yoast SEO Premium plugin. -->","yoast_head_json":{"title":"YAXELL Super Gou Ypsilon Couteau de Kiritsuke 20 cm - Erresse Shop","description":"Couteau de chef Kiritsuke de Yaxell avec une longueur de lame de 20 cm. Le couteau de chef Karitsuke est un m\u00e9lange entre un Santoku et un couteau de","robots":{"index":"index","follow":"follow","max-snippet":"max-snippet:-1","max-image-preview":"max-image-preview:large","max-video-preview":"max-video-preview:-1"},"canonical":"https:\/\/www.erresse-shop.it\/fr\/shop\/cuisine\/couteaux\/yaxell-super-gou-ypsilon-couteau-de-kiritsuke-20-cm\/","og_locale":"fr_FR","og_type":"article","og_title":"YAXELL Super Gou Ypsilon Couteau de Kiritsuke 20 cm","og_description":"Couteau de chef Kiritsuke de Yaxell avec une longueur de lame de 20 cm. Le couteau de chef Karitsuke est un m\u00e9lange entre un Santoku et un couteau de","og_url":"https:\/\/www.erresse-shop.it\/fr\/shop\/cuisine\/couteaux\/yaxell-super-gou-ypsilon-couteau-de-kiritsuke-20-cm\/","og_site_name":"Erresse Shop","article_modified_time":"2024-02-09T10:34:14+00:00","og_image":[{"width":800,"height":800,"url":"https:\/\/www.erresse-shop.it\/wp-content\/uploads\/2024\/02\/yaxell-kiritsuke.jpg","type":"image\/jpeg"}],"twitter_card":"summary_large_image","schema":{"@context":"https:\/\/schema.org","@graph":[{"@type":"WebPage","@id":"https:\/\/www.erresse-shop.it\/fr\/shop\/cuisine\/couteaux\/yaxell-super-gou-ypsilon-couteau-de-kiritsuke-20-cm\/","url":"https:\/\/www.erresse-shop.it\/fr\/shop\/cuisine\/couteaux\/yaxell-super-gou-ypsilon-couteau-de-kiritsuke-20-cm\/","name":"YAXELL Super Gou Ypsilon Couteau de Kiritsuke 20 cm - Erresse Shop","isPartOf":{"@id":"https:\/\/www.erresse-shop.it\/fr\/#website"},"datePublished":"2024-02-09T10:15:55+00:00","dateModified":"2024-02-09T10:34:14+00:00","description":"Couteau de chef Kiritsuke de Yaxell avec une longueur de lame de 20 cm. Le couteau de chef Karitsuke est un m\u00e9lange entre un Santoku et un couteau de","breadcrumb":{"@id":"https:\/\/www.erresse-shop.it\/fr\/shop\/cuisine\/couteaux\/yaxell-super-gou-ypsilon-couteau-de-kiritsuke-20-cm\/#breadcrumb"},"inLanguage":"fr-FR","potentialAction":[{"@type":"ReadAction","target":["https:\/\/www.erresse-shop.it\/fr\/shop\/cuisine\/couteaux\/yaxell-super-gou-ypsilon-couteau-de-kiritsuke-20-cm\/"]}]},{"@type":"BreadcrumbList","@id":"https:\/\/www.erresse-shop.it\/fr\/shop\/cuisine\/couteaux\/yaxell-super-gou-ypsilon-couteau-de-kiritsuke-20-cm\/#breadcrumb","itemListElement":[{"@type":"ListItem","position":1,"name":"Home","item":"https:\/\/www.erresse-shop.it\/fr\/"},{"@type":"ListItem","position":2,"name":"Shop","item":"https:\/\/www.erresse-shop.it\/fr\/shop\/"},{"@type":"ListItem","position":3,"name":"YAXELL Super Gou Ypsilon Couteau de Kiritsuke 20 cm"}]},{"@type":"WebSite","@id":"https:\/\/www.erresse-shop.it\/fr\/#website","url":"https:\/\/www.erresse-shop.it\/fr\/","name":"Erresse Shop","description":"Articoli di qualit\u00e0 per la casa","potentialAction":[{"@type":"SearchAction","target":{"@type":"EntryPoint","urlTemplate":"https:\/\/www.erresse-shop.it\/fr\/?s={search_term_string}"},"query-input":"required name=search_term_string"}],"inLanguage":"fr-FR"}]}},"df_price":434.40000000000003,"df_sale_price":434.40000000000003,"df_regular_price":543,"df_image_link":"https:\/\/www.erresse-shop.it\/wp-content\/uploads\/2024\/02\/yaxell-kiritsuke-300x300.jpg","_links":{"self":[{"href":"https:\/\/www.erresse-shop.it\/fr\/wp-json\/wp\/v2\/product\/388026"}],"collection":[{"href":"https:\/\/www.erresse-shop.it\/fr\/wp-json\/wp\/v2\/product"}],"about":[{"href":"https:\/\/www.erresse-shop.it\/fr\/wp-json\/wp\/v2\/types\/product"}],"wp:featuredmedia":[{"embeddable":true,"href":"https:\/\/www.erresse-shop.it\/fr\/wp-json\/wp\/v2\/media\/388037"}],"wp:attachment":[{"href":"https:\/\/www.erresse-shop.it\/fr\/wp-json\/wp\/v2\/media?parent=388026"}],"wp:term":[{"taxonomy":"product_cat","embeddable":true,"href":"https:\/\/www.erresse-shop.it\/fr\/wp-json\/wp\/v2\/product_cat?post=388026"},{"taxonomy":"product_tag","embeddable":true,"href":"https:\/\/www.erresse-shop.it\/fr\/wp-json\/wp\/v2\/product_tag?post=388026"}],"curies":[{"name":"wp","href":"https:\/\/api.w.org\/{rel}","templated":true}]}}