{"id":387991,"date":"2024-02-09T09:51:34","date_gmt":"2024-02-09T09:51:40","guid":{"rendered":"https:\/\/www.erresse-shop.it\/?post_type=product&#038;p=387991"},"modified":"2024-06-11T00:02:36","modified_gmt":"2024-06-11T00:02:36","slug":"yaxell-zen-couteau-de-chef-24-cm","status":"publish","type":"product","link":"https:\/\/www.erresse-shop.it\/fr\/shop\/cuisine\/couteaux\/yaxell-zen-couteau-de-chef-24-cm\/","title":{"rendered":"YAXELL Zen Couteau de Chef 24 cm"},"content":{"rendered":"<p>Le couteau de chef Yaxell Zen 24 cm est un couteau de cuisine japonais pratique et \u00e9l\u00e9gant. La lame martel\u00e9e est suffisamment grande pour effectuer presque toutes les t\u00e2ches de coupe quotidiennes dans la cuisine. Cependant, le couteau est facile \u00e0 utiliser gr\u00e2ce \u00e0 son bon \u00e9quilibre et \u00e0 son tranchant de rasoir. Ce couteau de chef est id\u00e9al pour toutes sortes de l\u00e9gumes, de viandes et de poissons.<\/p>\n<p>Caract\u00e9ristiques techniques<br \/>\nHauteur de la lame 4,9 cm<br \/>\nLongueur de la lame 24 cm<br \/>\nLongueur totale 37 cm<br \/>\nPoids 245 g<\/p>\n<p><strong>Fabriqu\u00e9 au Japon<\/strong><\/p>\n","protected":false},"excerpt":{"rendered":"<p>Le couteau de chef Yaxell Zen 24 cm est un couteau de cuisine japonais pratique et \u00e9l\u00e9gant. La lame martel\u00e9e<\/p>\n","protected":false},"featured_media":387342,"template":"","meta":{"_acf_changed":false,"inline_featured_image":false},"product_cat":[12742,14452,12748],"product_tag":[12838,12839,21623],"acf":[],"yoast_head":"<!-- This site is optimized with the Yoast SEO Premium plugin v18.6 (Yoast SEO v19.13) - https:\/\/yoast.com\/wordpress\/plugins\/seo\/ -->\n<title>YAXELL Zen Couteau de Chef 24 cm - Erresse Shop<\/title>\n<meta name=\"description\" content=\"Le couteau de chef Yaxell Zen 24 cm est un couteau de cuisine japonais pratique et \u00e9l\u00e9gant. La lame martel\u00e9e est suffisamment grande pour effectuer\" \/>\n<meta name=\"robots\" content=\"index, follow, max-snippet:-1, max-image-preview:large, max-video-preview:-1\" \/>\n<link rel=\"canonical\" href=\"https:\/\/www.erresse-shop.it\/fr\/shop\/cuisine\/couteaux\/yaxell-zen-couteau-de-chef-24-cm\/\" \/>\n<meta property=\"og:locale\" content=\"fr_FR\" \/>\n<meta property=\"og:type\" content=\"article\" \/>\n<meta property=\"og:title\" content=\"YAXELL Zen Couteau de Chef 24 cm\" \/>\n<meta property=\"og:description\" content=\"Le couteau de chef Yaxell Zen 24 cm est un couteau de cuisine japonais pratique et \u00e9l\u00e9gant. La lame martel\u00e9e est suffisamment grande pour effectuer\" \/>\n<meta property=\"og:url\" content=\"https:\/\/www.erresse-shop.it\/fr\/shop\/cuisine\/couteaux\/yaxell-zen-couteau-de-chef-24-cm\/\" \/>\n<meta property=\"og:site_name\" content=\"Erresse Shop\" \/>\n<meta property=\"article:modified_time\" content=\"2024-06-11T00:02:36+00:00\" \/>\n<meta property=\"og:image\" content=\"https:\/\/www.erresse-shop.it\/wp-content\/uploads\/2024\/02\/yaxell-zan-35500.jpg\" \/>\n\t<meta property=\"og:image:width\" content=\"800\" \/>\n\t<meta property=\"og:image:height\" content=\"800\" \/>\n\t<meta property=\"og:image:type\" content=\"image\/jpeg\" \/>\n<meta name=\"twitter:card\" content=\"summary_large_image\" \/>\n<script type=\"application\/ld+json\" class=\"yoast-schema-graph\">{\"@context\":\"https:\/\/schema.org\",\"@graph\":[{\"@type\":\"WebPage\",\"@id\":\"https:\/\/www.erresse-shop.it\/fr\/shop\/cuisine\/couteaux\/yaxell-zen-couteau-de-chef-24-cm\/\",\"url\":\"https:\/\/www.erresse-shop.it\/fr\/shop\/cuisine\/couteaux\/yaxell-zen-couteau-de-chef-24-cm\/\",\"name\":\"YAXELL Zen Couteau de Chef 24 cm - Erresse Shop\",\"isPartOf\":{\"@id\":\"https:\/\/www.erresse-shop.it\/fr\/#website\"},\"datePublished\":\"2024-02-09T09:51:40+00:00\",\"dateModified\":\"2024-06-11T00:02:36+00:00\",\"description\":\"Le couteau de chef Yaxell Zen 24 cm est un couteau de cuisine japonais pratique et \u00e9l\u00e9gant. La lame martel\u00e9e est suffisamment grande pour effectuer\",\"breadcrumb\":{\"@id\":\"https:\/\/www.erresse-shop.it\/fr\/shop\/cuisine\/couteaux\/yaxell-zen-couteau-de-chef-24-cm\/#breadcrumb\"},\"inLanguage\":\"fr-FR\",\"potentialAction\":[{\"@type\":\"ReadAction\",\"target\":[\"https:\/\/www.erresse-shop.it\/fr\/shop\/cuisine\/couteaux\/yaxell-zen-couteau-de-chef-24-cm\/\"]}]},{\"@type\":\"BreadcrumbList\",\"@id\":\"https:\/\/www.erresse-shop.it\/fr\/shop\/cuisine\/couteaux\/yaxell-zen-couteau-de-chef-24-cm\/#breadcrumb\",\"itemListElement\":[{\"@type\":\"ListItem\",\"position\":1,\"name\":\"Home\",\"item\":\"https:\/\/www.erresse-shop.it\/fr\/\"},{\"@type\":\"ListItem\",\"position\":2,\"name\":\"Shop\",\"item\":\"https:\/\/www.erresse-shop.it\/fr\/shop\/\"},{\"@type\":\"ListItem\",\"position\":3,\"name\":\"YAXELL Zen Couteau de Chef 24 cm\"}]},{\"@type\":\"WebSite\",\"@id\":\"https:\/\/www.erresse-shop.it\/fr\/#website\",\"url\":\"https:\/\/www.erresse-shop.it\/fr\/\",\"name\":\"Erresse Shop\",\"description\":\"Articoli di qualit\u00e0 per la casa\",\"potentialAction\":[{\"@type\":\"SearchAction\",\"target\":{\"@type\":\"EntryPoint\",\"urlTemplate\":\"https:\/\/www.erresse-shop.it\/fr\/?s={search_term_string}\"},\"query-input\":\"required name=search_term_string\"}],\"inLanguage\":\"fr-FR\"}]}<\/script>\n<!-- \/ Yoast SEO Premium plugin. -->","yoast_head_json":{"title":"YAXELL Zen Couteau de Chef 24 cm - Erresse Shop","description":"Le couteau de chef Yaxell Zen 24 cm est un couteau de cuisine japonais pratique et \u00e9l\u00e9gant. La lame martel\u00e9e est suffisamment grande pour effectuer","robots":{"index":"index","follow":"follow","max-snippet":"max-snippet:-1","max-image-preview":"max-image-preview:large","max-video-preview":"max-video-preview:-1"},"canonical":"https:\/\/www.erresse-shop.it\/fr\/shop\/cuisine\/couteaux\/yaxell-zen-couteau-de-chef-24-cm\/","og_locale":"fr_FR","og_type":"article","og_title":"YAXELL Zen Couteau de Chef 24 cm","og_description":"Le couteau de chef Yaxell Zen 24 cm est un couteau de cuisine japonais pratique et \u00e9l\u00e9gant. La lame martel\u00e9e est suffisamment grande pour effectuer","og_url":"https:\/\/www.erresse-shop.it\/fr\/shop\/cuisine\/couteaux\/yaxell-zen-couteau-de-chef-24-cm\/","og_site_name":"Erresse Shop","article_modified_time":"2024-06-11T00:02:36+00:00","og_image":[{"width":800,"height":800,"url":"https:\/\/www.erresse-shop.it\/wp-content\/uploads\/2024\/02\/yaxell-zan-35500.jpg","type":"image\/jpeg"}],"twitter_card":"summary_large_image","schema":{"@context":"https:\/\/schema.org","@graph":[{"@type":"WebPage","@id":"https:\/\/www.erresse-shop.it\/fr\/shop\/cuisine\/couteaux\/yaxell-zen-couteau-de-chef-24-cm\/","url":"https:\/\/www.erresse-shop.it\/fr\/shop\/cuisine\/couteaux\/yaxell-zen-couteau-de-chef-24-cm\/","name":"YAXELL Zen Couteau de Chef 24 cm - Erresse Shop","isPartOf":{"@id":"https:\/\/www.erresse-shop.it\/fr\/#website"},"datePublished":"2024-02-09T09:51:40+00:00","dateModified":"2024-06-11T00:02:36+00:00","description":"Le couteau de chef Yaxell Zen 24 cm est un couteau de cuisine japonais pratique et \u00e9l\u00e9gant. La lame martel\u00e9e est suffisamment grande pour effectuer","breadcrumb":{"@id":"https:\/\/www.erresse-shop.it\/fr\/shop\/cuisine\/couteaux\/yaxell-zen-couteau-de-chef-24-cm\/#breadcrumb"},"inLanguage":"fr-FR","potentialAction":[{"@type":"ReadAction","target":["https:\/\/www.erresse-shop.it\/fr\/shop\/cuisine\/couteaux\/yaxell-zen-couteau-de-chef-24-cm\/"]}]},{"@type":"BreadcrumbList","@id":"https:\/\/www.erresse-shop.it\/fr\/shop\/cuisine\/couteaux\/yaxell-zen-couteau-de-chef-24-cm\/#breadcrumb","itemListElement":[{"@type":"ListItem","position":1,"name":"Home","item":"https:\/\/www.erresse-shop.it\/fr\/"},{"@type":"ListItem","position":2,"name":"Shop","item":"https:\/\/www.erresse-shop.it\/fr\/shop\/"},{"@type":"ListItem","position":3,"name":"YAXELL Zen Couteau de Chef 24 cm"}]},{"@type":"WebSite","@id":"https:\/\/www.erresse-shop.it\/fr\/#website","url":"https:\/\/www.erresse-shop.it\/fr\/","name":"Erresse Shop","description":"Articoli di qualit\u00e0 per la casa","potentialAction":[{"@type":"SearchAction","target":{"@type":"EntryPoint","urlTemplate":"https:\/\/www.erresse-shop.it\/fr\/?s={search_term_string}"},"query-input":"required name=search_term_string"}],"inLanguage":"fr-FR"}]}},"df_price":151.20000000000002,"df_sale_price":151.20000000000002,"df_regular_price":189,"df_image_link":"https:\/\/www.erresse-shop.it\/wp-content\/uploads\/2024\/02\/yaxell-zan-35500-300x300.jpg","_links":{"self":[{"href":"https:\/\/www.erresse-shop.it\/fr\/wp-json\/wp\/v2\/product\/387991"}],"collection":[{"href":"https:\/\/www.erresse-shop.it\/fr\/wp-json\/wp\/v2\/product"}],"about":[{"href":"https:\/\/www.erresse-shop.it\/fr\/wp-json\/wp\/v2\/types\/product"}],"wp:featuredmedia":[{"embeddable":true,"href":"https:\/\/www.erresse-shop.it\/fr\/wp-json\/wp\/v2\/media\/387342"}],"wp:attachment":[{"href":"https:\/\/www.erresse-shop.it\/fr\/wp-json\/wp\/v2\/media?parent=387991"}],"wp:term":[{"taxonomy":"product_cat","embeddable":true,"href":"https:\/\/www.erresse-shop.it\/fr\/wp-json\/wp\/v2\/product_cat?post=387991"},{"taxonomy":"product_tag","embeddable":true,"href":"https:\/\/www.erresse-shop.it\/fr\/wp-json\/wp\/v2\/product_tag?post=387991"}],"curies":[{"name":"wp","href":"https:\/\/api.w.org\/{rel}","templated":true}]}}