{"id":387374,"date":"2024-02-08T11:14:35","date_gmt":"2024-02-08T11:14:40","guid":{"rendered":"https:\/\/www.erresse-shop.it\/?post_type=product&#038;p=387374"},"modified":"2024-06-11T00:02:42","modified_gmt":"2024-06-11T00:02:42","slug":"yaxell-zen-couteau-santoku-165-cm","status":"publish","type":"product","link":"https:\/\/www.erresse-shop.it\/fr\/shop\/cuisine\/couteaux\/yaxell-zen-couteau-santoku-165-cm\/","title":{"rendered":"YAXELL Zen Couteau Santoku 16,5 cm"},"content":{"rendered":"<p>Le Santoku Zen 16,5 cm de Yaxell est un couteau de cuisine japonais pratique et \u00e9l\u00e9gant. Les couteaux santoku sont la version japonaise des couteaux de chef. La lame relativement petite est parfaite pour trancher finement la viande, le poisson, les l\u00e9gumes, les oignons, l&#8217;ail et, bien s\u00fbr, diff\u00e9rentes sortes d&#8217;herbes.<\/p>\n<p>Lame Yaxell Zen<br \/>\nLa lame est compos\u00e9e de 37 couches d&#8217;acier damass\u00e9 et d&#8217;un noyau d&#8217;acier japonais VG10 durci \u00e0 61HRC. L&#8217;acier VG10 est connu pour \u00eatre tr\u00e8s dur et peut \u00eatre facilement aiguis\u00e9. L&#8217;effet martel\u00e9 sur la lame est une finition traditionnelle due aux coups de marteau du forgeron lors de la forge de la lame. En plus d&#8217;\u00eatre esth\u00e9tiques, les alv\u00e9oles emp\u00eachent les aliments de coller \u00e0 la lame. L&#8217;acier damass\u00e9 contraste joliment avec les lignes sombres et claires qui courent sur toute la longueur de la lame. Cette combinaison de type d&#8217;acier et de finition permet aux couteaux Yaxell Zen d&#8217;\u00eatre \u00e0 la fois efficaces et esth\u00e9tiques.<\/p>\n<p>Manche du Yaxell Zen<br \/>\nLes manches sont en micarta. Le micarta est un mat\u00e9riau compos\u00e9 de lin, impr\u00e9gn\u00e9 de r\u00e9sine \u00e9poxy. Le micarta est un mat\u00e9riau compos\u00e9 de lin, impr\u00e9gn\u00e9 de r\u00e9sine \u00e9poxy, ce qui lui conf\u00e8re une grande solidit\u00e9, une grande r\u00e9sistance aux situations les plus diverses et une grande r\u00e9sistance \u00e0 l&#8217;eau. Le micarta est connu pour offrir une grande adh\u00e9rence. M\u00eame lorsqu&#8217;il est mouill\u00e9. La forme ovale et ronde du manche offre une prise suffisante, ce qui le rend tr\u00e8s confortable \u00e0 utiliser.<\/p>\n<p>Yaxell : des couteaux de cuisine japonais \u00e0 aimer<br \/>\nDepuis 1932, Yaxell produit des couteaux de cuisine japonais professionnels pour un usage quotidien. Ils le font dans la capitale japonaise du couteau : Seki. Ils y associent des techniques, des conceptions et des mat\u00e9riaux modernes aux connaissances historiques et \u00e0 l&#8217;expertise des fabricants traditionnels de sabres et de couteaux. Yaxell estime qu&#8217;un couteau de cuisine est un \u00e9l\u00e9ment essentiel de votre vie quotidienne. Un couteau de cuisine doit \u00eatre abordable et fiable, mais il doit aussi vous inspirer et vous enthousiasmer. Pour ce faire, Yaxell a introduit quelques collections qui conviennent \u00e0 tous. Les mat\u00e9riaux utilis\u00e9s permettent d&#8217;obtenir un couteau fiable et de qualit\u00e9. Des couteaux que vous aimerez utiliser tous les jours.<\/p>\n<p>Hauteur de la lame 4,5 cm<br \/>\nLongueur de la lame 16,5 cm<br \/>\nLongueur totale 30 cm<br \/>\nPoids 210 g<\/p>\n<p><strong>Fabriqu\u00e9 au Japon<\/strong><\/p>\n","protected":false},"excerpt":{"rendered":"<p>Le Santoku Zen 16,5 cm de Yaxell est un couteau de cuisine japonais pratique et \u00e9l\u00e9gant. Les couteaux santoku sont<\/p>\n","protected":false},"featured_media":387385,"template":"","meta":{"_acf_changed":false,"inline_featured_image":false},"product_cat":[12742,14452,12748],"product_tag":[12838,12839,18702,15801,21623,13624],"acf":[],"yoast_head":"<!-- This site is optimized with the Yoast SEO Premium plugin v18.6 (Yoast SEO v19.13) - https:\/\/yoast.com\/wordpress\/plugins\/seo\/ -->\n<title>YAXELL Zen Couteau Santoku 16,5 cm - Erresse Shop<\/title>\n<meta name=\"description\" content=\"Le Santoku Zen 16,5 cm de Yaxell est un couteau de cuisine japonais pratique et \u00e9l\u00e9gant. Les couteaux santoku sont la version japonaise des couteaux de\" \/>\n<meta name=\"robots\" content=\"index, follow, max-snippet:-1, max-image-preview:large, max-video-preview:-1\" \/>\n<link rel=\"canonical\" href=\"https:\/\/www.erresse-shop.it\/fr\/shop\/cuisine\/couteaux\/yaxell-zen-couteau-santoku-165-cm\/\" \/>\n<meta property=\"og:locale\" content=\"fr_FR\" \/>\n<meta property=\"og:type\" content=\"article\" \/>\n<meta property=\"og:title\" content=\"YAXELL Zen Couteau Santoku 16,5 cm\" \/>\n<meta property=\"og:description\" content=\"Le Santoku Zen 16,5 cm de Yaxell est un couteau de cuisine japonais pratique et \u00e9l\u00e9gant. Les couteaux santoku sont la version japonaise des couteaux de\" \/>\n<meta property=\"og:url\" content=\"https:\/\/www.erresse-shop.it\/fr\/shop\/cuisine\/couteaux\/yaxell-zen-couteau-santoku-165-cm\/\" \/>\n<meta property=\"og:site_name\" content=\"Erresse Shop\" \/>\n<meta property=\"article:modified_time\" content=\"2024-06-11T00:02:42+00:00\" \/>\n<meta property=\"og:image\" content=\"https:\/\/www.erresse-shop.it\/wp-content\/uploads\/2024\/02\/yaxell-zan-35501-1.jpg\" \/>\n\t<meta property=\"og:image:width\" content=\"800\" \/>\n\t<meta property=\"og:image:height\" content=\"800\" \/>\n\t<meta property=\"og:image:type\" content=\"image\/jpeg\" \/>\n<meta name=\"twitter:card\" content=\"summary_large_image\" \/>\n<script type=\"application\/ld+json\" class=\"yoast-schema-graph\">{\"@context\":\"https:\/\/schema.org\",\"@graph\":[{\"@type\":\"WebPage\",\"@id\":\"https:\/\/www.erresse-shop.it\/fr\/shop\/cuisine\/couteaux\/yaxell-zen-couteau-santoku-165-cm\/\",\"url\":\"https:\/\/www.erresse-shop.it\/fr\/shop\/cuisine\/couteaux\/yaxell-zen-couteau-santoku-165-cm\/\",\"name\":\"YAXELL Zen Couteau Santoku 16,5 cm - Erresse Shop\",\"isPartOf\":{\"@id\":\"https:\/\/www.erresse-shop.it\/fr\/#website\"},\"datePublished\":\"2024-02-08T11:14:40+00:00\",\"dateModified\":\"2024-06-11T00:02:42+00:00\",\"description\":\"Le Santoku Zen 16,5 cm de Yaxell est un couteau de cuisine japonais pratique et \u00e9l\u00e9gant. Les couteaux santoku sont la version japonaise des couteaux de\",\"breadcrumb\":{\"@id\":\"https:\/\/www.erresse-shop.it\/fr\/shop\/cuisine\/couteaux\/yaxell-zen-couteau-santoku-165-cm\/#breadcrumb\"},\"inLanguage\":\"fr-FR\",\"potentialAction\":[{\"@type\":\"ReadAction\",\"target\":[\"https:\/\/www.erresse-shop.it\/fr\/shop\/cuisine\/couteaux\/yaxell-zen-couteau-santoku-165-cm\/\"]}]},{\"@type\":\"BreadcrumbList\",\"@id\":\"https:\/\/www.erresse-shop.it\/fr\/shop\/cuisine\/couteaux\/yaxell-zen-couteau-santoku-165-cm\/#breadcrumb\",\"itemListElement\":[{\"@type\":\"ListItem\",\"position\":1,\"name\":\"Home\",\"item\":\"https:\/\/www.erresse-shop.it\/fr\/\"},{\"@type\":\"ListItem\",\"position\":2,\"name\":\"Shop\",\"item\":\"https:\/\/www.erresse-shop.it\/fr\/shop\/\"},{\"@type\":\"ListItem\",\"position\":3,\"name\":\"YAXELL Zen Couteau Santoku 16,5 cm\"}]},{\"@type\":\"WebSite\",\"@id\":\"https:\/\/www.erresse-shop.it\/fr\/#website\",\"url\":\"https:\/\/www.erresse-shop.it\/fr\/\",\"name\":\"Erresse Shop\",\"description\":\"Articoli di qualit\u00e0 per la casa\",\"potentialAction\":[{\"@type\":\"SearchAction\",\"target\":{\"@type\":\"EntryPoint\",\"urlTemplate\":\"https:\/\/www.erresse-shop.it\/fr\/?s={search_term_string}\"},\"query-input\":\"required name=search_term_string\"}],\"inLanguage\":\"fr-FR\"}]}<\/script>\n<!-- \/ Yoast SEO Premium plugin. -->","yoast_head_json":{"title":"YAXELL Zen Couteau Santoku 16,5 cm - Erresse Shop","description":"Le Santoku Zen 16,5 cm de Yaxell est un couteau de cuisine japonais pratique et \u00e9l\u00e9gant. Les couteaux santoku sont la version japonaise des couteaux de","robots":{"index":"index","follow":"follow","max-snippet":"max-snippet:-1","max-image-preview":"max-image-preview:large","max-video-preview":"max-video-preview:-1"},"canonical":"https:\/\/www.erresse-shop.it\/fr\/shop\/cuisine\/couteaux\/yaxell-zen-couteau-santoku-165-cm\/","og_locale":"fr_FR","og_type":"article","og_title":"YAXELL Zen Couteau Santoku 16,5 cm","og_description":"Le Santoku Zen 16,5 cm de Yaxell est un couteau de cuisine japonais pratique et \u00e9l\u00e9gant. Les couteaux santoku sont la version japonaise des couteaux de","og_url":"https:\/\/www.erresse-shop.it\/fr\/shop\/cuisine\/couteaux\/yaxell-zen-couteau-santoku-165-cm\/","og_site_name":"Erresse Shop","article_modified_time":"2024-06-11T00:02:42+00:00","og_image":[{"width":800,"height":800,"url":"https:\/\/www.erresse-shop.it\/wp-content\/uploads\/2024\/02\/yaxell-zan-35501-1.jpg","type":"image\/jpeg"}],"twitter_card":"summary_large_image","schema":{"@context":"https:\/\/schema.org","@graph":[{"@type":"WebPage","@id":"https:\/\/www.erresse-shop.it\/fr\/shop\/cuisine\/couteaux\/yaxell-zen-couteau-santoku-165-cm\/","url":"https:\/\/www.erresse-shop.it\/fr\/shop\/cuisine\/couteaux\/yaxell-zen-couteau-santoku-165-cm\/","name":"YAXELL Zen Couteau Santoku 16,5 cm - Erresse Shop","isPartOf":{"@id":"https:\/\/www.erresse-shop.it\/fr\/#website"},"datePublished":"2024-02-08T11:14:40+00:00","dateModified":"2024-06-11T00:02:42+00:00","description":"Le Santoku Zen 16,5 cm de Yaxell est un couteau de cuisine japonais pratique et \u00e9l\u00e9gant. Les couteaux santoku sont la version japonaise des couteaux de","breadcrumb":{"@id":"https:\/\/www.erresse-shop.it\/fr\/shop\/cuisine\/couteaux\/yaxell-zen-couteau-santoku-165-cm\/#breadcrumb"},"inLanguage":"fr-FR","potentialAction":[{"@type":"ReadAction","target":["https:\/\/www.erresse-shop.it\/fr\/shop\/cuisine\/couteaux\/yaxell-zen-couteau-santoku-165-cm\/"]}]},{"@type":"BreadcrumbList","@id":"https:\/\/www.erresse-shop.it\/fr\/shop\/cuisine\/couteaux\/yaxell-zen-couteau-santoku-165-cm\/#breadcrumb","itemListElement":[{"@type":"ListItem","position":1,"name":"Home","item":"https:\/\/www.erresse-shop.it\/fr\/"},{"@type":"ListItem","position":2,"name":"Shop","item":"https:\/\/www.erresse-shop.it\/fr\/shop\/"},{"@type":"ListItem","position":3,"name":"YAXELL Zen Couteau Santoku 16,5 cm"}]},{"@type":"WebSite","@id":"https:\/\/www.erresse-shop.it\/fr\/#website","url":"https:\/\/www.erresse-shop.it\/fr\/","name":"Erresse Shop","description":"Articoli di qualit\u00e0 per la casa","potentialAction":[{"@type":"SearchAction","target":{"@type":"EntryPoint","urlTemplate":"https:\/\/www.erresse-shop.it\/fr\/?s={search_term_string}"},"query-input":"required name=search_term_string"}],"inLanguage":"fr-FR"}]}},"df_price":127.19200000000001,"df_sale_price":127.19200000000001,"df_regular_price":158.99,"df_image_link":"https:\/\/www.erresse-shop.it\/wp-content\/uploads\/2024\/02\/yaxell-zan-35501-1-300x300.jpg","_links":{"self":[{"href":"https:\/\/www.erresse-shop.it\/fr\/wp-json\/wp\/v2\/product\/387374"}],"collection":[{"href":"https:\/\/www.erresse-shop.it\/fr\/wp-json\/wp\/v2\/product"}],"about":[{"href":"https:\/\/www.erresse-shop.it\/fr\/wp-json\/wp\/v2\/types\/product"}],"wp:featuredmedia":[{"embeddable":true,"href":"https:\/\/www.erresse-shop.it\/fr\/wp-json\/wp\/v2\/media\/387385"}],"wp:attachment":[{"href":"https:\/\/www.erresse-shop.it\/fr\/wp-json\/wp\/v2\/media?parent=387374"}],"wp:term":[{"taxonomy":"product_cat","embeddable":true,"href":"https:\/\/www.erresse-shop.it\/fr\/wp-json\/wp\/v2\/product_cat?post=387374"},{"taxonomy":"product_tag","embeddable":true,"href":"https:\/\/www.erresse-shop.it\/fr\/wp-json\/wp\/v2\/product_tag?post=387374"}],"curies":[{"name":"wp","href":"https:\/\/api.w.org\/{rel}","templated":true}]}}