{"id":385510,"date":"2024-02-02T09:09:32","date_gmt":"2024-02-02T09:09:38","guid":{"rendered":"https:\/\/www.erresse-shop.it\/?post_type=product&#038;p=385510"},"modified":"2024-11-18T15:08:13","modified_gmt":"2024-11-18T15:08:13","slug":"le-creuset-poele-a-frire-evolution-double-bec-26-cm-rhone","status":"publish","type":"product","link":"https:\/\/www.erresse-shop.it\/fr\/shop\/poeles-pots\/poeles\/le-creuset-poele-a-frire-evolution-double-bec-26-cm-rhone\/","title":{"rendered":"LE CREUSET Po\u00eale \u00e0 frire Evolution Double Bec 26 cm Garnet"},"content":{"rendered":"<p>M\u00eame fonction que la po\u00eale \u00e0 double bec classique en fonte \u00e9maill\u00e9e de Le Creuset, mais avec en prime des bords plus hauts. Gr\u00e2ce \u00e0 sa conception am\u00e9lior\u00e9e, la casserole profonde \u00e0 double bec maintient les \u00e9claboussures d&#8217;huiles et de graisses de cuisson \u00e0 distance et aide \u00e0 garder l&#8217;espace de travail propre. En outre, la conception \u00e0 deux becs sur le bord vous permet d&#8217;\u00e9vacuer facilement les graisses et les liquides en exc\u00e8s sans avoir besoin d&#8217;outils ou autre. Essayez-le pour vos recettes de l\u00e9gumes ou de viande sur le gril, il vous surprendra.<\/p>\n<p>Optez pour une cuisine saine et pauvre en graisses : cette po\u00eale ne n\u00e9cessite qu&#8217;un peu d&#8217;huile ! Les po\u00eales Le Creuset sont parfaites pour r\u00f4tir la viande, le poulet et les l\u00e9gumes en pr\u00e9servant toute leur saveur. Ils sont extr\u00eamement pratiques et peuvent \u00eatre utilis\u00e9s au four et sur le barbecue. Notre c\u00e9l\u00e8bre gamme de fonte \u00e9maill\u00e9e permet une distribution et une r\u00e9tention parfaites de la chaleur. Le rev\u00eatement int\u00e9rieur en \u00e9mail noir est durable, hygi\u00e9nique et facile \u00e0 nettoyer. Essayez-le et les r\u00e9sultats vous surprendront.<\/p>\n<p>Caract\u00e9ristiques de la fonte \u00e9maill\u00e9e :<\/p>\n<p>&#8211; R\u00e9partition uniforme de la chaleur, sans zones de surchauffe.<br \/>\n&#8211; Excellente r\u00e9tention de la chaleur.<br \/>\n&#8211; Poign\u00e9es con\u00e7ues pour une excellente prise en main.<br \/>\n&#8211; Surfaces int\u00e9rieures et ext\u00e9rieures \u00e9maill\u00e9es. N&#8217;absorbe pas l&#8217;humidit\u00e9, le go\u00fbt ou l&#8217;odeur des aliments.<br \/>\n&#8211; Compatible avec toutes les sources de chaleur, y compris l&#8217;induction.<br \/>\n&#8211; Facile \u00e0 nettoyer.<br \/>\n&#8211; Durabilit\u00e9 exceptionnelle.<br \/>\n&#8211; Garantie \u00e0 vie.<\/p>\n<p>Profondeur : 3,6 cm<\/p>\n<p><a href=\"https:\/\/www.youtube.com\/watch?v=HDOljJrHsg0\" target=\"_blank\" rel=\"noopener\">See Movie 1<\/a><br \/>\n<a href=\"https:\/\/www.youtube.com\/watch?v=ro9F2zRA4gE\" target=\"_blank\" rel=\"noopener\">See Movie 2<\/a><\/p>\n","protected":false},"excerpt":{"rendered":"<p>M\u00eame fonction que la po\u00eale \u00e0 double bec classique en fonte \u00e9maill\u00e9e de Le Creuset, mais avec en prime des<\/p>\n","protected":false},"featured_media":385514,"template":"","meta":{"_acf_changed":false,"inline_featured_image":false},"product_cat":[12458,14802],"product_tag":[12994,12460,12461,13178,24391],"acf":[],"yoast_head":"<!-- This site is optimized with the Yoast SEO Premium plugin v18.6 (Yoast SEO v19.13) - https:\/\/yoast.com\/wordpress\/plugins\/seo\/ -->\n<title>LE CREUSET Po\u00eale \u00e0 frire Evolution Double Bec 26 cm Garnet - Erresse Shop<\/title>\n<meta name=\"description\" content=\"M\u00eame fonction que la po\u00eale \u00e0 double bec classique en fonte \u00e9maill\u00e9e de Le Creuset, mais avec en prime des bords plus hauts. Gr\u00e2ce \u00e0 sa conception\" \/>\n<meta name=\"robots\" content=\"index, follow, max-snippet:-1, max-image-preview:large, max-video-preview:-1\" \/>\n<link rel=\"canonical\" href=\"https:\/\/www.erresse-shop.it\/fr\/shop\/poeles-pots\/poeles\/le-creuset-poele-a-frire-evolution-double-bec-26-cm-rhone\/\" \/>\n<meta property=\"og:locale\" content=\"fr_FR\" \/>\n<meta property=\"og:type\" content=\"article\" \/>\n<meta property=\"og:title\" content=\"LE CREUSET Po\u00eale \u00e0 frire Evolution Double Bec 26 cm Garnet\" \/>\n<meta property=\"og:description\" content=\"M\u00eame fonction que la po\u00eale \u00e0 double bec classique en fonte \u00e9maill\u00e9e de Le Creuset, mais avec en prime des bords plus hauts. Gr\u00e2ce \u00e0 sa conception\" \/>\n<meta property=\"og:url\" content=\"https:\/\/www.erresse-shop.it\/fr\/shop\/poeles-pots\/poeles\/le-creuset-poele-a-frire-evolution-double-bec-26-cm-rhone\/\" \/>\n<meta property=\"og:site_name\" content=\"Erresse Shop\" \/>\n<meta property=\"article:modified_time\" content=\"2024-11-18T15:08:13+00:00\" \/>\n<meta property=\"og:image\" content=\"https:\/\/www.erresse-shop.it\/wp-content\/uploads\/2024\/02\/le-creuset-doppio-becco.jpg\" \/>\n\t<meta property=\"og:image:width\" content=\"800\" \/>\n\t<meta property=\"og:image:height\" content=\"800\" \/>\n\t<meta property=\"og:image:type\" content=\"image\/jpeg\" \/>\n<meta name=\"twitter:card\" content=\"summary_large_image\" \/>\n<script type=\"application\/ld+json\" class=\"yoast-schema-graph\">{\"@context\":\"https:\/\/schema.org\",\"@graph\":[{\"@type\":\"WebPage\",\"@id\":\"https:\/\/www.erresse-shop.it\/fr\/shop\/poeles-pots\/poeles\/le-creuset-poele-a-frire-evolution-double-bec-26-cm-rhone\/\",\"url\":\"https:\/\/www.erresse-shop.it\/fr\/shop\/poeles-pots\/poeles\/le-creuset-poele-a-frire-evolution-double-bec-26-cm-rhone\/\",\"name\":\"LE CREUSET Po\u00eale \u00e0 frire Evolution Double Bec 26 cm Garnet - Erresse Shop\",\"isPartOf\":{\"@id\":\"https:\/\/www.erresse-shop.it\/fr\/#website\"},\"datePublished\":\"2024-02-02T09:09:38+00:00\",\"dateModified\":\"2024-11-18T15:08:13+00:00\",\"description\":\"M\u00eame fonction que la po\u00eale \u00e0 double bec classique en fonte \u00e9maill\u00e9e de Le Creuset, mais avec en prime des bords plus hauts. Gr\u00e2ce \u00e0 sa conception\",\"breadcrumb\":{\"@id\":\"https:\/\/www.erresse-shop.it\/fr\/shop\/poeles-pots\/poeles\/le-creuset-poele-a-frire-evolution-double-bec-26-cm-rhone\/#breadcrumb\"},\"inLanguage\":\"fr-FR\",\"potentialAction\":[{\"@type\":\"ReadAction\",\"target\":[\"https:\/\/www.erresse-shop.it\/fr\/shop\/poeles-pots\/poeles\/le-creuset-poele-a-frire-evolution-double-bec-26-cm-rhone\/\"]}]},{\"@type\":\"BreadcrumbList\",\"@id\":\"https:\/\/www.erresse-shop.it\/fr\/shop\/poeles-pots\/poeles\/le-creuset-poele-a-frire-evolution-double-bec-26-cm-rhone\/#breadcrumb\",\"itemListElement\":[{\"@type\":\"ListItem\",\"position\":1,\"name\":\"Home\",\"item\":\"https:\/\/www.erresse-shop.it\/fr\/\"},{\"@type\":\"ListItem\",\"position\":2,\"name\":\"Shop\",\"item\":\"https:\/\/www.erresse-shop.it\/fr\/shop\/\"},{\"@type\":\"ListItem\",\"position\":3,\"name\":\"LE CREUSET Po\u00eale \u00e0 frire Evolution Double Bec 26 cm Garnet\"}]},{\"@type\":\"WebSite\",\"@id\":\"https:\/\/www.erresse-shop.it\/fr\/#website\",\"url\":\"https:\/\/www.erresse-shop.it\/fr\/\",\"name\":\"Erresse Shop\",\"description\":\"Articoli di qualit\u00e0 per la casa\",\"potentialAction\":[{\"@type\":\"SearchAction\",\"target\":{\"@type\":\"EntryPoint\",\"urlTemplate\":\"https:\/\/www.erresse-shop.it\/fr\/?s={search_term_string}\"},\"query-input\":\"required name=search_term_string\"}],\"inLanguage\":\"fr-FR\"}]}<\/script>\n<!-- \/ Yoast SEO Premium plugin. -->","yoast_head_json":{"title":"LE CREUSET Po\u00eale \u00e0 frire Evolution Double Bec 26 cm Garnet - Erresse Shop","description":"M\u00eame fonction que la po\u00eale \u00e0 double bec classique en fonte \u00e9maill\u00e9e de Le Creuset, mais avec en prime des bords plus hauts. Gr\u00e2ce \u00e0 sa conception","robots":{"index":"index","follow":"follow","max-snippet":"max-snippet:-1","max-image-preview":"max-image-preview:large","max-video-preview":"max-video-preview:-1"},"canonical":"https:\/\/www.erresse-shop.it\/fr\/shop\/poeles-pots\/poeles\/le-creuset-poele-a-frire-evolution-double-bec-26-cm-rhone\/","og_locale":"fr_FR","og_type":"article","og_title":"LE CREUSET Po\u00eale \u00e0 frire Evolution Double Bec 26 cm Garnet","og_description":"M\u00eame fonction que la po\u00eale \u00e0 double bec classique en fonte \u00e9maill\u00e9e de Le Creuset, mais avec en prime des bords plus hauts. Gr\u00e2ce \u00e0 sa conception","og_url":"https:\/\/www.erresse-shop.it\/fr\/shop\/poeles-pots\/poeles\/le-creuset-poele-a-frire-evolution-double-bec-26-cm-rhone\/","og_site_name":"Erresse Shop","article_modified_time":"2024-11-18T15:08:13+00:00","og_image":[{"width":800,"height":800,"url":"https:\/\/www.erresse-shop.it\/wp-content\/uploads\/2024\/02\/le-creuset-doppio-becco.jpg","type":"image\/jpeg"}],"twitter_card":"summary_large_image","schema":{"@context":"https:\/\/schema.org","@graph":[{"@type":"WebPage","@id":"https:\/\/www.erresse-shop.it\/fr\/shop\/poeles-pots\/poeles\/le-creuset-poele-a-frire-evolution-double-bec-26-cm-rhone\/","url":"https:\/\/www.erresse-shop.it\/fr\/shop\/poeles-pots\/poeles\/le-creuset-poele-a-frire-evolution-double-bec-26-cm-rhone\/","name":"LE CREUSET Po\u00eale \u00e0 frire Evolution Double Bec 26 cm Garnet - Erresse Shop","isPartOf":{"@id":"https:\/\/www.erresse-shop.it\/fr\/#website"},"datePublished":"2024-02-02T09:09:38+00:00","dateModified":"2024-11-18T15:08:13+00:00","description":"M\u00eame fonction que la po\u00eale \u00e0 double bec classique en fonte \u00e9maill\u00e9e de Le Creuset, mais avec en prime des bords plus hauts. Gr\u00e2ce \u00e0 sa conception","breadcrumb":{"@id":"https:\/\/www.erresse-shop.it\/fr\/shop\/poeles-pots\/poeles\/le-creuset-poele-a-frire-evolution-double-bec-26-cm-rhone\/#breadcrumb"},"inLanguage":"fr-FR","potentialAction":[{"@type":"ReadAction","target":["https:\/\/www.erresse-shop.it\/fr\/shop\/poeles-pots\/poeles\/le-creuset-poele-a-frire-evolution-double-bec-26-cm-rhone\/"]}]},{"@type":"BreadcrumbList","@id":"https:\/\/www.erresse-shop.it\/fr\/shop\/poeles-pots\/poeles\/le-creuset-poele-a-frire-evolution-double-bec-26-cm-rhone\/#breadcrumb","itemListElement":[{"@type":"ListItem","position":1,"name":"Home","item":"https:\/\/www.erresse-shop.it\/fr\/"},{"@type":"ListItem","position":2,"name":"Shop","item":"https:\/\/www.erresse-shop.it\/fr\/shop\/"},{"@type":"ListItem","position":3,"name":"LE CREUSET Po\u00eale \u00e0 frire Evolution Double Bec 26 cm Garnet"}]},{"@type":"WebSite","@id":"https:\/\/www.erresse-shop.it\/fr\/#website","url":"https:\/\/www.erresse-shop.it\/fr\/","name":"Erresse Shop","description":"Articoli di qualit\u00e0 per la casa","potentialAction":[{"@type":"SearchAction","target":{"@type":"EntryPoint","urlTemplate":"https:\/\/www.erresse-shop.it\/fr\/?s={search_term_string}"},"query-input":"required name=search_term_string"}],"inLanguage":"fr-FR"}]}},"df_price":78.75,"df_sale_price":78.75,"df_regular_price":175,"df_image_link":"https:\/\/www.erresse-shop.it\/wp-content\/uploads\/2024\/02\/le-creuset-doppio-becco-300x300.jpg","_links":{"self":[{"href":"https:\/\/www.erresse-shop.it\/fr\/wp-json\/wp\/v2\/product\/385510"}],"collection":[{"href":"https:\/\/www.erresse-shop.it\/fr\/wp-json\/wp\/v2\/product"}],"about":[{"href":"https:\/\/www.erresse-shop.it\/fr\/wp-json\/wp\/v2\/types\/product"}],"wp:featuredmedia":[{"embeddable":true,"href":"https:\/\/www.erresse-shop.it\/fr\/wp-json\/wp\/v2\/media\/385514"}],"wp:attachment":[{"href":"https:\/\/www.erresse-shop.it\/fr\/wp-json\/wp\/v2\/media?parent=385510"}],"wp:term":[{"taxonomy":"product_cat","embeddable":true,"href":"https:\/\/www.erresse-shop.it\/fr\/wp-json\/wp\/v2\/product_cat?post=385510"},{"taxonomy":"product_tag","embeddable":true,"href":"https:\/\/www.erresse-shop.it\/fr\/wp-json\/wp\/v2\/product_tag?post=385510"}],"curies":[{"name":"wp","href":"https:\/\/api.w.org\/{rel}","templated":true}]}}