{"id":384780,"date":"2024-02-01T08:18:04","date_gmt":"2024-02-01T08:18:08","guid":{"rendered":"https:\/\/www.erresse-shop.it\/?post_type=product&#038;p=384780"},"modified":"2024-02-01T08:33:29","modified_gmt":"2024-02-01T08:33:29","slug":"sambonet-set-36-pieces-monobloc-sintesi","status":"publish","type":"product","link":"https:\/\/www.erresse-shop.it\/fr\/shop\/table-fr-2\/couverts\/sambonet-set-36-pieces-monobloc-sintesi\/","title":{"rendered":"SAMBONET Set 36 pi\u00e8ces Monobloc Sintesi"},"content":{"rendered":"<p>Sintesi met l&#8217;accent sur la l\u00e9g\u00e8ret\u00e9 formelle et s&#8217;efforce d&#8217;apporter \u00e0 la table la synth\u00e8se parfaite de l&#8217;ergonomie, de la polyvalence et de la praticit\u00e9.<br \/>\nChaque couvert est r\u00e9alis\u00e9 en acier inoxydable 18\/10, avec un manche simple, sym\u00e9trique et robuste.<br \/>\nStyle simple et formel, parfait pour la mise en place des occasions sp\u00e9ciales ou pour apporter une touche de l\u00e9g\u00e8ret\u00e9 \u00e0 la table.<br \/>\nService complet pour 6 personnes. Comprend : 6 fourchettes de table, 6 cuill\u00e8res de table, 6 couteaux de table, 6 fourchettes \u00e0 fruits, 6 couteaux \u00e0 fruits et 6 cuill\u00e8res \u00e0 th\u00e9. Peut \u00eatre lav\u00e9 au lave-vaisselle.<br \/>\nLivr\u00e9 dans un \u00e9l\u00e9gant coffret cadeau.<br \/>\nLe polissage \u00e0 effet miroir met en valeur la haute qualit\u00e9 de l&#8217;acier inoxydable, en soulignant la forme et le design. Les surfaces sont polies \u00e0 l&#8217;aide d&#8217;additifs et de brosses m\u00e9caniques de diff\u00e9rents grains et mat\u00e9riaux, qui polissent l&#8217;acier inoxydable jusqu&#8217;\u00e0 ce qu&#8217;il soit tr\u00e8s brillant. L&#8217;objet est enrichi de reflets qui le rendent encore plus pr\u00e9cieux.<\/p>\n<p>Le couteau monobloc est fabriqu\u00e9 en une seule pi\u00e8ce d&#8217;acier. Contrairement au couteau \u00e0 manche creux, qui se compose de deux parties, il n&#8217;y a pas d&#8217;espace entre le manche et la lame, et la prise en main de ce type de couteau procure une agr\u00e9able sensation de lourdeur et de solidit\u00e9.<\/p>\n<p>Le mod\u00e8le Sintesi est la combinaison parfaite du style et de la sophistication. La collection met l&#8217;accent sur la l\u00e9g\u00e8ret\u00e9 formelle, apportant \u00e0 la table la combinaison parfaite d&#8217;ergonomie, de praticit\u00e9 et de polyvalence. Une coutellerie intemporelle, garantie par la qualit\u00e9 et la tradition de Sambonet.<\/p>\n<p><strong>Caract\u00e9ristiques techniques<\/strong><br \/>\nMarque : Sambonet<br \/>\nCollection : Sintesi<br \/>\nMat\u00e9riau : Acier inoxydable<br \/>\nAspect : acier miroir<br \/>\nNum\u00e9ro d&#8217;article : 52536-83<br \/>\nAnn\u00e9e d&#8217;introduction : 2011<br \/>\nNombre de pi\u00e8ces dans le set : 36<br \/>\nNombre de personnes : 6<br \/>\nComposition du service : 6 cuill\u00e8res de table, 6 fourchettes de table, 6 couteaux de table, 6 fourchettes \u00e0 fruits, 6 couteaux \u00e0 fruits, 6 cuill\u00e8res \u00e0 th\u00e9<br \/>\nSp\u00e9cial pour : Toute l&#8217;ann\u00e9e<br \/>\nType de manche : Monobloc<\/p>\n<p>Dimensions de l&#8217;article : 2,71 kg<br \/>\nPoids de l&#8217;article : 2,71 kg<br \/>\nLongueur de l&#8217;emballage : 59,40 cm<br \/>\nLargeur de l&#8217;emballage : 35,50 cm<br \/>\nHauteur de l&#8217;emballage : 5,40 cm<br \/>\nPoids avec l&#8217;emballage : 2,71 kg<br \/>\nVolume de l&#8217;emballage : 11,4000 dm\u00b3<\/p>\n<p>AVANT ET APR\u00c8S CHAQUE UTILISATION : Laver avec des d\u00e9tergents appropri\u00e9s en \u00e9vitant le chlore et les produits de blanchiment, rincer et s\u00e9cher soigneusement. Les ranger ensuite dans un endroit sec. Ne pas utiliser d&#8217;\u00e9ponges ou de chiffons abrasifs. Enlever imm\u00e9diatement les r\u00e9sidus de sel (NaCl), de citron, de vinaigre, de sauces \u00e0 base de tomates, etc. Si vous utilisez un lave-vaisselle, veillez \u00e0 ce que le traitement comprenne un s\u00e9chage et un polissage parfaits et, dans le cas contraire, faites-le manuellement. Les lames de couteaux sont fabriqu\u00e9es en acier inoxydable 420 martensitique tremp\u00e9, ce qui assure la durabilit\u00e9 de l&#8217;aiguisage mais rend le mat\u00e9riau plus sensible aux attaques corrosives. Il est imp\u00e9ratif que les couteaux soient correctement nettoy\u00e9s, lav\u00e9s et s\u00e9ch\u00e9s imm\u00e9diatement apr\u00e8s utilisation.<\/p>\n","protected":false},"excerpt":{"rendered":"<p>Sintesi met l&#8217;accent sur la l\u00e9g\u00e8ret\u00e9 formelle et s&#8217;efforce d&#8217;apporter \u00e0 la table la synth\u00e8se parfaite de l&#8217;ergonomie, de la<\/p>\n","protected":false},"featured_media":384785,"template":"","meta":{"_acf_changed":false,"inline_featured_image":false},"product_cat":[12790,12782],"product_tag":[25086,23690,23660,25021,24428,12856,22641,21821],"acf":[],"yoast_head":"<!-- This site is optimized with the Yoast SEO Premium plugin v18.6 (Yoast SEO v19.13) - https:\/\/yoast.com\/wordpress\/plugins\/seo\/ -->\n<title>SAMBONET Set 36 pi\u00e8ces Monobloc Sintesi - Erresse Shop<\/title>\n<meta name=\"description\" content=\"Sintesi met l&#039;accent sur la l\u00e9g\u00e8ret\u00e9 formelle et s&#039;efforce d&#039;apporter \u00e0 la table la synth\u00e8se parfaite de l&#039;ergonomie, de la polyvalence et de la\" \/>\n<meta name=\"robots\" content=\"index, follow, max-snippet:-1, max-image-preview:large, max-video-preview:-1\" \/>\n<link rel=\"canonical\" href=\"https:\/\/www.erresse-shop.it\/fr\/shop\/table-fr-2\/couverts\/sambonet-set-36-pieces-monobloc-sintesi\/\" \/>\n<meta property=\"og:locale\" content=\"fr_FR\" \/>\n<meta property=\"og:type\" content=\"article\" \/>\n<meta property=\"og:title\" content=\"SAMBONET Set 36 pi\u00e8ces Monobloc Sintesi\" \/>\n<meta property=\"og:description\" content=\"Sintesi met l&#039;accent sur la l\u00e9g\u00e8ret\u00e9 formelle et s&#039;efforce d&#039;apporter \u00e0 la table la synth\u00e8se parfaite de l&#039;ergonomie, de la polyvalence et de la\" \/>\n<meta property=\"og:url\" content=\"https:\/\/www.erresse-shop.it\/fr\/shop\/table-fr-2\/couverts\/sambonet-set-36-pieces-monobloc-sintesi\/\" \/>\n<meta property=\"og:site_name\" content=\"Erresse Shop\" \/>\n<meta property=\"article:modified_time\" content=\"2024-02-01T08:33:29+00:00\" \/>\n<meta property=\"og:image\" content=\"https:\/\/www.erresse-shop.it\/wp-content\/uploads\/2024\/02\/sambonet-servizio-36-pezzi-sintesi.jpg\" \/>\n\t<meta property=\"og:image:width\" content=\"1024\" \/>\n\t<meta property=\"og:image:height\" content=\"1024\" \/>\n\t<meta property=\"og:image:type\" content=\"image\/jpeg\" \/>\n<meta name=\"twitter:card\" content=\"summary_large_image\" \/>\n<script type=\"application\/ld+json\" class=\"yoast-schema-graph\">{\"@context\":\"https:\/\/schema.org\",\"@graph\":[{\"@type\":\"WebPage\",\"@id\":\"https:\/\/www.erresse-shop.it\/fr\/shop\/table-fr-2\/couverts\/sambonet-set-36-pieces-monobloc-sintesi\/\",\"url\":\"https:\/\/www.erresse-shop.it\/fr\/shop\/table-fr-2\/couverts\/sambonet-set-36-pieces-monobloc-sintesi\/\",\"name\":\"SAMBONET Set 36 pi\u00e8ces Monobloc Sintesi - Erresse Shop\",\"isPartOf\":{\"@id\":\"https:\/\/www.erresse-shop.it\/fr\/#website\"},\"datePublished\":\"2024-02-01T08:18:08+00:00\",\"dateModified\":\"2024-02-01T08:33:29+00:00\",\"description\":\"Sintesi met l'accent sur la l\u00e9g\u00e8ret\u00e9 formelle et s'efforce d'apporter \u00e0 la table la synth\u00e8se parfaite de l'ergonomie, de la polyvalence et de la\",\"breadcrumb\":{\"@id\":\"https:\/\/www.erresse-shop.it\/fr\/shop\/table-fr-2\/couverts\/sambonet-set-36-pieces-monobloc-sintesi\/#breadcrumb\"},\"inLanguage\":\"fr-FR\",\"potentialAction\":[{\"@type\":\"ReadAction\",\"target\":[\"https:\/\/www.erresse-shop.it\/fr\/shop\/table-fr-2\/couverts\/sambonet-set-36-pieces-monobloc-sintesi\/\"]}]},{\"@type\":\"BreadcrumbList\",\"@id\":\"https:\/\/www.erresse-shop.it\/fr\/shop\/table-fr-2\/couverts\/sambonet-set-36-pieces-monobloc-sintesi\/#breadcrumb\",\"itemListElement\":[{\"@type\":\"ListItem\",\"position\":1,\"name\":\"Home\",\"item\":\"https:\/\/www.erresse-shop.it\/fr\/\"},{\"@type\":\"ListItem\",\"position\":2,\"name\":\"Shop\",\"item\":\"https:\/\/www.erresse-shop.it\/fr\/shop\/\"},{\"@type\":\"ListItem\",\"position\":3,\"name\":\"SAMBONET Set 36 pi\u00e8ces Monobloc Sintesi\"}]},{\"@type\":\"WebSite\",\"@id\":\"https:\/\/www.erresse-shop.it\/fr\/#website\",\"url\":\"https:\/\/www.erresse-shop.it\/fr\/\",\"name\":\"Erresse Shop\",\"description\":\"Articoli di qualit\u00e0 per la casa\",\"potentialAction\":[{\"@type\":\"SearchAction\",\"target\":{\"@type\":\"EntryPoint\",\"urlTemplate\":\"https:\/\/www.erresse-shop.it\/fr\/?s={search_term_string}\"},\"query-input\":\"required name=search_term_string\"}],\"inLanguage\":\"fr-FR\"}]}<\/script>\n<!-- \/ Yoast SEO Premium plugin. -->","yoast_head_json":{"title":"SAMBONET Set 36 pi\u00e8ces Monobloc Sintesi - Erresse Shop","description":"Sintesi met l'accent sur la l\u00e9g\u00e8ret\u00e9 formelle et s'efforce d'apporter \u00e0 la table la synth\u00e8se parfaite de l'ergonomie, de la polyvalence et de la","robots":{"index":"index","follow":"follow","max-snippet":"max-snippet:-1","max-image-preview":"max-image-preview:large","max-video-preview":"max-video-preview:-1"},"canonical":"https:\/\/www.erresse-shop.it\/fr\/shop\/table-fr-2\/couverts\/sambonet-set-36-pieces-monobloc-sintesi\/","og_locale":"fr_FR","og_type":"article","og_title":"SAMBONET Set 36 pi\u00e8ces Monobloc Sintesi","og_description":"Sintesi met l'accent sur la l\u00e9g\u00e8ret\u00e9 formelle et s'efforce d'apporter \u00e0 la table la synth\u00e8se parfaite de l'ergonomie, de la polyvalence et de la","og_url":"https:\/\/www.erresse-shop.it\/fr\/shop\/table-fr-2\/couverts\/sambonet-set-36-pieces-monobloc-sintesi\/","og_site_name":"Erresse Shop","article_modified_time":"2024-02-01T08:33:29+00:00","og_image":[{"width":1024,"height":1024,"url":"https:\/\/www.erresse-shop.it\/wp-content\/uploads\/2024\/02\/sambonet-servizio-36-pezzi-sintesi.jpg","type":"image\/jpeg"}],"twitter_card":"summary_large_image","schema":{"@context":"https:\/\/schema.org","@graph":[{"@type":"WebPage","@id":"https:\/\/www.erresse-shop.it\/fr\/shop\/table-fr-2\/couverts\/sambonet-set-36-pieces-monobloc-sintesi\/","url":"https:\/\/www.erresse-shop.it\/fr\/shop\/table-fr-2\/couverts\/sambonet-set-36-pieces-monobloc-sintesi\/","name":"SAMBONET Set 36 pi\u00e8ces Monobloc Sintesi - Erresse Shop","isPartOf":{"@id":"https:\/\/www.erresse-shop.it\/fr\/#website"},"datePublished":"2024-02-01T08:18:08+00:00","dateModified":"2024-02-01T08:33:29+00:00","description":"Sintesi met l'accent sur la l\u00e9g\u00e8ret\u00e9 formelle et s'efforce d'apporter \u00e0 la table la synth\u00e8se parfaite de l'ergonomie, de la polyvalence et de la","breadcrumb":{"@id":"https:\/\/www.erresse-shop.it\/fr\/shop\/table-fr-2\/couverts\/sambonet-set-36-pieces-monobloc-sintesi\/#breadcrumb"},"inLanguage":"fr-FR","potentialAction":[{"@type":"ReadAction","target":["https:\/\/www.erresse-shop.it\/fr\/shop\/table-fr-2\/couverts\/sambonet-set-36-pieces-monobloc-sintesi\/"]}]},{"@type":"BreadcrumbList","@id":"https:\/\/www.erresse-shop.it\/fr\/shop\/table-fr-2\/couverts\/sambonet-set-36-pieces-monobloc-sintesi\/#breadcrumb","itemListElement":[{"@type":"ListItem","position":1,"name":"Home","item":"https:\/\/www.erresse-shop.it\/fr\/"},{"@type":"ListItem","position":2,"name":"Shop","item":"https:\/\/www.erresse-shop.it\/fr\/shop\/"},{"@type":"ListItem","position":3,"name":"SAMBONET Set 36 pi\u00e8ces Monobloc Sintesi"}]},{"@type":"WebSite","@id":"https:\/\/www.erresse-shop.it\/fr\/#website","url":"https:\/\/www.erresse-shop.it\/fr\/","name":"Erresse Shop","description":"Articoli di qualit\u00e0 per la casa","potentialAction":[{"@type":"SearchAction","target":{"@type":"EntryPoint","urlTemplate":"https:\/\/www.erresse-shop.it\/fr\/?s={search_term_string}"},"query-input":"required name=search_term_string"}],"inLanguage":"fr-FR"}]}},"df_price":139.59,"df_sale_price":139.59,"df_regular_price":253.8,"df_image_link":"https:\/\/www.erresse-shop.it\/wp-content\/uploads\/2024\/02\/sambonet-servizio-36-pezzi-sintesi-300x300.jpg","_links":{"self":[{"href":"https:\/\/www.erresse-shop.it\/fr\/wp-json\/wp\/v2\/product\/384780"}],"collection":[{"href":"https:\/\/www.erresse-shop.it\/fr\/wp-json\/wp\/v2\/product"}],"about":[{"href":"https:\/\/www.erresse-shop.it\/fr\/wp-json\/wp\/v2\/types\/product"}],"wp:featuredmedia":[{"embeddable":true,"href":"https:\/\/www.erresse-shop.it\/fr\/wp-json\/wp\/v2\/media\/384785"}],"wp:attachment":[{"href":"https:\/\/www.erresse-shop.it\/fr\/wp-json\/wp\/v2\/media?parent=384780"}],"wp:term":[{"taxonomy":"product_cat","embeddable":true,"href":"https:\/\/www.erresse-shop.it\/fr\/wp-json\/wp\/v2\/product_cat?post=384780"},{"taxonomy":"product_tag","embeddable":true,"href":"https:\/\/www.erresse-shop.it\/fr\/wp-json\/wp\/v2\/product_tag?post=384780"}],"curies":[{"name":"wp","href":"https:\/\/api.w.org\/{rel}","templated":true}]}}