{"id":384769,"date":"2024-02-01T08:03:48","date_gmt":"2024-02-01T08:03:53","guid":{"rendered":"https:\/\/www.erresse-shop.it\/?post_type=product&#038;p=384769"},"modified":"2024-02-01T08:14:09","modified_gmt":"2024-02-01T08:14:09","slug":"sambonet-set-de-couverts-30-pieces-siena","status":"publish","type":"product","link":"https:\/\/www.erresse-shop.it\/fr\/shop\/table-fr-2\/couverts\/sambonet-set-de-couverts-30-pieces-siena\/","title":{"rendered":"SAMBONET Set de Couverts 30 Pi\u00e8ces Siena"},"content":{"rendered":"<p><strong>Description des couverts<\/strong><\/p>\n<p>Couverts aux textures uniques sur le march\u00e9.<br \/>\nD\u00e9coration sur les deux faces, cr\u00e9\u00e9e lors du moulage des couverts eux-m\u00eames.<br \/>\nDes d\u00e9tails qui ne sont alt\u00e9r\u00e9s ni par l&#8217;usure ni par le temps.<br \/>\nUne proposition de d\u00e9coration de table pour ceux qui, \u00e0 contre-courant de la tendance, commencent par les couverts et non par l&#8217;assiette.<br \/>\nLe luxe contemporain revisit\u00e9 dans une touche de mode.<br \/>\nR\u00e9alis\u00e9 en acier inoxydable 18\/10 de haute qualit\u00e9, r\u00e9sistant au lave-vaisselle.<br \/>\nSiena renouvelle les surfaces en acier avec un bas-relief sophistiqu\u00e9 qui \u00e9voque de fortes sensations tactiles.<br \/>\nLe polissage \u00e0 effet miroir met en valeur la haute qualit\u00e9 de l&#8217;acier inoxydable, en soulignant la forme et le design. Les surfaces sont polies \u00e0 l&#8217;aide d&#8217;additifs et de brosses m\u00e9caniques de diff\u00e9rents grains et mat\u00e9riaux, qui polissent l&#8217;acier inoxydable jusqu&#8217;\u00e0 ce qu&#8217;il devienne tr\u00e8s brillant. L&#8217;objet est enrichi de reflets qui le rendent encore plus pr\u00e9cieux.<\/p>\n<p>Le couteau monobloc est fabriqu\u00e9 en une seule pi\u00e8ce d&#8217;acier. Contrairement au couteau \u00e0 manche creux, qui se compose de deux parties, il n&#8217;y a pas d&#8217;espace entre le manche et la lame, et une agr\u00e9able sensation de lourdeur et de solidit\u00e9 est ressentie lorsque l&#8217;on tient ce type de couteau.<\/p>\n<p>Des textures tendance inspir\u00e9es des lieux de vacances de r\u00eave et des destinations de la jet-set internationale. Siena se distingue par les reliefs \u00e0 la mode imprim\u00e9s sur tout le corps des couverts, pour une mise en sc\u00e8ne extr\u00eamement raffin\u00e9e.<\/p>\n<p><strong>Sp\u00e9cifications techniques<\/strong><\/p>\n<p>Marque : Sambonet<br \/>\nCollection : Siena<br \/>\nMat\u00e9riau : Acier inoxydable<br \/>\nAspect : Acier miroir<br \/>\nNum\u00e9ro d&#8217;article : 52517-N1<br \/>\nEAN : 8014808401961<br \/>\nAnn\u00e9e d&#8217;introduction : 2021<br \/>\nNombre de pi\u00e8ces dans l&#8217;ensemble : 30<br \/>\nPour combien de personnes : 6<br \/>\nComposition du set : 6 cuill\u00e8res de table, 6 fourchettes de table, 6 couteaux de table, 6 fourchettes \u00e0 dessert, 6 cuill\u00e8res \u00e0 th\u00e9<br \/>\nSp\u00e9cial pour : Toute l&#8217;ann\u00e9e<br \/>\nType de manche : Monobloc<\/p>\n<p><strong>Dimensions de l&#8217;article : 2,49 kg<\/strong><\/p>\n<p>Poids de l&#8217;article : 2,49 kg<br \/>\nLongueur de l&#8217;emballage : 59,40 cm<br \/>\nLargeur de l&#8217;emballage : 35,60 cm<br \/>\nHauteur de l&#8217;emballage : 5,30 cm<br \/>\nPoids avec l&#8217;emballage : 2,49 kg<br \/>\nVolume de l&#8217;emballage : 11,2000 dm\u00b3<\/p>\n<p><strong>Passe au lave-vaisselle, max. 55\u00b0.<\/strong><\/p>\n","protected":false},"excerpt":{"rendered":"<p>Description des couverts Couverts aux textures uniques sur le march\u00e9. D\u00e9coration sur les deux faces, cr\u00e9\u00e9e lors du moulage des<\/p>\n","protected":false},"featured_media":384773,"template":"","meta":{"_acf_changed":false,"inline_featured_image":false},"product_cat":[12790,12782],"product_tag":[23690,17205],"acf":[],"yoast_head":"<!-- This site is optimized with the Yoast SEO Premium plugin v18.6 (Yoast SEO v19.13) - https:\/\/yoast.com\/wordpress\/plugins\/seo\/ -->\n<title>SAMBONET Set de Couverts 30 Pi\u00e8ces Siena - Erresse Shop<\/title>\n<meta name=\"description\" content=\"Description des couverts Couverts aux textures uniques sur le march\u00e9. D\u00e9coration sur les deux faces, cr\u00e9\u00e9e lors du moulage des couverts eux-m\u00eames. Des\" \/>\n<meta name=\"robots\" content=\"index, follow, max-snippet:-1, max-image-preview:large, max-video-preview:-1\" \/>\n<link rel=\"canonical\" href=\"https:\/\/www.erresse-shop.it\/fr\/shop\/table-fr-2\/couverts\/sambonet-set-de-couverts-30-pieces-siena\/\" \/>\n<meta property=\"og:locale\" content=\"fr_FR\" \/>\n<meta property=\"og:type\" content=\"article\" \/>\n<meta property=\"og:title\" content=\"SAMBONET Set de Couverts 30 Pi\u00e8ces Siena\" \/>\n<meta property=\"og:description\" content=\"Description des couverts Couverts aux textures uniques sur le march\u00e9. D\u00e9coration sur les deux faces, cr\u00e9\u00e9e lors du moulage des couverts eux-m\u00eames. Des\" \/>\n<meta property=\"og:url\" content=\"https:\/\/www.erresse-shop.it\/fr\/shop\/table-fr-2\/couverts\/sambonet-set-de-couverts-30-pieces-siena\/\" \/>\n<meta property=\"og:site_name\" content=\"Erresse Shop\" \/>\n<meta property=\"article:modified_time\" content=\"2024-02-01T08:14:09+00:00\" \/>\n<meta property=\"og:image\" content=\"https:\/\/www.erresse-shop.it\/wp-content\/uploads\/2024\/02\/Sambonet-30-pezzi-siena.jpg\" \/>\n\t<meta property=\"og:image:width\" content=\"1024\" \/>\n\t<meta property=\"og:image:height\" content=\"1024\" \/>\n\t<meta property=\"og:image:type\" content=\"image\/jpeg\" \/>\n<meta name=\"twitter:card\" content=\"summary_large_image\" \/>\n<script type=\"application\/ld+json\" class=\"yoast-schema-graph\">{\"@context\":\"https:\/\/schema.org\",\"@graph\":[{\"@type\":\"WebPage\",\"@id\":\"https:\/\/www.erresse-shop.it\/fr\/shop\/table-fr-2\/couverts\/sambonet-set-de-couverts-30-pieces-siena\/\",\"url\":\"https:\/\/www.erresse-shop.it\/fr\/shop\/table-fr-2\/couverts\/sambonet-set-de-couverts-30-pieces-siena\/\",\"name\":\"SAMBONET Set de Couverts 30 Pi\u00e8ces Siena - Erresse Shop\",\"isPartOf\":{\"@id\":\"https:\/\/www.erresse-shop.it\/fr\/#website\"},\"datePublished\":\"2024-02-01T08:03:53+00:00\",\"dateModified\":\"2024-02-01T08:14:09+00:00\",\"description\":\"Description des couverts Couverts aux textures uniques sur le march\u00e9. D\u00e9coration sur les deux faces, cr\u00e9\u00e9e lors du moulage des couverts eux-m\u00eames. Des\",\"breadcrumb\":{\"@id\":\"https:\/\/www.erresse-shop.it\/fr\/shop\/table-fr-2\/couverts\/sambonet-set-de-couverts-30-pieces-siena\/#breadcrumb\"},\"inLanguage\":\"fr-FR\",\"potentialAction\":[{\"@type\":\"ReadAction\",\"target\":[\"https:\/\/www.erresse-shop.it\/fr\/shop\/table-fr-2\/couverts\/sambonet-set-de-couverts-30-pieces-siena\/\"]}]},{\"@type\":\"BreadcrumbList\",\"@id\":\"https:\/\/www.erresse-shop.it\/fr\/shop\/table-fr-2\/couverts\/sambonet-set-de-couverts-30-pieces-siena\/#breadcrumb\",\"itemListElement\":[{\"@type\":\"ListItem\",\"position\":1,\"name\":\"Home\",\"item\":\"https:\/\/www.erresse-shop.it\/fr\/\"},{\"@type\":\"ListItem\",\"position\":2,\"name\":\"Shop\",\"item\":\"https:\/\/www.erresse-shop.it\/fr\/shop\/\"},{\"@type\":\"ListItem\",\"position\":3,\"name\":\"SAMBONET Set de Couverts 30 Pi\u00e8ces Siena\"}]},{\"@type\":\"WebSite\",\"@id\":\"https:\/\/www.erresse-shop.it\/fr\/#website\",\"url\":\"https:\/\/www.erresse-shop.it\/fr\/\",\"name\":\"Erresse Shop\",\"description\":\"Articoli di qualit\u00e0 per la casa\",\"potentialAction\":[{\"@type\":\"SearchAction\",\"target\":{\"@type\":\"EntryPoint\",\"urlTemplate\":\"https:\/\/www.erresse-shop.it\/fr\/?s={search_term_string}\"},\"query-input\":\"required name=search_term_string\"}],\"inLanguage\":\"fr-FR\"}]}<\/script>\n<!-- \/ Yoast SEO Premium plugin. -->","yoast_head_json":{"title":"SAMBONET Set de Couverts 30 Pi\u00e8ces Siena - Erresse Shop","description":"Description des couverts Couverts aux textures uniques sur le march\u00e9. D\u00e9coration sur les deux faces, cr\u00e9\u00e9e lors du moulage des couverts eux-m\u00eames. Des","robots":{"index":"index","follow":"follow","max-snippet":"max-snippet:-1","max-image-preview":"max-image-preview:large","max-video-preview":"max-video-preview:-1"},"canonical":"https:\/\/www.erresse-shop.it\/fr\/shop\/table-fr-2\/couverts\/sambonet-set-de-couverts-30-pieces-siena\/","og_locale":"fr_FR","og_type":"article","og_title":"SAMBONET Set de Couverts 30 Pi\u00e8ces Siena","og_description":"Description des couverts Couverts aux textures uniques sur le march\u00e9. D\u00e9coration sur les deux faces, cr\u00e9\u00e9e lors du moulage des couverts eux-m\u00eames. Des","og_url":"https:\/\/www.erresse-shop.it\/fr\/shop\/table-fr-2\/couverts\/sambonet-set-de-couverts-30-pieces-siena\/","og_site_name":"Erresse Shop","article_modified_time":"2024-02-01T08:14:09+00:00","og_image":[{"width":1024,"height":1024,"url":"https:\/\/www.erresse-shop.it\/wp-content\/uploads\/2024\/02\/Sambonet-30-pezzi-siena.jpg","type":"image\/jpeg"}],"twitter_card":"summary_large_image","schema":{"@context":"https:\/\/schema.org","@graph":[{"@type":"WebPage","@id":"https:\/\/www.erresse-shop.it\/fr\/shop\/table-fr-2\/couverts\/sambonet-set-de-couverts-30-pieces-siena\/","url":"https:\/\/www.erresse-shop.it\/fr\/shop\/table-fr-2\/couverts\/sambonet-set-de-couverts-30-pieces-siena\/","name":"SAMBONET Set de Couverts 30 Pi\u00e8ces Siena - Erresse Shop","isPartOf":{"@id":"https:\/\/www.erresse-shop.it\/fr\/#website"},"datePublished":"2024-02-01T08:03:53+00:00","dateModified":"2024-02-01T08:14:09+00:00","description":"Description des couverts Couverts aux textures uniques sur le march\u00e9. D\u00e9coration sur les deux faces, cr\u00e9\u00e9e lors du moulage des couverts eux-m\u00eames. Des","breadcrumb":{"@id":"https:\/\/www.erresse-shop.it\/fr\/shop\/table-fr-2\/couverts\/sambonet-set-de-couverts-30-pieces-siena\/#breadcrumb"},"inLanguage":"fr-FR","potentialAction":[{"@type":"ReadAction","target":["https:\/\/www.erresse-shop.it\/fr\/shop\/table-fr-2\/couverts\/sambonet-set-de-couverts-30-pieces-siena\/"]}]},{"@type":"BreadcrumbList","@id":"https:\/\/www.erresse-shop.it\/fr\/shop\/table-fr-2\/couverts\/sambonet-set-de-couverts-30-pieces-siena\/#breadcrumb","itemListElement":[{"@type":"ListItem","position":1,"name":"Home","item":"https:\/\/www.erresse-shop.it\/fr\/"},{"@type":"ListItem","position":2,"name":"Shop","item":"https:\/\/www.erresse-shop.it\/fr\/shop\/"},{"@type":"ListItem","position":3,"name":"SAMBONET Set de Couverts 30 Pi\u00e8ces Siena"}]},{"@type":"WebSite","@id":"https:\/\/www.erresse-shop.it\/fr\/#website","url":"https:\/\/www.erresse-shop.it\/fr\/","name":"Erresse Shop","description":"Articoli di qualit\u00e0 per la casa","potentialAction":[{"@type":"SearchAction","target":{"@type":"EntryPoint","urlTemplate":"https:\/\/www.erresse-shop.it\/fr\/?s={search_term_string}"},"query-input":"required name=search_term_string"}],"inLanguage":"fr-FR"}]}},"df_price":239,"df_sale_price":239,"df_regular_price":239,"df_image_link":"https:\/\/www.erresse-shop.it\/wp-content\/uploads\/2024\/02\/Sambonet-30-pezzi-siena-300x300.jpg","_links":{"self":[{"href":"https:\/\/www.erresse-shop.it\/fr\/wp-json\/wp\/v2\/product\/384769"}],"collection":[{"href":"https:\/\/www.erresse-shop.it\/fr\/wp-json\/wp\/v2\/product"}],"about":[{"href":"https:\/\/www.erresse-shop.it\/fr\/wp-json\/wp\/v2\/types\/product"}],"wp:featuredmedia":[{"embeddable":true,"href":"https:\/\/www.erresse-shop.it\/fr\/wp-json\/wp\/v2\/media\/384773"}],"wp:attachment":[{"href":"https:\/\/www.erresse-shop.it\/fr\/wp-json\/wp\/v2\/media?parent=384769"}],"wp:term":[{"taxonomy":"product_cat","embeddable":true,"href":"https:\/\/www.erresse-shop.it\/fr\/wp-json\/wp\/v2\/product_cat?post=384769"},{"taxonomy":"product_tag","embeddable":true,"href":"https:\/\/www.erresse-shop.it\/fr\/wp-json\/wp\/v2\/product_tag?post=384769"}],"curies":[{"name":"wp","href":"https:\/\/api.w.org\/{rel}","templated":true}]}}