{"id":384232,"date":"2024-01-31T08:23:04","date_gmt":"2024-01-31T08:23:08","guid":{"rendered":"https:\/\/www.erresse-shop.it\/?post_type=product&#038;p=384232"},"modified":"2024-07-30T00:00:11","modified_gmt":"2024-07-30T00:00:11","slug":"toms-drag-chien-l-juliette","status":"publish","type":"product","link":"https:\/\/www.erresse-shop.it\/fr\/shop\/ameublement-maison\/objets-de-decoration\/toms-drag-chien-l-juliette\/","title":{"rendered":"TOM&#8217;S DRAG Chien L Juliette"},"content":{"rendered":"<p>Chaque objet Tom&#8217;s Drag commence par quelques croquis rapides que l&#8217;artiste dessine et transforme rapidement en une image d\u00e9taill\u00e9e. \u00c0 ce stade, une figure brute est sculpt\u00e9e \u00e0 la main dans le bois, avec des dimensions et des proportions qui refl\u00e8tent celles de l&#8217;objet final. Elle est peinte \u00e0 la main par l&#8217;artiste et le prototype est cr\u00e9\u00e9 \u00e0 partir duquel la forme en caoutchouc sera sculpt\u00e9e. Cette forme en caoutchouc est la cl\u00e9 de toutes les \u0153uvres de Tom&#8217;s Drag, car du marmorino liquide, un m\u00e9lange de marbre broy\u00e9 et de r\u00e9sine synth\u00e9tique, y sera vers\u00e9 puis solidifi\u00e9. La pi\u00e8ce, d&#8217;abord d&#8217;un blanc opaque, est ensuite peinte en blanc, puis polie. \u00c0 ce stade, les bords des champs de couleur sont dessin\u00e9s au crayon afin de servir de r\u00e9f\u00e9rence \u00e0 l&#8217;artiste pour peindre l&#8217;objet. Le travail se termine par l&#8217;application d&#8217;une r\u00e9sine qui rend les couleurs r\u00e9sistantes.<\/p>\n<p>Juliette est une figurine en r\u00e9sine peinte \u00e0 la main. Article de la ligne Dogs Collection de Tom&#8217;s Drag.<\/p>\n<p>Cette collection s&#8217;inspire des chiens, les meilleurs amis de l&#8217;homme, d\u00e9cor\u00e9s de costumes aux couleurs vives de l&#8217;arc-en-ciel et d&#8217;ornements exotiques comme s&#8217;ils \u00e9taient \u00e0 une parade de carnaval.<\/p>\n<p>Cet article est fait et peint \u00e0 la main, de sorte que les variations de couleur, de dessin, de ton, les petites imperfections de colle ou de couleur et les irr\u00e9gularit\u00e9s sont une caract\u00e9ristique sp\u00e9cifique du produit et t\u00e9moignent de son caract\u00e8re artisanal.<\/p>\n<p>Tous les animaux tra\u00eenants sont d\u00e9cor\u00e9s de costumes imaginatifs et d&#8217;ornements exotiques, comme s&#8217;ils se trouvaient dans un d\u00e9fil\u00e9 de carnaval. Ils sont tous aux couleurs de l&#8217;arc-en-ciel, ce qui rappelle l&#8217;humeur joyeuse de l&#8217;une des chansons pr\u00e9f\u00e9r\u00e9es de Tom, &#8220;What a Wonderful World&#8221; (Quel monde merveilleux) de Louis Armstrong.<\/p>\n<p>Mat\u00e9riau : marmorino<br \/>\nHauteur : 33,5 cm<\/p>\n","protected":false},"excerpt":{"rendered":"<p><br data-mce-bogus=\"1\"><\/p>\n","protected":false},"featured_media":384241,"template":"","meta":{"_acf_changed":false,"inline_featured_image":false},"product_cat":[12738,14441],"product_tag":[25036,16990,25021,16993],"acf":[],"yoast_head":"<!-- This site is optimized with the Yoast SEO Premium plugin v18.6 (Yoast SEO v19.13) - https:\/\/yoast.com\/wordpress\/plugins\/seo\/ -->\n<title>TOM&#039;S DRAG Chien L Juliette - Erresse Shop<\/title>\n<meta name=\"robots\" content=\"index, follow, max-snippet:-1, max-image-preview:large, max-video-preview:-1\" \/>\n<link rel=\"canonical\" href=\"https:\/\/www.erresse-shop.it\/fr\/shop\/ameublement-maison\/objets-de-decoration\/toms-drag-chien-l-juliette\/\" \/>\n<meta property=\"og:locale\" content=\"fr_FR\" \/>\n<meta property=\"og:type\" content=\"article\" \/>\n<meta property=\"og:title\" content=\"TOM&#039;S DRAG Chien L Juliette\" \/>\n<meta property=\"og:url\" content=\"https:\/\/www.erresse-shop.it\/fr\/shop\/ameublement-maison\/objets-de-decoration\/toms-drag-chien-l-juliette\/\" \/>\n<meta property=\"og:site_name\" content=\"Erresse Shop\" \/>\n<meta property=\"article:modified_time\" content=\"2024-07-30T00:00:11+00:00\" \/>\n<meta property=\"og:image\" content=\"https:\/\/www.erresse-shop.it\/wp-content\/uploads\/2024\/01\/Toms-Drag-cane-juliette-L.jpg\" \/>\n\t<meta property=\"og:image:width\" content=\"800\" \/>\n\t<meta property=\"og:image:height\" content=\"800\" \/>\n\t<meta property=\"og:image:type\" content=\"image\/jpeg\" \/>\n<meta name=\"twitter:card\" content=\"summary_large_image\" \/>\n<script type=\"application\/ld+json\" class=\"yoast-schema-graph\">{\"@context\":\"https:\/\/schema.org\",\"@graph\":[{\"@type\":\"WebPage\",\"@id\":\"https:\/\/www.erresse-shop.it\/fr\/shop\/ameublement-maison\/objets-de-decoration\/toms-drag-chien-l-juliette\/\",\"url\":\"https:\/\/www.erresse-shop.it\/fr\/shop\/ameublement-maison\/objets-de-decoration\/toms-drag-chien-l-juliette\/\",\"name\":\"TOM'S DRAG Chien L Juliette - Erresse Shop\",\"isPartOf\":{\"@id\":\"https:\/\/www.erresse-shop.it\/fr\/#website\"},\"datePublished\":\"2024-01-31T08:23:08+00:00\",\"dateModified\":\"2024-07-30T00:00:11+00:00\",\"breadcrumb\":{\"@id\":\"https:\/\/www.erresse-shop.it\/fr\/shop\/ameublement-maison\/objets-de-decoration\/toms-drag-chien-l-juliette\/#breadcrumb\"},\"inLanguage\":\"fr-FR\",\"potentialAction\":[{\"@type\":\"ReadAction\",\"target\":[\"https:\/\/www.erresse-shop.it\/fr\/shop\/ameublement-maison\/objets-de-decoration\/toms-drag-chien-l-juliette\/\"]}]},{\"@type\":\"BreadcrumbList\",\"@id\":\"https:\/\/www.erresse-shop.it\/fr\/shop\/ameublement-maison\/objets-de-decoration\/toms-drag-chien-l-juliette\/#breadcrumb\",\"itemListElement\":[{\"@type\":\"ListItem\",\"position\":1,\"name\":\"Home\",\"item\":\"https:\/\/www.erresse-shop.it\/fr\/\"},{\"@type\":\"ListItem\",\"position\":2,\"name\":\"Shop\",\"item\":\"https:\/\/www.erresse-shop.it\/fr\/shop\/\"},{\"@type\":\"ListItem\",\"position\":3,\"name\":\"TOM&#8217;S DRAG Chien L Juliette\"}]},{\"@type\":\"WebSite\",\"@id\":\"https:\/\/www.erresse-shop.it\/fr\/#website\",\"url\":\"https:\/\/www.erresse-shop.it\/fr\/\",\"name\":\"Erresse Shop\",\"description\":\"Articoli di qualit\u00e0 per la casa\",\"potentialAction\":[{\"@type\":\"SearchAction\",\"target\":{\"@type\":\"EntryPoint\",\"urlTemplate\":\"https:\/\/www.erresse-shop.it\/fr\/?s={search_term_string}\"},\"query-input\":\"required name=search_term_string\"}],\"inLanguage\":\"fr-FR\"}]}<\/script>\n<!-- \/ Yoast SEO Premium plugin. -->","yoast_head_json":{"title":"TOM'S DRAG Chien L Juliette - Erresse Shop","robots":{"index":"index","follow":"follow","max-snippet":"max-snippet:-1","max-image-preview":"max-image-preview:large","max-video-preview":"max-video-preview:-1"},"canonical":"https:\/\/www.erresse-shop.it\/fr\/shop\/ameublement-maison\/objets-de-decoration\/toms-drag-chien-l-juliette\/","og_locale":"fr_FR","og_type":"article","og_title":"TOM'S DRAG Chien L Juliette","og_url":"https:\/\/www.erresse-shop.it\/fr\/shop\/ameublement-maison\/objets-de-decoration\/toms-drag-chien-l-juliette\/","og_site_name":"Erresse Shop","article_modified_time":"2024-07-30T00:00:11+00:00","og_image":[{"width":800,"height":800,"url":"https:\/\/www.erresse-shop.it\/wp-content\/uploads\/2024\/01\/Toms-Drag-cane-juliette-L.jpg","type":"image\/jpeg"}],"twitter_card":"summary_large_image","schema":{"@context":"https:\/\/schema.org","@graph":[{"@type":"WebPage","@id":"https:\/\/www.erresse-shop.it\/fr\/shop\/ameublement-maison\/objets-de-decoration\/toms-drag-chien-l-juliette\/","url":"https:\/\/www.erresse-shop.it\/fr\/shop\/ameublement-maison\/objets-de-decoration\/toms-drag-chien-l-juliette\/","name":"TOM'S DRAG Chien L Juliette - Erresse Shop","isPartOf":{"@id":"https:\/\/www.erresse-shop.it\/fr\/#website"},"datePublished":"2024-01-31T08:23:08+00:00","dateModified":"2024-07-30T00:00:11+00:00","breadcrumb":{"@id":"https:\/\/www.erresse-shop.it\/fr\/shop\/ameublement-maison\/objets-de-decoration\/toms-drag-chien-l-juliette\/#breadcrumb"},"inLanguage":"fr-FR","potentialAction":[{"@type":"ReadAction","target":["https:\/\/www.erresse-shop.it\/fr\/shop\/ameublement-maison\/objets-de-decoration\/toms-drag-chien-l-juliette\/"]}]},{"@type":"BreadcrumbList","@id":"https:\/\/www.erresse-shop.it\/fr\/shop\/ameublement-maison\/objets-de-decoration\/toms-drag-chien-l-juliette\/#breadcrumb","itemListElement":[{"@type":"ListItem","position":1,"name":"Home","item":"https:\/\/www.erresse-shop.it\/fr\/"},{"@type":"ListItem","position":2,"name":"Shop","item":"https:\/\/www.erresse-shop.it\/fr\/shop\/"},{"@type":"ListItem","position":3,"name":"TOM&#8217;S DRAG Chien L Juliette"}]},{"@type":"WebSite","@id":"https:\/\/www.erresse-shop.it\/fr\/#website","url":"https:\/\/www.erresse-shop.it\/fr\/","name":"Erresse Shop","description":"Articoli di qualit\u00e0 per la casa","potentialAction":[{"@type":"SearchAction","target":{"@type":"EntryPoint","urlTemplate":"https:\/\/www.erresse-shop.it\/fr\/?s={search_term_string}"},"query-input":"required name=search_term_string"}],"inLanguage":"fr-FR"}]}},"df_price":169.95,"df_sale_price":169.95,"df_regular_price":265,"df_image_link":"https:\/\/www.erresse-shop.it\/wp-content\/uploads\/2024\/01\/Toms-Drag-cane-juliette-L-300x300.jpg","_links":{"self":[{"href":"https:\/\/www.erresse-shop.it\/fr\/wp-json\/wp\/v2\/product\/384232"}],"collection":[{"href":"https:\/\/www.erresse-shop.it\/fr\/wp-json\/wp\/v2\/product"}],"about":[{"href":"https:\/\/www.erresse-shop.it\/fr\/wp-json\/wp\/v2\/types\/product"}],"wp:featuredmedia":[{"embeddable":true,"href":"https:\/\/www.erresse-shop.it\/fr\/wp-json\/wp\/v2\/media\/384241"}],"wp:attachment":[{"href":"https:\/\/www.erresse-shop.it\/fr\/wp-json\/wp\/v2\/media?parent=384232"}],"wp:term":[{"taxonomy":"product_cat","embeddable":true,"href":"https:\/\/www.erresse-shop.it\/fr\/wp-json\/wp\/v2\/product_cat?post=384232"},{"taxonomy":"product_tag","embeddable":true,"href":"https:\/\/www.erresse-shop.it\/fr\/wp-json\/wp\/v2\/product_tag?post=384232"}],"curies":[{"name":"wp","href":"https:\/\/api.w.org\/{rel}","templated":true}]}}