{"id":381737,"date":"2024-01-24T09:35:55","date_gmt":"2024-01-24T09:36:00","guid":{"rendered":"https:\/\/www.erresse-shop.it\/?post_type=product&#038;p=381737"},"modified":"2025-01-15T06:26:42","modified_gmt":"2025-01-15T06:26:42","slug":"ichendorf-milano-animal-farm-bouteille-a-poisson-avec-algues","status":"publish","type":"product","link":"https:\/\/www.erresse-shop.it\/fr\/shop\/table-fr-2\/carafes-bouteilles\/ichendorf-milano-animal-farm-bouteille-a-poisson-avec-algues\/","title":{"rendered":"ICHENDORF MILANO Animal Farm Bouteille \u00e0 poisson avec algues"},"content":{"rendered":"<p><strong>Collection<\/strong> animaux de la ferme<br \/>\n<strong>Design<\/strong> Alessandra Baldereschi<br \/>\n<strong>Couleur<\/strong> Clair Vert Jaune<br \/>\n<strong>Mat\u00e9riau<\/strong> Borosilicate<br \/>\n<strong>Travail<\/strong> \u00e0 la main et model\u00e9<br \/>\n<strong>Dimensions <\/strong>H. 25,5+1,5(lid) \u2300 8.5<br \/>\n<strong>Lavage<\/strong> Lavable au lave-vaisselle \u00e0 basse temp\u00e9rature (40\u00b0 recommand\u00e9).<\/p>\n","protected":false},"excerpt":{"rendered":"<p>Collection animaux de la ferme Design Alessandra Baldereschi Couleur Clair Vert Jaune Mat\u00e9riau Borosilicate Travail \u00e0 la main et model\u00e9<\/p>\n","protected":false},"featured_media":381754,"template":"","meta":{"_acf_changed":false,"inline_featured_image":false},"product_cat":[12785,12782],"product_tag":[14332,23910,13730,14413,24603,21821],"acf":[],"yoast_head":"<!-- This site is optimized with the Yoast SEO Premium plugin v18.6 (Yoast SEO v19.13) - https:\/\/yoast.com\/wordpress\/plugins\/seo\/ -->\n<title>ICHENDORF MILANO Animal Farm Bouteille \u00e0 poisson avec algues<\/title>\n<meta name=\"description\" content=\"D\u00e9couvrez ICHENDORF MILANO Animal Farm Bouteille \u00e0 poisson avec algues sur ErresseShop. Qualit\u00e9, prix r\u00e9duits et achat s\u00e9curis\u00e9 \u2013 commandez d\u00e8s maintenant en ligne !\" \/>\n<meta name=\"robots\" content=\"index, follow, max-snippet:-1, max-image-preview:large, max-video-preview:-1\" \/>\n<link rel=\"canonical\" href=\"https:\/\/www.erresse-shop.it\/fr\/shop\/table-fr-2\/carafes-bouteilles\/ichendorf-milano-animal-farm-bouteille-a-poisson-avec-algues\/\" \/>\n<meta property=\"og:locale\" content=\"fr_FR\" \/>\n<meta property=\"og:type\" content=\"article\" \/>\n<meta property=\"og:title\" content=\"ICHENDORF MILANO Animal Farm Bouteille \u00e0 poisson avec algues\" \/>\n<meta property=\"og:description\" content=\"D\u00e9couvrez ICHENDORF MILANO Animal Farm Bouteille \u00e0 poisson avec algues sur ErresseShop. Qualit\u00e9, prix r\u00e9duits et achat s\u00e9curis\u00e9 \u2013 commandez d\u00e8s maintenant en ligne !\" \/>\n<meta property=\"og:url\" content=\"https:\/\/www.erresse-shop.it\/fr\/shop\/table-fr-2\/carafes-bouteilles\/ichendorf-milano-animal-farm-bouteille-a-poisson-avec-algues\/\" \/>\n<meta property=\"og:site_name\" content=\"Erresse Shop\" \/>\n<meta property=\"article:modified_time\" content=\"2025-01-15T06:26:42+00:00\" \/>\n<meta property=\"og:image\" content=\"https:\/\/www.erresse-shop.it\/wp-content\/uploads\/2024\/01\/ichendorf-bottiglia-pesce.jpg\" \/>\n\t<meta property=\"og:image:width\" content=\"800\" \/>\n\t<meta property=\"og:image:height\" content=\"800\" \/>\n\t<meta property=\"og:image:type\" content=\"image\/jpeg\" \/>\n<meta name=\"twitter:card\" content=\"summary_large_image\" \/>\n<script type=\"application\/ld+json\" class=\"yoast-schema-graph\">{\"@context\":\"https:\/\/schema.org\",\"@graph\":[{\"@type\":\"WebPage\",\"@id\":\"https:\/\/www.erresse-shop.it\/fr\/shop\/table-fr-2\/carafes-bouteilles\/ichendorf-milano-animal-farm-bouteille-a-poisson-avec-algues\/\",\"url\":\"https:\/\/www.erresse-shop.it\/fr\/shop\/table-fr-2\/carafes-bouteilles\/ichendorf-milano-animal-farm-bouteille-a-poisson-avec-algues\/\",\"name\":\"ICHENDORF MILANO Animal Farm Bouteille \u00e0 poisson avec algues\",\"isPartOf\":{\"@id\":\"https:\/\/www.erresse-shop.it\/fr\/#website\"},\"datePublished\":\"2024-01-24T09:36:00+00:00\",\"dateModified\":\"2025-01-15T06:26:42+00:00\",\"description\":\"D\u00e9couvrez ICHENDORF MILANO Animal Farm Bouteille \u00e0 poisson avec algues sur ErresseShop. Qualit\u00e9, prix r\u00e9duits et achat s\u00e9curis\u00e9 \u2013 commandez d\u00e8s maintenant en ligne !\",\"breadcrumb\":{\"@id\":\"https:\/\/www.erresse-shop.it\/fr\/shop\/table-fr-2\/carafes-bouteilles\/ichendorf-milano-animal-farm-bouteille-a-poisson-avec-algues\/#breadcrumb\"},\"inLanguage\":\"fr-FR\",\"potentialAction\":[{\"@type\":\"ReadAction\",\"target\":[\"https:\/\/www.erresse-shop.it\/fr\/shop\/table-fr-2\/carafes-bouteilles\/ichendorf-milano-animal-farm-bouteille-a-poisson-avec-algues\/\"]}]},{\"@type\":\"BreadcrumbList\",\"@id\":\"https:\/\/www.erresse-shop.it\/fr\/shop\/table-fr-2\/carafes-bouteilles\/ichendorf-milano-animal-farm-bouteille-a-poisson-avec-algues\/#breadcrumb\",\"itemListElement\":[{\"@type\":\"ListItem\",\"position\":1,\"name\":\"Home\",\"item\":\"https:\/\/www.erresse-shop.it\/fr\/\"},{\"@type\":\"ListItem\",\"position\":2,\"name\":\"Shop\",\"item\":\"https:\/\/www.erresse-shop.it\/fr\/shop\/\"},{\"@type\":\"ListItem\",\"position\":3,\"name\":\"ICHENDORF MILANO Animal Farm Bouteille \u00e0 poisson avec algues\"}]},{\"@type\":\"WebSite\",\"@id\":\"https:\/\/www.erresse-shop.it\/fr\/#website\",\"url\":\"https:\/\/www.erresse-shop.it\/fr\/\",\"name\":\"Erresse Shop\",\"description\":\"Articoli di qualit\u00e0 per la casa\",\"potentialAction\":[{\"@type\":\"SearchAction\",\"target\":{\"@type\":\"EntryPoint\",\"urlTemplate\":\"https:\/\/www.erresse-shop.it\/fr\/?s={search_term_string}\"},\"query-input\":\"required name=search_term_string\"}],\"inLanguage\":\"fr-FR\"}]}<\/script>\n<!-- \/ Yoast SEO Premium plugin. -->","yoast_head_json":{"title":"ICHENDORF MILANO Animal Farm Bouteille \u00e0 poisson avec algues","description":"D\u00e9couvrez ICHENDORF MILANO Animal Farm Bouteille \u00e0 poisson avec algues sur ErresseShop. Qualit\u00e9, prix r\u00e9duits et achat s\u00e9curis\u00e9 \u2013 commandez d\u00e8s maintenant en ligne !","robots":{"index":"index","follow":"follow","max-snippet":"max-snippet:-1","max-image-preview":"max-image-preview:large","max-video-preview":"max-video-preview:-1"},"canonical":"https:\/\/www.erresse-shop.it\/fr\/shop\/table-fr-2\/carafes-bouteilles\/ichendorf-milano-animal-farm-bouteille-a-poisson-avec-algues\/","og_locale":"fr_FR","og_type":"article","og_title":"ICHENDORF MILANO Animal Farm Bouteille \u00e0 poisson avec algues","og_description":"D\u00e9couvrez ICHENDORF MILANO Animal Farm Bouteille \u00e0 poisson avec algues sur ErresseShop. Qualit\u00e9, prix r\u00e9duits et achat s\u00e9curis\u00e9 \u2013 commandez d\u00e8s maintenant en ligne !","og_url":"https:\/\/www.erresse-shop.it\/fr\/shop\/table-fr-2\/carafes-bouteilles\/ichendorf-milano-animal-farm-bouteille-a-poisson-avec-algues\/","og_site_name":"Erresse Shop","article_modified_time":"2025-01-15T06:26:42+00:00","og_image":[{"width":800,"height":800,"url":"https:\/\/www.erresse-shop.it\/wp-content\/uploads\/2024\/01\/ichendorf-bottiglia-pesce.jpg","type":"image\/jpeg"}],"twitter_card":"summary_large_image","schema":{"@context":"https:\/\/schema.org","@graph":[{"@type":"WebPage","@id":"https:\/\/www.erresse-shop.it\/fr\/shop\/table-fr-2\/carafes-bouteilles\/ichendorf-milano-animal-farm-bouteille-a-poisson-avec-algues\/","url":"https:\/\/www.erresse-shop.it\/fr\/shop\/table-fr-2\/carafes-bouteilles\/ichendorf-milano-animal-farm-bouteille-a-poisson-avec-algues\/","name":"ICHENDORF MILANO Animal Farm Bouteille \u00e0 poisson avec algues","isPartOf":{"@id":"https:\/\/www.erresse-shop.it\/fr\/#website"},"datePublished":"2024-01-24T09:36:00+00:00","dateModified":"2025-01-15T06:26:42+00:00","description":"D\u00e9couvrez ICHENDORF MILANO Animal Farm Bouteille \u00e0 poisson avec algues sur ErresseShop. Qualit\u00e9, prix r\u00e9duits et achat s\u00e9curis\u00e9 \u2013 commandez d\u00e8s maintenant en ligne !","breadcrumb":{"@id":"https:\/\/www.erresse-shop.it\/fr\/shop\/table-fr-2\/carafes-bouteilles\/ichendorf-milano-animal-farm-bouteille-a-poisson-avec-algues\/#breadcrumb"},"inLanguage":"fr-FR","potentialAction":[{"@type":"ReadAction","target":["https:\/\/www.erresse-shop.it\/fr\/shop\/table-fr-2\/carafes-bouteilles\/ichendorf-milano-animal-farm-bouteille-a-poisson-avec-algues\/"]}]},{"@type":"BreadcrumbList","@id":"https:\/\/www.erresse-shop.it\/fr\/shop\/table-fr-2\/carafes-bouteilles\/ichendorf-milano-animal-farm-bouteille-a-poisson-avec-algues\/#breadcrumb","itemListElement":[{"@type":"ListItem","position":1,"name":"Home","item":"https:\/\/www.erresse-shop.it\/fr\/"},{"@type":"ListItem","position":2,"name":"Shop","item":"https:\/\/www.erresse-shop.it\/fr\/shop\/"},{"@type":"ListItem","position":3,"name":"ICHENDORF MILANO Animal Farm Bouteille \u00e0 poisson avec algues"}]},{"@type":"WebSite","@id":"https:\/\/www.erresse-shop.it\/fr\/#website","url":"https:\/\/www.erresse-shop.it\/fr\/","name":"Erresse Shop","description":"Articoli di qualit\u00e0 per la casa","potentialAction":[{"@type":"SearchAction","target":{"@type":"EntryPoint","urlTemplate":"https:\/\/www.erresse-shop.it\/fr\/?s={search_term_string}"},"query-input":"required name=search_term_string"}],"inLanguage":"fr-FR"}]}},"df_price":22.8,"df_sale_price":22.8,"df_regular_price":38,"df_image_link":"https:\/\/www.erresse-shop.it\/wp-content\/uploads\/2024\/01\/ichendorf-bottiglia-pesce-300x300.jpg","_links":{"self":[{"href":"https:\/\/www.erresse-shop.it\/fr\/wp-json\/wp\/v2\/product\/381737"}],"collection":[{"href":"https:\/\/www.erresse-shop.it\/fr\/wp-json\/wp\/v2\/product"}],"about":[{"href":"https:\/\/www.erresse-shop.it\/fr\/wp-json\/wp\/v2\/types\/product"}],"wp:featuredmedia":[{"embeddable":true,"href":"https:\/\/www.erresse-shop.it\/fr\/wp-json\/wp\/v2\/media\/381754"}],"wp:attachment":[{"href":"https:\/\/www.erresse-shop.it\/fr\/wp-json\/wp\/v2\/media?parent=381737"}],"wp:term":[{"taxonomy":"product_cat","embeddable":true,"href":"https:\/\/www.erresse-shop.it\/fr\/wp-json\/wp\/v2\/product_cat?post=381737"},{"taxonomy":"product_tag","embeddable":true,"href":"https:\/\/www.erresse-shop.it\/fr\/wp-json\/wp\/v2\/product_tag?post=381737"}],"curies":[{"name":"wp","href":"https:\/\/api.w.org\/{rel}","templated":true}]}}