{"id":380454,"date":"2024-01-19T09:30:42","date_gmt":"2024-01-19T09:30:48","guid":{"rendered":"https:\/\/www.erresse-shop.it\/?post_type=product&#038;p=380454"},"modified":"2024-12-20T17:13:42","modified_gmt":"2024-12-20T17:13:42","slug":"riedel-set-de-4-rum","status":"publish","type":"product","link":"https:\/\/www.erresse-shop.it\/fr\/shop\/table-fr-2\/verres\/riedel-set-de-4-rum\/","title":{"rendered":"RIEDEL Set de 4 Rum"},"content":{"rendered":"<p>Le set de rhum comprend un \u00e9l\u00e9gant verre \u00e0 long pied pour permettre \u00e0 ce d\u00e9licieux distillat de se manifester au mieux, tant au nez qu&#8217;en bouche.<\/p>\n<p>Le verre convient particuli\u00e8rement aux rhums dor\u00e9s, fonc\u00e9s, overproof et vieillis. Il fera ressortir les ar\u00f4mes fruit\u00e9s et \u00e9pic\u00e9s, tels que la vanille, la noix de muscade, la cannelle, le clou de girofle, le caramel et la banane, \u00e9quilibrant parfaitement l&#8217;alcool et la douceur en bouche.Donnez une nouvelle dimension \u00e0 vos boissons maison avec nos sets de m\u00e9lange, de spiritueux pour spiritueux et de cocktails. Nous avons le verre qu&#8217;il vous faut pour toutes vos boissons pr\u00e9f\u00e9r\u00e9es, qu&#8217;il s&#8217;agisse d&#8217;un gin tonic classique, d&#8217;un distillat doux ou de cocktails plus \u00e9labor\u00e9s. Avec une gamme de styles qui convient \u00e0 tous les amateurs de cocktails et de spiritueux, ces ensembles fantastiques sont le bon choix pour votre maison ou pour un cadeau parfait.<br \/>\nCe produit est fabriqu\u00e9 en machine.<\/p>\n<p>Cet article peut \u00eatre lav\u00e9 au lave-vaisselle.<br \/>\nL&#8217;emballage contient 4 pi\u00e8ces.<\/p>\n<p>Caract\u00e9ristiques techniques<br \/>\nAnn\u00e9e de conception 2022<br \/>\nVolume 200.0 ccm<br \/>\nHauteur 205,0 mm<br \/>\nQuantit\u00e9 de bo\u00eetes 4<br \/>\nType de fabrication fabriqu\u00e9 \u00e0 la machine<\/p>\n","protected":false},"excerpt":{"rendered":"<p>Le set de rhum comprend un \u00e9l\u00e9gant verre \u00e0 long pied pour permettre \u00e0 ce d\u00e9licieux distillat de se manifester<\/p>\n","protected":false},"featured_media":380458,"template":"","meta":{"_acf_changed":false,"inline_featured_image":false},"product_cat":[12782,12784],"product_tag":[25086,23910,14413,25021,21821,12826,15730,22555],"acf":[],"yoast_head":"<!-- This site is optimized with the Yoast SEO Premium plugin v18.6 (Yoast SEO v19.13) - https:\/\/yoast.com\/wordpress\/plugins\/seo\/ -->\n<title>RIEDEL Set de 4 Rum - Erresse Shop<\/title>\n<meta name=\"description\" content=\"Le set de rhum comprend un \u00e9l\u00e9gant verre \u00e0 long pied pour permettre \u00e0 ce d\u00e9licieux distillat de se manifester au mieux, tant au nez qu&#039;en bouche. Le verre\" \/>\n<meta name=\"robots\" content=\"index, follow, max-snippet:-1, max-image-preview:large, max-video-preview:-1\" \/>\n<link rel=\"canonical\" href=\"https:\/\/www.erresse-shop.it\/fr\/shop\/table-fr-2\/verres\/riedel-set-de-4-rum\/\" \/>\n<meta property=\"og:locale\" content=\"fr_FR\" \/>\n<meta property=\"og:type\" content=\"article\" \/>\n<meta property=\"og:title\" content=\"RIEDEL Set de 4 Rum\" \/>\n<meta property=\"og:description\" content=\"Le set de rhum comprend un \u00e9l\u00e9gant verre \u00e0 long pied pour permettre \u00e0 ce d\u00e9licieux distillat de se manifester au mieux, tant au nez qu&#039;en bouche. Le verre\" \/>\n<meta property=\"og:url\" content=\"https:\/\/www.erresse-shop.it\/fr\/shop\/table-fr-2\/verres\/riedel-set-de-4-rum\/\" \/>\n<meta property=\"og:site_name\" content=\"Erresse Shop\" \/>\n<meta property=\"article:modified_time\" content=\"2024-12-20T17:13:42+00:00\" \/>\n<meta property=\"og:image\" content=\"https:\/\/www.erresse-shop.it\/wp-content\/uploads\/2024\/01\/Riedel-Set-da-rum.jpg\" \/>\n\t<meta property=\"og:image:width\" content=\"800\" \/>\n\t<meta property=\"og:image:height\" content=\"800\" \/>\n\t<meta property=\"og:image:type\" content=\"image\/jpeg\" \/>\n<meta name=\"twitter:card\" content=\"summary_large_image\" \/>\n<script type=\"application\/ld+json\" class=\"yoast-schema-graph\">{\"@context\":\"https:\/\/schema.org\",\"@graph\":[{\"@type\":\"WebPage\",\"@id\":\"https:\/\/www.erresse-shop.it\/fr\/shop\/table-fr-2\/verres\/riedel-set-de-4-rum\/\",\"url\":\"https:\/\/www.erresse-shop.it\/fr\/shop\/table-fr-2\/verres\/riedel-set-de-4-rum\/\",\"name\":\"RIEDEL Set de 4 Rum - Erresse Shop\",\"isPartOf\":{\"@id\":\"https:\/\/www.erresse-shop.it\/fr\/#website\"},\"datePublished\":\"2024-01-19T09:30:48+00:00\",\"dateModified\":\"2024-12-20T17:13:42+00:00\",\"description\":\"Le set de rhum comprend un \u00e9l\u00e9gant verre \u00e0 long pied pour permettre \u00e0 ce d\u00e9licieux distillat de se manifester au mieux, tant au nez qu'en bouche. Le verre\",\"breadcrumb\":{\"@id\":\"https:\/\/www.erresse-shop.it\/fr\/shop\/table-fr-2\/verres\/riedel-set-de-4-rum\/#breadcrumb\"},\"inLanguage\":\"fr-FR\",\"potentialAction\":[{\"@type\":\"ReadAction\",\"target\":[\"https:\/\/www.erresse-shop.it\/fr\/shop\/table-fr-2\/verres\/riedel-set-de-4-rum\/\"]}]},{\"@type\":\"BreadcrumbList\",\"@id\":\"https:\/\/www.erresse-shop.it\/fr\/shop\/table-fr-2\/verres\/riedel-set-de-4-rum\/#breadcrumb\",\"itemListElement\":[{\"@type\":\"ListItem\",\"position\":1,\"name\":\"Home\",\"item\":\"https:\/\/www.erresse-shop.it\/fr\/\"},{\"@type\":\"ListItem\",\"position\":2,\"name\":\"Shop\",\"item\":\"https:\/\/www.erresse-shop.it\/fr\/shop\/\"},{\"@type\":\"ListItem\",\"position\":3,\"name\":\"RIEDEL Set de 4 Rum\"}]},{\"@type\":\"WebSite\",\"@id\":\"https:\/\/www.erresse-shop.it\/fr\/#website\",\"url\":\"https:\/\/www.erresse-shop.it\/fr\/\",\"name\":\"Erresse Shop\",\"description\":\"Articoli di qualit\u00e0 per la casa\",\"potentialAction\":[{\"@type\":\"SearchAction\",\"target\":{\"@type\":\"EntryPoint\",\"urlTemplate\":\"https:\/\/www.erresse-shop.it\/fr\/?s={search_term_string}\"},\"query-input\":\"required name=search_term_string\"}],\"inLanguage\":\"fr-FR\"}]}<\/script>\n<!-- \/ Yoast SEO Premium plugin. -->","yoast_head_json":{"title":"RIEDEL Set de 4 Rum - Erresse Shop","description":"Le set de rhum comprend un \u00e9l\u00e9gant verre \u00e0 long pied pour permettre \u00e0 ce d\u00e9licieux distillat de se manifester au mieux, tant au nez qu'en bouche. Le verre","robots":{"index":"index","follow":"follow","max-snippet":"max-snippet:-1","max-image-preview":"max-image-preview:large","max-video-preview":"max-video-preview:-1"},"canonical":"https:\/\/www.erresse-shop.it\/fr\/shop\/table-fr-2\/verres\/riedel-set-de-4-rum\/","og_locale":"fr_FR","og_type":"article","og_title":"RIEDEL Set de 4 Rum","og_description":"Le set de rhum comprend un \u00e9l\u00e9gant verre \u00e0 long pied pour permettre \u00e0 ce d\u00e9licieux distillat de se manifester au mieux, tant au nez qu'en bouche. Le verre","og_url":"https:\/\/www.erresse-shop.it\/fr\/shop\/table-fr-2\/verres\/riedel-set-de-4-rum\/","og_site_name":"Erresse Shop","article_modified_time":"2024-12-20T17:13:42+00:00","og_image":[{"width":800,"height":800,"url":"https:\/\/www.erresse-shop.it\/wp-content\/uploads\/2024\/01\/Riedel-Set-da-rum.jpg","type":"image\/jpeg"}],"twitter_card":"summary_large_image","schema":{"@context":"https:\/\/schema.org","@graph":[{"@type":"WebPage","@id":"https:\/\/www.erresse-shop.it\/fr\/shop\/table-fr-2\/verres\/riedel-set-de-4-rum\/","url":"https:\/\/www.erresse-shop.it\/fr\/shop\/table-fr-2\/verres\/riedel-set-de-4-rum\/","name":"RIEDEL Set de 4 Rum - Erresse Shop","isPartOf":{"@id":"https:\/\/www.erresse-shop.it\/fr\/#website"},"datePublished":"2024-01-19T09:30:48+00:00","dateModified":"2024-12-20T17:13:42+00:00","description":"Le set de rhum comprend un \u00e9l\u00e9gant verre \u00e0 long pied pour permettre \u00e0 ce d\u00e9licieux distillat de se manifester au mieux, tant au nez qu'en bouche. Le verre","breadcrumb":{"@id":"https:\/\/www.erresse-shop.it\/fr\/shop\/table-fr-2\/verres\/riedel-set-de-4-rum\/#breadcrumb"},"inLanguage":"fr-FR","potentialAction":[{"@type":"ReadAction","target":["https:\/\/www.erresse-shop.it\/fr\/shop\/table-fr-2\/verres\/riedel-set-de-4-rum\/"]}]},{"@type":"BreadcrumbList","@id":"https:\/\/www.erresse-shop.it\/fr\/shop\/table-fr-2\/verres\/riedel-set-de-4-rum\/#breadcrumb","itemListElement":[{"@type":"ListItem","position":1,"name":"Home","item":"https:\/\/www.erresse-shop.it\/fr\/"},{"@type":"ListItem","position":2,"name":"Shop","item":"https:\/\/www.erresse-shop.it\/fr\/shop\/"},{"@type":"ListItem","position":3,"name":"RIEDEL Set de 4 Rum"}]},{"@type":"WebSite","@id":"https:\/\/www.erresse-shop.it\/fr\/#website","url":"https:\/\/www.erresse-shop.it\/fr\/","name":"Erresse Shop","description":"Articoli di qualit\u00e0 per la casa","potentialAction":[{"@type":"SearchAction","target":{"@type":"EntryPoint","urlTemplate":"https:\/\/www.erresse-shop.it\/fr\/?s={search_term_string}"},"query-input":"required name=search_term_string"}],"inLanguage":"fr-FR"}]}},"df_price":17.955,"df_sale_price":17.955,"df_regular_price":39.9,"df_image_link":"https:\/\/www.erresse-shop.it\/wp-content\/uploads\/2024\/01\/Riedel-Set-da-rum-300x300.jpg","_links":{"self":[{"href":"https:\/\/www.erresse-shop.it\/fr\/wp-json\/wp\/v2\/product\/380454"}],"collection":[{"href":"https:\/\/www.erresse-shop.it\/fr\/wp-json\/wp\/v2\/product"}],"about":[{"href":"https:\/\/www.erresse-shop.it\/fr\/wp-json\/wp\/v2\/types\/product"}],"wp:featuredmedia":[{"embeddable":true,"href":"https:\/\/www.erresse-shop.it\/fr\/wp-json\/wp\/v2\/media\/380458"}],"wp:attachment":[{"href":"https:\/\/www.erresse-shop.it\/fr\/wp-json\/wp\/v2\/media?parent=380454"}],"wp:term":[{"taxonomy":"product_cat","embeddable":true,"href":"https:\/\/www.erresse-shop.it\/fr\/wp-json\/wp\/v2\/product_cat?post=380454"},{"taxonomy":"product_tag","embeddable":true,"href":"https:\/\/www.erresse-shop.it\/fr\/wp-json\/wp\/v2\/product_tag?post=380454"}],"curies":[{"name":"wp","href":"https:\/\/api.w.org\/{rel}","templated":true}]}}